{"id":64321,"date":"2024-08-13T16:55:05","date_gmt":"2024-08-13T15:55:05","guid":{"rendered":"https:\/\/www.americanpan.com\/europe\/?post_type=product&#038;p=64321"},"modified":"2024-09-09T14:48:31","modified_gmt":"2024-09-09T13:48:31","slug":"rafturi-de-depozitare-personalizate","status":"publish","type":"product","link":"https:\/\/www.americanpan.com\/europe\/ro\/product\/rafturi-de-depozitare-personalizate\/","title":{"rendered":"Rafturi de depozitare personalizate"},"content":{"rendered":"","protected":false},"excerpt":{"rendered":"<p>T\u0103vile de copt perforate sunt disponibile \u00een orice dimensiune sau model de perfora\u021bie. Pot fi fabricate cu laturi ondulate sau \u00eendoite \u0219i cu s\u00e2rm\u0103 sau platband\u0103 pe margine. Pentru aplica\u021bii industriale de mare capacitate, cadrul poate fi fabricat cu un design de nervuri de interblocare care permite stivuirea t\u0103vilor \u0219i protejeaz\u0103, de asemenea, panoul de coacere pentru a cre\u0219te durata de via\u021b\u0103 a t\u0103vii.<\/p>\n","protected":false},"featured_media":64864,"comment_status":"closed","ping_status":"closed","template":"","meta":{"_acf_changed":false},"product_brand":[],"product_cat":[1343],"product_tag":[],"class_list":{"0":"post-64321","1":"product","2":"type-product","3":"status-publish","4":"has-post-thumbnail","6":"product_cat-forme-tavi-de-copt-personalizate","8":"first","9":"instock","10":"taxable","11":"shipping-taxable","12":"product-type-simple"},"acf":[],"yoast_head":"<!-- This site is optimized with the Yoast SEO Premium plugin v27.4 (Yoast SEO v27.4) - https:\/\/yoast.com\/product\/yoast-seo-premium-wordpress\/ -->\n<title>Rafturi de depozitare personalizate - American Pan &#8902; American Pan Europe<\/title>\n<meta name=\"description\" content=\"T\u0103vile de copt perforate sunt disponibile \u00een orice dimensiune sau model de perfora\u021bie. Pot fi fabricate cu laturi ondulate sau \u00eendoite \u0219i cu s\u00e2rm\u0103 sau platband\u0103 pe margine.\" \/>\n<meta name=\"robots\" content=\"index, follow, max-snippet:-1, max-image-preview:large, max-video-preview:-1\" \/>\n<link rel=\"canonical\" href=\"https:\/\/www.americanpan.com\/europe\/ro\/product\/rafturi-de-depozitare-personalizate\/\" \/>\n<meta property=\"og:locale\" content=\"ro_RO\" \/>\n<meta property=\"og:type\" content=\"article\" \/>\n<meta property=\"og:title\" content=\"Rafturi de depozitare personalizate &#8902; American Pan Europe\" \/>\n<meta property=\"og:description\" content=\"&#8902;\" \/>\n<meta property=\"og:url\" content=\"https:\/\/www.americanpan.com\/europe\/ro\/product\/rafturi-de-depozitare-personalizate\/\" \/>\n<meta property=\"og:site_name\" content=\"American Pan Europe\" \/>\n<meta property=\"article:modified_time\" content=\"2024-09-09T13:48:31+00:00\" \/>\n<meta property=\"og:image\" content=\"https:\/\/stg-bundybakingsolutions.com\/wp-content\/uploads\/2018\/09\/BTY544.png\" \/>\n<meta name=\"twitter:card\" content=\"summary_large_image\" \/>\n<meta name=\"twitter:description\" content=\"T\u0103vile de copt perforate sunt disponibile \u00een orice dimensiune sau model de perfora\u021bie. Pot fi fabricate cu laturi ondulate sau \u00eendoite \u0219i cu s\u00e2rm\u0103 sau platband\u0103 pe margine. Pentru aplica\u021bii industriale de mare capacitate, cadrul poate fi fabricat cu un design de nervuri de interblocare care permite stivuirea t\u0103vilor \u0219i protejeaz\u0103, de asemenea, panoul de coacere pentru a cre\u0219te durata de via\u021b\u0103 a t\u0103vii.\" \/>\n<meta name=\"twitter:label1\" content=\"Pre\u021b\" \/>\n\t<meta name=\"twitter:data1\" content=\"\" \/>\n\t<meta name=\"twitter:label2\" content=\"Disponibilitate\" \/>\n\t<meta name=\"twitter:data2\" content=\"\u00cen stoc\" \/>\n<script type=\"application\/ld+json\" class=\"yoast-schema-graph\">{\"@context\":\"https:\\\/\\\/schema.org\",\"@graph\":[{\"@type\":\"WebPage\",\"@id\":\"https:\\\/\\\/www.americanpan.com\\\/europe\\\/ro\\\/product\\\/rafturi-de-depozitare-personalizate\\\/\",\"url\":\"https:\\\/\\\/www.americanpan.com\\\/europe\\\/ro\\\/product\\\/rafturi-de-depozitare-personalizate\\\/\",\"name\":\"Rafturi de depozitare personalizate - American Pan &#8902; American Pan Europe\",\"isPartOf\":{\"@id\":\"https:\\\/\\\/www.americanpan.com\\\/europe\\\/ro\\\/#website\"},\"primaryImageOfPage\":{\"@id\":\"https:\\\/\\\/www.americanpan.com\\\/europe\\\/ro\\\/product\\\/rafturi-de-depozitare-personalizate\\\/#primaryimage\"},\"image\":{\"@id\":\"https:\\\/\\\/www.americanpan.com\\\/europe\\\/ro\\\/product\\\/rafturi-de-depozitare-personalizate\\\/#primaryimage\"},\"thumbnailUrl\":\"https:\\\/\\\/www.americanpan.com\\\/europe\\\/wp-content\\\/uploads\\\/sites\\\/18\\\/2024\\\/08\\\/lz4560L18-967x2048-1.jpg\",\"datePublished\":\"2024-08-13T15:55:05+00:00\",\"dateModified\":\"2024-09-09T13:48:31+00:00\",\"description\":\"T\u0103vile de copt perforate sunt disponibile \u00een orice dimensiune sau model de perfora\u021bie. Pot fi fabricate cu laturi ondulate sau \u00eendoite \u0219i cu s\u00e2rm\u0103 sau platband\u0103 pe margine.\",\"breadcrumb\":{\"@id\":\"https:\\\/\\\/www.americanpan.com\\\/europe\\\/ro\\\/product\\\/rafturi-de-depozitare-personalizate\\\/#breadcrumb\"},\"inLanguage\":\"ro-RO\",\"potentialAction\":[{\"@type\":\"ReadAction\",\"target\":[\"https:\\\/\\\/www.americanpan.com\\\/europe\\\/ro\\\/product\\\/rafturi-de-depozitare-personalizate\\\/\"]}]},{\"@type\":\"ImageObject\",\"inLanguage\":\"ro-RO\",\"@id\":\"https:\\\/\\\/www.americanpan.com\\\/europe\\\/ro\\\/product\\\/rafturi-de-depozitare-personalizate\\\/#primaryimage\",\"url\":\"https:\\\/\\\/www.americanpan.com\\\/europe\\\/wp-content\\\/uploads\\\/sites\\\/18\\\/2024\\\/08\\\/lz4560L18-967x2048-1.jpg\",\"contentUrl\":\"https:\\\/\\\/www.americanpan.com\\\/europe\\\/wp-content\\\/uploads\\\/sites\\\/18\\\/2024\\\/08\\\/lz4560L18-967x2048-1.jpg\",\"width\":800,\"height\":800},{\"@type\":\"BreadcrumbList\",\"@id\":\"https:\\\/\\\/www.americanpan.com\\\/europe\\\/ro\\\/product\\\/rafturi-de-depozitare-personalizate\\\/#breadcrumb\",\"itemListElement\":[{\"@type\":\"ListItem\",\"position\":1,\"name\":\"Home\",\"item\":\"https:\\\/\\\/www.americanpan.com\\\/europe\\\/ro\\\/\"},{\"@type\":\"ListItem\",\"position\":2,\"name\":\"Produse\",\"item\":\"https:\\\/\\\/www.americanpan.com\\\/europe\\\/ro\\\/shop\\\/\"},{\"@type\":\"ListItem\",\"position\":3,\"name\":\"Rafturi de depozitare personalizate\"}]},{\"@type\":\"WebSite\",\"@id\":\"https:\\\/\\\/www.americanpan.com\\\/europe\\\/ro\\\/#website\",\"url\":\"https:\\\/\\\/www.americanpan.com\\\/europe\\\/ro\\\/\",\"name\":\"American Pan Europe\",\"description\":\"Forme de copt industriale si straturi de acoperire\",\"publisher\":{\"@id\":\"https:\\\/\\\/www.americanpan.com\\\/europe\\\/ro\\\/#organization\"},\"potentialAction\":[{\"@type\":\"SearchAction\",\"target\":{\"@type\":\"EntryPoint\",\"urlTemplate\":\"https:\\\/\\\/www.americanpan.com\\\/europe\\\/ro\\\/?s={search_term_string}\"},\"query-input\":{\"@type\":\"PropertyValueSpecification\",\"valueRequired\":true,\"valueName\":\"search_term_string\"}}],\"inLanguage\":\"ro-RO\"},{\"@type\":\"Organization\",\"@id\":\"https:\\\/\\\/www.americanpan.com\\\/europe\\\/ro\\\/#organization\",\"name\":\"American Pan: Forme de copt industriale si straturi de acoperire\",\"url\":\"https:\\\/\\\/www.americanpan.com\\\/europe\\\/ro\\\/\",\"logo\":{\"@type\":\"ImageObject\",\"inLanguage\":\"ro-RO\",\"@id\":\"https:\\\/\\\/www.americanpan.com\\\/europe\\\/ro\\\/#\\\/schema\\\/logo\\\/image\\\/\",\"url\":\"https:\\\/\\\/www.americanpan.com\\\/europe\\\/wp-content\\\/uploads\\\/sites\\\/18\\\/2022\\\/03\\\/logo-europe.png\",\"contentUrl\":\"https:\\\/\\\/www.americanpan.com\\\/europe\\\/wp-content\\\/uploads\\\/sites\\\/18\\\/2022\\\/03\\\/logo-europe.png\",\"width\":458,\"height\":172,\"caption\":\"American Pan: Forme de copt industriale si straturi de acoperire\"},\"image\":{\"@id\":\"https:\\\/\\\/www.americanpan.com\\\/europe\\\/ro\\\/#\\\/schema\\\/logo\\\/image\\\/\"}}]}<\/script>\n<meta property=\"product:price:currency\" content=\"EUR\" \/>\n<meta property=\"og:availability\" content=\"instock\" \/>\n<meta property=\"product:availability\" content=\"instock\" \/>\n<meta property=\"product:retailer_item_id\" content=\"Oven Racks-1\" \/>\n<meta property=\"product:condition\" content=\"new\" \/>\n<!-- \/ Yoast SEO Premium plugin. -->","yoast_head_json":{"title":"Rafturi de depozitare personalizate - American Pan &#8902; American Pan Europe","description":"T\u0103vile de copt perforate sunt disponibile \u00een orice dimensiune sau model de perfora\u021bie. Pot fi fabricate cu laturi ondulate sau \u00eendoite \u0219i cu s\u00e2rm\u0103 sau platband\u0103 pe margine.","robots":{"index":"index","follow":"follow","max-snippet":"max-snippet:-1","max-image-preview":"max-image-preview:large","max-video-preview":"max-video-preview:-1"},"canonical":"https:\/\/www.americanpan.com\/europe\/ro\/product\/rafturi-de-depozitare-personalizate\/","og_locale":"ro_RO","og_type":"article","og_title":"Rafturi de depozitare personalizate &#8902; American Pan Europe","og_description":"&#8902;","og_url":"https:\/\/www.americanpan.com\/europe\/ro\/product\/rafturi-de-depozitare-personalizate\/","og_site_name":"American Pan Europe","article_modified_time":"2024-09-09T13:48:31+00:00","og_image":[{"url":"https:\/\/stg-bundybakingsolutions.com\/wp-content\/uploads\/2018\/09\/BTY544.png","type":"","width":"","height":""}],"twitter_card":"summary_large_image","twitter_description":"T\u0103vile de copt perforate sunt disponibile \u00een orice dimensiune sau model de perfora\u021bie. Pot fi fabricate cu laturi ondulate sau \u00eendoite \u0219i cu s\u00e2rm\u0103 sau platband\u0103 pe margine. Pentru aplica\u021bii industriale de mare capacitate, cadrul poate fi fabricat cu un design de nervuri de interblocare care permite stivuirea t\u0103vilor \u0219i protejeaz\u0103, de asemenea, panoul de coacere pentru a cre\u0219te durata de via\u021b\u0103 a t\u0103vii.","twitter_misc":{"Pre\u021b":"","Disponibilitate":"\u00cen stoc"},"schema":{"@context":"https:\/\/schema.org","@graph":[{"@type":"WebPage","@id":"https:\/\/www.americanpan.com\/europe\/ro\/product\/rafturi-de-depozitare-personalizate\/","url":"https:\/\/www.americanpan.com\/europe\/ro\/product\/rafturi-de-depozitare-personalizate\/","name":"Rafturi de depozitare personalizate - American Pan &#8902; American Pan Europe","isPartOf":{"@id":"https:\/\/www.americanpan.com\/europe\/ro\/#website"},"primaryImageOfPage":{"@id":"https:\/\/www.americanpan.com\/europe\/ro\/product\/rafturi-de-depozitare-personalizate\/#primaryimage"},"image":{"@id":"https:\/\/www.americanpan.com\/europe\/ro\/product\/rafturi-de-depozitare-personalizate\/#primaryimage"},"thumbnailUrl":"https:\/\/www.americanpan.com\/europe\/wp-content\/uploads\/sites\/18\/2024\/08\/lz4560L18-967x2048-1.jpg","datePublished":"2024-08-13T15:55:05+00:00","dateModified":"2024-09-09T13:48:31+00:00","description":"T\u0103vile de copt perforate sunt disponibile \u00een orice dimensiune sau model de perfora\u021bie. Pot fi fabricate cu laturi ondulate sau \u00eendoite \u0219i cu s\u00e2rm\u0103 sau platband\u0103 pe margine.","breadcrumb":{"@id":"https:\/\/www.americanpan.com\/europe\/ro\/product\/rafturi-de-depozitare-personalizate\/#breadcrumb"},"inLanguage":"ro-RO","potentialAction":[{"@type":"ReadAction","target":["https:\/\/www.americanpan.com\/europe\/ro\/product\/rafturi-de-depozitare-personalizate\/"]}]},{"@type":"ImageObject","inLanguage":"ro-RO","@id":"https:\/\/www.americanpan.com\/europe\/ro\/product\/rafturi-de-depozitare-personalizate\/#primaryimage","url":"https:\/\/www.americanpan.com\/europe\/wp-content\/uploads\/sites\/18\/2024\/08\/lz4560L18-967x2048-1.jpg","contentUrl":"https:\/\/www.americanpan.com\/europe\/wp-content\/uploads\/sites\/18\/2024\/08\/lz4560L18-967x2048-1.jpg","width":800,"height":800},{"@type":"BreadcrumbList","@id":"https:\/\/www.americanpan.com\/europe\/ro\/product\/rafturi-de-depozitare-personalizate\/#breadcrumb","itemListElement":[{"@type":"ListItem","position":1,"name":"Home","item":"https:\/\/www.americanpan.com\/europe\/ro\/"},{"@type":"ListItem","position":2,"name":"Produse","item":"https:\/\/www.americanpan.com\/europe\/ro\/shop\/"},{"@type":"ListItem","position":3,"name":"Rafturi de depozitare personalizate"}]},{"@type":"WebSite","@id":"https:\/\/www.americanpan.com\/europe\/ro\/#website","url":"https:\/\/www.americanpan.com\/europe\/ro\/","name":"American Pan Europe","description":"Forme de copt industriale si straturi de acoperire","publisher":{"@id":"https:\/\/www.americanpan.com\/europe\/ro\/#organization"},"potentialAction":[{"@type":"SearchAction","target":{"@type":"EntryPoint","urlTemplate":"https:\/\/www.americanpan.com\/europe\/ro\/?s={search_term_string}"},"query-input":{"@type":"PropertyValueSpecification","valueRequired":true,"valueName":"search_term_string"}}],"inLanguage":"ro-RO"},{"@type":"Organization","@id":"https:\/\/www.americanpan.com\/europe\/ro\/#organization","name":"American Pan: Forme de copt industriale si straturi de acoperire","url":"https:\/\/www.americanpan.com\/europe\/ro\/","logo":{"@type":"ImageObject","inLanguage":"ro-RO","@id":"https:\/\/www.americanpan.com\/europe\/ro\/#\/schema\/logo\/image\/","url":"https:\/\/www.americanpan.com\/europe\/wp-content\/uploads\/sites\/18\/2022\/03\/logo-europe.png","contentUrl":"https:\/\/www.americanpan.com\/europe\/wp-content\/uploads\/sites\/18\/2022\/03\/logo-europe.png","width":458,"height":172,"caption":"American Pan: Forme de copt industriale si straturi de acoperire"},"image":{"@id":"https:\/\/www.americanpan.com\/europe\/ro\/#\/schema\/logo\/image\/"}}]},"product_price_currency":"EUR","og_availability":"instock","product_availability":"instock","product_retailer_item_id":"Oven Racks-1","product_condition":"new"},"_links":{"self":[{"href":"https:\/\/www.americanpan.com\/europe\/ro\/wp-json\/wp\/v2\/product\/64321","targetHints":{"allow":["GET"]}}],"collection":[{"href":"https:\/\/www.americanpan.com\/europe\/ro\/wp-json\/wp\/v2\/product"}],"about":[{"href":"https:\/\/www.americanpan.com\/europe\/ro\/wp-json\/wp\/v2\/types\/product"}],"replies":[{"embeddable":true,"href":"https:\/\/www.americanpan.com\/europe\/ro\/wp-json\/wp\/v2\/comments?post=64321"}],"wp:featuredmedia":[{"embeddable":true,"href":"https:\/\/www.americanpan.com\/europe\/ro\/wp-json\/wp\/v2\/media\/64864"}],"wp:attachment":[{"href":"https:\/\/www.americanpan.com\/europe\/ro\/wp-json\/wp\/v2\/media?parent=64321"}],"wp:term":[{"taxonomy":"product_brand","embeddable":true,"href":"https:\/\/www.americanpan.com\/europe\/ro\/wp-json\/wp\/v2\/product_brand?post=64321"},{"taxonomy":"product_cat","embeddable":true,"href":"https:\/\/www.americanpan.com\/europe\/ro\/wp-json\/wp\/v2\/product_cat?post=64321"},{"taxonomy":"product_tag","embeddable":true,"href":"https:\/\/www.americanpan.com\/europe\/ro\/wp-json\/wp\/v2\/product_tag?post=64321"}],"curies":[{"name":"wp","href":"https:\/\/api.w.org\/{rel}","templated":true}]}}