{"id":40324,"date":"2021-04-22T17:42:42","date_gmt":"2021-04-22T16:42:42","guid":{"rendered":"https:\/\/www.americanpan.com\/europe\/product\/tava-de-copt-perforata-stayflat\/"},"modified":"2023-04-17T02:38:41","modified_gmt":"2023-04-17T01:38:41","slug":"tava-de-copt-perforata-cu-4-margini-2","status":"publish","type":"product","link":"https:\/\/www.americanpan.com\/europe\/ro\/product\/tava-de-copt-perforata-cu-4-margini-2\/","title":{"rendered":"Tav\u0103 de copt perforat\u0103 cu 4 margini"},"content":{"rendered":"","protected":false},"excerpt":{"rendered":"<p>Tav\u0103 de copt perforat\u0103 cu 4 margini<\/p>\n","protected":false},"featured_media":46934,"comment_status":"closed","ping_status":"closed","template":"","meta":{"_acf_changed":false},"product_brand":[],"product_cat":[1378,1383,1393],"product_tag":[],"class_list":{"0":"post-40324","1":"product","2":"type-product","3":"status-publish","4":"has-post-thumbnail","6":"product_cat-cutii-de-paine-tavi-de-copt-in-stoc","7":"product_cat-tavi-de-copt-tavi-pentru-baghete","8":"product_cat-tavi-de-copt-perforate","9":"pa_coating-type-optishield-coated-ro","10":"pa_coating-type-americoat-glazed-ro","11":"pa_coating-type-natural-ro","13":"first","14":"instock","15":"taxable","16":"shipping-taxable","17":"purchasable","18":"product-type-variable"},"acf":[],"yoast_head":"<!-- This site is optimized with the Yoast SEO Premium plugin v27.3 (Yoast SEO v27.3) - https:\/\/yoast.com\/product\/yoast-seo-premium-wordpress\/ -->\n<title>Tav\u0103 de copt perforat\u0103 cu 4 margini &#8902; American Pan Europe<\/title>\n<meta name=\"description\" content=\"&#8902;\" \/>\n<meta name=\"robots\" content=\"index, follow, max-snippet:-1, max-image-preview:large, max-video-preview:-1\" \/>\n<link rel=\"canonical\" href=\"https:\/\/www.americanpan.com\/europe\/ro\/product\/tava-de-copt-perforata-cu-4-margini-2\/\" \/>\n<meta property=\"og:locale\" content=\"ro_RO\" \/>\n<meta property=\"og:type\" content=\"article\" \/>\n<meta property=\"og:title\" content=\"Tav\u0103 de copt perforat\u0103 cu 4 margini &#8902; American Pan Europe\" \/>\n<meta property=\"og:description\" content=\"&#8902;\" \/>\n<meta property=\"og:url\" content=\"https:\/\/www.americanpan.com\/europe\/ro\/product\/tava-de-copt-perforata-cu-4-margini-2\/\" \/>\n<meta property=\"og:site_name\" content=\"American Pan Europe\" \/>\n<meta property=\"article:modified_time\" content=\"2023-04-17T01:38:41+00:00\" \/>\n<meta property=\"og:image\" content=\"https:\/\/www.americanpan.com\/europe\/wp-content\/uploads\/sites\/18\/2021\/04\/BTY_1025.jpg\" \/>\n\t<meta property=\"og:image:width\" content=\"1920\" \/>\n\t<meta property=\"og:image:height\" content=\"1080\" \/>\n\t<meta property=\"og:image:type\" content=\"image\/jpeg\" \/>\n<meta name=\"twitter:card\" content=\"summary_large_image\" \/>\n<meta name=\"twitter:label1\" content=\"Disponibilitate\" \/>\n\t<meta name=\"twitter:data1\" content=\"\u00cen stoc\" \/>\n<script type=\"application\/ld+json\" class=\"yoast-schema-graph\">{\"@context\":\"https:\\\/\\\/schema.org\",\"@graph\":[{\"@type\":\"WebPage\",\"@id\":\"https:\\\/\\\/www.americanpan.com\\\/europe\\\/ro\\\/product\\\/tava-de-copt-perforata-cu-4-margini-2\\\/\",\"url\":\"https:\\\/\\\/www.americanpan.com\\\/europe\\\/ro\\\/product\\\/tava-de-copt-perforata-cu-4-margini-2\\\/\",\"name\":\"Tav\u0103 de copt perforat\u0103 cu 4 margini &#8902; American Pan Europe\",\"isPartOf\":{\"@id\":\"https:\\\/\\\/www.americanpan.com\\\/europe\\\/ro\\\/#website\"},\"primaryImageOfPage\":{\"@id\":\"https:\\\/\\\/www.americanpan.com\\\/europe\\\/ro\\\/product\\\/tava-de-copt-perforata-cu-4-margini-2\\\/#primaryimage\"},\"image\":{\"@id\":\"https:\\\/\\\/www.americanpan.com\\\/europe\\\/ro\\\/product\\\/tava-de-copt-perforata-cu-4-margini-2\\\/#primaryimage\"},\"thumbnailUrl\":\"https:\\\/\\\/www.americanpan.com\\\/europe\\\/wp-content\\\/uploads\\\/sites\\\/18\\\/2021\\\/04\\\/BTY_1025.jpg\",\"datePublished\":\"2021-04-22T16:42:42+00:00\",\"dateModified\":\"2023-04-17T01:38:41+00:00\",\"description\":\"&#8902;\",\"breadcrumb\":{\"@id\":\"https:\\\/\\\/www.americanpan.com\\\/europe\\\/ro\\\/product\\\/tava-de-copt-perforata-cu-4-margini-2\\\/#breadcrumb\"},\"inLanguage\":\"ro-RO\",\"potentialAction\":[{\"@type\":\"ReadAction\",\"target\":[\"https:\\\/\\\/www.americanpan.com\\\/europe\\\/ro\\\/product\\\/tava-de-copt-perforata-cu-4-margini-2\\\/\"]}]},{\"@type\":\"ImageObject\",\"inLanguage\":\"ro-RO\",\"@id\":\"https:\\\/\\\/www.americanpan.com\\\/europe\\\/ro\\\/product\\\/tava-de-copt-perforata-cu-4-margini-2\\\/#primaryimage\",\"url\":\"https:\\\/\\\/www.americanpan.com\\\/europe\\\/wp-content\\\/uploads\\\/sites\\\/18\\\/2021\\\/04\\\/BTY_1025.jpg\",\"contentUrl\":\"https:\\\/\\\/www.americanpan.com\\\/europe\\\/wp-content\\\/uploads\\\/sites\\\/18\\\/2021\\\/04\\\/BTY_1025.jpg\",\"width\":1920,\"height\":1080},{\"@type\":\"BreadcrumbList\",\"@id\":\"https:\\\/\\\/www.americanpan.com\\\/europe\\\/ro\\\/product\\\/tava-de-copt-perforata-cu-4-margini-2\\\/#breadcrumb\",\"itemListElement\":[{\"@type\":\"ListItem\",\"position\":1,\"name\":\"Home\",\"item\":\"https:\\\/\\\/www.americanpan.com\\\/europe\\\/ro\\\/\"},{\"@type\":\"ListItem\",\"position\":2,\"name\":\"Produse\",\"item\":\"https:\\\/\\\/www.americanpan.com\\\/europe\\\/ro\\\/shop\\\/\"},{\"@type\":\"ListItem\",\"position\":3,\"name\":\"Tav\u0103 de copt perforat\u0103 cu 4 margini\"}]},{\"@type\":\"WebSite\",\"@id\":\"https:\\\/\\\/www.americanpan.com\\\/europe\\\/ro\\\/#website\",\"url\":\"https:\\\/\\\/www.americanpan.com\\\/europe\\\/ro\\\/\",\"name\":\"American Pan Europe\",\"description\":\"Forme de copt industriale si straturi de acoperire\",\"publisher\":{\"@id\":\"https:\\\/\\\/www.americanpan.com\\\/europe\\\/ro\\\/#organization\"},\"potentialAction\":[{\"@type\":\"SearchAction\",\"target\":{\"@type\":\"EntryPoint\",\"urlTemplate\":\"https:\\\/\\\/www.americanpan.com\\\/europe\\\/ro\\\/?s={search_term_string}\"},\"query-input\":{\"@type\":\"PropertyValueSpecification\",\"valueRequired\":true,\"valueName\":\"search_term_string\"}}],\"inLanguage\":\"ro-RO\"},{\"@type\":\"Organization\",\"@id\":\"https:\\\/\\\/www.americanpan.com\\\/europe\\\/ro\\\/#organization\",\"name\":\"American Pan: Forme de copt industriale si straturi de acoperire\",\"url\":\"https:\\\/\\\/www.americanpan.com\\\/europe\\\/ro\\\/\",\"logo\":{\"@type\":\"ImageObject\",\"inLanguage\":\"ro-RO\",\"@id\":\"https:\\\/\\\/www.americanpan.com\\\/europe\\\/ro\\\/#\\\/schema\\\/logo\\\/image\\\/\",\"url\":\"https:\\\/\\\/www.americanpan.com\\\/europe\\\/wp-content\\\/uploads\\\/sites\\\/18\\\/2022\\\/03\\\/logo-europe.png\",\"contentUrl\":\"https:\\\/\\\/www.americanpan.com\\\/europe\\\/wp-content\\\/uploads\\\/sites\\\/18\\\/2022\\\/03\\\/logo-europe.png\",\"width\":458,\"height\":172,\"caption\":\"American Pan: Forme de copt industriale si straturi de acoperire\"},\"image\":{\"@id\":\"https:\\\/\\\/www.americanpan.com\\\/europe\\\/ro\\\/#\\\/schema\\\/logo\\\/image\\\/\"}}]}<\/script>\n<meta property=\"og:availability\" content=\"instock\" \/>\n<meta property=\"product:availability\" content=\"instock\" \/>\n<meta property=\"product:retailer_item_id\" content=\"BTY 1025\" \/>\n<meta property=\"product:condition\" content=\"new\" \/>\n<!-- \/ Yoast SEO Premium plugin. -->","yoast_head_json":{"title":"Tav\u0103 de copt perforat\u0103 cu 4 margini &#8902; American Pan Europe","description":"&#8902;","robots":{"index":"index","follow":"follow","max-snippet":"max-snippet:-1","max-image-preview":"max-image-preview:large","max-video-preview":"max-video-preview:-1"},"canonical":"https:\/\/www.americanpan.com\/europe\/ro\/product\/tava-de-copt-perforata-cu-4-margini-2\/","og_locale":"ro_RO","og_type":"article","og_title":"Tav\u0103 de copt perforat\u0103 cu 4 margini &#8902; American Pan Europe","og_description":"&#8902;","og_url":"https:\/\/www.americanpan.com\/europe\/ro\/product\/tava-de-copt-perforata-cu-4-margini-2\/","og_site_name":"American Pan Europe","article_modified_time":"2023-04-17T01:38:41+00:00","og_image":[{"width":1920,"height":1080,"url":"https:\/\/www.americanpan.com\/europe\/wp-content\/uploads\/sites\/18\/2021\/04\/BTY_1025.jpg","type":"image\/jpeg"}],"twitter_card":"summary_large_image","twitter_misc":{"Disponibilitate":"\u00cen stoc"},"schema":{"@context":"https:\/\/schema.org","@graph":[{"@type":"WebPage","@id":"https:\/\/www.americanpan.com\/europe\/ro\/product\/tava-de-copt-perforata-cu-4-margini-2\/","url":"https:\/\/www.americanpan.com\/europe\/ro\/product\/tava-de-copt-perforata-cu-4-margini-2\/","name":"Tav\u0103 de copt perforat\u0103 cu 4 margini &#8902; American Pan Europe","isPartOf":{"@id":"https:\/\/www.americanpan.com\/europe\/ro\/#website"},"primaryImageOfPage":{"@id":"https:\/\/www.americanpan.com\/europe\/ro\/product\/tava-de-copt-perforata-cu-4-margini-2\/#primaryimage"},"image":{"@id":"https:\/\/www.americanpan.com\/europe\/ro\/product\/tava-de-copt-perforata-cu-4-margini-2\/#primaryimage"},"thumbnailUrl":"https:\/\/www.americanpan.com\/europe\/wp-content\/uploads\/sites\/18\/2021\/04\/BTY_1025.jpg","datePublished":"2021-04-22T16:42:42+00:00","dateModified":"2023-04-17T01:38:41+00:00","description":"&#8902;","breadcrumb":{"@id":"https:\/\/www.americanpan.com\/europe\/ro\/product\/tava-de-copt-perforata-cu-4-margini-2\/#breadcrumb"},"inLanguage":"ro-RO","potentialAction":[{"@type":"ReadAction","target":["https:\/\/www.americanpan.com\/europe\/ro\/product\/tava-de-copt-perforata-cu-4-margini-2\/"]}]},{"@type":"ImageObject","inLanguage":"ro-RO","@id":"https:\/\/www.americanpan.com\/europe\/ro\/product\/tava-de-copt-perforata-cu-4-margini-2\/#primaryimage","url":"https:\/\/www.americanpan.com\/europe\/wp-content\/uploads\/sites\/18\/2021\/04\/BTY_1025.jpg","contentUrl":"https:\/\/www.americanpan.com\/europe\/wp-content\/uploads\/sites\/18\/2021\/04\/BTY_1025.jpg","width":1920,"height":1080},{"@type":"BreadcrumbList","@id":"https:\/\/www.americanpan.com\/europe\/ro\/product\/tava-de-copt-perforata-cu-4-margini-2\/#breadcrumb","itemListElement":[{"@type":"ListItem","position":1,"name":"Home","item":"https:\/\/www.americanpan.com\/europe\/ro\/"},{"@type":"ListItem","position":2,"name":"Produse","item":"https:\/\/www.americanpan.com\/europe\/ro\/shop\/"},{"@type":"ListItem","position":3,"name":"Tav\u0103 de copt perforat\u0103 cu 4 margini"}]},{"@type":"WebSite","@id":"https:\/\/www.americanpan.com\/europe\/ro\/#website","url":"https:\/\/www.americanpan.com\/europe\/ro\/","name":"American Pan Europe","description":"Forme de copt industriale si straturi de acoperire","publisher":{"@id":"https:\/\/www.americanpan.com\/europe\/ro\/#organization"},"potentialAction":[{"@type":"SearchAction","target":{"@type":"EntryPoint","urlTemplate":"https:\/\/www.americanpan.com\/europe\/ro\/?s={search_term_string}"},"query-input":{"@type":"PropertyValueSpecification","valueRequired":true,"valueName":"search_term_string"}}],"inLanguage":"ro-RO"},{"@type":"Organization","@id":"https:\/\/www.americanpan.com\/europe\/ro\/#organization","name":"American Pan: Forme de copt industriale si straturi de acoperire","url":"https:\/\/www.americanpan.com\/europe\/ro\/","logo":{"@type":"ImageObject","inLanguage":"ro-RO","@id":"https:\/\/www.americanpan.com\/europe\/ro\/#\/schema\/logo\/image\/","url":"https:\/\/www.americanpan.com\/europe\/wp-content\/uploads\/sites\/18\/2022\/03\/logo-europe.png","contentUrl":"https:\/\/www.americanpan.com\/europe\/wp-content\/uploads\/sites\/18\/2022\/03\/logo-europe.png","width":458,"height":172,"caption":"American Pan: Forme de copt industriale si straturi de acoperire"},"image":{"@id":"https:\/\/www.americanpan.com\/europe\/ro\/#\/schema\/logo\/image\/"}}]},"og_availability":"instock","product_availability":"instock","product_retailer_item_id":"BTY 1025","product_condition":"new"},"_links":{"self":[{"href":"https:\/\/www.americanpan.com\/europe\/ro\/wp-json\/wp\/v2\/product\/40324","targetHints":{"allow":["GET"]}}],"collection":[{"href":"https:\/\/www.americanpan.com\/europe\/ro\/wp-json\/wp\/v2\/product"}],"about":[{"href":"https:\/\/www.americanpan.com\/europe\/ro\/wp-json\/wp\/v2\/types\/product"}],"replies":[{"embeddable":true,"href":"https:\/\/www.americanpan.com\/europe\/ro\/wp-json\/wp\/v2\/comments?post=40324"}],"wp:featuredmedia":[{"embeddable":true,"href":"https:\/\/www.americanpan.com\/europe\/ro\/wp-json\/wp\/v2\/media\/46934"}],"wp:attachment":[{"href":"https:\/\/www.americanpan.com\/europe\/ro\/wp-json\/wp\/v2\/media?parent=40324"}],"wp:term":[{"taxonomy":"product_brand","embeddable":true,"href":"https:\/\/www.americanpan.com\/europe\/ro\/wp-json\/wp\/v2\/product_brand?post=40324"},{"taxonomy":"product_cat","embeddable":true,"href":"https:\/\/www.americanpan.com\/europe\/ro\/wp-json\/wp\/v2\/product_cat?post=40324"},{"taxonomy":"product_tag","embeddable":true,"href":"https:\/\/www.americanpan.com\/europe\/ro\/wp-json\/wp\/v2\/product_tag?post=40324"}],"curies":[{"name":"wp","href":"https:\/\/api.w.org\/{rel}","templated":true}]}}