{"id":37570,"date":"2018-09-13T14:21:58","date_gmt":"2018-09-13T13:21:58","guid":{"rendered":"https:\/\/www.americanpan.com\/europe\/product\/tava-pentru-chifle-de-hamburger\/"},"modified":"2024-02-27T14:00:45","modified_gmt":"2024-02-27T14:00:45","slug":"tavi-personalizate-pentru-hamburger","status":"publish","type":"product","link":"https:\/\/www.americanpan.com\/europe\/ro\/product\/tavi-personalizate-pentru-hamburger\/","title":{"rendered":"T\u0103vi personalizate pentru Hamburger"},"content":{"rendered":"","protected":false},"excerpt":{"rendered":"<p>T\u0103vile pentru Hamburger de la American Pan sunt complet personalizabile, concepute cu caracteristicile care se potrivesc nevoilor brut\u0103riei &#8211; de la aranjament, dimensiunea matri\u021bei, dimensiunea general\u0103, tipul de acoperire, caracteristicile speciale \u0219i multe altele! \u00cen plus, oferim t\u0103vi pentru acest tip de chifle, \u00een diferite stiluri de band\u0103 \u0219i cadru, inclusiv stilurile noastre brevetate ePAN\u00ae \u0219i TabLock. T\u0103vile noastre de copt sunt fabricate din materiale de \u00eenalt\u0103 calitate, iar caracteristicile personalizate permit integrarea perfect\u0103 \u00een liniile de panifica\u021bie existente.<\/p>\n","protected":false},"featured_media":30386,"comment_status":"closed","ping_status":"closed","template":"","meta":{"_acf_changed":false},"product_brand":[],"product_cat":[1343,1358],"product_tag":[],"class_list":{"0":"post-37570","1":"product","2":"type-product","3":"status-publish","4":"has-post-thumbnail","6":"product_cat-forme-tavi-de-copt-personalizate","7":"product_cat-tavi-pentru-chifle-si-rulouri","9":"first","10":"instock","11":"taxable","12":"shipping-taxable","13":"product-type-simple"},"acf":[],"yoast_head":"<!-- This site is optimized with the Yoast SEO Premium plugin v27.3 (Yoast SEO v27.3) - https:\/\/yoast.com\/product\/yoast-seo-premium-wordpress\/ -->\n<title>T\u0103vi personalizate pentru Hamburger - American Pan &#8902; American Pan Europe<\/title>\n<meta name=\"description\" content=\"Modelul t\u0103vilor de copt cu fante ridic\u0103 formele de chifl\u0103 din tav\u0103 pentru a \u00eembun\u0103t\u0103\u021bi coacerea, permi\u021b\u00e2nd un flux de c\u0103ldur\u0103 excelent \u00een jurul perimetrului chiflelor.\" \/>\n<meta name=\"robots\" content=\"index, follow, max-snippet:-1, max-image-preview:large, max-video-preview:-1\" \/>\n<link rel=\"canonical\" href=\"https:\/\/www.americanpan.com\/europe\/ro\/product\/tavi-personalizate-pentru-hamburger\/\" \/>\n<meta property=\"og:locale\" content=\"ro_RO\" \/>\n<meta property=\"og:type\" content=\"article\" \/>\n<meta property=\"og:title\" content=\"T\u0103vi personalizate pentru Hamburger &#8902; American Pan Europe\" \/>\n<meta property=\"og:description\" content=\"&#8902;\" \/>\n<meta property=\"og:url\" content=\"https:\/\/www.americanpan.com\/europe\/ro\/product\/tavi-personalizate-pentru-hamburger\/\" \/>\n<meta property=\"og:site_name\" content=\"American Pan Europe\" \/>\n<meta property=\"article:modified_time\" content=\"2024-02-27T14:00:45+00:00\" \/>\n<meta property=\"og:image\" content=\"https:\/\/stg-bundybakingsolutions.com\/wp-content\/uploads\/2018\/09\/AP_Bun_Hamb_4x5_Flared_End_Structural_Ribs_DS.jpg\" \/>\n<meta name=\"twitter:card\" content=\"summary_large_image\" \/>\n<meta name=\"twitter:description\" content=\"Modelul t\u0103vilor de copt cu fante ridic\u0103 formele de chifl\u0103 din tav\u0103 pentru a \u00eembun\u0103t\u0103\u021bi coacerea, permi\u021b\u00e2nd un flux de c\u0103ldur\u0103 excelent \u00een jurul perimetrului chiflelor.\" \/>\n<meta name=\"twitter:label1\" content=\"Pre\u021b\" \/>\n\t<meta name=\"twitter:data1\" content=\"\" \/>\n\t<meta name=\"twitter:label2\" content=\"Disponibilitate\" \/>\n\t<meta name=\"twitter:data2\" content=\"\u00cen stoc\" \/>\n<script type=\"application\/ld+json\" class=\"yoast-schema-graph\">{\"@context\":\"https:\\\/\\\/schema.org\",\"@graph\":[{\"@type\":\"WebPage\",\"@id\":\"https:\\\/\\\/www.americanpan.com\\\/europe\\\/ro\\\/product\\\/tavi-personalizate-pentru-hamburger\\\/\",\"url\":\"https:\\\/\\\/www.americanpan.com\\\/europe\\\/ro\\\/product\\\/tavi-personalizate-pentru-hamburger\\\/\",\"name\":\"T\u0103vi personalizate pentru Hamburger - American Pan &#8902; American Pan Europe\",\"isPartOf\":{\"@id\":\"https:\\\/\\\/www.americanpan.com\\\/europe\\\/ro\\\/#website\"},\"primaryImageOfPage\":{\"@id\":\"https:\\\/\\\/www.americanpan.com\\\/europe\\\/ro\\\/product\\\/tavi-personalizate-pentru-hamburger\\\/#primaryimage\"},\"image\":{\"@id\":\"https:\\\/\\\/www.americanpan.com\\\/europe\\\/ro\\\/product\\\/tavi-personalizate-pentru-hamburger\\\/#primaryimage\"},\"thumbnailUrl\":\"https:\\\/\\\/www.americanpan.com\\\/europe\\\/wp-content\\\/uploads\\\/sites\\\/18\\\/2018\\\/09\\\/AP_Bun_Hamb_4x5_Flared_End_Structural_Ribs_DS-scaled.jpg\",\"datePublished\":\"2018-09-13T13:21:58+00:00\",\"dateModified\":\"2024-02-27T14:00:45+00:00\",\"description\":\"Modelul t\u0103vilor de copt cu fante ridic\u0103 formele de chifl\u0103 din tav\u0103 pentru a \u00eembun\u0103t\u0103\u021bi coacerea, permi\u021b\u00e2nd un flux de c\u0103ldur\u0103 excelent \u00een jurul perimetrului chiflelor.\",\"breadcrumb\":{\"@id\":\"https:\\\/\\\/www.americanpan.com\\\/europe\\\/ro\\\/product\\\/tavi-personalizate-pentru-hamburger\\\/#breadcrumb\"},\"inLanguage\":\"ro-RO\",\"potentialAction\":[{\"@type\":\"ReadAction\",\"target\":[\"https:\\\/\\\/www.americanpan.com\\\/europe\\\/ro\\\/product\\\/tavi-personalizate-pentru-hamburger\\\/\"]}]},{\"@type\":\"ImageObject\",\"inLanguage\":\"ro-RO\",\"@id\":\"https:\\\/\\\/www.americanpan.com\\\/europe\\\/ro\\\/product\\\/tavi-personalizate-pentru-hamburger\\\/#primaryimage\",\"url\":\"https:\\\/\\\/www.americanpan.com\\\/europe\\\/wp-content\\\/uploads\\\/sites\\\/18\\\/2018\\\/09\\\/AP_Bun_Hamb_4x5_Flared_End_Structural_Ribs_DS-scaled.jpg\",\"contentUrl\":\"https:\\\/\\\/www.americanpan.com\\\/europe\\\/wp-content\\\/uploads\\\/sites\\\/18\\\/2018\\\/09\\\/AP_Bun_Hamb_4x5_Flared_End_Structural_Ribs_DS-scaled.jpg\",\"width\":2560,\"height\":1920,\"caption\":\"Tigaie pentru hamburgeri cu nervuri structurale cu cap\u0103t evazat - DuraShield\u00ae\"},{\"@type\":\"BreadcrumbList\",\"@id\":\"https:\\\/\\\/www.americanpan.com\\\/europe\\\/ro\\\/product\\\/tavi-personalizate-pentru-hamburger\\\/#breadcrumb\",\"itemListElement\":[{\"@type\":\"ListItem\",\"position\":1,\"name\":\"Home\",\"item\":\"https:\\\/\\\/www.americanpan.com\\\/europe\\\/ro\\\/\"},{\"@type\":\"ListItem\",\"position\":2,\"name\":\"Produse\",\"item\":\"https:\\\/\\\/www.americanpan.com\\\/europe\\\/ro\\\/shop\\\/\"},{\"@type\":\"ListItem\",\"position\":3,\"name\":\"T\u0103vi personalizate pentru Hamburger\"}]},{\"@type\":\"WebSite\",\"@id\":\"https:\\\/\\\/www.americanpan.com\\\/europe\\\/ro\\\/#website\",\"url\":\"https:\\\/\\\/www.americanpan.com\\\/europe\\\/ro\\\/\",\"name\":\"American Pan Europe\",\"description\":\"Forme de copt industriale si straturi de acoperire\",\"publisher\":{\"@id\":\"https:\\\/\\\/www.americanpan.com\\\/europe\\\/ro\\\/#organization\"},\"potentialAction\":[{\"@type\":\"SearchAction\",\"target\":{\"@type\":\"EntryPoint\",\"urlTemplate\":\"https:\\\/\\\/www.americanpan.com\\\/europe\\\/ro\\\/?s={search_term_string}\"},\"query-input\":{\"@type\":\"PropertyValueSpecification\",\"valueRequired\":true,\"valueName\":\"search_term_string\"}}],\"inLanguage\":\"ro-RO\"},{\"@type\":\"Organization\",\"@id\":\"https:\\\/\\\/www.americanpan.com\\\/europe\\\/ro\\\/#organization\",\"name\":\"American Pan: Forme de copt industriale si straturi de acoperire\",\"url\":\"https:\\\/\\\/www.americanpan.com\\\/europe\\\/ro\\\/\",\"logo\":{\"@type\":\"ImageObject\",\"inLanguage\":\"ro-RO\",\"@id\":\"https:\\\/\\\/www.americanpan.com\\\/europe\\\/ro\\\/#\\\/schema\\\/logo\\\/image\\\/\",\"url\":\"https:\\\/\\\/www.americanpan.com\\\/europe\\\/wp-content\\\/uploads\\\/sites\\\/18\\\/2022\\\/03\\\/logo-europe.png\",\"contentUrl\":\"https:\\\/\\\/www.americanpan.com\\\/europe\\\/wp-content\\\/uploads\\\/sites\\\/18\\\/2022\\\/03\\\/logo-europe.png\",\"width\":458,\"height\":172,\"caption\":\"American Pan: Forme de copt industriale si straturi de acoperire\"},\"image\":{\"@id\":\"https:\\\/\\\/www.americanpan.com\\\/europe\\\/ro\\\/#\\\/schema\\\/logo\\\/image\\\/\"}}]}<\/script>\n<meta property=\"product:price:currency\" content=\"EUR\" \/>\n<meta property=\"og:availability\" content=\"instock\" \/>\n<meta property=\"product:availability\" content=\"instock\" \/>\n<meta property=\"product:retailer_item_id\" content=\"Hamburger Bun Pans\" \/>\n<meta property=\"product:condition\" content=\"new\" \/>\n<!-- \/ Yoast SEO Premium plugin. -->","yoast_head_json":{"title":"T\u0103vi personalizate pentru Hamburger - American Pan &#8902; American Pan Europe","description":"Modelul t\u0103vilor de copt cu fante ridic\u0103 formele de chifl\u0103 din tav\u0103 pentru a \u00eembun\u0103t\u0103\u021bi coacerea, permi\u021b\u00e2nd un flux de c\u0103ldur\u0103 excelent \u00een jurul perimetrului chiflelor.","robots":{"index":"index","follow":"follow","max-snippet":"max-snippet:-1","max-image-preview":"max-image-preview:large","max-video-preview":"max-video-preview:-1"},"canonical":"https:\/\/www.americanpan.com\/europe\/ro\/product\/tavi-personalizate-pentru-hamburger\/","og_locale":"ro_RO","og_type":"article","og_title":"T\u0103vi personalizate pentru Hamburger &#8902; American Pan Europe","og_description":"&#8902;","og_url":"https:\/\/www.americanpan.com\/europe\/ro\/product\/tavi-personalizate-pentru-hamburger\/","og_site_name":"American Pan Europe","article_modified_time":"2024-02-27T14:00:45+00:00","og_image":[{"url":"https:\/\/stg-bundybakingsolutions.com\/wp-content\/uploads\/2018\/09\/AP_Bun_Hamb_4x5_Flared_End_Structural_Ribs_DS.jpg","type":"","width":"","height":""}],"twitter_card":"summary_large_image","twitter_description":"Modelul t\u0103vilor de copt cu fante ridic\u0103 formele de chifl\u0103 din tav\u0103 pentru a \u00eembun\u0103t\u0103\u021bi coacerea, permi\u021b\u00e2nd un flux de c\u0103ldur\u0103 excelent \u00een jurul perimetrului chiflelor.","twitter_misc":{"Pre\u021b":"","Disponibilitate":"\u00cen stoc"},"schema":{"@context":"https:\/\/schema.org","@graph":[{"@type":"WebPage","@id":"https:\/\/www.americanpan.com\/europe\/ro\/product\/tavi-personalizate-pentru-hamburger\/","url":"https:\/\/www.americanpan.com\/europe\/ro\/product\/tavi-personalizate-pentru-hamburger\/","name":"T\u0103vi personalizate pentru Hamburger - American Pan &#8902; American Pan Europe","isPartOf":{"@id":"https:\/\/www.americanpan.com\/europe\/ro\/#website"},"primaryImageOfPage":{"@id":"https:\/\/www.americanpan.com\/europe\/ro\/product\/tavi-personalizate-pentru-hamburger\/#primaryimage"},"image":{"@id":"https:\/\/www.americanpan.com\/europe\/ro\/product\/tavi-personalizate-pentru-hamburger\/#primaryimage"},"thumbnailUrl":"https:\/\/www.americanpan.com\/europe\/wp-content\/uploads\/sites\/18\/2018\/09\/AP_Bun_Hamb_4x5_Flared_End_Structural_Ribs_DS-scaled.jpg","datePublished":"2018-09-13T13:21:58+00:00","dateModified":"2024-02-27T14:00:45+00:00","description":"Modelul t\u0103vilor de copt cu fante ridic\u0103 formele de chifl\u0103 din tav\u0103 pentru a \u00eembun\u0103t\u0103\u021bi coacerea, permi\u021b\u00e2nd un flux de c\u0103ldur\u0103 excelent \u00een jurul perimetrului chiflelor.","breadcrumb":{"@id":"https:\/\/www.americanpan.com\/europe\/ro\/product\/tavi-personalizate-pentru-hamburger\/#breadcrumb"},"inLanguage":"ro-RO","potentialAction":[{"@type":"ReadAction","target":["https:\/\/www.americanpan.com\/europe\/ro\/product\/tavi-personalizate-pentru-hamburger\/"]}]},{"@type":"ImageObject","inLanguage":"ro-RO","@id":"https:\/\/www.americanpan.com\/europe\/ro\/product\/tavi-personalizate-pentru-hamburger\/#primaryimage","url":"https:\/\/www.americanpan.com\/europe\/wp-content\/uploads\/sites\/18\/2018\/09\/AP_Bun_Hamb_4x5_Flared_End_Structural_Ribs_DS-scaled.jpg","contentUrl":"https:\/\/www.americanpan.com\/europe\/wp-content\/uploads\/sites\/18\/2018\/09\/AP_Bun_Hamb_4x5_Flared_End_Structural_Ribs_DS-scaled.jpg","width":2560,"height":1920,"caption":"Tigaie pentru hamburgeri cu nervuri structurale cu cap\u0103t evazat - DuraShield\u00ae"},{"@type":"BreadcrumbList","@id":"https:\/\/www.americanpan.com\/europe\/ro\/product\/tavi-personalizate-pentru-hamburger\/#breadcrumb","itemListElement":[{"@type":"ListItem","position":1,"name":"Home","item":"https:\/\/www.americanpan.com\/europe\/ro\/"},{"@type":"ListItem","position":2,"name":"Produse","item":"https:\/\/www.americanpan.com\/europe\/ro\/shop\/"},{"@type":"ListItem","position":3,"name":"T\u0103vi personalizate pentru Hamburger"}]},{"@type":"WebSite","@id":"https:\/\/www.americanpan.com\/europe\/ro\/#website","url":"https:\/\/www.americanpan.com\/europe\/ro\/","name":"American Pan Europe","description":"Forme de copt industriale si straturi de acoperire","publisher":{"@id":"https:\/\/www.americanpan.com\/europe\/ro\/#organization"},"potentialAction":[{"@type":"SearchAction","target":{"@type":"EntryPoint","urlTemplate":"https:\/\/www.americanpan.com\/europe\/ro\/?s={search_term_string}"},"query-input":{"@type":"PropertyValueSpecification","valueRequired":true,"valueName":"search_term_string"}}],"inLanguage":"ro-RO"},{"@type":"Organization","@id":"https:\/\/www.americanpan.com\/europe\/ro\/#organization","name":"American Pan: Forme de copt industriale si straturi de acoperire","url":"https:\/\/www.americanpan.com\/europe\/ro\/","logo":{"@type":"ImageObject","inLanguage":"ro-RO","@id":"https:\/\/www.americanpan.com\/europe\/ro\/#\/schema\/logo\/image\/","url":"https:\/\/www.americanpan.com\/europe\/wp-content\/uploads\/sites\/18\/2022\/03\/logo-europe.png","contentUrl":"https:\/\/www.americanpan.com\/europe\/wp-content\/uploads\/sites\/18\/2022\/03\/logo-europe.png","width":458,"height":172,"caption":"American Pan: Forme de copt industriale si straturi de acoperire"},"image":{"@id":"https:\/\/www.americanpan.com\/europe\/ro\/#\/schema\/logo\/image\/"}}]},"product_price_currency":"EUR","og_availability":"instock","product_availability":"instock","product_retailer_item_id":"Hamburger Bun Pans","product_condition":"new"},"_links":{"self":[{"href":"https:\/\/www.americanpan.com\/europe\/ro\/wp-json\/wp\/v2\/product\/37570","targetHints":{"allow":["GET"]}}],"collection":[{"href":"https:\/\/www.americanpan.com\/europe\/ro\/wp-json\/wp\/v2\/product"}],"about":[{"href":"https:\/\/www.americanpan.com\/europe\/ro\/wp-json\/wp\/v2\/types\/product"}],"replies":[{"embeddable":true,"href":"https:\/\/www.americanpan.com\/europe\/ro\/wp-json\/wp\/v2\/comments?post=37570"}],"wp:featuredmedia":[{"embeddable":true,"href":"https:\/\/www.americanpan.com\/europe\/ro\/wp-json\/wp\/v2\/media\/30386"}],"wp:attachment":[{"href":"https:\/\/www.americanpan.com\/europe\/ro\/wp-json\/wp\/v2\/media?parent=37570"}],"wp:term":[{"taxonomy":"product_brand","embeddable":true,"href":"https:\/\/www.americanpan.com\/europe\/ro\/wp-json\/wp\/v2\/product_brand?post=37570"},{"taxonomy":"product_cat","embeddable":true,"href":"https:\/\/www.americanpan.com\/europe\/ro\/wp-json\/wp\/v2\/product_cat?post=37570"},{"taxonomy":"product_tag","embeddable":true,"href":"https:\/\/www.americanpan.com\/europe\/ro\/wp-json\/wp\/v2\/product_tag?post=37570"}],"curies":[{"name":"wp","href":"https:\/\/api.w.org\/{rel}","templated":true}]}}