{"id":37392,"date":"2018-09-14T00:29:41","date_gmt":"2018-09-13T23:29:41","guid":{"rendered":"https:\/\/www.americanpan.com\/europe\/product\/tavi-de-copt-simple-plane\/"},"modified":"2023-04-17T02:38:20","modified_gmt":"2023-04-17T01:38:20","slug":"tavi-de-copt-simple-plane","status":"publish","type":"product","link":"https:\/\/www.americanpan.com\/europe\/ro\/product\/tavi-de-copt-simple-plane\/","title":{"rendered":"T\u0103vi de copt simple\/plane"},"content":{"rendered":"","protected":false},"excerpt":{"rendered":"<p>T\u0103vile simple sunt disponibile cu laturile indoite sau ondulate, cu s\u00e2rm\u0103 sau cu platband\u0103 \u00een construc\u021bia marginilor. Pentru aplica\u021bii industriale de mare capacitate, cadrul poate fi fabricat cu un design de nervuri de interblocare care permite stivuirea t\u0103vilor \u0219i protejeaz\u0103, de asemenea, panoul de coacere pentru a cre\u0219te durata de via\u021b\u0103 a t\u0103vii.<\/p>\n","protected":false},"featured_media":30738,"comment_status":"closed","ping_status":"closed","template":"","meta":{"_acf_changed":false},"product_brand":[],"product_cat":[1343,1363],"product_tag":[],"class_list":{"0":"post-37392","1":"product","2":"type-product","3":"status-publish","4":"has-post-thumbnail","6":"product_cat-forme-tavi-de-copt-personalizate","7":"product_cat-tavi-de-copt-plate","9":"first","10":"instock","11":"taxable","12":"shipping-taxable","13":"product-type-simple"},"acf":[],"yoast_head":"<!-- This site is optimized with the Yoast SEO Premium plugin v27.3 (Yoast SEO v27.3) - https:\/\/yoast.com\/product\/yoast-seo-premium-wordpress\/ -->\n<title>T\u0103vi de copt simple\/plane - American Pan &#8902; American Pan Europe<\/title>\n<meta name=\"description\" content=\"T\u0103vile simple sunt disponibile cu laturile indoite sau ondulate, cu s\u00e2rm\u0103 sau cu platband\u0103 \u00een construc\u021bia marginilor.\" \/>\n<meta name=\"robots\" content=\"index, follow, max-snippet:-1, max-image-preview:large, max-video-preview:-1\" \/>\n<link rel=\"canonical\" href=\"https:\/\/www.americanpan.com\/europe\/ro\/product\/tavi-de-copt-simple-plane\/\" \/>\n<meta property=\"og:locale\" content=\"ro_RO\" \/>\n<meta property=\"og:type\" content=\"article\" \/>\n<meta property=\"og:title\" content=\"T\u0103vi de copt simple\/plane &#8902; American Pan Europe\" \/>\n<meta property=\"og:description\" content=\"&#8902;\" \/>\n<meta property=\"og:url\" content=\"https:\/\/www.americanpan.com\/europe\/ro\/product\/tavi-de-copt-simple-plane\/\" \/>\n<meta property=\"og:site_name\" content=\"American Pan Europe\" \/>\n<meta property=\"article:modified_time\" content=\"2023-04-17T01:38:20+00:00\" \/>\n<meta property=\"og:image\" content=\"https:\/\/stg-bundybakingsolutions.com\/wp-content\/uploads\/2018\/09\/AP_Sheet_Perforated-1.jpg\" \/>\n<meta name=\"twitter:card\" content=\"summary_large_image\" \/>\n<meta name=\"twitter:description\" content=\"T\u0103vile simple sunt disponibile cu laturile indoite sau ondulate, cu s\u00e2rm\u0103 sau cu platband\u0103 \u00een construc\u021bia marginilor.\" \/>\n<meta name=\"twitter:image\" content=\"https:\/\/stg-bundybakingsolutions.com\/wp-content\/uploads\/2018\/09\/AP_Sheet_Perforated-1.jpg\" \/>\n<meta name=\"twitter:label1\" content=\"Pre\u021b\" \/>\n\t<meta name=\"twitter:data1\" content=\"\" \/>\n\t<meta name=\"twitter:label2\" content=\"Disponibilitate\" \/>\n\t<meta name=\"twitter:data2\" content=\"\u00cen stoc\" \/>\n<script type=\"application\/ld+json\" class=\"yoast-schema-graph\">{\"@context\":\"https:\\\/\\\/schema.org\",\"@graph\":[{\"@type\":\"WebPage\",\"@id\":\"https:\\\/\\\/www.americanpan.com\\\/europe\\\/ro\\\/product\\\/tavi-de-copt-simple-plane\\\/\",\"url\":\"https:\\\/\\\/www.americanpan.com\\\/europe\\\/ro\\\/product\\\/tavi-de-copt-simple-plane\\\/\",\"name\":\"T\u0103vi de copt simple\\\/plane - American Pan &#8902; American Pan Europe\",\"isPartOf\":{\"@id\":\"https:\\\/\\\/www.americanpan.com\\\/europe\\\/ro\\\/#website\"},\"primaryImageOfPage\":{\"@id\":\"https:\\\/\\\/www.americanpan.com\\\/europe\\\/ro\\\/product\\\/tavi-de-copt-simple-plane\\\/#primaryimage\"},\"image\":{\"@id\":\"https:\\\/\\\/www.americanpan.com\\\/europe\\\/ro\\\/product\\\/tavi-de-copt-simple-plane\\\/#primaryimage\"},\"thumbnailUrl\":\"https:\\\/\\\/www.americanpan.com\\\/europe\\\/wp-content\\\/uploads\\\/sites\\\/18\\\/2018\\\/09\\\/40600.jpg\",\"datePublished\":\"2018-09-13T23:29:41+00:00\",\"dateModified\":\"2023-04-17T01:38:20+00:00\",\"description\":\"T\u0103vile simple sunt disponibile cu laturile indoite sau ondulate, cu s\u00e2rm\u0103 sau cu platband\u0103 \u00een construc\u021bia marginilor.\",\"breadcrumb\":{\"@id\":\"https:\\\/\\\/www.americanpan.com\\\/europe\\\/ro\\\/product\\\/tavi-de-copt-simple-plane\\\/#breadcrumb\"},\"inLanguage\":\"ro-RO\",\"potentialAction\":[{\"@type\":\"ReadAction\",\"target\":[\"https:\\\/\\\/www.americanpan.com\\\/europe\\\/ro\\\/product\\\/tavi-de-copt-simple-plane\\\/\"]}]},{\"@type\":\"ImageObject\",\"inLanguage\":\"ro-RO\",\"@id\":\"https:\\\/\\\/www.americanpan.com\\\/europe\\\/ro\\\/product\\\/tavi-de-copt-simple-plane\\\/#primaryimage\",\"url\":\"https:\\\/\\\/www.americanpan.com\\\/europe\\\/wp-content\\\/uploads\\\/sites\\\/18\\\/2018\\\/09\\\/40600.jpg\",\"contentUrl\":\"https:\\\/\\\/www.americanpan.com\\\/europe\\\/wp-content\\\/uploads\\\/sites\\\/18\\\/2018\\\/09\\\/40600.jpg\",\"width\":1440,\"height\":1080,\"caption\":\"Tava complet\u0103 pentru foi \u2013 AMERICOAT\u00ae\"},{\"@type\":\"BreadcrumbList\",\"@id\":\"https:\\\/\\\/www.americanpan.com\\\/europe\\\/ro\\\/product\\\/tavi-de-copt-simple-plane\\\/#breadcrumb\",\"itemListElement\":[{\"@type\":\"ListItem\",\"position\":1,\"name\":\"Home\",\"item\":\"https:\\\/\\\/www.americanpan.com\\\/europe\\\/ro\\\/\"},{\"@type\":\"ListItem\",\"position\":2,\"name\":\"Produse\",\"item\":\"https:\\\/\\\/www.americanpan.com\\\/europe\\\/ro\\\/shop\\\/\"},{\"@type\":\"ListItem\",\"position\":3,\"name\":\"T\u0103vi de copt simple\\\/plane\"}]},{\"@type\":\"WebSite\",\"@id\":\"https:\\\/\\\/www.americanpan.com\\\/europe\\\/ro\\\/#website\",\"url\":\"https:\\\/\\\/www.americanpan.com\\\/europe\\\/ro\\\/\",\"name\":\"American Pan Europe\",\"description\":\"Forme de copt industriale si straturi de acoperire\",\"publisher\":{\"@id\":\"https:\\\/\\\/www.americanpan.com\\\/europe\\\/ro\\\/#organization\"},\"potentialAction\":[{\"@type\":\"SearchAction\",\"target\":{\"@type\":\"EntryPoint\",\"urlTemplate\":\"https:\\\/\\\/www.americanpan.com\\\/europe\\\/ro\\\/?s={search_term_string}\"},\"query-input\":{\"@type\":\"PropertyValueSpecification\",\"valueRequired\":true,\"valueName\":\"search_term_string\"}}],\"inLanguage\":\"ro-RO\"},{\"@type\":\"Organization\",\"@id\":\"https:\\\/\\\/www.americanpan.com\\\/europe\\\/ro\\\/#organization\",\"name\":\"American Pan: Forme de copt industriale si straturi de acoperire\",\"url\":\"https:\\\/\\\/www.americanpan.com\\\/europe\\\/ro\\\/\",\"logo\":{\"@type\":\"ImageObject\",\"inLanguage\":\"ro-RO\",\"@id\":\"https:\\\/\\\/www.americanpan.com\\\/europe\\\/ro\\\/#\\\/schema\\\/logo\\\/image\\\/\",\"url\":\"https:\\\/\\\/www.americanpan.com\\\/europe\\\/wp-content\\\/uploads\\\/sites\\\/18\\\/2022\\\/03\\\/logo-europe.png\",\"contentUrl\":\"https:\\\/\\\/www.americanpan.com\\\/europe\\\/wp-content\\\/uploads\\\/sites\\\/18\\\/2022\\\/03\\\/logo-europe.png\",\"width\":458,\"height\":172,\"caption\":\"American Pan: Forme de copt industriale si straturi de acoperire\"},\"image\":{\"@id\":\"https:\\\/\\\/www.americanpan.com\\\/europe\\\/ro\\\/#\\\/schema\\\/logo\\\/image\\\/\"}}]}<\/script>\n<meta property=\"product:price:currency\" content=\"EUR\" \/>\n<meta property=\"og:availability\" content=\"instock\" \/>\n<meta property=\"product:availability\" content=\"instock\" \/>\n<meta property=\"product:retailer_item_id\" content=\"Sheet Pans &amp; Trays\" \/>\n<meta property=\"product:condition\" content=\"new\" \/>\n<!-- \/ Yoast SEO Premium plugin. -->","yoast_head_json":{"title":"T\u0103vi de copt simple\/plane - American Pan &#8902; American Pan Europe","description":"T\u0103vile simple sunt disponibile cu laturile indoite sau ondulate, cu s\u00e2rm\u0103 sau cu platband\u0103 \u00een construc\u021bia marginilor.","robots":{"index":"index","follow":"follow","max-snippet":"max-snippet:-1","max-image-preview":"max-image-preview:large","max-video-preview":"max-video-preview:-1"},"canonical":"https:\/\/www.americanpan.com\/europe\/ro\/product\/tavi-de-copt-simple-plane\/","og_locale":"ro_RO","og_type":"article","og_title":"T\u0103vi de copt simple\/plane &#8902; American Pan Europe","og_description":"&#8902;","og_url":"https:\/\/www.americanpan.com\/europe\/ro\/product\/tavi-de-copt-simple-plane\/","og_site_name":"American Pan Europe","article_modified_time":"2023-04-17T01:38:20+00:00","og_image":[{"url":"https:\/\/stg-bundybakingsolutions.com\/wp-content\/uploads\/2018\/09\/AP_Sheet_Perforated-1.jpg","type":"","width":"","height":""}],"twitter_card":"summary_large_image","twitter_description":"T\u0103vile simple sunt disponibile cu laturile indoite sau ondulate, cu s\u00e2rm\u0103 sau cu platband\u0103 \u00een construc\u021bia marginilor.","twitter_image":"https:\/\/stg-bundybakingsolutions.com\/wp-content\/uploads\/2018\/09\/AP_Sheet_Perforated-1.jpg","twitter_misc":{"Pre\u021b":"","Disponibilitate":"\u00cen stoc"},"schema":{"@context":"https:\/\/schema.org","@graph":[{"@type":"WebPage","@id":"https:\/\/www.americanpan.com\/europe\/ro\/product\/tavi-de-copt-simple-plane\/","url":"https:\/\/www.americanpan.com\/europe\/ro\/product\/tavi-de-copt-simple-plane\/","name":"T\u0103vi de copt simple\/plane - American Pan &#8902; American Pan Europe","isPartOf":{"@id":"https:\/\/www.americanpan.com\/europe\/ro\/#website"},"primaryImageOfPage":{"@id":"https:\/\/www.americanpan.com\/europe\/ro\/product\/tavi-de-copt-simple-plane\/#primaryimage"},"image":{"@id":"https:\/\/www.americanpan.com\/europe\/ro\/product\/tavi-de-copt-simple-plane\/#primaryimage"},"thumbnailUrl":"https:\/\/www.americanpan.com\/europe\/wp-content\/uploads\/sites\/18\/2018\/09\/40600.jpg","datePublished":"2018-09-13T23:29:41+00:00","dateModified":"2023-04-17T01:38:20+00:00","description":"T\u0103vile simple sunt disponibile cu laturile indoite sau ondulate, cu s\u00e2rm\u0103 sau cu platband\u0103 \u00een construc\u021bia marginilor.","breadcrumb":{"@id":"https:\/\/www.americanpan.com\/europe\/ro\/product\/tavi-de-copt-simple-plane\/#breadcrumb"},"inLanguage":"ro-RO","potentialAction":[{"@type":"ReadAction","target":["https:\/\/www.americanpan.com\/europe\/ro\/product\/tavi-de-copt-simple-plane\/"]}]},{"@type":"ImageObject","inLanguage":"ro-RO","@id":"https:\/\/www.americanpan.com\/europe\/ro\/product\/tavi-de-copt-simple-plane\/#primaryimage","url":"https:\/\/www.americanpan.com\/europe\/wp-content\/uploads\/sites\/18\/2018\/09\/40600.jpg","contentUrl":"https:\/\/www.americanpan.com\/europe\/wp-content\/uploads\/sites\/18\/2018\/09\/40600.jpg","width":1440,"height":1080,"caption":"Tava complet\u0103 pentru foi \u2013 AMERICOAT\u00ae"},{"@type":"BreadcrumbList","@id":"https:\/\/www.americanpan.com\/europe\/ro\/product\/tavi-de-copt-simple-plane\/#breadcrumb","itemListElement":[{"@type":"ListItem","position":1,"name":"Home","item":"https:\/\/www.americanpan.com\/europe\/ro\/"},{"@type":"ListItem","position":2,"name":"Produse","item":"https:\/\/www.americanpan.com\/europe\/ro\/shop\/"},{"@type":"ListItem","position":3,"name":"T\u0103vi de copt simple\/plane"}]},{"@type":"WebSite","@id":"https:\/\/www.americanpan.com\/europe\/ro\/#website","url":"https:\/\/www.americanpan.com\/europe\/ro\/","name":"American Pan Europe","description":"Forme de copt industriale si straturi de acoperire","publisher":{"@id":"https:\/\/www.americanpan.com\/europe\/ro\/#organization"},"potentialAction":[{"@type":"SearchAction","target":{"@type":"EntryPoint","urlTemplate":"https:\/\/www.americanpan.com\/europe\/ro\/?s={search_term_string}"},"query-input":{"@type":"PropertyValueSpecification","valueRequired":true,"valueName":"search_term_string"}}],"inLanguage":"ro-RO"},{"@type":"Organization","@id":"https:\/\/www.americanpan.com\/europe\/ro\/#organization","name":"American Pan: Forme de copt industriale si straturi de acoperire","url":"https:\/\/www.americanpan.com\/europe\/ro\/","logo":{"@type":"ImageObject","inLanguage":"ro-RO","@id":"https:\/\/www.americanpan.com\/europe\/ro\/#\/schema\/logo\/image\/","url":"https:\/\/www.americanpan.com\/europe\/wp-content\/uploads\/sites\/18\/2022\/03\/logo-europe.png","contentUrl":"https:\/\/www.americanpan.com\/europe\/wp-content\/uploads\/sites\/18\/2022\/03\/logo-europe.png","width":458,"height":172,"caption":"American Pan: Forme de copt industriale si straturi de acoperire"},"image":{"@id":"https:\/\/www.americanpan.com\/europe\/ro\/#\/schema\/logo\/image\/"}}]},"product_price_currency":"EUR","og_availability":"instock","product_availability":"instock","product_retailer_item_id":"Sheet Pans &amp; Trays","product_condition":"new"},"_links":{"self":[{"href":"https:\/\/www.americanpan.com\/europe\/ro\/wp-json\/wp\/v2\/product\/37392","targetHints":{"allow":["GET"]}}],"collection":[{"href":"https:\/\/www.americanpan.com\/europe\/ro\/wp-json\/wp\/v2\/product"}],"about":[{"href":"https:\/\/www.americanpan.com\/europe\/ro\/wp-json\/wp\/v2\/types\/product"}],"replies":[{"embeddable":true,"href":"https:\/\/www.americanpan.com\/europe\/ro\/wp-json\/wp\/v2\/comments?post=37392"}],"wp:featuredmedia":[{"embeddable":true,"href":"https:\/\/www.americanpan.com\/europe\/ro\/wp-json\/wp\/v2\/media\/30738"}],"wp:attachment":[{"href":"https:\/\/www.americanpan.com\/europe\/ro\/wp-json\/wp\/v2\/media?parent=37392"}],"wp:term":[{"taxonomy":"product_brand","embeddable":true,"href":"https:\/\/www.americanpan.com\/europe\/ro\/wp-json\/wp\/v2\/product_brand?post=37392"},{"taxonomy":"product_cat","embeddable":true,"href":"https:\/\/www.americanpan.com\/europe\/ro\/wp-json\/wp\/v2\/product_cat?post=37392"},{"taxonomy":"product_tag","embeddable":true,"href":"https:\/\/www.americanpan.com\/europe\/ro\/wp-json\/wp\/v2\/product_tag?post=37392"}],"curies":[{"name":"wp","href":"https:\/\/api.w.org\/{rel}","templated":true}]}}