{"id":37368,"date":"2018-09-14T00:29:41","date_gmt":"2018-09-13T23:29:41","guid":{"rendered":"https:\/\/www.americanpan.com\/europe\/product\/tavi-pentru-chifle-de-hot-dog-painici\/"},"modified":"2024-02-27T13:58:28","modified_gmt":"2024-02-27T13:58:28","slug":"tavi-personalizate-pentru-hot-dog-si-pentru-baghete-de-sandvisuri","status":"publish","type":"product","link":"https:\/\/www.americanpan.com\/europe\/ro\/product\/tavi-personalizate-pentru-hot-dog-si-pentru-baghete-de-sandvisuri\/","title":{"rendered":"T\u0103vi personalizate pentru Hot Dog \u0219i pentru Baghete de sandvi\u0219uri"},"content":{"rendered":"","protected":false},"excerpt":{"rendered":"<p>T\u0103vile pentru Hot Dog \u0219i pentru Baghete de sandvi\u0219uri, marca American Pan, sunt complet personalizate, proiectate cu caracteristicile care se potrivesc cu nevoile brut\u0103riei dvs. \u2013 de la aranjament, dimensiunea matri\u021bei, dimensiunea total\u0103, tipul de acoperire, caracteristici speciale \u0219i multe altele! \u00cen plus, oferim t\u0103vi pentru chifle \u00een diferite stiluri de band\u0103 \u0219i cadru, inclusiv stilurile noastre brevetate ePAN\u00ae \u0219i TabLock. T\u0103vile noastre de copt sunt fabricate din materiale de \u00eenalt\u0103 calitate, iar caracteristicile personalizate permit integrarea perfect\u0103 \u00een liniile de panifica\u021bie existente.<\/p>\n","protected":false},"featured_media":30766,"comment_status":"closed","ping_status":"closed","template":"","meta":{"_acf_changed":false},"product_brand":[],"product_cat":[1343,1358],"product_tag":[],"class_list":{"0":"post-37368","1":"product","2":"type-product","3":"status-publish","4":"has-post-thumbnail","6":"product_cat-forme-tavi-de-copt-personalizate","7":"product_cat-tavi-pentru-chifle-si-rulouri","9":"first","10":"instock","11":"taxable","12":"shipping-taxable","13":"product-type-simple"},"acf":[],"yoast_head":"<!-- This site is optimized with the Yoast SEO Premium plugin v27.4 (Yoast SEO v27.4) - https:\/\/yoast.com\/product\/yoast-seo-premium-wordpress\/ -->\n<title>T\u0103vi personalizate pentru Hot Dog \u0219i pentru Baghete de sandvi\u0219uri &#8902; American Pan Europe<\/title>\n<meta name=\"description\" content=\"Sunt mai rezistente \u0219i au o durat\u0103 de viat\u0103 mai mare dec\u00e2t cele cu un design tradi\u021bional, se potrivesc unui sistem de ghidare central.\" \/>\n<meta name=\"robots\" content=\"index, follow, max-snippet:-1, max-image-preview:large, max-video-preview:-1\" \/>\n<link rel=\"canonical\" href=\"https:\/\/www.americanpan.com\/europe\/ro\/product\/tavi-personalizate-pentru-hot-dog-si-pentru-baghete-de-sandvisuri\/\" \/>\n<meta property=\"og:locale\" content=\"ro_RO\" \/>\n<meta property=\"og:type\" content=\"article\" \/>\n<meta property=\"og:title\" content=\"T\u0103vi personalizate pentru Hot Dog \u0219i pentru Baghete de sandvi\u0219uri &#8902; American Pan Europe\" \/>\n<meta property=\"og:description\" content=\"Modelul t\u0103vilor de copt cu fante ridic\u0103 formele de chifl\u0103 din tav\u0103 pentru a \u00eembun\u0103t\u0103\u021bi coacerea, permi\u021b\u00e2nd un flux de c\u0103ldur\u0103 excelent \u00een jurul perimetrului chiflelor.\" \/>\n<meta property=\"og:url\" content=\"https:\/\/www.americanpan.com\/europe\/ro\/product\/tavi-personalizate-pentru-hot-dog-si-pentru-baghete-de-sandvisuri\/\" \/>\n<meta property=\"og:site_name\" content=\"American Pan Europe\" \/>\n<meta property=\"article:modified_time\" content=\"2024-02-27T13:58:28+00:00\" \/>\n<meta property=\"og:image\" content=\"https:\/\/stg-bundybakingsolutions.com\/wp-content\/uploads\/2018\/09\/AP_Bun_Sub_Tray_7x3_DS-1.jpg\" \/>\n<meta name=\"twitter:card\" content=\"summary_large_image\" \/>\n<meta name=\"twitter:description\" content=\"Modelul t\u0103vilor de copt cu fante ridic\u0103 formele de chifl\u0103 din tav\u0103 pentru a \u00eembun\u0103t\u0103\u021bi coacerea, permi\u021b\u00e2nd un flux de c\u0103ldur\u0103 excelent \u00een jurul perimetrului chiflelor.\" \/>\n<meta name=\"twitter:label1\" content=\"Pre\u021b\" \/>\n\t<meta name=\"twitter:data1\" content=\"\" \/>\n\t<meta name=\"twitter:label2\" content=\"Disponibilitate\" \/>\n\t<meta name=\"twitter:data2\" content=\"\u00cen stoc\" \/>\n<script type=\"application\/ld+json\" class=\"yoast-schema-graph\">{\"@context\":\"https:\\\/\\\/schema.org\",\"@graph\":[{\"@type\":\"WebPage\",\"@id\":\"https:\\\/\\\/www.americanpan.com\\\/europe\\\/ro\\\/product\\\/tavi-personalizate-pentru-hot-dog-si-pentru-baghete-de-sandvisuri\\\/\",\"url\":\"https:\\\/\\\/www.americanpan.com\\\/europe\\\/ro\\\/product\\\/tavi-personalizate-pentru-hot-dog-si-pentru-baghete-de-sandvisuri\\\/\",\"name\":\"T\u0103vi personalizate pentru Hot Dog \u0219i pentru Baghete de sandvi\u0219uri &#8902; American Pan Europe\",\"isPartOf\":{\"@id\":\"https:\\\/\\\/www.americanpan.com\\\/europe\\\/ro\\\/#website\"},\"primaryImageOfPage\":{\"@id\":\"https:\\\/\\\/www.americanpan.com\\\/europe\\\/ro\\\/product\\\/tavi-personalizate-pentru-hot-dog-si-pentru-baghete-de-sandvisuri\\\/#primaryimage\"},\"image\":{\"@id\":\"https:\\\/\\\/www.americanpan.com\\\/europe\\\/ro\\\/product\\\/tavi-personalizate-pentru-hot-dog-si-pentru-baghete-de-sandvisuri\\\/#primaryimage\"},\"thumbnailUrl\":\"https:\\\/\\\/www.americanpan.com\\\/europe\\\/wp-content\\\/uploads\\\/sites\\\/18\\\/2018\\\/09\\\/AP_Bun_Sub_Tray_6x3-1.jpg\",\"datePublished\":\"2018-09-13T23:29:41+00:00\",\"dateModified\":\"2024-02-27T13:58:28+00:00\",\"description\":\"Sunt mai rezistente \u0219i au o durat\u0103 de viat\u0103 mai mare dec\u00e2t cele cu un design tradi\u021bional, se potrivesc unui sistem de ghidare central.\",\"breadcrumb\":{\"@id\":\"https:\\\/\\\/www.americanpan.com\\\/europe\\\/ro\\\/product\\\/tavi-personalizate-pentru-hot-dog-si-pentru-baghete-de-sandvisuri\\\/#breadcrumb\"},\"inLanguage\":\"ro-RO\",\"potentialAction\":[{\"@type\":\"ReadAction\",\"target\":[\"https:\\\/\\\/www.americanpan.com\\\/europe\\\/ro\\\/product\\\/tavi-personalizate-pentru-hot-dog-si-pentru-baghete-de-sandvisuri\\\/\"]}]},{\"@type\":\"ImageObject\",\"inLanguage\":\"ro-RO\",\"@id\":\"https:\\\/\\\/www.americanpan.com\\\/europe\\\/ro\\\/product\\\/tavi-personalizate-pentru-hot-dog-si-pentru-baghete-de-sandvisuri\\\/#primaryimage\",\"url\":\"https:\\\/\\\/www.americanpan.com\\\/europe\\\/wp-content\\\/uploads\\\/sites\\\/18\\\/2018\\\/09\\\/AP_Bun_Sub_Tray_6x3-1.jpg\",\"contentUrl\":\"https:\\\/\\\/www.americanpan.com\\\/europe\\\/wp-content\\\/uploads\\\/sites\\\/18\\\/2018\\\/09\\\/AP_Bun_Sub_Tray_6x3-1.jpg\",\"width\":1440,\"height\":1080,\"caption\":\"construc\u021bie tav\u0103 tip sandwich - AMERICOAT\u00ae\"},{\"@type\":\"BreadcrumbList\",\"@id\":\"https:\\\/\\\/www.americanpan.com\\\/europe\\\/ro\\\/product\\\/tavi-personalizate-pentru-hot-dog-si-pentru-baghete-de-sandvisuri\\\/#breadcrumb\",\"itemListElement\":[{\"@type\":\"ListItem\",\"position\":1,\"name\":\"Home\",\"item\":\"https:\\\/\\\/www.americanpan.com\\\/europe\\\/ro\\\/\"},{\"@type\":\"ListItem\",\"position\":2,\"name\":\"Produse\",\"item\":\"https:\\\/\\\/www.americanpan.com\\\/europe\\\/ro\\\/shop\\\/\"},{\"@type\":\"ListItem\",\"position\":3,\"name\":\"T\u0103vi personalizate pentru Hot Dog \u0219i pentru Baghete de sandvi\u0219uri\"}]},{\"@type\":\"WebSite\",\"@id\":\"https:\\\/\\\/www.americanpan.com\\\/europe\\\/ro\\\/#website\",\"url\":\"https:\\\/\\\/www.americanpan.com\\\/europe\\\/ro\\\/\",\"name\":\"American Pan Europe\",\"description\":\"Forme de copt industriale si straturi de acoperire\",\"publisher\":{\"@id\":\"https:\\\/\\\/www.americanpan.com\\\/europe\\\/ro\\\/#organization\"},\"potentialAction\":[{\"@type\":\"SearchAction\",\"target\":{\"@type\":\"EntryPoint\",\"urlTemplate\":\"https:\\\/\\\/www.americanpan.com\\\/europe\\\/ro\\\/?s={search_term_string}\"},\"query-input\":{\"@type\":\"PropertyValueSpecification\",\"valueRequired\":true,\"valueName\":\"search_term_string\"}}],\"inLanguage\":\"ro-RO\"},{\"@type\":\"Organization\",\"@id\":\"https:\\\/\\\/www.americanpan.com\\\/europe\\\/ro\\\/#organization\",\"name\":\"American Pan: Forme de copt industriale si straturi de acoperire\",\"url\":\"https:\\\/\\\/www.americanpan.com\\\/europe\\\/ro\\\/\",\"logo\":{\"@type\":\"ImageObject\",\"inLanguage\":\"ro-RO\",\"@id\":\"https:\\\/\\\/www.americanpan.com\\\/europe\\\/ro\\\/#\\\/schema\\\/logo\\\/image\\\/\",\"url\":\"https:\\\/\\\/www.americanpan.com\\\/europe\\\/wp-content\\\/uploads\\\/sites\\\/18\\\/2022\\\/03\\\/logo-europe.png\",\"contentUrl\":\"https:\\\/\\\/www.americanpan.com\\\/europe\\\/wp-content\\\/uploads\\\/sites\\\/18\\\/2022\\\/03\\\/logo-europe.png\",\"width\":458,\"height\":172,\"caption\":\"American Pan: Forme de copt industriale si straturi de acoperire\"},\"image\":{\"@id\":\"https:\\\/\\\/www.americanpan.com\\\/europe\\\/ro\\\/#\\\/schema\\\/logo\\\/image\\\/\"}}]}<\/script>\n<meta property=\"product:price:currency\" content=\"EUR\" \/>\n<meta property=\"og:availability\" content=\"instock\" \/>\n<meta property=\"product:availability\" content=\"instock\" \/>\n<meta property=\"product:retailer_item_id\" content=\"Hot Dog, Sub &amp; Hoagie Bun Pans\" \/>\n<meta property=\"product:condition\" content=\"new\" \/>\n<!-- \/ Yoast SEO Premium plugin. -->","yoast_head_json":{"title":"T\u0103vi personalizate pentru Hot Dog \u0219i pentru Baghete de sandvi\u0219uri &#8902; American Pan Europe","description":"Sunt mai rezistente \u0219i au o durat\u0103 de viat\u0103 mai mare dec\u00e2t cele cu un design tradi\u021bional, se potrivesc unui sistem de ghidare central.","robots":{"index":"index","follow":"follow","max-snippet":"max-snippet:-1","max-image-preview":"max-image-preview:large","max-video-preview":"max-video-preview:-1"},"canonical":"https:\/\/www.americanpan.com\/europe\/ro\/product\/tavi-personalizate-pentru-hot-dog-si-pentru-baghete-de-sandvisuri\/","og_locale":"ro_RO","og_type":"article","og_title":"T\u0103vi personalizate pentru Hot Dog \u0219i pentru Baghete de sandvi\u0219uri &#8902; American Pan Europe","og_description":"Modelul t\u0103vilor de copt cu fante ridic\u0103 formele de chifl\u0103 din tav\u0103 pentru a \u00eembun\u0103t\u0103\u021bi coacerea, permi\u021b\u00e2nd un flux de c\u0103ldur\u0103 excelent \u00een jurul perimetrului chiflelor.","og_url":"https:\/\/www.americanpan.com\/europe\/ro\/product\/tavi-personalizate-pentru-hot-dog-si-pentru-baghete-de-sandvisuri\/","og_site_name":"American Pan Europe","article_modified_time":"2024-02-27T13:58:28+00:00","og_image":[{"url":"https:\/\/stg-bundybakingsolutions.com\/wp-content\/uploads\/2018\/09\/AP_Bun_Sub_Tray_7x3_DS-1.jpg","type":"","width":"","height":""}],"twitter_card":"summary_large_image","twitter_description":"Modelul t\u0103vilor de copt cu fante ridic\u0103 formele de chifl\u0103 din tav\u0103 pentru a \u00eembun\u0103t\u0103\u021bi coacerea, permi\u021b\u00e2nd un flux de c\u0103ldur\u0103 excelent \u00een jurul perimetrului chiflelor.","twitter_misc":{"Pre\u021b":"","Disponibilitate":"\u00cen stoc"},"schema":{"@context":"https:\/\/schema.org","@graph":[{"@type":"WebPage","@id":"https:\/\/www.americanpan.com\/europe\/ro\/product\/tavi-personalizate-pentru-hot-dog-si-pentru-baghete-de-sandvisuri\/","url":"https:\/\/www.americanpan.com\/europe\/ro\/product\/tavi-personalizate-pentru-hot-dog-si-pentru-baghete-de-sandvisuri\/","name":"T\u0103vi personalizate pentru Hot Dog \u0219i pentru Baghete de sandvi\u0219uri &#8902; American Pan Europe","isPartOf":{"@id":"https:\/\/www.americanpan.com\/europe\/ro\/#website"},"primaryImageOfPage":{"@id":"https:\/\/www.americanpan.com\/europe\/ro\/product\/tavi-personalizate-pentru-hot-dog-si-pentru-baghete-de-sandvisuri\/#primaryimage"},"image":{"@id":"https:\/\/www.americanpan.com\/europe\/ro\/product\/tavi-personalizate-pentru-hot-dog-si-pentru-baghete-de-sandvisuri\/#primaryimage"},"thumbnailUrl":"https:\/\/www.americanpan.com\/europe\/wp-content\/uploads\/sites\/18\/2018\/09\/AP_Bun_Sub_Tray_6x3-1.jpg","datePublished":"2018-09-13T23:29:41+00:00","dateModified":"2024-02-27T13:58:28+00:00","description":"Sunt mai rezistente \u0219i au o durat\u0103 de viat\u0103 mai mare dec\u00e2t cele cu un design tradi\u021bional, se potrivesc unui sistem de ghidare central.","breadcrumb":{"@id":"https:\/\/www.americanpan.com\/europe\/ro\/product\/tavi-personalizate-pentru-hot-dog-si-pentru-baghete-de-sandvisuri\/#breadcrumb"},"inLanguage":"ro-RO","potentialAction":[{"@type":"ReadAction","target":["https:\/\/www.americanpan.com\/europe\/ro\/product\/tavi-personalizate-pentru-hot-dog-si-pentru-baghete-de-sandvisuri\/"]}]},{"@type":"ImageObject","inLanguage":"ro-RO","@id":"https:\/\/www.americanpan.com\/europe\/ro\/product\/tavi-personalizate-pentru-hot-dog-si-pentru-baghete-de-sandvisuri\/#primaryimage","url":"https:\/\/www.americanpan.com\/europe\/wp-content\/uploads\/sites\/18\/2018\/09\/AP_Bun_Sub_Tray_6x3-1.jpg","contentUrl":"https:\/\/www.americanpan.com\/europe\/wp-content\/uploads\/sites\/18\/2018\/09\/AP_Bun_Sub_Tray_6x3-1.jpg","width":1440,"height":1080,"caption":"construc\u021bie tav\u0103 tip sandwich - AMERICOAT\u00ae"},{"@type":"BreadcrumbList","@id":"https:\/\/www.americanpan.com\/europe\/ro\/product\/tavi-personalizate-pentru-hot-dog-si-pentru-baghete-de-sandvisuri\/#breadcrumb","itemListElement":[{"@type":"ListItem","position":1,"name":"Home","item":"https:\/\/www.americanpan.com\/europe\/ro\/"},{"@type":"ListItem","position":2,"name":"Produse","item":"https:\/\/www.americanpan.com\/europe\/ro\/shop\/"},{"@type":"ListItem","position":3,"name":"T\u0103vi personalizate pentru Hot Dog \u0219i pentru Baghete de sandvi\u0219uri"}]},{"@type":"WebSite","@id":"https:\/\/www.americanpan.com\/europe\/ro\/#website","url":"https:\/\/www.americanpan.com\/europe\/ro\/","name":"American Pan Europe","description":"Forme de copt industriale si straturi de acoperire","publisher":{"@id":"https:\/\/www.americanpan.com\/europe\/ro\/#organization"},"potentialAction":[{"@type":"SearchAction","target":{"@type":"EntryPoint","urlTemplate":"https:\/\/www.americanpan.com\/europe\/ro\/?s={search_term_string}"},"query-input":{"@type":"PropertyValueSpecification","valueRequired":true,"valueName":"search_term_string"}}],"inLanguage":"ro-RO"},{"@type":"Organization","@id":"https:\/\/www.americanpan.com\/europe\/ro\/#organization","name":"American Pan: Forme de copt industriale si straturi de acoperire","url":"https:\/\/www.americanpan.com\/europe\/ro\/","logo":{"@type":"ImageObject","inLanguage":"ro-RO","@id":"https:\/\/www.americanpan.com\/europe\/ro\/#\/schema\/logo\/image\/","url":"https:\/\/www.americanpan.com\/europe\/wp-content\/uploads\/sites\/18\/2022\/03\/logo-europe.png","contentUrl":"https:\/\/www.americanpan.com\/europe\/wp-content\/uploads\/sites\/18\/2022\/03\/logo-europe.png","width":458,"height":172,"caption":"American Pan: Forme de copt industriale si straturi de acoperire"},"image":{"@id":"https:\/\/www.americanpan.com\/europe\/ro\/#\/schema\/logo\/image\/"}}]},"product_price_currency":"EUR","og_availability":"instock","product_availability":"instock","product_retailer_item_id":"Hot Dog, Sub &amp; Hoagie Bun Pans","product_condition":"new"},"_links":{"self":[{"href":"https:\/\/www.americanpan.com\/europe\/ro\/wp-json\/wp\/v2\/product\/37368","targetHints":{"allow":["GET"]}}],"collection":[{"href":"https:\/\/www.americanpan.com\/europe\/ro\/wp-json\/wp\/v2\/product"}],"about":[{"href":"https:\/\/www.americanpan.com\/europe\/ro\/wp-json\/wp\/v2\/types\/product"}],"replies":[{"embeddable":true,"href":"https:\/\/www.americanpan.com\/europe\/ro\/wp-json\/wp\/v2\/comments?post=37368"}],"wp:featuredmedia":[{"embeddable":true,"href":"https:\/\/www.americanpan.com\/europe\/ro\/wp-json\/wp\/v2\/media\/30766"}],"wp:attachment":[{"href":"https:\/\/www.americanpan.com\/europe\/ro\/wp-json\/wp\/v2\/media?parent=37368"}],"wp:term":[{"taxonomy":"product_brand","embeddable":true,"href":"https:\/\/www.americanpan.com\/europe\/ro\/wp-json\/wp\/v2\/product_brand?post=37368"},{"taxonomy":"product_cat","embeddable":true,"href":"https:\/\/www.americanpan.com\/europe\/ro\/wp-json\/wp\/v2\/product_cat?post=37368"},{"taxonomy":"product_tag","embeddable":true,"href":"https:\/\/www.americanpan.com\/europe\/ro\/wp-json\/wp\/v2\/product_tag?post=37368"}],"curies":[{"name":"wp","href":"https:\/\/api.w.org\/{rel}","templated":true}]}}