{"id":37282,"date":"2018-09-13T14:00:03","date_gmt":"2018-09-13T13:00:03","guid":{"rendered":"https:\/\/www.americanpan.com\/europe\/product\/tava-pentru-rulouri\/"},"modified":"2023-04-17T02:38:35","modified_gmt":"2023-04-17T01:38:35","slug":"tava-pentru-rulouri","status":"publish","type":"product","link":"https:\/\/www.americanpan.com\/europe\/ro\/product\/tava-pentru-rulouri\/","title":{"rendered":"Tav\u0103 pentru rulouri"},"content":{"rendered":"","protected":false},"excerpt":{"rendered":"<p>Model standard de tav\u0103 pentru rulouri, cu band\u0103 metalic\u0103 \u00eemprejur \u0219i cu alveole \u00eent\u0103rite cu s\u00e2rm\u0103. Acesta este cel mai des \u00eent\u00e2lnit model de tav\u0103 pentru rulouri \u0219i este compatibil cu majoritatea sistemelor magnetice transportoare \u0219i de stivuire.<\/p>\n","protected":false},"featured_media":30838,"comment_status":"closed","ping_status":"closed","template":"","meta":{"_acf_changed":false},"product_brand":[],"product_cat":[1343,1358],"product_tag":[],"class_list":{"0":"post-37282","1":"product","2":"type-product","3":"status-publish","4":"has-post-thumbnail","6":"product_cat-forme-tavi-de-copt-personalizate","7":"product_cat-tavi-pentru-chifle-si-rulouri","9":"first","10":"instock","11":"taxable","12":"shipping-taxable","13":"product-type-simple"},"acf":[],"yoast_head":"<!-- This site is optimized with the Yoast SEO Premium plugin v27.2 (Yoast SEO v27.2) - https:\/\/yoast.com\/product\/yoast-seo-premium-wordpress\/ -->\n<title>Tav\u0103 pentru rulouri - American Pan &#8902; American Pan Europe<\/title>\n<meta name=\"description\" content=\"Dinner &amp; Package Roll Pans have the bun moulds down inside the pan with band or wire material raised around the moulds\u2013the most common style bun pan.\" \/>\n<meta name=\"robots\" content=\"index, follow, max-snippet:-1, max-image-preview:large, max-video-preview:-1\" \/>\n<link rel=\"canonical\" href=\"https:\/\/www.americanpan.com\/europe\/ro\/product\/tava-pentru-rulouri\/\" \/>\n<meta property=\"og:locale\" content=\"ro_RO\" \/>\n<meta property=\"og:type\" content=\"article\" \/>\n<meta property=\"og:title\" content=\"Tav\u0103 pentru rulouri &#8902; American Pan Europe\" \/>\n<meta property=\"og:description\" content=\"&#8902;\" \/>\n<meta property=\"og:url\" content=\"https:\/\/www.americanpan.com\/europe\/ro\/product\/tava-pentru-rulouri\/\" \/>\n<meta property=\"og:site_name\" content=\"American Pan Europe\" \/>\n<meta property=\"article:modified_time\" content=\"2023-04-17T01:38:35+00:00\" \/>\n<meta property=\"og:image\" content=\"https:\/\/stg-bundybakingsolutions.com\/wp-content\/uploads\/2016\/06\/standard-style-artisan-dinner-roll-pan.jpg\" \/>\n<meta name=\"twitter:card\" content=\"summary_large_image\" \/>\n<meta name=\"twitter:description\" content=\"Model standard de tav\u0103 pentru rulouri, cu band\u0103 metalic\u0103 \u00eemprejur \u0219i cu alveole \u00eent\u0103rite cu s\u00e2rm\u0103.\" \/>\n<meta name=\"twitter:label1\" content=\"Pre\u021b\" \/>\n\t<meta name=\"twitter:data1\" content=\"\" \/>\n\t<meta name=\"twitter:label2\" content=\"Disponibilitate\" \/>\n\t<meta name=\"twitter:data2\" content=\"\u00cen stoc\" \/>\n<script type=\"application\/ld+json\" class=\"yoast-schema-graph\">{\"@context\":\"https:\/\/schema.org\",\"@graph\":[{\"@type\":\"WebPage\",\"@id\":\"https:\/\/www.americanpan.com\/europe\/ro\/product\/tava-pentru-rulouri\/\",\"url\":\"https:\/\/www.americanpan.com\/europe\/ro\/product\/tava-pentru-rulouri\/\",\"name\":\"Tav\u0103 pentru rulouri - American Pan &#8902; American Pan Europe\",\"isPartOf\":{\"@id\":\"https:\/\/www.americanpan.com\/europe\/ro\/#website\"},\"primaryImageOfPage\":{\"@id\":\"https:\/\/www.americanpan.com\/europe\/ro\/product\/tava-pentru-rulouri\/#primaryimage\"},\"image\":{\"@id\":\"https:\/\/www.americanpan.com\/europe\/ro\/product\/tava-pentru-rulouri\/#primaryimage\"},\"thumbnailUrl\":\"https:\/\/www.americanpan.com\/europe\/wp-content\/uploads\/sites\/18\/2018\/09\/AP_Roll_Dinner_4x8.jpg\",\"datePublished\":\"2018-09-13T13:00:03+00:00\",\"dateModified\":\"2023-04-17T01:38:35+00:00\",\"description\":\"Dinner & Package Roll Pans have the bun moulds down inside the pan with band or wire material raised around the moulds\u2013the most common style bun pan.\",\"breadcrumb\":{\"@id\":\"https:\/\/www.americanpan.com\/europe\/ro\/product\/tava-pentru-rulouri\/#breadcrumb\"},\"inLanguage\":\"ro-RO\",\"potentialAction\":[{\"@type\":\"ReadAction\",\"target\":[\"https:\/\/www.americanpan.com\/europe\/ro\/product\/tava-pentru-rulouri\/\"]}]},{\"@type\":\"ImageObject\",\"inLanguage\":\"ro-RO\",\"@id\":\"https:\/\/www.americanpan.com\/europe\/ro\/product\/tava-pentru-rulouri\/#primaryimage\",\"url\":\"https:\/\/www.americanpan.com\/europe\/wp-content\/uploads\/sites\/18\/2018\/09\/AP_Roll_Dinner_4x8.jpg\",\"contentUrl\":\"https:\/\/www.americanpan.com\/europe\/wp-content\/uploads\/sites\/18\/2018\/09\/AP_Roll_Dinner_4x8.jpg\",\"width\":1440,\"height\":1080,\"caption\":\"PAN-P 007\"},{\"@type\":\"BreadcrumbList\",\"@id\":\"https:\/\/www.americanpan.com\/europe\/ro\/product\/tava-pentru-rulouri\/#breadcrumb\",\"itemListElement\":[{\"@type\":\"ListItem\",\"position\":1,\"name\":\"Home\",\"item\":\"https:\/\/www.americanpan.com\/europe\/ro\/\"},{\"@type\":\"ListItem\",\"position\":2,\"name\":\"Produse\",\"item\":\"https:\/\/www.americanpan.com\/europe\/ro\/shop\/\"},{\"@type\":\"ListItem\",\"position\":3,\"name\":\"Tav\u0103 pentru rulouri\"}]},{\"@type\":\"WebSite\",\"@id\":\"https:\/\/www.americanpan.com\/europe\/ro\/#website\",\"url\":\"https:\/\/www.americanpan.com\/europe\/ro\/\",\"name\":\"American Pan Europe\",\"description\":\"Forme de copt industriale si straturi de acoperire\",\"publisher\":{\"@id\":\"https:\/\/www.americanpan.com\/europe\/ro\/#organization\"},\"potentialAction\":[{\"@type\":\"SearchAction\",\"target\":{\"@type\":\"EntryPoint\",\"urlTemplate\":\"https:\/\/www.americanpan.com\/europe\/ro\/?s={search_term_string}\"},\"query-input\":{\"@type\":\"PropertyValueSpecification\",\"valueRequired\":true,\"valueName\":\"search_term_string\"}}],\"inLanguage\":\"ro-RO\"},{\"@type\":\"Organization\",\"@id\":\"https:\/\/www.americanpan.com\/europe\/ro\/#organization\",\"name\":\"American Pan: Forme de copt industriale si straturi de acoperire\",\"url\":\"https:\/\/www.americanpan.com\/europe\/ro\/\",\"logo\":{\"@type\":\"ImageObject\",\"inLanguage\":\"ro-RO\",\"@id\":\"https:\/\/www.americanpan.com\/europe\/ro\/#\/schema\/logo\/image\/\",\"url\":\"https:\/\/www.americanpan.com\/europe\/wp-content\/uploads\/sites\/18\/2022\/03\/logo-europe.png\",\"contentUrl\":\"https:\/\/www.americanpan.com\/europe\/wp-content\/uploads\/sites\/18\/2022\/03\/logo-europe.png\",\"width\":458,\"height\":172,\"caption\":\"American Pan: Forme de copt industriale si straturi de acoperire\"},\"image\":{\"@id\":\"https:\/\/www.americanpan.com\/europe\/ro\/#\/schema\/logo\/image\/\"}}]}<\/script>\n<meta property=\"product:price:currency\" content=\"EUR\" \/>\n<meta property=\"og:availability\" content=\"instock\" \/>\n<meta property=\"product:availability\" content=\"instock\" \/>\n<meta property=\"product:retailer_item_id\" content=\"Dinner &amp; Package Roll Pans\" \/>\n<meta property=\"product:condition\" content=\"new\" \/>\n<!-- \/ Yoast SEO Premium plugin. -->","yoast_head_json":{"title":"Tav\u0103 pentru rulouri - American Pan &#8902; American Pan Europe","description":"Dinner & Package Roll Pans have the bun moulds down inside the pan with band or wire material raised around the moulds\u2013the most common style bun pan.","robots":{"index":"index","follow":"follow","max-snippet":"max-snippet:-1","max-image-preview":"max-image-preview:large","max-video-preview":"max-video-preview:-1"},"canonical":"https:\/\/www.americanpan.com\/europe\/ro\/product\/tava-pentru-rulouri\/","og_locale":"ro_RO","og_type":"article","og_title":"Tav\u0103 pentru rulouri &#8902; American Pan Europe","og_description":"&#8902;","og_url":"https:\/\/www.americanpan.com\/europe\/ro\/product\/tava-pentru-rulouri\/","og_site_name":"American Pan Europe","article_modified_time":"2023-04-17T01:38:35+00:00","og_image":[{"url":"https:\/\/stg-bundybakingsolutions.com\/wp-content\/uploads\/2016\/06\/standard-style-artisan-dinner-roll-pan.jpg","type":"","width":"","height":""}],"twitter_card":"summary_large_image","twitter_description":"Model standard de tav\u0103 pentru rulouri, cu band\u0103 metalic\u0103 \u00eemprejur \u0219i cu alveole \u00eent\u0103rite cu s\u00e2rm\u0103.","twitter_misc":{"Pre\u021b":"","Disponibilitate":"\u00cen stoc"},"schema":{"@context":"https:\/\/schema.org","@graph":[{"@type":"WebPage","@id":"https:\/\/www.americanpan.com\/europe\/ro\/product\/tava-pentru-rulouri\/","url":"https:\/\/www.americanpan.com\/europe\/ro\/product\/tava-pentru-rulouri\/","name":"Tav\u0103 pentru rulouri - American Pan &#8902; American Pan Europe","isPartOf":{"@id":"https:\/\/www.americanpan.com\/europe\/ro\/#website"},"primaryImageOfPage":{"@id":"https:\/\/www.americanpan.com\/europe\/ro\/product\/tava-pentru-rulouri\/#primaryimage"},"image":{"@id":"https:\/\/www.americanpan.com\/europe\/ro\/product\/tava-pentru-rulouri\/#primaryimage"},"thumbnailUrl":"https:\/\/www.americanpan.com\/europe\/wp-content\/uploads\/sites\/18\/2018\/09\/AP_Roll_Dinner_4x8.jpg","datePublished":"2018-09-13T13:00:03+00:00","dateModified":"2023-04-17T01:38:35+00:00","description":"Dinner & Package Roll Pans have the bun moulds down inside the pan with band or wire material raised around the moulds\u2013the most common style bun pan.","breadcrumb":{"@id":"https:\/\/www.americanpan.com\/europe\/ro\/product\/tava-pentru-rulouri\/#breadcrumb"},"inLanguage":"ro-RO","potentialAction":[{"@type":"ReadAction","target":["https:\/\/www.americanpan.com\/europe\/ro\/product\/tava-pentru-rulouri\/"]}]},{"@type":"ImageObject","inLanguage":"ro-RO","@id":"https:\/\/www.americanpan.com\/europe\/ro\/product\/tava-pentru-rulouri\/#primaryimage","url":"https:\/\/www.americanpan.com\/europe\/wp-content\/uploads\/sites\/18\/2018\/09\/AP_Roll_Dinner_4x8.jpg","contentUrl":"https:\/\/www.americanpan.com\/europe\/wp-content\/uploads\/sites\/18\/2018\/09\/AP_Roll_Dinner_4x8.jpg","width":1440,"height":1080,"caption":"PAN-P 007"},{"@type":"BreadcrumbList","@id":"https:\/\/www.americanpan.com\/europe\/ro\/product\/tava-pentru-rulouri\/#breadcrumb","itemListElement":[{"@type":"ListItem","position":1,"name":"Home","item":"https:\/\/www.americanpan.com\/europe\/ro\/"},{"@type":"ListItem","position":2,"name":"Produse","item":"https:\/\/www.americanpan.com\/europe\/ro\/shop\/"},{"@type":"ListItem","position":3,"name":"Tav\u0103 pentru rulouri"}]},{"@type":"WebSite","@id":"https:\/\/www.americanpan.com\/europe\/ro\/#website","url":"https:\/\/www.americanpan.com\/europe\/ro\/","name":"American Pan Europe","description":"Forme de copt industriale si straturi de acoperire","publisher":{"@id":"https:\/\/www.americanpan.com\/europe\/ro\/#organization"},"potentialAction":[{"@type":"SearchAction","target":{"@type":"EntryPoint","urlTemplate":"https:\/\/www.americanpan.com\/europe\/ro\/?s={search_term_string}"},"query-input":{"@type":"PropertyValueSpecification","valueRequired":true,"valueName":"search_term_string"}}],"inLanguage":"ro-RO"},{"@type":"Organization","@id":"https:\/\/www.americanpan.com\/europe\/ro\/#organization","name":"American Pan: Forme de copt industriale si straturi de acoperire","url":"https:\/\/www.americanpan.com\/europe\/ro\/","logo":{"@type":"ImageObject","inLanguage":"ro-RO","@id":"https:\/\/www.americanpan.com\/europe\/ro\/#\/schema\/logo\/image\/","url":"https:\/\/www.americanpan.com\/europe\/wp-content\/uploads\/sites\/18\/2022\/03\/logo-europe.png","contentUrl":"https:\/\/www.americanpan.com\/europe\/wp-content\/uploads\/sites\/18\/2022\/03\/logo-europe.png","width":458,"height":172,"caption":"American Pan: Forme de copt industriale si straturi de acoperire"},"image":{"@id":"https:\/\/www.americanpan.com\/europe\/ro\/#\/schema\/logo\/image\/"}}]},"product_price_currency":"EUR","og_availability":"instock","product_availability":"instock","product_retailer_item_id":"Dinner &amp; Package Roll Pans","product_condition":"new"},"_links":{"self":[{"href":"https:\/\/www.americanpan.com\/europe\/ro\/wp-json\/wp\/v2\/product\/37282","targetHints":{"allow":["GET"]}}],"collection":[{"href":"https:\/\/www.americanpan.com\/europe\/ro\/wp-json\/wp\/v2\/product"}],"about":[{"href":"https:\/\/www.americanpan.com\/europe\/ro\/wp-json\/wp\/v2\/types\/product"}],"replies":[{"embeddable":true,"href":"https:\/\/www.americanpan.com\/europe\/ro\/wp-json\/wp\/v2\/comments?post=37282"}],"wp:featuredmedia":[{"embeddable":true,"href":"https:\/\/www.americanpan.com\/europe\/ro\/wp-json\/wp\/v2\/media\/30838"}],"wp:attachment":[{"href":"https:\/\/www.americanpan.com\/europe\/ro\/wp-json\/wp\/v2\/media?parent=37282"}],"wp:term":[{"taxonomy":"product_brand","embeddable":true,"href":"https:\/\/www.americanpan.com\/europe\/ro\/wp-json\/wp\/v2\/product_brand?post=37282"},{"taxonomy":"product_cat","embeddable":true,"href":"https:\/\/www.americanpan.com\/europe\/ro\/wp-json\/wp\/v2\/product_cat?post=37282"},{"taxonomy":"product_tag","embeddable":true,"href":"https:\/\/www.americanpan.com\/europe\/ro\/wp-json\/wp\/v2\/product_tag?post=37282"}],"curies":[{"name":"wp","href":"https:\/\/api.w.org\/{rel}","templated":true}]}}