{"id":58902,"date":"2022-04-19T20:29:09","date_gmt":"2022-04-19T19:29:09","guid":{"rendered":"https:\/\/www.americanpan.com\/europe\/coatings-refurbishment\/"},"modified":"2025-02-17T14:49:50","modified_gmt":"2025-02-17T14:49:50","slug":"straturi-de-acoperire-antiaderenta-si-serviciul-de-reteflonare","status":"publish","type":"page","link":"https:\/\/www.americanpan.com\/europe\/ro\/straturi-de-acoperire-antiaderenta-si-serviciul-de-reteflonare\/","title":{"rendered":"Straturi de acoperire antiaderent\u0103 \u0219i Serviciul de Reteflonare"},"content":{"rendered":"","protected":false},"excerpt":{"rendered":"","protected":false},"author":5,"featured_media":0,"parent":0,"menu_order":0,"comment_status":"closed","ping_status":"closed","template":"templates\/page-builder.php","meta":{"_acf_changed":false,"footnotes":""},"class_list":["post-58902","page","type-page","status-publish","hentry"],"acf":[],"yoast_head":"<!-- This site is optimized with the Yoast SEO Premium plugin v27.2 (Yoast SEO v27.2) - https:\/\/yoast.com\/product\/yoast-seo-premium-wordpress\/ -->\n<title>Straturi de acoperire antiaderent\u0103 \u0219i Serviciul de Reteflonare &#8902; American Pan Europe<\/title>\n<meta name=\"description\" content=\"American Pan acoper\u0103, cur\u0103\u021b\u0103, \u00eendreapt\u0103 \u0219i reacoper\u0103 milioane de forme de copt \u00een fiecare an.\" \/>\n<meta name=\"robots\" content=\"index, follow, max-snippet:-1, max-image-preview:large, max-video-preview:-1\" \/>\n<link rel=\"canonical\" href=\"https:\/\/www.americanpan.com\/europe\/ro\/straturi-de-acoperire-antiaderenta-si-serviciul-de-reteflonare\/\" \/>\n<meta property=\"og:locale\" content=\"ro_RO\" \/>\n<meta property=\"og:type\" content=\"article\" \/>\n<meta property=\"og:title\" content=\"Straturi de acoperire antiaderent\u0103 \u0219i Serviciul de Reteflonare &#8902; American Pan Europe\" \/>\n<meta property=\"og:description\" content=\"American Pan acoper\u0103, cur\u0103\u021b\u0103, \u00eendreapt\u0103 \u0219i reacoper\u0103 milioane de forme de copt \u00een fiecare an.\" \/>\n<meta property=\"og:url\" content=\"https:\/\/www.americanpan.com\/europe\/ro\/straturi-de-acoperire-antiaderenta-si-serviciul-de-reteflonare\/\" \/>\n<meta property=\"og:site_name\" content=\"American Pan Europe\" \/>\n<meta property=\"article:modified_time\" content=\"2025-02-17T14:49:50+00:00\" \/>\n<meta name=\"twitter:card\" content=\"summary_large_image\" \/>\n<meta name=\"twitter:label1\" content=\"Timp estimat pentru citire\" \/>\n\t<meta name=\"twitter:data1\" content=\"4 minute\" \/>\n<script type=\"application\/ld+json\" class=\"yoast-schema-graph\">{\"@context\":\"https:\/\/schema.org\",\"@graph\":[{\"@type\":\"WebPage\",\"@id\":\"https:\/\/www.americanpan.com\/europe\/ro\/straturi-de-acoperire-antiaderenta-si-serviciul-de-reteflonare\/\",\"url\":\"https:\/\/www.americanpan.com\/europe\/ro\/straturi-de-acoperire-antiaderenta-si-serviciul-de-reteflonare\/\",\"name\":\"Straturi de acoperire antiaderent\u0103 \u0219i Serviciul de Reteflonare &#8902; American Pan Europe\",\"isPartOf\":{\"@id\":\"https:\/\/www.americanpan.com\/europe\/ro\/#website\"},\"datePublished\":\"2022-04-19T19:29:09+00:00\",\"dateModified\":\"2025-02-17T14:49:50+00:00\",\"description\":\"American Pan acoper\u0103, cur\u0103\u021b\u0103, \u00eendreapt\u0103 \u0219i reacoper\u0103 milioane de forme de copt \u00een fiecare an.\",\"breadcrumb\":{\"@id\":\"https:\/\/www.americanpan.com\/europe\/ro\/straturi-de-acoperire-antiaderenta-si-serviciul-de-reteflonare\/#breadcrumb\"},\"inLanguage\":\"ro-RO\",\"potentialAction\":[{\"@type\":\"ReadAction\",\"target\":[\"https:\/\/www.americanpan.com\/europe\/ro\/straturi-de-acoperire-antiaderenta-si-serviciul-de-reteflonare\/\"]}]},{\"@type\":\"BreadcrumbList\",\"@id\":\"https:\/\/www.americanpan.com\/europe\/ro\/straturi-de-acoperire-antiaderenta-si-serviciul-de-reteflonare\/#breadcrumb\",\"itemListElement\":[{\"@type\":\"ListItem\",\"position\":1,\"name\":\"Home\",\"item\":\"https:\/\/www.americanpan.com\/europe\/ro\/\"},{\"@type\":\"ListItem\",\"position\":2,\"name\":\"Straturi de acoperire antiaderent\u0103 \u0219i Serviciul de Reteflonare\"}]},{\"@type\":\"WebSite\",\"@id\":\"https:\/\/www.americanpan.com\/europe\/ro\/#website\",\"url\":\"https:\/\/www.americanpan.com\/europe\/ro\/\",\"name\":\"American Pan Europe\",\"description\":\"Forme de copt industriale si straturi de acoperire\",\"publisher\":{\"@id\":\"https:\/\/www.americanpan.com\/europe\/ro\/#organization\"},\"potentialAction\":[{\"@type\":\"SearchAction\",\"target\":{\"@type\":\"EntryPoint\",\"urlTemplate\":\"https:\/\/www.americanpan.com\/europe\/ro\/?s={search_term_string}\"},\"query-input\":{\"@type\":\"PropertyValueSpecification\",\"valueRequired\":true,\"valueName\":\"search_term_string\"}}],\"inLanguage\":\"ro-RO\"},{\"@type\":\"Organization\",\"@id\":\"https:\/\/www.americanpan.com\/europe\/ro\/#organization\",\"name\":\"American Pan: Forme de copt industriale si straturi de acoperire\",\"url\":\"https:\/\/www.americanpan.com\/europe\/ro\/\",\"logo\":{\"@type\":\"ImageObject\",\"inLanguage\":\"ro-RO\",\"@id\":\"https:\/\/www.americanpan.com\/europe\/ro\/#\/schema\/logo\/image\/\",\"url\":\"https:\/\/www.americanpan.com\/europe\/wp-content\/uploads\/sites\/18\/2022\/03\/logo-europe.png\",\"contentUrl\":\"https:\/\/www.americanpan.com\/europe\/wp-content\/uploads\/sites\/18\/2022\/03\/logo-europe.png\",\"width\":458,\"height\":172,\"caption\":\"American Pan: Forme de copt industriale si straturi de acoperire\"},\"image\":{\"@id\":\"https:\/\/www.americanpan.com\/europe\/ro\/#\/schema\/logo\/image\/\"}}]}<\/script>\n<!-- \/ Yoast SEO Premium plugin. -->","yoast_head_json":{"title":"Straturi de acoperire antiaderent\u0103 \u0219i Serviciul de Reteflonare &#8902; American Pan Europe","description":"American Pan acoper\u0103, cur\u0103\u021b\u0103, \u00eendreapt\u0103 \u0219i reacoper\u0103 milioane de forme de copt \u00een fiecare an.","robots":{"index":"index","follow":"follow","max-snippet":"max-snippet:-1","max-image-preview":"max-image-preview:large","max-video-preview":"max-video-preview:-1"},"canonical":"https:\/\/www.americanpan.com\/europe\/ro\/straturi-de-acoperire-antiaderenta-si-serviciul-de-reteflonare\/","og_locale":"ro_RO","og_type":"article","og_title":"Straturi de acoperire antiaderent\u0103 \u0219i Serviciul de Reteflonare &#8902; American Pan Europe","og_description":"American Pan acoper\u0103, cur\u0103\u021b\u0103, \u00eendreapt\u0103 \u0219i reacoper\u0103 milioane de forme de copt \u00een fiecare an.","og_url":"https:\/\/www.americanpan.com\/europe\/ro\/straturi-de-acoperire-antiaderenta-si-serviciul-de-reteflonare\/","og_site_name":"American Pan Europe","article_modified_time":"2025-02-17T14:49:50+00:00","twitter_card":"summary_large_image","twitter_misc":{"Timp estimat pentru citire":"4 minute"},"schema":{"@context":"https:\/\/schema.org","@graph":[{"@type":"WebPage","@id":"https:\/\/www.americanpan.com\/europe\/ro\/straturi-de-acoperire-antiaderenta-si-serviciul-de-reteflonare\/","url":"https:\/\/www.americanpan.com\/europe\/ro\/straturi-de-acoperire-antiaderenta-si-serviciul-de-reteflonare\/","name":"Straturi de acoperire antiaderent\u0103 \u0219i Serviciul de Reteflonare &#8902; American Pan Europe","isPartOf":{"@id":"https:\/\/www.americanpan.com\/europe\/ro\/#website"},"datePublished":"2022-04-19T19:29:09+00:00","dateModified":"2025-02-17T14:49:50+00:00","description":"American Pan acoper\u0103, cur\u0103\u021b\u0103, \u00eendreapt\u0103 \u0219i reacoper\u0103 milioane de forme de copt \u00een fiecare an.","breadcrumb":{"@id":"https:\/\/www.americanpan.com\/europe\/ro\/straturi-de-acoperire-antiaderenta-si-serviciul-de-reteflonare\/#breadcrumb"},"inLanguage":"ro-RO","potentialAction":[{"@type":"ReadAction","target":["https:\/\/www.americanpan.com\/europe\/ro\/straturi-de-acoperire-antiaderenta-si-serviciul-de-reteflonare\/"]}]},{"@type":"BreadcrumbList","@id":"https:\/\/www.americanpan.com\/europe\/ro\/straturi-de-acoperire-antiaderenta-si-serviciul-de-reteflonare\/#breadcrumb","itemListElement":[{"@type":"ListItem","position":1,"name":"Home","item":"https:\/\/www.americanpan.com\/europe\/ro\/"},{"@type":"ListItem","position":2,"name":"Straturi de acoperire antiaderent\u0103 \u0219i Serviciul de Reteflonare"}]},{"@type":"WebSite","@id":"https:\/\/www.americanpan.com\/europe\/ro\/#website","url":"https:\/\/www.americanpan.com\/europe\/ro\/","name":"American Pan Europe","description":"Forme de copt industriale si straturi de acoperire","publisher":{"@id":"https:\/\/www.americanpan.com\/europe\/ro\/#organization"},"potentialAction":[{"@type":"SearchAction","target":{"@type":"EntryPoint","urlTemplate":"https:\/\/www.americanpan.com\/europe\/ro\/?s={search_term_string}"},"query-input":{"@type":"PropertyValueSpecification","valueRequired":true,"valueName":"search_term_string"}}],"inLanguage":"ro-RO"},{"@type":"Organization","@id":"https:\/\/www.americanpan.com\/europe\/ro\/#organization","name":"American Pan: Forme de copt industriale si straturi de acoperire","url":"https:\/\/www.americanpan.com\/europe\/ro\/","logo":{"@type":"ImageObject","inLanguage":"ro-RO","@id":"https:\/\/www.americanpan.com\/europe\/ro\/#\/schema\/logo\/image\/","url":"https:\/\/www.americanpan.com\/europe\/wp-content\/uploads\/sites\/18\/2022\/03\/logo-europe.png","contentUrl":"https:\/\/www.americanpan.com\/europe\/wp-content\/uploads\/sites\/18\/2022\/03\/logo-europe.png","width":458,"height":172,"caption":"American Pan: Forme de copt industriale si straturi de acoperire"},"image":{"@id":"https:\/\/www.americanpan.com\/europe\/ro\/#\/schema\/logo\/image\/"}}]}},"_links":{"self":[{"href":"https:\/\/www.americanpan.com\/europe\/ro\/wp-json\/wp\/v2\/pages\/58902","targetHints":{"allow":["GET"]}}],"collection":[{"href":"https:\/\/www.americanpan.com\/europe\/ro\/wp-json\/wp\/v2\/pages"}],"about":[{"href":"https:\/\/www.americanpan.com\/europe\/ro\/wp-json\/wp\/v2\/types\/page"}],"author":[{"embeddable":true,"href":"https:\/\/www.americanpan.com\/europe\/ro\/wp-json\/wp\/v2\/users\/5"}],"replies":[{"embeddable":true,"href":"https:\/\/www.americanpan.com\/europe\/ro\/wp-json\/wp\/v2\/comments?post=58902"}],"version-history":[{"count":0,"href":"https:\/\/www.americanpan.com\/europe\/ro\/wp-json\/wp\/v2\/pages\/58902\/revisions"}],"wp:attachment":[{"href":"https:\/\/www.americanpan.com\/europe\/ro\/wp-json\/wp\/v2\/media?parent=58902"}],"curies":[{"name":"wp","href":"https:\/\/api.w.org\/{rel}","templated":true}]}}