{"id":50179,"date":"2022-03-07T19:40:20","date_gmt":"2022-03-07T19:40:20","guid":{"rendered":"https:\/\/www.americanpan.com\/europe\/durashield\/"},"modified":"2025-04-25T17:14:33","modified_gmt":"2025-04-25T16:14:33","slug":"durashield","status":"publish","type":"page","link":"https:\/\/www.americanpan.com\/europe\/ro\/durashield\/","title":{"rendered":"DuraShield\u00ae"},"content":{"rendered":"","protected":false},"excerpt":{"rendered":"","protected":false},"author":5,"featured_media":33514,"parent":0,"menu_order":0,"comment_status":"closed","ping_status":"closed","template":"templates\/page-builder.php","meta":{"_acf_changed":false,"footnotes":""},"class_list":["post-50179","page","type-page","status-publish","has-post-thumbnail","hentry"],"acf":[],"yoast_head":"<!-- This site is optimized with the Yoast SEO Premium plugin v27.2 (Yoast SEO v27.2) - https:\/\/yoast.com\/product\/yoast-seo-premium-wordpress\/ -->\n<title>DuraShield &#8902; REACOPERIRE T\u0102VI DE COPT &#8902; American Pan Europe<\/title>\n<meta name=\"description\" content=\"REZULTATE INCREDIBILE, ATESTAT F\u0102R\u0102 PFOA &#8902; DuraShield\u00ae ofer\u0103 mai multe cicluri de coacere dec\u00e2t to\u021bi ceilal\u021bi concuren\u021bi din \u00eentreaga lume.\" \/>\n<meta name=\"robots\" content=\"index, follow, max-snippet:-1, max-image-preview:large, max-video-preview:-1\" \/>\n<link rel=\"canonical\" href=\"https:\/\/www.americanpan.com\/europe\/ro\/durashield\/\" \/>\n<meta property=\"og:locale\" content=\"ro_RO\" \/>\n<meta property=\"og:type\" content=\"article\" \/>\n<meta property=\"og:title\" content=\"DuraShield\u00ae &#8902; American Pan Europe\" \/>\n<meta property=\"og:description\" content=\"REZULTATE INCREDIBILE, ATESTAT F\u0102R\u0102 PFOA &#8902; DuraShield\u00ae ofer\u0103 mai multe cicluri de coacere dec\u00e2t to\u021bi ceilal\u021bi concuren\u021bi din \u00eentreaga lume.\" \/>\n<meta property=\"og:url\" content=\"https:\/\/www.americanpan.com\/europe\/ro\/durashield\/\" \/>\n<meta property=\"og:site_name\" content=\"American Pan Europe\" \/>\n<meta property=\"article:modified_time\" content=\"2025-04-25T16:14:33+00:00\" \/>\n<meta property=\"og:image\" content=\"https:\/\/www.americanpan.com\/europe\/wp-content\/uploads\/sites\/18\/2020\/05\/Man-at-DuraShield-conveyor-scaled-1.jpg\" \/>\n\t<meta property=\"og:image:width\" content=\"2560\" \/>\n\t<meta property=\"og:image:height\" content=\"880\" \/>\n\t<meta property=\"og:image:type\" content=\"image\/jpeg\" \/>\n<meta name=\"twitter:card\" content=\"summary_large_image\" \/>\n<meta name=\"twitter:label1\" content=\"Timp estimat pentru citire\" \/>\n\t<meta name=\"twitter:data1\" content=\"5 minute\" \/>\n<script type=\"application\/ld+json\" class=\"yoast-schema-graph\">{\"@context\":\"https:\/\/schema.org\",\"@graph\":[{\"@type\":\"WebPage\",\"@id\":\"https:\/\/www.americanpan.com\/europe\/ro\/durashield\/\",\"url\":\"https:\/\/www.americanpan.com\/europe\/ro\/durashield\/\",\"name\":\"DuraShield &#8902; REACOPERIRE T\u0102VI DE COPT &#8902; American Pan Europe\",\"isPartOf\":{\"@id\":\"https:\/\/www.americanpan.com\/europe\/ro\/#website\"},\"primaryImageOfPage\":{\"@id\":\"https:\/\/www.americanpan.com\/europe\/ro\/durashield\/#primaryimage\"},\"image\":{\"@id\":\"https:\/\/www.americanpan.com\/europe\/ro\/durashield\/#primaryimage\"},\"thumbnailUrl\":\"https:\/\/www.americanpan.com\/europe\/wp-content\/uploads\/sites\/18\/2020\/05\/Man-at-DuraShield-conveyor-scaled-1.jpg\",\"datePublished\":\"2022-03-07T19:40:20+00:00\",\"dateModified\":\"2025-04-25T16:14:33+00:00\",\"description\":\"REZULTATE INCREDIBILE, ATESTAT F\u0102R\u0102 PFOA &#8902; DuraShield\u00ae ofer\u0103 mai multe cicluri de coacere dec\u00e2t to\u021bi ceilal\u021bi concuren\u021bi din \u00eentreaga lume.\",\"breadcrumb\":{\"@id\":\"https:\/\/www.americanpan.com\/europe\/ro\/durashield\/#breadcrumb\"},\"inLanguage\":\"ro-RO\",\"potentialAction\":[{\"@type\":\"ReadAction\",\"target\":[\"https:\/\/www.americanpan.com\/europe\/ro\/durashield\/\"]}]},{\"@type\":\"ImageObject\",\"inLanguage\":\"ro-RO\",\"@id\":\"https:\/\/www.americanpan.com\/europe\/ro\/durashield\/#primaryimage\",\"url\":\"https:\/\/www.americanpan.com\/europe\/wp-content\/uploads\/sites\/18\/2020\/05\/Man-at-DuraShield-conveyor-scaled-1.jpg\",\"contentUrl\":\"https:\/\/www.americanpan.com\/europe\/wp-content\/uploads\/sites\/18\/2020\/05\/Man-at-DuraShield-conveyor-scaled-1.jpg\",\"width\":2560,\"height\":880,\"caption\":\"A technician at American Pan DuraShield pulls a muffin pan off of a conveyor belt.\"},{\"@type\":\"BreadcrumbList\",\"@id\":\"https:\/\/www.americanpan.com\/europe\/ro\/durashield\/#breadcrumb\",\"itemListElement\":[{\"@type\":\"ListItem\",\"position\":1,\"name\":\"Home\",\"item\":\"https:\/\/www.americanpan.com\/europe\/ro\/\"},{\"@type\":\"ListItem\",\"position\":2,\"name\":\"DuraShield\u00ae\"}]},{\"@type\":\"WebSite\",\"@id\":\"https:\/\/www.americanpan.com\/europe\/ro\/#website\",\"url\":\"https:\/\/www.americanpan.com\/europe\/ro\/\",\"name\":\"American Pan Europe\",\"description\":\"Forme de copt industriale si straturi de acoperire\",\"publisher\":{\"@id\":\"https:\/\/www.americanpan.com\/europe\/ro\/#organization\"},\"potentialAction\":[{\"@type\":\"SearchAction\",\"target\":{\"@type\":\"EntryPoint\",\"urlTemplate\":\"https:\/\/www.americanpan.com\/europe\/ro\/?s={search_term_string}\"},\"query-input\":{\"@type\":\"PropertyValueSpecification\",\"valueRequired\":true,\"valueName\":\"search_term_string\"}}],\"inLanguage\":\"ro-RO\"},{\"@type\":\"Organization\",\"@id\":\"https:\/\/www.americanpan.com\/europe\/ro\/#organization\",\"name\":\"American Pan: Forme de copt industriale si straturi de acoperire\",\"url\":\"https:\/\/www.americanpan.com\/europe\/ro\/\",\"logo\":{\"@type\":\"ImageObject\",\"inLanguage\":\"ro-RO\",\"@id\":\"https:\/\/www.americanpan.com\/europe\/ro\/#\/schema\/logo\/image\/\",\"url\":\"https:\/\/www.americanpan.com\/europe\/wp-content\/uploads\/sites\/18\/2022\/03\/logo-europe.png\",\"contentUrl\":\"https:\/\/www.americanpan.com\/europe\/wp-content\/uploads\/sites\/18\/2022\/03\/logo-europe.png\",\"width\":458,\"height\":172,\"caption\":\"American Pan: Forme de copt industriale si straturi de acoperire\"},\"image\":{\"@id\":\"https:\/\/www.americanpan.com\/europe\/ro\/#\/schema\/logo\/image\/\"}}]}<\/script>\n<!-- \/ Yoast SEO Premium plugin. -->","yoast_head_json":{"title":"DuraShield &#8902; REACOPERIRE T\u0102VI DE COPT &#8902; American Pan Europe","description":"REZULTATE INCREDIBILE, ATESTAT F\u0102R\u0102 PFOA &#8902; DuraShield\u00ae ofer\u0103 mai multe cicluri de coacere dec\u00e2t to\u021bi ceilal\u021bi concuren\u021bi din \u00eentreaga lume.","robots":{"index":"index","follow":"follow","max-snippet":"max-snippet:-1","max-image-preview":"max-image-preview:large","max-video-preview":"max-video-preview:-1"},"canonical":"https:\/\/www.americanpan.com\/europe\/ro\/durashield\/","og_locale":"ro_RO","og_type":"article","og_title":"DuraShield\u00ae &#8902; American Pan Europe","og_description":"REZULTATE INCREDIBILE, ATESTAT F\u0102R\u0102 PFOA &#8902; DuraShield\u00ae ofer\u0103 mai multe cicluri de coacere dec\u00e2t to\u021bi ceilal\u021bi concuren\u021bi din \u00eentreaga lume.","og_url":"https:\/\/www.americanpan.com\/europe\/ro\/durashield\/","og_site_name":"American Pan Europe","article_modified_time":"2025-04-25T16:14:33+00:00","og_image":[{"width":2560,"height":880,"url":"https:\/\/www.americanpan.com\/europe\/wp-content\/uploads\/sites\/18\/2020\/05\/Man-at-DuraShield-conveyor-scaled-1.jpg","type":"image\/jpeg"}],"twitter_card":"summary_large_image","twitter_misc":{"Timp estimat pentru citire":"5 minute"},"schema":{"@context":"https:\/\/schema.org","@graph":[{"@type":"WebPage","@id":"https:\/\/www.americanpan.com\/europe\/ro\/durashield\/","url":"https:\/\/www.americanpan.com\/europe\/ro\/durashield\/","name":"DuraShield &#8902; REACOPERIRE T\u0102VI DE COPT &#8902; American Pan Europe","isPartOf":{"@id":"https:\/\/www.americanpan.com\/europe\/ro\/#website"},"primaryImageOfPage":{"@id":"https:\/\/www.americanpan.com\/europe\/ro\/durashield\/#primaryimage"},"image":{"@id":"https:\/\/www.americanpan.com\/europe\/ro\/durashield\/#primaryimage"},"thumbnailUrl":"https:\/\/www.americanpan.com\/europe\/wp-content\/uploads\/sites\/18\/2020\/05\/Man-at-DuraShield-conveyor-scaled-1.jpg","datePublished":"2022-03-07T19:40:20+00:00","dateModified":"2025-04-25T16:14:33+00:00","description":"REZULTATE INCREDIBILE, ATESTAT F\u0102R\u0102 PFOA &#8902; DuraShield\u00ae ofer\u0103 mai multe cicluri de coacere dec\u00e2t to\u021bi ceilal\u021bi concuren\u021bi din \u00eentreaga lume.","breadcrumb":{"@id":"https:\/\/www.americanpan.com\/europe\/ro\/durashield\/#breadcrumb"},"inLanguage":"ro-RO","potentialAction":[{"@type":"ReadAction","target":["https:\/\/www.americanpan.com\/europe\/ro\/durashield\/"]}]},{"@type":"ImageObject","inLanguage":"ro-RO","@id":"https:\/\/www.americanpan.com\/europe\/ro\/durashield\/#primaryimage","url":"https:\/\/www.americanpan.com\/europe\/wp-content\/uploads\/sites\/18\/2020\/05\/Man-at-DuraShield-conveyor-scaled-1.jpg","contentUrl":"https:\/\/www.americanpan.com\/europe\/wp-content\/uploads\/sites\/18\/2020\/05\/Man-at-DuraShield-conveyor-scaled-1.jpg","width":2560,"height":880,"caption":"A technician at American Pan DuraShield pulls a muffin pan off of a conveyor belt."},{"@type":"BreadcrumbList","@id":"https:\/\/www.americanpan.com\/europe\/ro\/durashield\/#breadcrumb","itemListElement":[{"@type":"ListItem","position":1,"name":"Home","item":"https:\/\/www.americanpan.com\/europe\/ro\/"},{"@type":"ListItem","position":2,"name":"DuraShield\u00ae"}]},{"@type":"WebSite","@id":"https:\/\/www.americanpan.com\/europe\/ro\/#website","url":"https:\/\/www.americanpan.com\/europe\/ro\/","name":"American Pan Europe","description":"Forme de copt industriale si straturi de acoperire","publisher":{"@id":"https:\/\/www.americanpan.com\/europe\/ro\/#organization"},"potentialAction":[{"@type":"SearchAction","target":{"@type":"EntryPoint","urlTemplate":"https:\/\/www.americanpan.com\/europe\/ro\/?s={search_term_string}"},"query-input":{"@type":"PropertyValueSpecification","valueRequired":true,"valueName":"search_term_string"}}],"inLanguage":"ro-RO"},{"@type":"Organization","@id":"https:\/\/www.americanpan.com\/europe\/ro\/#organization","name":"American Pan: Forme de copt industriale si straturi de acoperire","url":"https:\/\/www.americanpan.com\/europe\/ro\/","logo":{"@type":"ImageObject","inLanguage":"ro-RO","@id":"https:\/\/www.americanpan.com\/europe\/ro\/#\/schema\/logo\/image\/","url":"https:\/\/www.americanpan.com\/europe\/wp-content\/uploads\/sites\/18\/2022\/03\/logo-europe.png","contentUrl":"https:\/\/www.americanpan.com\/europe\/wp-content\/uploads\/sites\/18\/2022\/03\/logo-europe.png","width":458,"height":172,"caption":"American Pan: Forme de copt industriale si straturi de acoperire"},"image":{"@id":"https:\/\/www.americanpan.com\/europe\/ro\/#\/schema\/logo\/image\/"}}]}},"_links":{"self":[{"href":"https:\/\/www.americanpan.com\/europe\/ro\/wp-json\/wp\/v2\/pages\/50179","targetHints":{"allow":["GET"]}}],"collection":[{"href":"https:\/\/www.americanpan.com\/europe\/ro\/wp-json\/wp\/v2\/pages"}],"about":[{"href":"https:\/\/www.americanpan.com\/europe\/ro\/wp-json\/wp\/v2\/types\/page"}],"author":[{"embeddable":true,"href":"https:\/\/www.americanpan.com\/europe\/ro\/wp-json\/wp\/v2\/users\/5"}],"replies":[{"embeddable":true,"href":"https:\/\/www.americanpan.com\/europe\/ro\/wp-json\/wp\/v2\/comments?post=50179"}],"version-history":[{"count":0,"href":"https:\/\/www.americanpan.com\/europe\/ro\/wp-json\/wp\/v2\/pages\/50179\/revisions"}],"wp:featuredmedia":[{"embeddable":true,"href":"https:\/\/www.americanpan.com\/europe\/ro\/wp-json\/wp\/v2\/media\/33514"}],"wp:attachment":[{"href":"https:\/\/www.americanpan.com\/europe\/ro\/wp-json\/wp\/v2\/media?parent=50179"}],"curies":[{"name":"wp","href":"https:\/\/api.w.org\/{rel}","templated":true}]}}