{"id":65715,"date":"2018-09-14T00:29:41","date_gmt":"2018-09-13T23:29:41","guid":{"rendered":"https:\/\/www.americanpan.com\/europe\/product\/custom-rack-oven-trays\/"},"modified":"2026-02-26T19:01:44","modified_gmt":"2026-02-26T19:01:44","slug":"custom-rack-oven-trays","status":"publish","type":"product","link":"https:\/\/www.americanpan.com\/europe\/pl\/product\/custom-rack-oven-trays\/","title":{"rendered":"Niestandardowe blachy do piec\u00f3w z poziomem"},"content":{"rendered":"","protected":false},"excerpt":{"rendered":"<p>Perforated baking trays are available in any perforation size or pattern. They can be constructed with curled or folded edges and wire or band in rim. For heavy duty industrial applications, frames can be constructed with an interlocking rib design which allows pans to stack and also protects the baking screen to increase pan life.<\/p>\n","protected":false},"featured_media":65725,"comment_status":"closed","ping_status":"closed","template":"","meta":{"_acf_changed":false},"product_brand":[],"product_cat":[1711,1684],"product_tag":[],"class_list":{"0":"post-65715","1":"product","2":"type-product","3":"status-publish","4":"has-post-thumbnail","6":"product_cat-baguette-trays-filets","7":"product_cat-custom-baking-tins-trays-racks","9":"first","10":"instock","11":"taxable","12":"shipping-taxable","13":"product-type-simple"},"acf":[],"yoast_head":"<!-- This site is optimized with the Yoast SEO Premium plugin v27.4 (Yoast SEO v27.4) - https:\/\/yoast.com\/product\/yoast-seo-premium-wordpress\/ -->\n<title>Niestandardowe blachy do piec\u00f3w z poziomem by American Pan &#8902; American Pan Europe<\/title>\n<meta name=\"description\" content=\"Perforated Rack Oven Trays are available in any perforation size or pattern. They can be constructed with curled or folded edges and wire or band in rim.\" \/>\n<meta name=\"robots\" content=\"index, follow, max-snippet:-1, max-image-preview:large, max-video-preview:-1\" \/>\n<link rel=\"canonical\" href=\"https:\/\/www.americanpan.com\/europe\/pl\/product\/custom-rack-oven-trays\/\" \/>\n<meta property=\"og:locale\" content=\"pl_PL\" \/>\n<meta property=\"og:type\" content=\"article\" \/>\n<meta property=\"og:title\" content=\"Niestandardowe blachy do piec\u00f3w z poziomem &#8902; American Pan Europe\" \/>\n<meta property=\"og:description\" content=\"&#8902;\" \/>\n<meta property=\"og:url\" content=\"https:\/\/www.americanpan.com\/europe\/pl\/product\/custom-rack-oven-trays\/\" \/>\n<meta property=\"og:site_name\" content=\"American Pan Europe\" \/>\n<meta property=\"article:modified_time\" content=\"2026-02-26T19:01:44+00:00\" \/>\n<meta property=\"og:image\" content=\"https:\/\/www.americanpan.com\/europe\/wp-content\/uploads\/sites\/18\/2018\/09\/BTY544.png\" \/>\n\t<meta property=\"og:image:width\" content=\"1440\" \/>\n\t<meta property=\"og:image:height\" content=\"961\" \/>\n\t<meta property=\"og:image:type\" content=\"image\/png\" \/>\n<meta name=\"twitter:card\" content=\"summary_large_image\" \/>\n<meta name=\"twitter:description\" content=\"Perforated baking trays are available in any perforation size or pattern. They can be constructed with curled or folded edges and wire or band in rim. For heavy duty industrial applications, frames can be constructed with an interlocking rib design which allows pans to stack and also protects the baking screen to increase pan life.\" \/>\n<meta name=\"twitter:label1\" content=\"Cena\" \/>\n\t<meta name=\"twitter:data1\" content=\"\" \/>\n\t<meta name=\"twitter:label2\" content=\"Dost\u0119pno\u015b\u0107\" \/>\n\t<meta name=\"twitter:data2\" content=\"Dost\u0119pny\" \/>\n<script type=\"application\/ld+json\" class=\"yoast-schema-graph\">{\"@context\":\"https:\\\/\\\/schema.org\",\"@graph\":[{\"@type\":\"WebPage\",\"@id\":\"https:\\\/\\\/www.americanpan.com\\\/europe\\\/pl\\\/product\\\/custom-rack-oven-trays\\\/\",\"url\":\"https:\\\/\\\/www.americanpan.com\\\/europe\\\/pl\\\/product\\\/custom-rack-oven-trays\\\/\",\"name\":\"Niestandardowe blachy do piec\u00f3w z poziomem by American Pan &#8902; American Pan Europe\",\"isPartOf\":{\"@id\":\"https:\\\/\\\/www.americanpan.com\\\/europe\\\/pl\\\/#website\"},\"primaryImageOfPage\":{\"@id\":\"https:\\\/\\\/www.americanpan.com\\\/europe\\\/pl\\\/product\\\/custom-rack-oven-trays\\\/#primaryimage\"},\"image\":{\"@id\":\"https:\\\/\\\/www.americanpan.com\\\/europe\\\/pl\\\/product\\\/custom-rack-oven-trays\\\/#primaryimage\"},\"thumbnailUrl\":\"https:\\\/\\\/www.americanpan.com\\\/europe\\\/wp-content\\\/uploads\\\/sites\\\/18\\\/2018\\\/09\\\/AP_Screen_Baguette_5_Across.jpg\",\"datePublished\":\"2018-09-13T23:29:41+00:00\",\"dateModified\":\"2026-02-26T19:01:44+00:00\",\"description\":\"Perforated Rack Oven Trays are available in any perforation size or pattern. They can be constructed with curled or folded edges and wire or band in rim.\",\"breadcrumb\":{\"@id\":\"https:\\\/\\\/www.americanpan.com\\\/europe\\\/pl\\\/product\\\/custom-rack-oven-trays\\\/#breadcrumb\"},\"inLanguage\":\"pl-PL\",\"potentialAction\":[{\"@type\":\"ReadAction\",\"target\":[\"https:\\\/\\\/www.americanpan.com\\\/europe\\\/pl\\\/product\\\/custom-rack-oven-trays\\\/\"]}]},{\"@type\":\"ImageObject\",\"inLanguage\":\"pl-PL\",\"@id\":\"https:\\\/\\\/www.americanpan.com\\\/europe\\\/pl\\\/product\\\/custom-rack-oven-trays\\\/#primaryimage\",\"url\":\"https:\\\/\\\/www.americanpan.com\\\/europe\\\/wp-content\\\/uploads\\\/sites\\\/18\\\/2018\\\/09\\\/AP_Screen_Baguette_5_Across.jpg\",\"contentUrl\":\"https:\\\/\\\/www.americanpan.com\\\/europe\\\/wp-content\\\/uploads\\\/sites\\\/18\\\/2018\\\/09\\\/AP_Screen_Baguette_5_Across.jpg\",\"width\":1300,\"height\":975,\"caption\":\"E PAN-A 016\"},{\"@type\":\"BreadcrumbList\",\"@id\":\"https:\\\/\\\/www.americanpan.com\\\/europe\\\/pl\\\/product\\\/custom-rack-oven-trays\\\/#breadcrumb\",\"itemListElement\":[{\"@type\":\"ListItem\",\"position\":1,\"name\":\"Home\",\"item\":\"https:\\\/\\\/www.americanpan.com\\\/europe\\\/pl\\\/\"},{\"@type\":\"ListItem\",\"position\":2,\"name\":\"Products\",\"item\":\"https:\\\/\\\/www.americanpan.com\\\/europe\\\/pl\\\/shop\\\/\"},{\"@type\":\"ListItem\",\"position\":3,\"name\":\"Niestandardowe blachy do piec\u00f3w z poziomem\"}]},{\"@type\":\"WebSite\",\"@id\":\"https:\\\/\\\/www.americanpan.com\\\/europe\\\/pl\\\/#website\",\"url\":\"https:\\\/\\\/www.americanpan.com\\\/europe\\\/pl\\\/\",\"name\":\"American Pan Europe\",\"description\":\"Industrial Baking Pans &amp; Coatings\",\"publisher\":{\"@id\":\"https:\\\/\\\/www.americanpan.com\\\/europe\\\/pl\\\/#organization\"},\"potentialAction\":[{\"@type\":\"SearchAction\",\"target\":{\"@type\":\"EntryPoint\",\"urlTemplate\":\"https:\\\/\\\/www.americanpan.com\\\/europe\\\/pl\\\/?s={search_term_string}\"},\"query-input\":{\"@type\":\"PropertyValueSpecification\",\"valueRequired\":true,\"valueName\":\"search_term_string\"}}],\"inLanguage\":\"pl-PL\"},{\"@type\":\"Organization\",\"@id\":\"https:\\\/\\\/www.americanpan.com\\\/europe\\\/pl\\\/#organization\",\"name\":\"American Pan: Industrielle Backformen\",\"url\":\"https:\\\/\\\/www.americanpan.com\\\/europe\\\/pl\\\/\",\"logo\":{\"@type\":\"ImageObject\",\"inLanguage\":\"pl-PL\",\"@id\":\"https:\\\/\\\/www.americanpan.com\\\/europe\\\/pl\\\/#\\\/schema\\\/logo\\\/image\\\/\",\"url\":\"https:\\\/\\\/www.americanpan.com\\\/europe\\\/wp-content\\\/uploads\\\/sites\\\/18\\\/2022\\\/03\\\/logo-europe.png\",\"contentUrl\":\"https:\\\/\\\/www.americanpan.com\\\/europe\\\/wp-content\\\/uploads\\\/sites\\\/18\\\/2022\\\/03\\\/logo-europe.png\",\"width\":458,\"height\":172,\"caption\":\"American Pan: Industrielle Backformen\"},\"image\":{\"@id\":\"https:\\\/\\\/www.americanpan.com\\\/europe\\\/pl\\\/#\\\/schema\\\/logo\\\/image\\\/\"}}]}<\/script>\n<meta property=\"product:price:currency\" content=\"EUR\" \/>\n<meta property=\"og:availability\" content=\"instock\" \/>\n<meta property=\"product:availability\" content=\"instock\" \/>\n<meta property=\"product:retailer_item_id\" content=\"Rack Oven Trays\" \/>\n<meta property=\"product:condition\" content=\"new\" \/>\n<!-- \/ Yoast SEO Premium plugin. -->","yoast_head_json":{"title":"Niestandardowe blachy do piec\u00f3w z poziomem by American Pan &#8902; American Pan Europe","description":"Perforated Rack Oven Trays are available in any perforation size or pattern. They can be constructed with curled or folded edges and wire or band in rim.","robots":{"index":"index","follow":"follow","max-snippet":"max-snippet:-1","max-image-preview":"max-image-preview:large","max-video-preview":"max-video-preview:-1"},"canonical":"https:\/\/www.americanpan.com\/europe\/pl\/product\/custom-rack-oven-trays\/","og_locale":"pl_PL","og_type":"article","og_title":"Niestandardowe blachy do piec\u00f3w z poziomem &#8902; American Pan Europe","og_description":"&#8902;","og_url":"https:\/\/www.americanpan.com\/europe\/pl\/product\/custom-rack-oven-trays\/","og_site_name":"American Pan Europe","article_modified_time":"2026-02-26T19:01:44+00:00","og_image":[{"width":1440,"height":961,"url":"https:\/\/www.americanpan.com\/europe\/wp-content\/uploads\/sites\/18\/2018\/09\/BTY544.png","type":"image\/png"}],"twitter_card":"summary_large_image","twitter_description":"Perforated baking trays are available in any perforation size or pattern. They can be constructed with curled or folded edges and wire or band in rim. For heavy duty industrial applications, frames can be constructed with an interlocking rib design which allows pans to stack and also protects the baking screen to increase pan life.","twitter_misc":{"Cena":"","Dost\u0119pno\u015b\u0107":"Dost\u0119pny"},"schema":{"@context":"https:\/\/schema.org","@graph":[{"@type":"WebPage","@id":"https:\/\/www.americanpan.com\/europe\/pl\/product\/custom-rack-oven-trays\/","url":"https:\/\/www.americanpan.com\/europe\/pl\/product\/custom-rack-oven-trays\/","name":"Niestandardowe blachy do piec\u00f3w z poziomem by American Pan &#8902; American Pan Europe","isPartOf":{"@id":"https:\/\/www.americanpan.com\/europe\/pl\/#website"},"primaryImageOfPage":{"@id":"https:\/\/www.americanpan.com\/europe\/pl\/product\/custom-rack-oven-trays\/#primaryimage"},"image":{"@id":"https:\/\/www.americanpan.com\/europe\/pl\/product\/custom-rack-oven-trays\/#primaryimage"},"thumbnailUrl":"https:\/\/www.americanpan.com\/europe\/wp-content\/uploads\/sites\/18\/2018\/09\/AP_Screen_Baguette_5_Across.jpg","datePublished":"2018-09-13T23:29:41+00:00","dateModified":"2026-02-26T19:01:44+00:00","description":"Perforated Rack Oven Trays are available in any perforation size or pattern. They can be constructed with curled or folded edges and wire or band in rim.","breadcrumb":{"@id":"https:\/\/www.americanpan.com\/europe\/pl\/product\/custom-rack-oven-trays\/#breadcrumb"},"inLanguage":"pl-PL","potentialAction":[{"@type":"ReadAction","target":["https:\/\/www.americanpan.com\/europe\/pl\/product\/custom-rack-oven-trays\/"]}]},{"@type":"ImageObject","inLanguage":"pl-PL","@id":"https:\/\/www.americanpan.com\/europe\/pl\/product\/custom-rack-oven-trays\/#primaryimage","url":"https:\/\/www.americanpan.com\/europe\/wp-content\/uploads\/sites\/18\/2018\/09\/AP_Screen_Baguette_5_Across.jpg","contentUrl":"https:\/\/www.americanpan.com\/europe\/wp-content\/uploads\/sites\/18\/2018\/09\/AP_Screen_Baguette_5_Across.jpg","width":1300,"height":975,"caption":"E PAN-A 016"},{"@type":"BreadcrumbList","@id":"https:\/\/www.americanpan.com\/europe\/pl\/product\/custom-rack-oven-trays\/#breadcrumb","itemListElement":[{"@type":"ListItem","position":1,"name":"Home","item":"https:\/\/www.americanpan.com\/europe\/pl\/"},{"@type":"ListItem","position":2,"name":"Products","item":"https:\/\/www.americanpan.com\/europe\/pl\/shop\/"},{"@type":"ListItem","position":3,"name":"Niestandardowe blachy do piec\u00f3w z poziomem"}]},{"@type":"WebSite","@id":"https:\/\/www.americanpan.com\/europe\/pl\/#website","url":"https:\/\/www.americanpan.com\/europe\/pl\/","name":"American Pan Europe","description":"Industrial Baking Pans &amp; Coatings","publisher":{"@id":"https:\/\/www.americanpan.com\/europe\/pl\/#organization"},"potentialAction":[{"@type":"SearchAction","target":{"@type":"EntryPoint","urlTemplate":"https:\/\/www.americanpan.com\/europe\/pl\/?s={search_term_string}"},"query-input":{"@type":"PropertyValueSpecification","valueRequired":true,"valueName":"search_term_string"}}],"inLanguage":"pl-PL"},{"@type":"Organization","@id":"https:\/\/www.americanpan.com\/europe\/pl\/#organization","name":"American Pan: Industrielle Backformen","url":"https:\/\/www.americanpan.com\/europe\/pl\/","logo":{"@type":"ImageObject","inLanguage":"pl-PL","@id":"https:\/\/www.americanpan.com\/europe\/pl\/#\/schema\/logo\/image\/","url":"https:\/\/www.americanpan.com\/europe\/wp-content\/uploads\/sites\/18\/2022\/03\/logo-europe.png","contentUrl":"https:\/\/www.americanpan.com\/europe\/wp-content\/uploads\/sites\/18\/2022\/03\/logo-europe.png","width":458,"height":172,"caption":"American Pan: Industrielle Backformen"},"image":{"@id":"https:\/\/www.americanpan.com\/europe\/pl\/#\/schema\/logo\/image\/"}}]},"product_price_currency":"EUR","og_availability":"instock","product_availability":"instock","product_retailer_item_id":"Rack Oven Trays","product_condition":"new"},"_links":{"self":[{"href":"https:\/\/www.americanpan.com\/europe\/pl\/wp-json\/wp\/v2\/product\/65715","targetHints":{"allow":["GET"]}}],"collection":[{"href":"https:\/\/www.americanpan.com\/europe\/pl\/wp-json\/wp\/v2\/product"}],"about":[{"href":"https:\/\/www.americanpan.com\/europe\/pl\/wp-json\/wp\/v2\/types\/product"}],"replies":[{"embeddable":true,"href":"https:\/\/www.americanpan.com\/europe\/pl\/wp-json\/wp\/v2\/comments?post=65715"}],"wp:featuredmedia":[{"embeddable":true,"href":"https:\/\/www.americanpan.com\/europe\/pl\/wp-json\/wp\/v2\/media\/65725"}],"wp:attachment":[{"href":"https:\/\/www.americanpan.com\/europe\/pl\/wp-json\/wp\/v2\/media?parent=65715"}],"wp:term":[{"taxonomy":"product_brand","embeddable":true,"href":"https:\/\/www.americanpan.com\/europe\/pl\/wp-json\/wp\/v2\/product_brand?post=65715"},{"taxonomy":"product_cat","embeddable":true,"href":"https:\/\/www.americanpan.com\/europe\/pl\/wp-json\/wp\/v2\/product_cat?post=65715"},{"taxonomy":"product_tag","embeddable":true,"href":"https:\/\/www.americanpan.com\/europe\/pl\/wp-json\/wp\/v2\/product_tag?post=65715"}],"curies":[{"name":"wp","href":"https:\/\/api.w.org\/{rel}","templated":true}]}}