{"id":65698,"date":"2018-09-14T00:29:41","date_gmt":"2018-09-13T23:29:41","guid":{"rendered":"https:\/\/www.americanpan.com\/europe\/product\/custom-pullman-tins-covers\/"},"modified":"2026-02-26T19:01:23","modified_gmt":"2026-02-26T19:01:23","slug":"custom-pullman-tins-covers","status":"publish","type":"product","link":"https:\/\/www.americanpan.com\/europe\/pl\/product\/custom-pullman-tins-covers\/","title":{"rendered":"Niestandardowe formy i pokrywki Pullman"},"content":{"rendered":"","protected":false},"excerpt":{"rendered":"<p>Available as single pan or strapped sets of any configuration and strap design. Seamless or folded bread pans with corrugated, perforated or virtually any enhancement that you need for your bakery. Round\/crimped sets or other specialty designs are available.<\/p>\n","protected":false},"featured_media":65708,"comment_status":"closed","ping_status":"closed","template":"","meta":{"_acf_changed":false},"product_brand":[],"product_cat":[1687,1684],"product_tag":[],"class_list":{"0":"post-65698","1":"product","2":"type-product","3":"status-publish","4":"has-post-thumbnail","6":"product_cat-bread-tins","7":"product_cat-custom-baking-tins-trays-racks","9":"first","10":"instock","11":"taxable","12":"shipping-taxable","13":"product-type-simple"},"acf":[],"yoast_head":"<!-- This site is optimized with the Yoast SEO Premium plugin v27.3 (Yoast SEO v27.3) - https:\/\/yoast.com\/product\/yoast-seo-premium-wordpress\/ -->\n<title>Niestandardowe formy i pokrywki Pullman by American Pan &#8902; American Pan Europe<\/title>\n<meta name=\"description\" content=\"Pullman Pans &amp; Covers can accomodate virtually any enhancement that you need for your bakery. Round\/crimped sets or other special designs are available.\" \/>\n<meta name=\"robots\" content=\"index, follow, max-snippet:-1, max-image-preview:large, max-video-preview:-1\" \/>\n<link rel=\"canonical\" href=\"https:\/\/www.americanpan.com\/europe\/pl\/product\/custom-pullman-tins-covers\/\" \/>\n<meta property=\"og:locale\" content=\"pl_PL\" \/>\n<meta property=\"og:type\" content=\"article\" \/>\n<meta property=\"og:title\" content=\"Niestandardowe formy i pokrywki Pullman &#8902; American Pan Europe\" \/>\n<meta property=\"og:description\" content=\"&#8902;\" \/>\n<meta property=\"og:url\" content=\"https:\/\/www.americanpan.com\/europe\/pl\/product\/custom-pullman-tins-covers\/\" \/>\n<meta property=\"og:site_name\" content=\"American Pan Europe\" \/>\n<meta property=\"article:modified_time\" content=\"2026-02-26T19:01:23+00:00\" \/>\n<meta property=\"og:image\" content=\"https:\/\/stg-bundybakingsolutions.com\/wp-content\/uploads\/2018\/09\/AP_Bread_Pullman_3_Strap_with_Lid_1-1.jpg\" \/>\n<meta name=\"twitter:card\" content=\"summary_large_image\" \/>\n<meta name=\"twitter:description\" content=\"Available as single pan or strapped sets of any configuration and strap design.\" \/>\n<meta name=\"twitter:label1\" content=\"Cena\" \/>\n\t<meta name=\"twitter:data1\" content=\"\" \/>\n\t<meta name=\"twitter:label2\" content=\"Dost\u0119pno\u015b\u0107\" \/>\n\t<meta name=\"twitter:data2\" content=\"Dost\u0119pny\" \/>\n<script type=\"application\/ld+json\" class=\"yoast-schema-graph\">{\"@context\":\"https:\\\/\\\/schema.org\",\"@graph\":[{\"@type\":\"WebPage\",\"@id\":\"https:\\\/\\\/www.americanpan.com\\\/europe\\\/pl\\\/product\\\/custom-pullman-tins-covers\\\/\",\"url\":\"https:\\\/\\\/www.americanpan.com\\\/europe\\\/pl\\\/product\\\/custom-pullman-tins-covers\\\/\",\"name\":\"Niestandardowe formy i pokrywki Pullman by American Pan &#8902; American Pan Europe\",\"isPartOf\":{\"@id\":\"https:\\\/\\\/www.americanpan.com\\\/europe\\\/pl\\\/#website\"},\"primaryImageOfPage\":{\"@id\":\"https:\\\/\\\/www.americanpan.com\\\/europe\\\/pl\\\/product\\\/custom-pullman-tins-covers\\\/#primaryimage\"},\"image\":{\"@id\":\"https:\\\/\\\/www.americanpan.com\\\/europe\\\/pl\\\/product\\\/custom-pullman-tins-covers\\\/#primaryimage\"},\"thumbnailUrl\":\"https:\\\/\\\/www.americanpan.com\\\/europe\\\/wp-content\\\/uploads\\\/sites\\\/18\\\/2018\\\/09\\\/AP_Bread_Pullman_3_Strap_with_Lid_1-1.jpg\",\"datePublished\":\"2018-09-13T23:29:41+00:00\",\"dateModified\":\"2026-02-26T19:01:23+00:00\",\"description\":\"Pullman Pans &amp; Covers can accomodate virtually any enhancement that you need for your bakery. Round\\\/crimped sets or other special designs are available.\",\"breadcrumb\":{\"@id\":\"https:\\\/\\\/www.americanpan.com\\\/europe\\\/pl\\\/product\\\/custom-pullman-tins-covers\\\/#breadcrumb\"},\"inLanguage\":\"pl-PL\",\"potentialAction\":[{\"@type\":\"ReadAction\",\"target\":[\"https:\\\/\\\/www.americanpan.com\\\/europe\\\/pl\\\/product\\\/custom-pullman-tins-covers\\\/\"]}]},{\"@type\":\"ImageObject\",\"inLanguage\":\"pl-PL\",\"@id\":\"https:\\\/\\\/www.americanpan.com\\\/europe\\\/pl\\\/product\\\/custom-pullman-tins-covers\\\/#primaryimage\",\"url\":\"https:\\\/\\\/www.americanpan.com\\\/europe\\\/wp-content\\\/uploads\\\/sites\\\/18\\\/2018\\\/09\\\/AP_Bread_Pullman_3_Strap_with_Lid_1-1.jpg\",\"contentUrl\":\"https:\\\/\\\/www.americanpan.com\\\/europe\\\/wp-content\\\/uploads\\\/sites\\\/18\\\/2018\\\/09\\\/AP_Bread_Pullman_3_Strap_with_Lid_1-1.jpg\",\"width\":1440,\"height\":1080,\"caption\":\"3-in-Line Pullman Bread Pan with Lid - AMERICOAT\u00ae Coating\"},{\"@type\":\"BreadcrumbList\",\"@id\":\"https:\\\/\\\/www.americanpan.com\\\/europe\\\/pl\\\/product\\\/custom-pullman-tins-covers\\\/#breadcrumb\",\"itemListElement\":[{\"@type\":\"ListItem\",\"position\":1,\"name\":\"Home\",\"item\":\"https:\\\/\\\/www.americanpan.com\\\/europe\\\/pl\\\/\"},{\"@type\":\"ListItem\",\"position\":2,\"name\":\"Products\",\"item\":\"https:\\\/\\\/www.americanpan.com\\\/europe\\\/pl\\\/shop\\\/\"},{\"@type\":\"ListItem\",\"position\":3,\"name\":\"Niestandardowe formy i pokrywki Pullman\"}]},{\"@type\":\"WebSite\",\"@id\":\"https:\\\/\\\/www.americanpan.com\\\/europe\\\/pl\\\/#website\",\"url\":\"https:\\\/\\\/www.americanpan.com\\\/europe\\\/pl\\\/\",\"name\":\"American Pan Europe\",\"description\":\"Industrial Baking Pans &amp; Coatings\",\"publisher\":{\"@id\":\"https:\\\/\\\/www.americanpan.com\\\/europe\\\/pl\\\/#organization\"},\"potentialAction\":[{\"@type\":\"SearchAction\",\"target\":{\"@type\":\"EntryPoint\",\"urlTemplate\":\"https:\\\/\\\/www.americanpan.com\\\/europe\\\/pl\\\/?s={search_term_string}\"},\"query-input\":{\"@type\":\"PropertyValueSpecification\",\"valueRequired\":true,\"valueName\":\"search_term_string\"}}],\"inLanguage\":\"pl-PL\"},{\"@type\":\"Organization\",\"@id\":\"https:\\\/\\\/www.americanpan.com\\\/europe\\\/pl\\\/#organization\",\"name\":\"American Pan: Industrielle Backformen\",\"url\":\"https:\\\/\\\/www.americanpan.com\\\/europe\\\/pl\\\/\",\"logo\":{\"@type\":\"ImageObject\",\"inLanguage\":\"pl-PL\",\"@id\":\"https:\\\/\\\/www.americanpan.com\\\/europe\\\/pl\\\/#\\\/schema\\\/logo\\\/image\\\/\",\"url\":\"https:\\\/\\\/www.americanpan.com\\\/europe\\\/wp-content\\\/uploads\\\/sites\\\/18\\\/2022\\\/03\\\/logo-europe.png\",\"contentUrl\":\"https:\\\/\\\/www.americanpan.com\\\/europe\\\/wp-content\\\/uploads\\\/sites\\\/18\\\/2022\\\/03\\\/logo-europe.png\",\"width\":458,\"height\":172,\"caption\":\"American Pan: Industrielle Backformen\"},\"image\":{\"@id\":\"https:\\\/\\\/www.americanpan.com\\\/europe\\\/pl\\\/#\\\/schema\\\/logo\\\/image\\\/\"}}]}<\/script>\n<meta property=\"product:price:currency\" content=\"EUR\" \/>\n<meta property=\"og:availability\" content=\"instock\" \/>\n<meta property=\"product:availability\" content=\"instock\" \/>\n<meta property=\"product:retailer_item_id\" content=\"Pullman Pans &amp; Covers\" \/>\n<meta property=\"product:condition\" content=\"new\" \/>\n<!-- \/ Yoast SEO Premium plugin. -->","yoast_head_json":{"title":"Niestandardowe formy i pokrywki Pullman by American Pan &#8902; American Pan Europe","description":"Pullman Pans &amp; Covers can accomodate virtually any enhancement that you need for your bakery. Round\/crimped sets or other special designs are available.","robots":{"index":"index","follow":"follow","max-snippet":"max-snippet:-1","max-image-preview":"max-image-preview:large","max-video-preview":"max-video-preview:-1"},"canonical":"https:\/\/www.americanpan.com\/europe\/pl\/product\/custom-pullman-tins-covers\/","og_locale":"pl_PL","og_type":"article","og_title":"Niestandardowe formy i pokrywki Pullman &#8902; American Pan Europe","og_description":"&#8902;","og_url":"https:\/\/www.americanpan.com\/europe\/pl\/product\/custom-pullman-tins-covers\/","og_site_name":"American Pan Europe","article_modified_time":"2026-02-26T19:01:23+00:00","og_image":[{"url":"https:\/\/stg-bundybakingsolutions.com\/wp-content\/uploads\/2018\/09\/AP_Bread_Pullman_3_Strap_with_Lid_1-1.jpg","type":"","width":"","height":""}],"twitter_card":"summary_large_image","twitter_description":"Available as single pan or strapped sets of any configuration and strap design.","twitter_misc":{"Cena":"","Dost\u0119pno\u015b\u0107":"Dost\u0119pny"},"schema":{"@context":"https:\/\/schema.org","@graph":[{"@type":"WebPage","@id":"https:\/\/www.americanpan.com\/europe\/pl\/product\/custom-pullman-tins-covers\/","url":"https:\/\/www.americanpan.com\/europe\/pl\/product\/custom-pullman-tins-covers\/","name":"Niestandardowe formy i pokrywki Pullman by American Pan &#8902; American Pan Europe","isPartOf":{"@id":"https:\/\/www.americanpan.com\/europe\/pl\/#website"},"primaryImageOfPage":{"@id":"https:\/\/www.americanpan.com\/europe\/pl\/product\/custom-pullman-tins-covers\/#primaryimage"},"image":{"@id":"https:\/\/www.americanpan.com\/europe\/pl\/product\/custom-pullman-tins-covers\/#primaryimage"},"thumbnailUrl":"https:\/\/www.americanpan.com\/europe\/wp-content\/uploads\/sites\/18\/2018\/09\/AP_Bread_Pullman_3_Strap_with_Lid_1-1.jpg","datePublished":"2018-09-13T23:29:41+00:00","dateModified":"2026-02-26T19:01:23+00:00","description":"Pullman Pans &amp; Covers can accomodate virtually any enhancement that you need for your bakery. Round\/crimped sets or other special designs are available.","breadcrumb":{"@id":"https:\/\/www.americanpan.com\/europe\/pl\/product\/custom-pullman-tins-covers\/#breadcrumb"},"inLanguage":"pl-PL","potentialAction":[{"@type":"ReadAction","target":["https:\/\/www.americanpan.com\/europe\/pl\/product\/custom-pullman-tins-covers\/"]}]},{"@type":"ImageObject","inLanguage":"pl-PL","@id":"https:\/\/www.americanpan.com\/europe\/pl\/product\/custom-pullman-tins-covers\/#primaryimage","url":"https:\/\/www.americanpan.com\/europe\/wp-content\/uploads\/sites\/18\/2018\/09\/AP_Bread_Pullman_3_Strap_with_Lid_1-1.jpg","contentUrl":"https:\/\/www.americanpan.com\/europe\/wp-content\/uploads\/sites\/18\/2018\/09\/AP_Bread_Pullman_3_Strap_with_Lid_1-1.jpg","width":1440,"height":1080,"caption":"3-in-Line Pullman Bread Pan with Lid - AMERICOAT\u00ae Coating"},{"@type":"BreadcrumbList","@id":"https:\/\/www.americanpan.com\/europe\/pl\/product\/custom-pullman-tins-covers\/#breadcrumb","itemListElement":[{"@type":"ListItem","position":1,"name":"Home","item":"https:\/\/www.americanpan.com\/europe\/pl\/"},{"@type":"ListItem","position":2,"name":"Products","item":"https:\/\/www.americanpan.com\/europe\/pl\/shop\/"},{"@type":"ListItem","position":3,"name":"Niestandardowe formy i pokrywki Pullman"}]},{"@type":"WebSite","@id":"https:\/\/www.americanpan.com\/europe\/pl\/#website","url":"https:\/\/www.americanpan.com\/europe\/pl\/","name":"American Pan Europe","description":"Industrial Baking Pans &amp; Coatings","publisher":{"@id":"https:\/\/www.americanpan.com\/europe\/pl\/#organization"},"potentialAction":[{"@type":"SearchAction","target":{"@type":"EntryPoint","urlTemplate":"https:\/\/www.americanpan.com\/europe\/pl\/?s={search_term_string}"},"query-input":{"@type":"PropertyValueSpecification","valueRequired":true,"valueName":"search_term_string"}}],"inLanguage":"pl-PL"},{"@type":"Organization","@id":"https:\/\/www.americanpan.com\/europe\/pl\/#organization","name":"American Pan: Industrielle Backformen","url":"https:\/\/www.americanpan.com\/europe\/pl\/","logo":{"@type":"ImageObject","inLanguage":"pl-PL","@id":"https:\/\/www.americanpan.com\/europe\/pl\/#\/schema\/logo\/image\/","url":"https:\/\/www.americanpan.com\/europe\/wp-content\/uploads\/sites\/18\/2022\/03\/logo-europe.png","contentUrl":"https:\/\/www.americanpan.com\/europe\/wp-content\/uploads\/sites\/18\/2022\/03\/logo-europe.png","width":458,"height":172,"caption":"American Pan: Industrielle Backformen"},"image":{"@id":"https:\/\/www.americanpan.com\/europe\/pl\/#\/schema\/logo\/image\/"}}]},"product_price_currency":"EUR","og_availability":"instock","product_availability":"instock","product_retailer_item_id":"Pullman Pans &amp; Covers","product_condition":"new"},"_links":{"self":[{"href":"https:\/\/www.americanpan.com\/europe\/pl\/wp-json\/wp\/v2\/product\/65698","targetHints":{"allow":["GET"]}}],"collection":[{"href":"https:\/\/www.americanpan.com\/europe\/pl\/wp-json\/wp\/v2\/product"}],"about":[{"href":"https:\/\/www.americanpan.com\/europe\/pl\/wp-json\/wp\/v2\/types\/product"}],"replies":[{"embeddable":true,"href":"https:\/\/www.americanpan.com\/europe\/pl\/wp-json\/wp\/v2\/comments?post=65698"}],"wp:featuredmedia":[{"embeddable":true,"href":"https:\/\/www.americanpan.com\/europe\/pl\/wp-json\/wp\/v2\/media\/65708"}],"wp:attachment":[{"href":"https:\/\/www.americanpan.com\/europe\/pl\/wp-json\/wp\/v2\/media?parent=65698"}],"wp:term":[{"taxonomy":"product_brand","embeddable":true,"href":"https:\/\/www.americanpan.com\/europe\/pl\/wp-json\/wp\/v2\/product_brand?post=65698"},{"taxonomy":"product_cat","embeddable":true,"href":"https:\/\/www.americanpan.com\/europe\/pl\/wp-json\/wp\/v2\/product_cat?post=65698"},{"taxonomy":"product_tag","embeddable":true,"href":"https:\/\/www.americanpan.com\/europe\/pl\/wp-json\/wp\/v2\/product_tag?post=65698"}],"curies":[{"name":"wp","href":"https:\/\/api.w.org\/{rel}","templated":true}]}}