{"id":65656,"date":"2018-09-14T00:29:41","date_gmt":"2018-09-13T23:29:41","guid":{"rendered":"https:\/\/www.americanpan.com\/europe\/product\/custom-single-pizza-trays\/"},"modified":"2026-02-26T19:00:41","modified_gmt":"2026-02-26T19:00:41","slug":"custom-single-pizza-trays","status":"publish","type":"product","link":"https:\/\/www.americanpan.com\/europe\/pl\/product\/custom-single-pizza-trays\/","title":{"rendered":"Niestandardowe pojedyncze foremki do pizzy"},"content":{"rendered":"","protected":false},"excerpt":{"rendered":"<p>Manufactured to fit any operation or pizza style. Customized for shape, size and depth, and engineered to provide unparalleled stacking and release abilities.<\/p>\n","protected":false},"featured_media":65663,"comment_status":"closed","ping_status":"closed","template":"","meta":{"_acf_changed":false},"product_brand":[],"product_cat":[1710,1684],"product_tag":[],"class_list":{"0":"post-65656","1":"product","2":"type-product","3":"status-publish","4":"has-post-thumbnail","6":"product_cat-pizza-breadstick-trays","7":"product_cat-custom-baking-tins-trays-racks","9":"first","10":"instock","11":"taxable","12":"shipping-taxable","13":"product-type-simple"},"acf":[],"yoast_head":"<!-- This site is optimized with the Yoast SEO Premium plugin v27.3 (Yoast SEO v27.3) - https:\/\/yoast.com\/product\/yoast-seo-premium-wordpress\/ -->\n<title>Niestandardowe pojedyncze foremki do pizzy by American Pan &#8902; American Pan Europe<\/title>\n<meta name=\"description\" content=\"Our Single Pizza Pans are customized for any pizza style (shape, size and depth) They are engineered to provide unparalleled stacking and release abilities.\" \/>\n<meta name=\"robots\" content=\"index, follow, max-snippet:-1, max-image-preview:large, max-video-preview:-1\" \/>\n<link rel=\"canonical\" href=\"https:\/\/www.americanpan.com\/europe\/pl\/product\/custom-single-pizza-trays\/\" \/>\n<meta property=\"og:locale\" content=\"pl_PL\" \/>\n<meta property=\"og:type\" content=\"article\" \/>\n<meta property=\"og:title\" content=\"Niestandardowe pojedyncze foremki do pizzy &#8902; American Pan Europe\" \/>\n<meta property=\"og:description\" content=\"Manufactured to fit any operation or pizza style. Customized for shape, size and depth, and engineered to provide unparalleled stacking and release abilities.\" \/>\n<meta property=\"og:url\" content=\"https:\/\/www.americanpan.com\/europe\/pl\/product\/custom-single-pizza-trays\/\" \/>\n<meta property=\"og:site_name\" content=\"American Pan Europe\" \/>\n<meta property=\"article:modified_time\" content=\"2026-02-26T19:00:41+00:00\" \/>\n<meta property=\"og:image\" content=\"https:\/\/stg-bundybakingsolutions.com\/wp-content\/uploads\/2018\/09\/91108.jpg\" \/>\n<meta name=\"twitter:card\" content=\"summary_large_image\" \/>\n<meta name=\"twitter:description\" content=\"Manufactured to fit any operation or pizza style, customized for shape, size and depth with unparalleled stacking and release abilities.\" \/>\n<meta name=\"twitter:image\" content=\"https:\/\/stg-bundybakingsolutions.com\/wp-content\/uploads\/2016\/07\/BAKALON_DeepDish_PizzaPans.png\" \/>\n<meta name=\"twitter:label1\" content=\"Cena\" \/>\n\t<meta name=\"twitter:data1\" content=\"\" \/>\n\t<meta name=\"twitter:label2\" content=\"Dost\u0119pno\u015b\u0107\" \/>\n\t<meta name=\"twitter:data2\" content=\"Dost\u0119pny\" \/>\n<script type=\"application\/ld+json\" class=\"yoast-schema-graph\">{\"@context\":\"https:\\\/\\\/schema.org\",\"@graph\":[{\"@type\":\"WebPage\",\"@id\":\"https:\\\/\\\/www.americanpan.com\\\/europe\\\/pl\\\/product\\\/custom-single-pizza-trays\\\/\",\"url\":\"https:\\\/\\\/www.americanpan.com\\\/europe\\\/pl\\\/product\\\/custom-single-pizza-trays\\\/\",\"name\":\"Niestandardowe pojedyncze foremki do pizzy by American Pan &#8902; American Pan Europe\",\"isPartOf\":{\"@id\":\"https:\\\/\\\/www.americanpan.com\\\/europe\\\/pl\\\/#website\"},\"primaryImageOfPage\":{\"@id\":\"https:\\\/\\\/www.americanpan.com\\\/europe\\\/pl\\\/product\\\/custom-single-pizza-trays\\\/#primaryimage\"},\"image\":{\"@id\":\"https:\\\/\\\/www.americanpan.com\\\/europe\\\/pl\\\/product\\\/custom-single-pizza-trays\\\/#primaryimage\"},\"thumbnailUrl\":\"https:\\\/\\\/www.americanpan.com\\\/europe\\\/wp-content\\\/uploads\\\/sites\\\/18\\\/2018\\\/09\\\/AP-Products-1300-x-975-pizza-stack.jpg\",\"datePublished\":\"2018-09-13T23:29:41+00:00\",\"dateModified\":\"2026-02-26T19:00:41+00:00\",\"description\":\"Our Single Pizza Pans are customized for any pizza style (shape, size and depth) They are engineered to provide unparalleled stacking and release abilities.\",\"breadcrumb\":{\"@id\":\"https:\\\/\\\/www.americanpan.com\\\/europe\\\/pl\\\/product\\\/custom-single-pizza-trays\\\/#breadcrumb\"},\"inLanguage\":\"pl-PL\",\"potentialAction\":[{\"@type\":\"ReadAction\",\"target\":[\"https:\\\/\\\/www.americanpan.com\\\/europe\\\/pl\\\/product\\\/custom-single-pizza-trays\\\/\"]}]},{\"@type\":\"ImageObject\",\"inLanguage\":\"pl-PL\",\"@id\":\"https:\\\/\\\/www.americanpan.com\\\/europe\\\/pl\\\/product\\\/custom-single-pizza-trays\\\/#primaryimage\",\"url\":\"https:\\\/\\\/www.americanpan.com\\\/europe\\\/wp-content\\\/uploads\\\/sites\\\/18\\\/2018\\\/09\\\/AP-Products-1300-x-975-pizza-stack.jpg\",\"contentUrl\":\"https:\\\/\\\/www.americanpan.com\\\/europe\\\/wp-content\\\/uploads\\\/sites\\\/18\\\/2018\\\/09\\\/AP-Products-1300-x-975-pizza-stack.jpg\",\"width\":1300,\"height\":975,\"caption\":\"E PAN-A 016\"},{\"@type\":\"BreadcrumbList\",\"@id\":\"https:\\\/\\\/www.americanpan.com\\\/europe\\\/pl\\\/product\\\/custom-single-pizza-trays\\\/#breadcrumb\",\"itemListElement\":[{\"@type\":\"ListItem\",\"position\":1,\"name\":\"Home\",\"item\":\"https:\\\/\\\/www.americanpan.com\\\/europe\\\/pl\\\/\"},{\"@type\":\"ListItem\",\"position\":2,\"name\":\"Products\",\"item\":\"https:\\\/\\\/www.americanpan.com\\\/europe\\\/pl\\\/shop\\\/\"},{\"@type\":\"ListItem\",\"position\":3,\"name\":\"Niestandardowe pojedyncze foremki do pizzy\"}]},{\"@type\":\"WebSite\",\"@id\":\"https:\\\/\\\/www.americanpan.com\\\/europe\\\/pl\\\/#website\",\"url\":\"https:\\\/\\\/www.americanpan.com\\\/europe\\\/pl\\\/\",\"name\":\"American Pan Europe\",\"description\":\"Industrial Baking Pans &amp; Coatings\",\"publisher\":{\"@id\":\"https:\\\/\\\/www.americanpan.com\\\/europe\\\/pl\\\/#organization\"},\"potentialAction\":[{\"@type\":\"SearchAction\",\"target\":{\"@type\":\"EntryPoint\",\"urlTemplate\":\"https:\\\/\\\/www.americanpan.com\\\/europe\\\/pl\\\/?s={search_term_string}\"},\"query-input\":{\"@type\":\"PropertyValueSpecification\",\"valueRequired\":true,\"valueName\":\"search_term_string\"}}],\"inLanguage\":\"pl-PL\"},{\"@type\":\"Organization\",\"@id\":\"https:\\\/\\\/www.americanpan.com\\\/europe\\\/pl\\\/#organization\",\"name\":\"American Pan: Industrielle Backformen\",\"url\":\"https:\\\/\\\/www.americanpan.com\\\/europe\\\/pl\\\/\",\"logo\":{\"@type\":\"ImageObject\",\"inLanguage\":\"pl-PL\",\"@id\":\"https:\\\/\\\/www.americanpan.com\\\/europe\\\/pl\\\/#\\\/schema\\\/logo\\\/image\\\/\",\"url\":\"https:\\\/\\\/www.americanpan.com\\\/europe\\\/wp-content\\\/uploads\\\/sites\\\/18\\\/2022\\\/03\\\/logo-europe.png\",\"contentUrl\":\"https:\\\/\\\/www.americanpan.com\\\/europe\\\/wp-content\\\/uploads\\\/sites\\\/18\\\/2022\\\/03\\\/logo-europe.png\",\"width\":458,\"height\":172,\"caption\":\"American Pan: Industrielle Backformen\"},\"image\":{\"@id\":\"https:\\\/\\\/www.americanpan.com\\\/europe\\\/pl\\\/#\\\/schema\\\/logo\\\/image\\\/\"}}]}<\/script>\n<meta property=\"product:price:currency\" content=\"EUR\" \/>\n<meta property=\"og:availability\" content=\"instock\" \/>\n<meta property=\"product:availability\" content=\"instock\" \/>\n<meta property=\"product:retailer_item_id\" content=\"Single Pizza Pans\" \/>\n<meta property=\"product:condition\" content=\"new\" \/>\n<!-- \/ Yoast SEO Premium plugin. -->","yoast_head_json":{"title":"Niestandardowe pojedyncze foremki do pizzy by American Pan &#8902; American Pan Europe","description":"Our Single Pizza Pans are customized for any pizza style (shape, size and depth) They are engineered to provide unparalleled stacking and release abilities.","robots":{"index":"index","follow":"follow","max-snippet":"max-snippet:-1","max-image-preview":"max-image-preview:large","max-video-preview":"max-video-preview:-1"},"canonical":"https:\/\/www.americanpan.com\/europe\/pl\/product\/custom-single-pizza-trays\/","og_locale":"pl_PL","og_type":"article","og_title":"Niestandardowe pojedyncze foremki do pizzy &#8902; American Pan Europe","og_description":"Manufactured to fit any operation or pizza style. Customized for shape, size and depth, and engineered to provide unparalleled stacking and release abilities.","og_url":"https:\/\/www.americanpan.com\/europe\/pl\/product\/custom-single-pizza-trays\/","og_site_name":"American Pan Europe","article_modified_time":"2026-02-26T19:00:41+00:00","og_image":[{"url":"https:\/\/stg-bundybakingsolutions.com\/wp-content\/uploads\/2018\/09\/91108.jpg","type":"","width":"","height":""}],"twitter_card":"summary_large_image","twitter_description":"Manufactured to fit any operation or pizza style, customized for shape, size and depth with unparalleled stacking and release abilities.","twitter_image":"https:\/\/stg-bundybakingsolutions.com\/wp-content\/uploads\/2016\/07\/BAKALON_DeepDish_PizzaPans.png","twitter_misc":{"Cena":"","Dost\u0119pno\u015b\u0107":"Dost\u0119pny"},"schema":{"@context":"https:\/\/schema.org","@graph":[{"@type":"WebPage","@id":"https:\/\/www.americanpan.com\/europe\/pl\/product\/custom-single-pizza-trays\/","url":"https:\/\/www.americanpan.com\/europe\/pl\/product\/custom-single-pizza-trays\/","name":"Niestandardowe pojedyncze foremki do pizzy by American Pan &#8902; American Pan Europe","isPartOf":{"@id":"https:\/\/www.americanpan.com\/europe\/pl\/#website"},"primaryImageOfPage":{"@id":"https:\/\/www.americanpan.com\/europe\/pl\/product\/custom-single-pizza-trays\/#primaryimage"},"image":{"@id":"https:\/\/www.americanpan.com\/europe\/pl\/product\/custom-single-pizza-trays\/#primaryimage"},"thumbnailUrl":"https:\/\/www.americanpan.com\/europe\/wp-content\/uploads\/sites\/18\/2018\/09\/AP-Products-1300-x-975-pizza-stack.jpg","datePublished":"2018-09-13T23:29:41+00:00","dateModified":"2026-02-26T19:00:41+00:00","description":"Our Single Pizza Pans are customized for any pizza style (shape, size and depth) They are engineered to provide unparalleled stacking and release abilities.","breadcrumb":{"@id":"https:\/\/www.americanpan.com\/europe\/pl\/product\/custom-single-pizza-trays\/#breadcrumb"},"inLanguage":"pl-PL","potentialAction":[{"@type":"ReadAction","target":["https:\/\/www.americanpan.com\/europe\/pl\/product\/custom-single-pizza-trays\/"]}]},{"@type":"ImageObject","inLanguage":"pl-PL","@id":"https:\/\/www.americanpan.com\/europe\/pl\/product\/custom-single-pizza-trays\/#primaryimage","url":"https:\/\/www.americanpan.com\/europe\/wp-content\/uploads\/sites\/18\/2018\/09\/AP-Products-1300-x-975-pizza-stack.jpg","contentUrl":"https:\/\/www.americanpan.com\/europe\/wp-content\/uploads\/sites\/18\/2018\/09\/AP-Products-1300-x-975-pizza-stack.jpg","width":1300,"height":975,"caption":"E PAN-A 016"},{"@type":"BreadcrumbList","@id":"https:\/\/www.americanpan.com\/europe\/pl\/product\/custom-single-pizza-trays\/#breadcrumb","itemListElement":[{"@type":"ListItem","position":1,"name":"Home","item":"https:\/\/www.americanpan.com\/europe\/pl\/"},{"@type":"ListItem","position":2,"name":"Products","item":"https:\/\/www.americanpan.com\/europe\/pl\/shop\/"},{"@type":"ListItem","position":3,"name":"Niestandardowe pojedyncze foremki do pizzy"}]},{"@type":"WebSite","@id":"https:\/\/www.americanpan.com\/europe\/pl\/#website","url":"https:\/\/www.americanpan.com\/europe\/pl\/","name":"American Pan Europe","description":"Industrial Baking Pans &amp; Coatings","publisher":{"@id":"https:\/\/www.americanpan.com\/europe\/pl\/#organization"},"potentialAction":[{"@type":"SearchAction","target":{"@type":"EntryPoint","urlTemplate":"https:\/\/www.americanpan.com\/europe\/pl\/?s={search_term_string}"},"query-input":{"@type":"PropertyValueSpecification","valueRequired":true,"valueName":"search_term_string"}}],"inLanguage":"pl-PL"},{"@type":"Organization","@id":"https:\/\/www.americanpan.com\/europe\/pl\/#organization","name":"American Pan: Industrielle Backformen","url":"https:\/\/www.americanpan.com\/europe\/pl\/","logo":{"@type":"ImageObject","inLanguage":"pl-PL","@id":"https:\/\/www.americanpan.com\/europe\/pl\/#\/schema\/logo\/image\/","url":"https:\/\/www.americanpan.com\/europe\/wp-content\/uploads\/sites\/18\/2022\/03\/logo-europe.png","contentUrl":"https:\/\/www.americanpan.com\/europe\/wp-content\/uploads\/sites\/18\/2022\/03\/logo-europe.png","width":458,"height":172,"caption":"American Pan: Industrielle Backformen"},"image":{"@id":"https:\/\/www.americanpan.com\/europe\/pl\/#\/schema\/logo\/image\/"}}]},"product_price_currency":"EUR","og_availability":"instock","product_availability":"instock","product_retailer_item_id":"Single Pizza Pans","product_condition":"new"},"_links":{"self":[{"href":"https:\/\/www.americanpan.com\/europe\/pl\/wp-json\/wp\/v2\/product\/65656","targetHints":{"allow":["GET"]}}],"collection":[{"href":"https:\/\/www.americanpan.com\/europe\/pl\/wp-json\/wp\/v2\/product"}],"about":[{"href":"https:\/\/www.americanpan.com\/europe\/pl\/wp-json\/wp\/v2\/types\/product"}],"replies":[{"embeddable":true,"href":"https:\/\/www.americanpan.com\/europe\/pl\/wp-json\/wp\/v2\/comments?post=65656"}],"wp:featuredmedia":[{"embeddable":true,"href":"https:\/\/www.americanpan.com\/europe\/pl\/wp-json\/wp\/v2\/media\/65663"}],"wp:attachment":[{"href":"https:\/\/www.americanpan.com\/europe\/pl\/wp-json\/wp\/v2\/media?parent=65656"}],"wp:term":[{"taxonomy":"product_brand","embeddable":true,"href":"https:\/\/www.americanpan.com\/europe\/pl\/wp-json\/wp\/v2\/product_brand?post=65656"},{"taxonomy":"product_cat","embeddable":true,"href":"https:\/\/www.americanpan.com\/europe\/pl\/wp-json\/wp\/v2\/product_cat?post=65656"},{"taxonomy":"product_tag","embeddable":true,"href":"https:\/\/www.americanpan.com\/europe\/pl\/wp-json\/wp\/v2\/product_tag?post=65656"}],"curies":[{"name":"wp","href":"https:\/\/api.w.org\/{rel}","templated":true}]}}