{"id":65356,"date":"2024-08-13T16:55:05","date_gmt":"2024-08-13T15:55:05","guid":{"rendered":"https:\/\/www.americanpan.com\/europe\/product\/custom-storage-racks\/"},"modified":"2026-02-26T19:01:33","modified_gmt":"2026-02-26T19:01:33","slug":"custom-storage-racks","status":"publish","type":"product","link":"https:\/\/www.americanpan.com\/europe\/pl\/product\/custom-storage-racks\/","title":{"rendered":"Rega\u0142y sk\u0142adowe na zam\u00f3wienie"},"content":{"rendered":"<h3>TRAY SIZE<\/h3>\n<p>Provide the size specifications of your trays in order for us to build a rack of the perfect size.<\/p>\n<h3># OF RUNGS<\/h3>\n<p>Select the number of rungs you need, whether it is 10, 20, 30, or more.<\/p>\n<h3>RUNG DISTANCE<\/h3>\n<p>Specify the distance of the rungs to allow proper space for your trays, tins, and product.<\/p>\n","protected":false},"excerpt":{"rendered":"<p>TRAY SIZE Provide the size specifications of your trays in order for us to build a rack of the perfect size. # OF RUNGS Select the number of rungs you need, whether it is 10, 20, 30, or more. RUNG DISTANCE Specify the distance of the rungs to allow proper space for your trays, tins,&#8230;<\/p>\n","protected":false},"featured_media":64863,"comment_status":"closed","ping_status":"closed","template":"","meta":{"_acf_changed":false},"product_brand":[],"product_cat":[1684,1685],"product_tag":[],"class_list":{"0":"post-65356","1":"product","2":"type-product","3":"status-publish","4":"has-post-thumbnail","6":"product_cat-custom-baking-tins-trays-racks","7":"product_cat-oven-and-storage-racks","9":"first","10":"instock","11":"taxable","12":"shipping-taxable","13":"product-type-simple"},"acf":[],"yoast_head":"<!-- This site is optimized with the Yoast SEO Premium plugin v27.3 (Yoast SEO v27.3) - https:\/\/yoast.com\/product\/yoast-seo-premium-wordpress\/ -->\n<title>Rega\u0142y sk\u0142adowe na zam\u00f3wienie by American Pan &#8902; American Pan Europe<\/title>\n<meta name=\"description\" content=\"&#8902; Our storage racks are completely customizable based on the unique needs of your baking operation. &#8902;\" \/>\n<meta name=\"robots\" content=\"index, follow, max-snippet:-1, max-image-preview:large, max-video-preview:-1\" \/>\n<link rel=\"canonical\" href=\"https:\/\/www.americanpan.com\/europe\/pl\/product\/custom-storage-racks\/\" \/>\n<meta property=\"og:locale\" content=\"pl_PL\" \/>\n<meta property=\"og:type\" content=\"article\" \/>\n<meta property=\"og:title\" content=\"Rega\u0142y sk\u0142adowe na zam\u00f3wienie &#8902; American Pan Europe\" \/>\n<meta property=\"og:description\" content=\"&#8902;\" \/>\n<meta property=\"og:url\" content=\"https:\/\/www.americanpan.com\/europe\/pl\/product\/custom-storage-racks\/\" \/>\n<meta property=\"og:site_name\" content=\"American Pan Europe\" \/>\n<meta property=\"article:modified_time\" content=\"2026-02-26T19:01:33+00:00\" \/>\n<meta property=\"og:image\" content=\"https:\/\/www.americanpan.com\/europe\/wp-content\/uploads\/sites\/18\/2018\/09\/BTY544.png\" \/>\n\t<meta property=\"og:image:width\" content=\"1440\" \/>\n\t<meta property=\"og:image:height\" content=\"961\" \/>\n\t<meta property=\"og:image:type\" content=\"image\/png\" \/>\n<meta name=\"twitter:card\" content=\"summary_large_image\" \/>\n<meta name=\"twitter:description\" content=\"Perforated baking trays are available in any perforation size or pattern. They can be constructed with curled or folded edges and wire or band in rim. For heavy duty industrial applications, frames can be constructed with an interlocking rib design which allows pans to stack and also protects the baking screen to increase pan life.\" \/>\n<meta name=\"twitter:label1\" content=\"Cena\" \/>\n\t<meta name=\"twitter:data1\" content=\"\" \/>\n\t<meta name=\"twitter:label2\" content=\"Dost\u0119pno\u015b\u0107\" \/>\n\t<meta name=\"twitter:data2\" content=\"Dost\u0119pny\" \/>\n<script type=\"application\/ld+json\" class=\"yoast-schema-graph\">{\"@context\":\"https:\\\/\\\/schema.org\",\"@graph\":[{\"@type\":\"WebPage\",\"@id\":\"https:\\\/\\\/www.americanpan.com\\\/europe\\\/pl\\\/product\\\/custom-storage-racks\\\/\",\"url\":\"https:\\\/\\\/www.americanpan.com\\\/europe\\\/pl\\\/product\\\/custom-storage-racks\\\/\",\"name\":\"Rega\u0142y sk\u0142adowe na zam\u00f3wienie by American Pan &#8902; American Pan Europe\",\"isPartOf\":{\"@id\":\"https:\\\/\\\/www.americanpan.com\\\/europe\\\/pl\\\/#website\"},\"primaryImageOfPage\":{\"@id\":\"https:\\\/\\\/www.americanpan.com\\\/europe\\\/pl\\\/product\\\/custom-storage-racks\\\/#primaryimage\"},\"image\":{\"@id\":\"https:\\\/\\\/www.americanpan.com\\\/europe\\\/pl\\\/product\\\/custom-storage-racks\\\/#primaryimage\"},\"thumbnailUrl\":\"https:\\\/\\\/www.americanpan.com\\\/europe\\\/wp-content\\\/uploads\\\/sites\\\/18\\\/2024\\\/08\\\/lz4560L18-967x2048-1.jpg\",\"datePublished\":\"2024-08-13T15:55:05+00:00\",\"dateModified\":\"2026-02-26T19:01:33+00:00\",\"description\":\"&#8902; Our storage racks are completely customizable based on the unique needs of your baking operation. &#8902;\",\"breadcrumb\":{\"@id\":\"https:\\\/\\\/www.americanpan.com\\\/europe\\\/pl\\\/product\\\/custom-storage-racks\\\/#breadcrumb\"},\"inLanguage\":\"pl-PL\",\"potentialAction\":[{\"@type\":\"ReadAction\",\"target\":[\"https:\\\/\\\/www.americanpan.com\\\/europe\\\/pl\\\/product\\\/custom-storage-racks\\\/\"]}]},{\"@type\":\"ImageObject\",\"inLanguage\":\"pl-PL\",\"@id\":\"https:\\\/\\\/www.americanpan.com\\\/europe\\\/pl\\\/product\\\/custom-storage-racks\\\/#primaryimage\",\"url\":\"https:\\\/\\\/www.americanpan.com\\\/europe\\\/wp-content\\\/uploads\\\/sites\\\/18\\\/2024\\\/08\\\/lz4560L18-967x2048-1.jpg\",\"contentUrl\":\"https:\\\/\\\/www.americanpan.com\\\/europe\\\/wp-content\\\/uploads\\\/sites\\\/18\\\/2024\\\/08\\\/lz4560L18-967x2048-1.jpg\",\"width\":800,\"height\":800},{\"@type\":\"BreadcrumbList\",\"@id\":\"https:\\\/\\\/www.americanpan.com\\\/europe\\\/pl\\\/product\\\/custom-storage-racks\\\/#breadcrumb\",\"itemListElement\":[{\"@type\":\"ListItem\",\"position\":1,\"name\":\"Home\",\"item\":\"https:\\\/\\\/www.americanpan.com\\\/europe\\\/pl\\\/\"},{\"@type\":\"ListItem\",\"position\":2,\"name\":\"Products\",\"item\":\"https:\\\/\\\/www.americanpan.com\\\/europe\\\/pl\\\/shop\\\/\"},{\"@type\":\"ListItem\",\"position\":3,\"name\":\"Rega\u0142y sk\u0142adowe na zam\u00f3wienie\"}]},{\"@type\":\"WebSite\",\"@id\":\"https:\\\/\\\/www.americanpan.com\\\/europe\\\/pl\\\/#website\",\"url\":\"https:\\\/\\\/www.americanpan.com\\\/europe\\\/pl\\\/\",\"name\":\"American Pan Europe\",\"description\":\"Industrial Baking Pans &amp; Coatings\",\"publisher\":{\"@id\":\"https:\\\/\\\/www.americanpan.com\\\/europe\\\/pl\\\/#organization\"},\"potentialAction\":[{\"@type\":\"SearchAction\",\"target\":{\"@type\":\"EntryPoint\",\"urlTemplate\":\"https:\\\/\\\/www.americanpan.com\\\/europe\\\/pl\\\/?s={search_term_string}\"},\"query-input\":{\"@type\":\"PropertyValueSpecification\",\"valueRequired\":true,\"valueName\":\"search_term_string\"}}],\"inLanguage\":\"pl-PL\"},{\"@type\":\"Organization\",\"@id\":\"https:\\\/\\\/www.americanpan.com\\\/europe\\\/pl\\\/#organization\",\"name\":\"American Pan: Industrielle Backformen\",\"url\":\"https:\\\/\\\/www.americanpan.com\\\/europe\\\/pl\\\/\",\"logo\":{\"@type\":\"ImageObject\",\"inLanguage\":\"pl-PL\",\"@id\":\"https:\\\/\\\/www.americanpan.com\\\/europe\\\/pl\\\/#\\\/schema\\\/logo\\\/image\\\/\",\"url\":\"https:\\\/\\\/www.americanpan.com\\\/europe\\\/wp-content\\\/uploads\\\/sites\\\/18\\\/2022\\\/03\\\/logo-europe.png\",\"contentUrl\":\"https:\\\/\\\/www.americanpan.com\\\/europe\\\/wp-content\\\/uploads\\\/sites\\\/18\\\/2022\\\/03\\\/logo-europe.png\",\"width\":458,\"height\":172,\"caption\":\"American Pan: Industrielle Backformen\"},\"image\":{\"@id\":\"https:\\\/\\\/www.americanpan.com\\\/europe\\\/pl\\\/#\\\/schema\\\/logo\\\/image\\\/\"}}]}<\/script>\n<meta property=\"product:price:currency\" content=\"EUR\" \/>\n<meta property=\"og:availability\" content=\"instock\" \/>\n<meta property=\"product:availability\" content=\"instock\" \/>\n<meta property=\"product:retailer_item_id\" content=\"Oven Racks-1\" \/>\n<meta property=\"product:condition\" content=\"new\" \/>\n<!-- \/ Yoast SEO Premium plugin. -->","yoast_head_json":{"title":"Rega\u0142y sk\u0142adowe na zam\u00f3wienie by American Pan &#8902; American Pan Europe","description":"&#8902; Our storage racks are completely customizable based on the unique needs of your baking operation. &#8902;","robots":{"index":"index","follow":"follow","max-snippet":"max-snippet:-1","max-image-preview":"max-image-preview:large","max-video-preview":"max-video-preview:-1"},"canonical":"https:\/\/www.americanpan.com\/europe\/pl\/product\/custom-storage-racks\/","og_locale":"pl_PL","og_type":"article","og_title":"Rega\u0142y sk\u0142adowe na zam\u00f3wienie &#8902; American Pan Europe","og_description":"&#8902;","og_url":"https:\/\/www.americanpan.com\/europe\/pl\/product\/custom-storage-racks\/","og_site_name":"American Pan Europe","article_modified_time":"2026-02-26T19:01:33+00:00","og_image":[{"width":1440,"height":961,"url":"https:\/\/www.americanpan.com\/europe\/wp-content\/uploads\/sites\/18\/2018\/09\/BTY544.png","type":"image\/png"}],"twitter_card":"summary_large_image","twitter_description":"Perforated baking trays are available in any perforation size or pattern. They can be constructed with curled or folded edges and wire or band in rim. For heavy duty industrial applications, frames can be constructed with an interlocking rib design which allows pans to stack and also protects the baking screen to increase pan life.","twitter_misc":{"Cena":"","Dost\u0119pno\u015b\u0107":"Dost\u0119pny"},"schema":{"@context":"https:\/\/schema.org","@graph":[{"@type":"WebPage","@id":"https:\/\/www.americanpan.com\/europe\/pl\/product\/custom-storage-racks\/","url":"https:\/\/www.americanpan.com\/europe\/pl\/product\/custom-storage-racks\/","name":"Rega\u0142y sk\u0142adowe na zam\u00f3wienie by American Pan &#8902; American Pan Europe","isPartOf":{"@id":"https:\/\/www.americanpan.com\/europe\/pl\/#website"},"primaryImageOfPage":{"@id":"https:\/\/www.americanpan.com\/europe\/pl\/product\/custom-storage-racks\/#primaryimage"},"image":{"@id":"https:\/\/www.americanpan.com\/europe\/pl\/product\/custom-storage-racks\/#primaryimage"},"thumbnailUrl":"https:\/\/www.americanpan.com\/europe\/wp-content\/uploads\/sites\/18\/2024\/08\/lz4560L18-967x2048-1.jpg","datePublished":"2024-08-13T15:55:05+00:00","dateModified":"2026-02-26T19:01:33+00:00","description":"&#8902; Our storage racks are completely customizable based on the unique needs of your baking operation. &#8902;","breadcrumb":{"@id":"https:\/\/www.americanpan.com\/europe\/pl\/product\/custom-storage-racks\/#breadcrumb"},"inLanguage":"pl-PL","potentialAction":[{"@type":"ReadAction","target":["https:\/\/www.americanpan.com\/europe\/pl\/product\/custom-storage-racks\/"]}]},{"@type":"ImageObject","inLanguage":"pl-PL","@id":"https:\/\/www.americanpan.com\/europe\/pl\/product\/custom-storage-racks\/#primaryimage","url":"https:\/\/www.americanpan.com\/europe\/wp-content\/uploads\/sites\/18\/2024\/08\/lz4560L18-967x2048-1.jpg","contentUrl":"https:\/\/www.americanpan.com\/europe\/wp-content\/uploads\/sites\/18\/2024\/08\/lz4560L18-967x2048-1.jpg","width":800,"height":800},{"@type":"BreadcrumbList","@id":"https:\/\/www.americanpan.com\/europe\/pl\/product\/custom-storage-racks\/#breadcrumb","itemListElement":[{"@type":"ListItem","position":1,"name":"Home","item":"https:\/\/www.americanpan.com\/europe\/pl\/"},{"@type":"ListItem","position":2,"name":"Products","item":"https:\/\/www.americanpan.com\/europe\/pl\/shop\/"},{"@type":"ListItem","position":3,"name":"Rega\u0142y sk\u0142adowe na zam\u00f3wienie"}]},{"@type":"WebSite","@id":"https:\/\/www.americanpan.com\/europe\/pl\/#website","url":"https:\/\/www.americanpan.com\/europe\/pl\/","name":"American Pan Europe","description":"Industrial Baking Pans &amp; Coatings","publisher":{"@id":"https:\/\/www.americanpan.com\/europe\/pl\/#organization"},"potentialAction":[{"@type":"SearchAction","target":{"@type":"EntryPoint","urlTemplate":"https:\/\/www.americanpan.com\/europe\/pl\/?s={search_term_string}"},"query-input":{"@type":"PropertyValueSpecification","valueRequired":true,"valueName":"search_term_string"}}],"inLanguage":"pl-PL"},{"@type":"Organization","@id":"https:\/\/www.americanpan.com\/europe\/pl\/#organization","name":"American Pan: Industrielle Backformen","url":"https:\/\/www.americanpan.com\/europe\/pl\/","logo":{"@type":"ImageObject","inLanguage":"pl-PL","@id":"https:\/\/www.americanpan.com\/europe\/pl\/#\/schema\/logo\/image\/","url":"https:\/\/www.americanpan.com\/europe\/wp-content\/uploads\/sites\/18\/2022\/03\/logo-europe.png","contentUrl":"https:\/\/www.americanpan.com\/europe\/wp-content\/uploads\/sites\/18\/2022\/03\/logo-europe.png","width":458,"height":172,"caption":"American Pan: Industrielle Backformen"},"image":{"@id":"https:\/\/www.americanpan.com\/europe\/pl\/#\/schema\/logo\/image\/"}}]},"product_price_currency":"EUR","og_availability":"instock","product_availability":"instock","product_retailer_item_id":"Oven Racks-1","product_condition":"new"},"_links":{"self":[{"href":"https:\/\/www.americanpan.com\/europe\/pl\/wp-json\/wp\/v2\/product\/65356","targetHints":{"allow":["GET"]}}],"collection":[{"href":"https:\/\/www.americanpan.com\/europe\/pl\/wp-json\/wp\/v2\/product"}],"about":[{"href":"https:\/\/www.americanpan.com\/europe\/pl\/wp-json\/wp\/v2\/types\/product"}],"replies":[{"embeddable":true,"href":"https:\/\/www.americanpan.com\/europe\/pl\/wp-json\/wp\/v2\/comments?post=65356"}],"wp:featuredmedia":[{"embeddable":true,"href":"https:\/\/www.americanpan.com\/europe\/pl\/wp-json\/wp\/v2\/media\/64863"}],"wp:attachment":[{"href":"https:\/\/www.americanpan.com\/europe\/pl\/wp-json\/wp\/v2\/media?parent=65356"}],"wp:term":[{"taxonomy":"product_brand","embeddable":true,"href":"https:\/\/www.americanpan.com\/europe\/pl\/wp-json\/wp\/v2\/product_brand?post=65356"},{"taxonomy":"product_cat","embeddable":true,"href":"https:\/\/www.americanpan.com\/europe\/pl\/wp-json\/wp\/v2\/product_cat?post=65356"},{"taxonomy":"product_tag","embeddable":true,"href":"https:\/\/www.americanpan.com\/europe\/pl\/wp-json\/wp\/v2\/product_tag?post=65356"}],"curies":[{"name":"wp","href":"https:\/\/api.w.org\/{rel}","templated":true}]}}