{"id":37412,"date":"2018-09-14T00:29:41","date_gmt":"2018-09-13T23:29:41","guid":{"rendered":"https:\/\/www.americanpan.com\/europe\/product\/teglia-pizza-individuale\/"},"modified":"2023-04-17T02:34:39","modified_gmt":"2023-04-17T01:34:39","slug":"teglia-pizza-individuale","status":"publish","type":"product","link":"https:\/\/www.americanpan.com\/europe\/it\/product\/teglia-pizza-individuale\/","title":{"rendered":"Teglia pizza individuale"},"content":{"rendered":"","protected":false},"excerpt":{"rendered":"<p>Realizzato per adattarsi a qualsiasi operazione o stile di pizza. Con una forma, dimensioni e profondit\u00e0 personalizzate, \u00e8 stato progettato con impilabile capacit\u00e0 di impilamento e rilascio.<\/p>\n","protected":false},"featured_media":41548,"comment_status":"closed","ping_status":"closed","template":"","meta":{"_acf_changed":false},"product_brand":[],"product_cat":[1342,1372],"product_tag":[],"class_list":{"0":"post-37412","1":"product","2":"type-product","3":"status-publish","4":"has-post-thumbnail","6":"product_cat-stampi-da-forno-e-teglie-personalizzate","7":"product_cat-teglie-per-pizza-e-pane","9":"first","10":"instock","11":"taxable","12":"shipping-taxable","13":"product-type-simple"},"acf":[],"yoast_head":"<!-- This site is optimized with the Yoast SEO Premium plugin v27.3 (Yoast SEO v27.3) - https:\/\/yoast.com\/product\/yoast-seo-premium-wordpress\/ -->\n<title>Teglia pizza individuale - American Pan &#8902; American Pan Europe<\/title>\n<meta name=\"description\" content=\"Con una forma, dimensioni e profondit\u00e0 personalizzate, \u00e8 stato progettato con impilabile capacit\u00e0 di impilamento e rilascio.\" \/>\n<meta name=\"robots\" content=\"index, follow, max-snippet:-1, max-image-preview:large, max-video-preview:-1\" \/>\n<link rel=\"canonical\" href=\"https:\/\/www.americanpan.com\/europe\/it\/product\/teglia-pizza-individuale\/\" \/>\n<meta property=\"og:locale\" content=\"it_IT\" \/>\n<meta property=\"og:type\" content=\"article\" \/>\n<meta property=\"og:title\" content=\"Teglia pizza individuale &#8902; American Pan Europe\" \/>\n<meta property=\"og:description\" content=\"Realizzato per adattarsi a qualsiasi operazione o stile di pizza. Con una forma, dimensioni e profondit\u00e0 personalizzate, \u00e8 stato progettato con impilabile capacit\u00e0 di impilamento e rilascio.\" \/>\n<meta property=\"og:url\" content=\"https:\/\/www.americanpan.com\/europe\/it\/product\/teglia-pizza-individuale\/\" \/>\n<meta property=\"og:site_name\" content=\"American Pan Europe\" \/>\n<meta property=\"article:modified_time\" content=\"2023-04-17T01:34:39+00:00\" \/>\n<meta property=\"og:image\" content=\"https:\/\/stg-bundybakingsolutions.com\/wp-content\/uploads\/2018\/09\/91108.jpg\" \/>\n<meta name=\"twitter:card\" content=\"summary_large_image\" \/>\n<meta name=\"twitter:description\" content=\"Realizzato per adattarsi a qualsiasi operazione o stile di pizza. Con una forma, dimensioni e profondit\u00e0 personalizzate, \u00e8 stato progettato con impilabile capacit\u00e0 di impilamento e rilascio.\" \/>\n<meta name=\"twitter:image\" content=\"https:\/\/stg-bundybakingsolutions.com\/wp-content\/uploads\/2016\/07\/BAKALON_DeepDish_PizzaPans.png\" \/>\n<meta name=\"twitter:label1\" content=\"Prezzo\" \/>\n\t<meta name=\"twitter:data1\" content=\"\" \/>\n\t<meta name=\"twitter:label2\" content=\"Disponibilit\u00e0\" \/>\n\t<meta name=\"twitter:data2\" content=\"In stock\" \/>\n<script type=\"application\/ld+json\" class=\"yoast-schema-graph\">{\"@context\":\"https:\\\/\\\/schema.org\",\"@graph\":[{\"@type\":\"WebPage\",\"@id\":\"https:\\\/\\\/www.americanpan.com\\\/europe\\\/it\\\/product\\\/teglia-pizza-individuale\\\/\",\"url\":\"https:\\\/\\\/www.americanpan.com\\\/europe\\\/it\\\/product\\\/teglia-pizza-individuale\\\/\",\"name\":\"Teglia pizza individuale - American Pan &#8902; American Pan Europe\",\"isPartOf\":{\"@id\":\"https:\\\/\\\/www.americanpan.com\\\/europe\\\/it\\\/#website\"},\"primaryImageOfPage\":{\"@id\":\"https:\\\/\\\/www.americanpan.com\\\/europe\\\/it\\\/product\\\/teglia-pizza-individuale\\\/#primaryimage\"},\"image\":{\"@id\":\"https:\\\/\\\/www.americanpan.com\\\/europe\\\/it\\\/product\\\/teglia-pizza-individuale\\\/#primaryimage\"},\"thumbnailUrl\":\"https:\\\/\\\/www.americanpan.com\\\/europe\\\/wp-content\\\/uploads\\\/sites\\\/18\\\/2018\\\/09\\\/AP-Products-1300-x-975-pizza-stack.jpg\",\"datePublished\":\"2018-09-13T23:29:41+00:00\",\"dateModified\":\"2023-04-17T01:34:39+00:00\",\"description\":\"Con una forma, dimensioni e profondit\u00e0 personalizzate, \u00e8 stato progettato con impilabile capacit\u00e0 di impilamento e rilascio.\",\"breadcrumb\":{\"@id\":\"https:\\\/\\\/www.americanpan.com\\\/europe\\\/it\\\/product\\\/teglia-pizza-individuale\\\/#breadcrumb\"},\"inLanguage\":\"it-IT\",\"potentialAction\":[{\"@type\":\"ReadAction\",\"target\":[\"https:\\\/\\\/www.americanpan.com\\\/europe\\\/it\\\/product\\\/teglia-pizza-individuale\\\/\"]}]},{\"@type\":\"ImageObject\",\"inLanguage\":\"it-IT\",\"@id\":\"https:\\\/\\\/www.americanpan.com\\\/europe\\\/it\\\/product\\\/teglia-pizza-individuale\\\/#primaryimage\",\"url\":\"https:\\\/\\\/www.americanpan.com\\\/europe\\\/wp-content\\\/uploads\\\/sites\\\/18\\\/2018\\\/09\\\/AP-Products-1300-x-975-pizza-stack.jpg\",\"contentUrl\":\"https:\\\/\\\/www.americanpan.com\\\/europe\\\/wp-content\\\/uploads\\\/sites\\\/18\\\/2018\\\/09\\\/AP-Products-1300-x-975-pizza-stack.jpg\",\"width\":1300,\"height\":975,\"caption\":\"E PAN-A 016\"},{\"@type\":\"BreadcrumbList\",\"@id\":\"https:\\\/\\\/www.americanpan.com\\\/europe\\\/it\\\/product\\\/teglia-pizza-individuale\\\/#breadcrumb\",\"itemListElement\":[{\"@type\":\"ListItem\",\"position\":1,\"name\":\"Home\",\"item\":\"https:\\\/\\\/www.americanpan.com\\\/europe\\\/it\\\/\"},{\"@type\":\"ListItem\",\"position\":2,\"name\":\"Prodotti\",\"item\":\"https:\\\/\\\/www.americanpan.com\\\/europe\\\/it\\\/shop\\\/\"},{\"@type\":\"ListItem\",\"position\":3,\"name\":\"Teglia pizza individuale\"}]},{\"@type\":\"WebSite\",\"@id\":\"https:\\\/\\\/www.americanpan.com\\\/europe\\\/it\\\/#website\",\"url\":\"https:\\\/\\\/www.americanpan.com\\\/europe\\\/it\\\/\",\"name\":\"American Pan Europe\",\"description\":\"Forme industriali di cottura e rivestimento\",\"publisher\":{\"@id\":\"https:\\\/\\\/www.americanpan.com\\\/europe\\\/it\\\/#organization\"},\"potentialAction\":[{\"@type\":\"SearchAction\",\"target\":{\"@type\":\"EntryPoint\",\"urlTemplate\":\"https:\\\/\\\/www.americanpan.com\\\/europe\\\/it\\\/?s={search_term_string}\"},\"query-input\":{\"@type\":\"PropertyValueSpecification\",\"valueRequired\":true,\"valueName\":\"search_term_string\"}}],\"inLanguage\":\"it-IT\"},{\"@type\":\"Organization\",\"@id\":\"https:\\\/\\\/www.americanpan.com\\\/europe\\\/it\\\/#organization\",\"name\":\"American Pan: Forme industriali di cottura e rivestimento\",\"url\":\"https:\\\/\\\/www.americanpan.com\\\/europe\\\/it\\\/\",\"logo\":{\"@type\":\"ImageObject\",\"inLanguage\":\"it-IT\",\"@id\":\"https:\\\/\\\/www.americanpan.com\\\/europe\\\/it\\\/#\\\/schema\\\/logo\\\/image\\\/\",\"url\":\"https:\\\/\\\/www.americanpan.com\\\/europe\\\/wp-content\\\/uploads\\\/sites\\\/18\\\/2022\\\/03\\\/logo-europe.png\",\"contentUrl\":\"https:\\\/\\\/www.americanpan.com\\\/europe\\\/wp-content\\\/uploads\\\/sites\\\/18\\\/2022\\\/03\\\/logo-europe.png\",\"width\":458,\"height\":172,\"caption\":\"American Pan: Forme industriali di cottura e rivestimento\"},\"image\":{\"@id\":\"https:\\\/\\\/www.americanpan.com\\\/europe\\\/it\\\/#\\\/schema\\\/logo\\\/image\\\/\"}}]}<\/script>\n<meta property=\"product:price:currency\" content=\"EUR\" \/>\n<meta property=\"og:availability\" content=\"instock\" \/>\n<meta property=\"product:availability\" content=\"instock\" \/>\n<meta property=\"product:retailer_item_id\" content=\"Single Pizza Pans\" \/>\n<meta property=\"product:condition\" content=\"new\" \/>\n<!-- \/ Yoast SEO Premium plugin. -->","yoast_head_json":{"title":"Teglia pizza individuale - American Pan &#8902; American Pan Europe","description":"Con una forma, dimensioni e profondit\u00e0 personalizzate, \u00e8 stato progettato con impilabile capacit\u00e0 di impilamento e rilascio.","robots":{"index":"index","follow":"follow","max-snippet":"max-snippet:-1","max-image-preview":"max-image-preview:large","max-video-preview":"max-video-preview:-1"},"canonical":"https:\/\/www.americanpan.com\/europe\/it\/product\/teglia-pizza-individuale\/","og_locale":"it_IT","og_type":"article","og_title":"Teglia pizza individuale &#8902; American Pan Europe","og_description":"Realizzato per adattarsi a qualsiasi operazione o stile di pizza. Con una forma, dimensioni e profondit\u00e0 personalizzate, \u00e8 stato progettato con impilabile capacit\u00e0 di impilamento e rilascio.","og_url":"https:\/\/www.americanpan.com\/europe\/it\/product\/teglia-pizza-individuale\/","og_site_name":"American Pan Europe","article_modified_time":"2023-04-17T01:34:39+00:00","og_image":[{"url":"https:\/\/stg-bundybakingsolutions.com\/wp-content\/uploads\/2018\/09\/91108.jpg","type":"","width":"","height":""}],"twitter_card":"summary_large_image","twitter_description":"Realizzato per adattarsi a qualsiasi operazione o stile di pizza. Con una forma, dimensioni e profondit\u00e0 personalizzate, \u00e8 stato progettato con impilabile capacit\u00e0 di impilamento e rilascio.","twitter_image":"https:\/\/stg-bundybakingsolutions.com\/wp-content\/uploads\/2016\/07\/BAKALON_DeepDish_PizzaPans.png","twitter_misc":{"Prezzo":"","Disponibilit\u00e0":"In stock"},"schema":{"@context":"https:\/\/schema.org","@graph":[{"@type":"WebPage","@id":"https:\/\/www.americanpan.com\/europe\/it\/product\/teglia-pizza-individuale\/","url":"https:\/\/www.americanpan.com\/europe\/it\/product\/teglia-pizza-individuale\/","name":"Teglia pizza individuale - American Pan &#8902; American Pan Europe","isPartOf":{"@id":"https:\/\/www.americanpan.com\/europe\/it\/#website"},"primaryImageOfPage":{"@id":"https:\/\/www.americanpan.com\/europe\/it\/product\/teglia-pizza-individuale\/#primaryimage"},"image":{"@id":"https:\/\/www.americanpan.com\/europe\/it\/product\/teglia-pizza-individuale\/#primaryimage"},"thumbnailUrl":"https:\/\/www.americanpan.com\/europe\/wp-content\/uploads\/sites\/18\/2018\/09\/AP-Products-1300-x-975-pizza-stack.jpg","datePublished":"2018-09-13T23:29:41+00:00","dateModified":"2023-04-17T01:34:39+00:00","description":"Con una forma, dimensioni e profondit\u00e0 personalizzate, \u00e8 stato progettato con impilabile capacit\u00e0 di impilamento e rilascio.","breadcrumb":{"@id":"https:\/\/www.americanpan.com\/europe\/it\/product\/teglia-pizza-individuale\/#breadcrumb"},"inLanguage":"it-IT","potentialAction":[{"@type":"ReadAction","target":["https:\/\/www.americanpan.com\/europe\/it\/product\/teglia-pizza-individuale\/"]}]},{"@type":"ImageObject","inLanguage":"it-IT","@id":"https:\/\/www.americanpan.com\/europe\/it\/product\/teglia-pizza-individuale\/#primaryimage","url":"https:\/\/www.americanpan.com\/europe\/wp-content\/uploads\/sites\/18\/2018\/09\/AP-Products-1300-x-975-pizza-stack.jpg","contentUrl":"https:\/\/www.americanpan.com\/europe\/wp-content\/uploads\/sites\/18\/2018\/09\/AP-Products-1300-x-975-pizza-stack.jpg","width":1300,"height":975,"caption":"E PAN-A 016"},{"@type":"BreadcrumbList","@id":"https:\/\/www.americanpan.com\/europe\/it\/product\/teglia-pizza-individuale\/#breadcrumb","itemListElement":[{"@type":"ListItem","position":1,"name":"Home","item":"https:\/\/www.americanpan.com\/europe\/it\/"},{"@type":"ListItem","position":2,"name":"Prodotti","item":"https:\/\/www.americanpan.com\/europe\/it\/shop\/"},{"@type":"ListItem","position":3,"name":"Teglia pizza individuale"}]},{"@type":"WebSite","@id":"https:\/\/www.americanpan.com\/europe\/it\/#website","url":"https:\/\/www.americanpan.com\/europe\/it\/","name":"American Pan Europe","description":"Forme industriali di cottura e rivestimento","publisher":{"@id":"https:\/\/www.americanpan.com\/europe\/it\/#organization"},"potentialAction":[{"@type":"SearchAction","target":{"@type":"EntryPoint","urlTemplate":"https:\/\/www.americanpan.com\/europe\/it\/?s={search_term_string}"},"query-input":{"@type":"PropertyValueSpecification","valueRequired":true,"valueName":"search_term_string"}}],"inLanguage":"it-IT"},{"@type":"Organization","@id":"https:\/\/www.americanpan.com\/europe\/it\/#organization","name":"American Pan: Forme industriali di cottura e rivestimento","url":"https:\/\/www.americanpan.com\/europe\/it\/","logo":{"@type":"ImageObject","inLanguage":"it-IT","@id":"https:\/\/www.americanpan.com\/europe\/it\/#\/schema\/logo\/image\/","url":"https:\/\/www.americanpan.com\/europe\/wp-content\/uploads\/sites\/18\/2022\/03\/logo-europe.png","contentUrl":"https:\/\/www.americanpan.com\/europe\/wp-content\/uploads\/sites\/18\/2022\/03\/logo-europe.png","width":458,"height":172,"caption":"American Pan: Forme industriali di cottura e rivestimento"},"image":{"@id":"https:\/\/www.americanpan.com\/europe\/it\/#\/schema\/logo\/image\/"}}]},"product_price_currency":"EUR","og_availability":"instock","product_availability":"instock","product_retailer_item_id":"Single Pizza Pans","product_condition":"new"},"_links":{"self":[{"href":"https:\/\/www.americanpan.com\/europe\/it\/wp-json\/wp\/v2\/product\/37412","targetHints":{"allow":["GET"]}}],"collection":[{"href":"https:\/\/www.americanpan.com\/europe\/it\/wp-json\/wp\/v2\/product"}],"about":[{"href":"https:\/\/www.americanpan.com\/europe\/it\/wp-json\/wp\/v2\/types\/product"}],"replies":[{"embeddable":true,"href":"https:\/\/www.americanpan.com\/europe\/it\/wp-json\/wp\/v2\/comments?post=37412"}],"wp:featuredmedia":[{"embeddable":true,"href":"https:\/\/www.americanpan.com\/europe\/it\/wp-json\/wp\/v2\/media\/41548"}],"wp:attachment":[{"href":"https:\/\/www.americanpan.com\/europe\/it\/wp-json\/wp\/v2\/media?parent=37412"}],"wp:term":[{"taxonomy":"product_brand","embeddable":true,"href":"https:\/\/www.americanpan.com\/europe\/it\/wp-json\/wp\/v2\/product_brand?post=37412"},{"taxonomy":"product_cat","embeddable":true,"href":"https:\/\/www.americanpan.com\/europe\/it\/wp-json\/wp\/v2\/product_cat?post=37412"},{"taxonomy":"product_tag","embeddable":true,"href":"https:\/\/www.americanpan.com\/europe\/it\/wp-json\/wp\/v2\/product_tag?post=37412"}],"curies":[{"name":"wp","href":"https:\/\/api.w.org\/{rel}","templated":true}]}}