{"id":64268,"date":"2024-08-13T15:56:20","date_gmt":"2024-08-13T14:56:20","guid":{"rendered":"https:\/\/www.americanpan.com\/europe\/?post_type=product&#038;p=64268"},"modified":"2026-02-16T21:05:58","modified_gmt":"2026-02-16T21:05:58","slug":"chariots-de-four-industriels-sur-mesure","status":"publish","type":"product","link":"https:\/\/www.americanpan.com\/europe\/fr\/product\/chariots-de-four-industriels-sur-mesure\/","title":{"rendered":"Chariots de four industriels sur mesure"},"content":{"rendered":"","protected":false},"excerpt":{"rendered":"<p>Les plaques de cuisson perfor\u00e9es sont disponibles dans toutes les tailles de perforation. Elles peuvent \u00eatre construites avec des bords recourb\u00e9s ou pli\u00e9s et avec fil ou bande sur bord. Pour les grandes applications industrielles, les cadres peuvent \u00eatre construits avec des nervures imbriqu\u00e9es qui permettent aux moules de s&#8217;empiler et prot\u00e8gent \u00e9galement l&rsquo;\u00e9cran de cuisson pour augmenter la dur\u00e9e de vie des moules.<\/p>\n","protected":false},"featured_media":64274,"comment_status":"closed","ping_status":"closed","template":"","meta":{"_acf_changed":false},"product_brand":[],"product_cat":[1340],"product_tag":[],"class_list":{"0":"post-64268","1":"product","2":"type-product","3":"status-publish","4":"has-post-thumbnail","6":"product_cat-plaques-et-moules-sur-mesure-fr","8":"first","9":"instock","10":"taxable","11":"shipping-taxable","12":"product-type-simple"},"acf":[],"yoast_head":"<!-- This site is optimized with the Yoast SEO Premium plugin v27.4 (Yoast SEO v27.4) - https:\/\/yoast.com\/product\/yoast-seo-premium-wordpress\/ -->\n<title>Chariots de four industriels sur mesure - American Pan &#8902; American Pan Europe<\/title>\n<meta name=\"description\" content=\"Les plaques de cuisson perfor\u00e9es sont disponibles dans toutes les tailles de perforation. Elles peuvent \u00eatre construites avec des bords recourb\u00e9s ou pli\u00e9s et avec fil ou bande sur bord.\" \/>\n<meta name=\"robots\" content=\"index, follow, max-snippet:-1, max-image-preview:large, max-video-preview:-1\" \/>\n<link rel=\"canonical\" href=\"https:\/\/www.americanpan.com\/europe\/fr\/product\/chariots-de-four-industriels-sur-mesure\/\" \/>\n<meta property=\"og:locale\" content=\"fr_FR\" \/>\n<meta property=\"og:type\" content=\"article\" \/>\n<meta property=\"og:title\" content=\"Chariots de four industriels sur mesure &#8902; American Pan Europe\" \/>\n<meta property=\"og:description\" content=\"&#8902;\" \/>\n<meta property=\"og:url\" content=\"https:\/\/www.americanpan.com\/europe\/fr\/product\/chariots-de-four-industriels-sur-mesure\/\" \/>\n<meta property=\"og:site_name\" content=\"American Pan Europe\" \/>\n<meta property=\"article:modified_time\" content=\"2026-02-16T21:05:58+00:00\" \/>\n<meta property=\"og:image\" content=\"https:\/\/stg-bundybakingsolutions.com\/wp-content\/uploads\/2018\/09\/BTY544.png\" \/>\n<meta name=\"twitter:card\" content=\"summary_large_image\" \/>\n<meta name=\"twitter:description\" content=\"Les plaques de cuisson perfor\u00e9es sont disponibles dans toutes les tailles de perforation. Elles peuvent \u00eatre construites avec des bords recourb\u00e9s ou pli\u00e9s et avec fil ou bande sur bord. Pour les grandes applications industrielles, les cadres peuvent \u00eatre construits avec des nervures imbriqu\u00e9es qui permettent aux moules de s&#039;empiler et prot\u00e8gent \u00e9galement l&#039;\u00e9cran de cuisson pour augmenter la dur\u00e9e de vie des moules.\" \/>\n<meta name=\"twitter:label1\" content=\"Prix\" \/>\n\t<meta name=\"twitter:data1\" content=\"\" \/>\n\t<meta name=\"twitter:label2\" content=\"Disponibilit\u00e9\" \/>\n\t<meta name=\"twitter:data2\" content=\"En stock\" \/>\n<script type=\"application\/ld+json\" class=\"yoast-schema-graph\">{\"@context\":\"https:\\\/\\\/schema.org\",\"@graph\":[{\"@type\":\"WebPage\",\"@id\":\"https:\\\/\\\/www.americanpan.com\\\/europe\\\/fr\\\/product\\\/chariots-de-four-industriels-sur-mesure\\\/\",\"url\":\"https:\\\/\\\/www.americanpan.com\\\/europe\\\/fr\\\/product\\\/chariots-de-four-industriels-sur-mesure\\\/\",\"name\":\"Chariots de four industriels sur mesure - American Pan &#8902; American Pan Europe\",\"isPartOf\":{\"@id\":\"https:\\\/\\\/www.americanpan.com\\\/europe\\\/fr\\\/#website\"},\"primaryImageOfPage\":{\"@id\":\"https:\\\/\\\/www.americanpan.com\\\/europe\\\/fr\\\/product\\\/chariots-de-four-industriels-sur-mesure\\\/#primaryimage\"},\"image\":{\"@id\":\"https:\\\/\\\/www.americanpan.com\\\/europe\\\/fr\\\/product\\\/chariots-de-four-industriels-sur-mesure\\\/#primaryimage\"},\"thumbnailUrl\":\"https:\\\/\\\/www.americanpan.com\\\/europe\\\/wp-content\\\/uploads\\\/sites\\\/18\\\/2024\\\/08\\\/RX-Z4560L13.jpeg\",\"datePublished\":\"2024-08-13T14:56:20+00:00\",\"dateModified\":\"2026-02-16T21:05:58+00:00\",\"description\":\"Les plaques de cuisson perfor\u00e9es sont disponibles dans toutes les tailles de perforation. Elles peuvent \u00eatre construites avec des bords recourb\u00e9s ou pli\u00e9s et avec fil ou bande sur bord.\",\"breadcrumb\":{\"@id\":\"https:\\\/\\\/www.americanpan.com\\\/europe\\\/fr\\\/product\\\/chariots-de-four-industriels-sur-mesure\\\/#breadcrumb\"},\"inLanguage\":\"fr-FR\",\"potentialAction\":[{\"@type\":\"ReadAction\",\"target\":[\"https:\\\/\\\/www.americanpan.com\\\/europe\\\/fr\\\/product\\\/chariots-de-four-industriels-sur-mesure\\\/\"]}]},{\"@type\":\"ImageObject\",\"inLanguage\":\"fr-FR\",\"@id\":\"https:\\\/\\\/www.americanpan.com\\\/europe\\\/fr\\\/product\\\/chariots-de-four-industriels-sur-mesure\\\/#primaryimage\",\"url\":\"https:\\\/\\\/www.americanpan.com\\\/europe\\\/wp-content\\\/uploads\\\/sites\\\/18\\\/2024\\\/08\\\/RX-Z4560L13.jpeg\",\"contentUrl\":\"https:\\\/\\\/www.americanpan.com\\\/europe\\\/wp-content\\\/uploads\\\/sites\\\/18\\\/2024\\\/08\\\/RX-Z4560L13.jpeg\",\"width\":680,\"height\":680},{\"@type\":\"BreadcrumbList\",\"@id\":\"https:\\\/\\\/www.americanpan.com\\\/europe\\\/fr\\\/product\\\/chariots-de-four-industriels-sur-mesure\\\/#breadcrumb\",\"itemListElement\":[{\"@type\":\"ListItem\",\"position\":1,\"name\":\"Home\",\"item\":\"https:\\\/\\\/www.americanpan.com\\\/europe\\\/fr\\\/\"},{\"@type\":\"ListItem\",\"position\":2,\"name\":\"Produits\",\"item\":\"https:\\\/\\\/www.americanpan.com\\\/europe\\\/fr\\\/shop\\\/\"},{\"@type\":\"ListItem\",\"position\":3,\"name\":\"Chariots de four industriels sur mesure\"}]},{\"@type\":\"WebSite\",\"@id\":\"https:\\\/\\\/www.americanpan.com\\\/europe\\\/fr\\\/#website\",\"url\":\"https:\\\/\\\/www.americanpan.com\\\/europe\\\/fr\\\/\",\"name\":\"American Pan Europe\",\"description\":\"Moules et Rev\u00eatements Industriels\",\"publisher\":{\"@id\":\"https:\\\/\\\/www.americanpan.com\\\/europe\\\/fr\\\/#organization\"},\"potentialAction\":[{\"@type\":\"SearchAction\",\"target\":{\"@type\":\"EntryPoint\",\"urlTemplate\":\"https:\\\/\\\/www.americanpan.com\\\/europe\\\/fr\\\/?s={search_term_string}\"},\"query-input\":{\"@type\":\"PropertyValueSpecification\",\"valueRequired\":true,\"valueName\":\"search_term_string\"}}],\"inLanguage\":\"fr-FR\"},{\"@type\":\"Organization\",\"@id\":\"https:\\\/\\\/www.americanpan.com\\\/europe\\\/fr\\\/#organization\",\"name\":\"American Pan: Moules et Rev\u00eatements Industriels\",\"url\":\"https:\\\/\\\/www.americanpan.com\\\/europe\\\/fr\\\/\",\"logo\":{\"@type\":\"ImageObject\",\"inLanguage\":\"fr-FR\",\"@id\":\"https:\\\/\\\/www.americanpan.com\\\/europe\\\/fr\\\/#\\\/schema\\\/logo\\\/image\\\/\",\"url\":\"https:\\\/\\\/www.americanpan.com\\\/europe\\\/wp-content\\\/uploads\\\/sites\\\/18\\\/2022\\\/03\\\/logo-europe.png\",\"contentUrl\":\"https:\\\/\\\/www.americanpan.com\\\/europe\\\/wp-content\\\/uploads\\\/sites\\\/18\\\/2022\\\/03\\\/logo-europe.png\",\"width\":458,\"height\":172,\"caption\":\"American Pan: Moules et Rev\u00eatements Industriels\"},\"image\":{\"@id\":\"https:\\\/\\\/www.americanpan.com\\\/europe\\\/fr\\\/#\\\/schema\\\/logo\\\/image\\\/\"}}]}<\/script>\n<meta property=\"product:price:currency\" content=\"EUR\" \/>\n<meta property=\"og:availability\" content=\"instock\" \/>\n<meta property=\"product:availability\" content=\"instock\" \/>\n<meta property=\"product:retailer_item_id\" content=\"Oven Racks\" \/>\n<meta property=\"product:condition\" content=\"new\" \/>\n<!-- \/ Yoast SEO Premium plugin. -->","yoast_head_json":{"title":"Chariots de four industriels sur mesure - American Pan &#8902; American Pan Europe","description":"Les plaques de cuisson perfor\u00e9es sont disponibles dans toutes les tailles de perforation. Elles peuvent \u00eatre construites avec des bords recourb\u00e9s ou pli\u00e9s et avec fil ou bande sur bord.","robots":{"index":"index","follow":"follow","max-snippet":"max-snippet:-1","max-image-preview":"max-image-preview:large","max-video-preview":"max-video-preview:-1"},"canonical":"https:\/\/www.americanpan.com\/europe\/fr\/product\/chariots-de-four-industriels-sur-mesure\/","og_locale":"fr_FR","og_type":"article","og_title":"Chariots de four industriels sur mesure &#8902; American Pan Europe","og_description":"&#8902;","og_url":"https:\/\/www.americanpan.com\/europe\/fr\/product\/chariots-de-four-industriels-sur-mesure\/","og_site_name":"American Pan Europe","article_modified_time":"2026-02-16T21:05:58+00:00","og_image":[{"url":"https:\/\/stg-bundybakingsolutions.com\/wp-content\/uploads\/2018\/09\/BTY544.png","type":"","width":"","height":""}],"twitter_card":"summary_large_image","twitter_description":"Les plaques de cuisson perfor\u00e9es sont disponibles dans toutes les tailles de perforation. Elles peuvent \u00eatre construites avec des bords recourb\u00e9s ou pli\u00e9s et avec fil ou bande sur bord. Pour les grandes applications industrielles, les cadres peuvent \u00eatre construits avec des nervures imbriqu\u00e9es qui permettent aux moules de s'empiler et prot\u00e8gent \u00e9galement l'\u00e9cran de cuisson pour augmenter la dur\u00e9e de vie des moules.","twitter_misc":{"Prix":"","Disponibilit\u00e9":"En stock"},"schema":{"@context":"https:\/\/schema.org","@graph":[{"@type":"WebPage","@id":"https:\/\/www.americanpan.com\/europe\/fr\/product\/chariots-de-four-industriels-sur-mesure\/","url":"https:\/\/www.americanpan.com\/europe\/fr\/product\/chariots-de-four-industriels-sur-mesure\/","name":"Chariots de four industriels sur mesure - American Pan &#8902; American Pan Europe","isPartOf":{"@id":"https:\/\/www.americanpan.com\/europe\/fr\/#website"},"primaryImageOfPage":{"@id":"https:\/\/www.americanpan.com\/europe\/fr\/product\/chariots-de-four-industriels-sur-mesure\/#primaryimage"},"image":{"@id":"https:\/\/www.americanpan.com\/europe\/fr\/product\/chariots-de-four-industriels-sur-mesure\/#primaryimage"},"thumbnailUrl":"https:\/\/www.americanpan.com\/europe\/wp-content\/uploads\/sites\/18\/2024\/08\/RX-Z4560L13.jpeg","datePublished":"2024-08-13T14:56:20+00:00","dateModified":"2026-02-16T21:05:58+00:00","description":"Les plaques de cuisson perfor\u00e9es sont disponibles dans toutes les tailles de perforation. Elles peuvent \u00eatre construites avec des bords recourb\u00e9s ou pli\u00e9s et avec fil ou bande sur bord.","breadcrumb":{"@id":"https:\/\/www.americanpan.com\/europe\/fr\/product\/chariots-de-four-industriels-sur-mesure\/#breadcrumb"},"inLanguage":"fr-FR","potentialAction":[{"@type":"ReadAction","target":["https:\/\/www.americanpan.com\/europe\/fr\/product\/chariots-de-four-industriels-sur-mesure\/"]}]},{"@type":"ImageObject","inLanguage":"fr-FR","@id":"https:\/\/www.americanpan.com\/europe\/fr\/product\/chariots-de-four-industriels-sur-mesure\/#primaryimage","url":"https:\/\/www.americanpan.com\/europe\/wp-content\/uploads\/sites\/18\/2024\/08\/RX-Z4560L13.jpeg","contentUrl":"https:\/\/www.americanpan.com\/europe\/wp-content\/uploads\/sites\/18\/2024\/08\/RX-Z4560L13.jpeg","width":680,"height":680},{"@type":"BreadcrumbList","@id":"https:\/\/www.americanpan.com\/europe\/fr\/product\/chariots-de-four-industriels-sur-mesure\/#breadcrumb","itemListElement":[{"@type":"ListItem","position":1,"name":"Home","item":"https:\/\/www.americanpan.com\/europe\/fr\/"},{"@type":"ListItem","position":2,"name":"Produits","item":"https:\/\/www.americanpan.com\/europe\/fr\/shop\/"},{"@type":"ListItem","position":3,"name":"Chariots de four industriels sur mesure"}]},{"@type":"WebSite","@id":"https:\/\/www.americanpan.com\/europe\/fr\/#website","url":"https:\/\/www.americanpan.com\/europe\/fr\/","name":"American Pan Europe","description":"Moules et Rev\u00eatements Industriels","publisher":{"@id":"https:\/\/www.americanpan.com\/europe\/fr\/#organization"},"potentialAction":[{"@type":"SearchAction","target":{"@type":"EntryPoint","urlTemplate":"https:\/\/www.americanpan.com\/europe\/fr\/?s={search_term_string}"},"query-input":{"@type":"PropertyValueSpecification","valueRequired":true,"valueName":"search_term_string"}}],"inLanguage":"fr-FR"},{"@type":"Organization","@id":"https:\/\/www.americanpan.com\/europe\/fr\/#organization","name":"American Pan: Moules et Rev\u00eatements Industriels","url":"https:\/\/www.americanpan.com\/europe\/fr\/","logo":{"@type":"ImageObject","inLanguage":"fr-FR","@id":"https:\/\/www.americanpan.com\/europe\/fr\/#\/schema\/logo\/image\/","url":"https:\/\/www.americanpan.com\/europe\/wp-content\/uploads\/sites\/18\/2022\/03\/logo-europe.png","contentUrl":"https:\/\/www.americanpan.com\/europe\/wp-content\/uploads\/sites\/18\/2022\/03\/logo-europe.png","width":458,"height":172,"caption":"American Pan: Moules et Rev\u00eatements Industriels"},"image":{"@id":"https:\/\/www.americanpan.com\/europe\/fr\/#\/schema\/logo\/image\/"}}]},"product_price_currency":"EUR","og_availability":"instock","product_availability":"instock","product_retailer_item_id":"Oven Racks","product_condition":"new"},"_links":{"self":[{"href":"https:\/\/www.americanpan.com\/europe\/fr\/wp-json\/wp\/v2\/product\/64268","targetHints":{"allow":["GET"]}}],"collection":[{"href":"https:\/\/www.americanpan.com\/europe\/fr\/wp-json\/wp\/v2\/product"}],"about":[{"href":"https:\/\/www.americanpan.com\/europe\/fr\/wp-json\/wp\/v2\/types\/product"}],"replies":[{"embeddable":true,"href":"https:\/\/www.americanpan.com\/europe\/fr\/wp-json\/wp\/v2\/comments?post=64268"}],"wp:featuredmedia":[{"embeddable":true,"href":"https:\/\/www.americanpan.com\/europe\/fr\/wp-json\/wp\/v2\/media\/64274"}],"wp:attachment":[{"href":"https:\/\/www.americanpan.com\/europe\/fr\/wp-json\/wp\/v2\/media?parent=64268"}],"wp:term":[{"taxonomy":"product_brand","embeddable":true,"href":"https:\/\/www.americanpan.com\/europe\/fr\/wp-json\/wp\/v2\/product_brand?post=64268"},{"taxonomy":"product_cat","embeddable":true,"href":"https:\/\/www.americanpan.com\/europe\/fr\/wp-json\/wp\/v2\/product_cat?post=64268"},{"taxonomy":"product_tag","embeddable":true,"href":"https:\/\/www.americanpan.com\/europe\/fr\/wp-json\/wp\/v2\/product_tag?post=64268"}],"curies":[{"name":"wp","href":"https:\/\/api.w.org\/{rel}","templated":true}]}}