{"id":37540,"date":"2018-09-14T00:29:41","date_gmt":"2018-09-13T23:29:41","guid":{"rendered":"https:\/\/www.americanpan.com\/europe\/product\/plaques-systeme-industriel-2\/"},"modified":"2023-04-17T02:18:06","modified_gmt":"2023-04-17T01:18:06","slug":"plaques-systeme-industriel-2","status":"publish","type":"product","link":"https:\/\/www.americanpan.com\/europe\/fr\/product\/plaques-systeme-industriel-2\/","title":{"rendered":"Plaques Syst\u00e8me Industriel"},"content":{"rendered":"","protected":false},"excerpt":{"rendered":"<p>Disponible comme plaque plate ou alv\u00e9ol\u00e9e \u00e0 fond plat ou arrondi. Les plaques de cuisson peuvent \u00eatre personnalis\u00e9es \u00e0 n&rsquo;importe quelle taille et configuration et fabriqu\u00e9es pour n&rsquo;importe quel syst\u00e8me de four industriel. Les cadres sont fix\u00e9s par des soudures, des rivets ou notre syst\u00e8me brevet\u00e9 TabLock.<\/p>\n","protected":false},"featured_media":30920,"comment_status":"closed","ping_status":"closed","template":"","meta":{"_acf_changed":false},"product_brand":[],"product_cat":[1345,1340],"product_tag":[],"class_list":{"0":"post-37540","1":"product","2":"type-product","3":"status-publish","4":"has-post-thumbnail","6":"product_cat-plaques-a-baguettes","7":"product_cat-plaques-et-moules-sur-mesure-fr","9":"first","10":"instock","11":"taxable","12":"shipping-taxable","13":"product-type-simple"},"acf":[],"yoast_head":"<!-- This site is optimized with the Yoast SEO Premium plugin v27.2 (Yoast SEO v27.2) - https:\/\/yoast.com\/product\/yoast-seo-premium-wordpress\/ -->\n<title>Plaques Syst\u00e8me Industriel - American Pan &#8902; American Pan Europe<\/title>\n<meta name=\"description\" content=\"Disponible comme plaque plate ou alv\u00e9ol\u00e9e \u00e0 fond plat ou arrondi. Les plaques de cuisson peuvent \u00eatre personnalis\u00e9es \u00e0 n&#039;importe quelle taille et configuration et fabriqu\u00e9es pour n&#039;importe quel syst\u00e8me de four industriel.\" \/>\n<meta name=\"robots\" content=\"index, follow, max-snippet:-1, max-image-preview:large, max-video-preview:-1\" \/>\n<link rel=\"canonical\" href=\"https:\/\/www.americanpan.com\/europe\/fr\/product\/plaques-systeme-industriel-2\/\" \/>\n<meta property=\"og:locale\" content=\"fr_FR\" \/>\n<meta property=\"og:type\" content=\"article\" \/>\n<meta property=\"og:title\" content=\"Plaques Syst\u00e8me Industriel &#8902; American Pan Europe\" \/>\n<meta property=\"og:description\" content=\"&#8902;\" \/>\n<meta property=\"og:url\" content=\"https:\/\/www.americanpan.com\/europe\/fr\/product\/plaques-systeme-industriel-2\/\" \/>\n<meta property=\"og:site_name\" content=\"American Pan Europe\" \/>\n<meta property=\"article:modified_time\" content=\"2023-04-17T01:18:06+00:00\" \/>\n<meta property=\"og:image\" content=\"https:\/\/stg-bundybakingsolutions.com\/wp-content\/uploads\/2018\/09\/AP_Screen_Baguette_16_Long_DS.jpg\" \/>\n<meta name=\"twitter:card\" content=\"summary_large_image\" \/>\n<meta name=\"twitter:description\" content=\"Les plaques de cuisson peuvent \u00eatre personnalis\u00e9es \u00e0 n&#039;importe quelle taille et configuration et fabriqu\u00e9es pour n&#039;importe quel syst\u00e8me de four industriel.\" \/>\n<meta name=\"twitter:label1\" content=\"Prix\" \/>\n\t<meta name=\"twitter:data1\" content=\"\" \/>\n\t<meta name=\"twitter:label2\" content=\"Disponibilit\u00e9\" \/>\n\t<meta name=\"twitter:data2\" content=\"En stock\" \/>\n<script type=\"application\/ld+json\" class=\"yoast-schema-graph\">{\"@context\":\"https:\/\/schema.org\",\"@graph\":[{\"@type\":\"WebPage\",\"@id\":\"https:\/\/www.americanpan.com\/europe\/fr\/product\/plaques-systeme-industriel-2\/\",\"url\":\"https:\/\/www.americanpan.com\/europe\/fr\/product\/plaques-systeme-industriel-2\/\",\"name\":\"Plaques Syst\u00e8me Industriel - American Pan &#8902; American Pan Europe\",\"isPartOf\":{\"@id\":\"https:\/\/www.americanpan.com\/europe\/fr\/#website\"},\"primaryImageOfPage\":{\"@id\":\"https:\/\/www.americanpan.com\/europe\/fr\/product\/plaques-systeme-industriel-2\/#primaryimage\"},\"image\":{\"@id\":\"https:\/\/www.americanpan.com\/europe\/fr\/product\/plaques-systeme-industriel-2\/#primaryimage\"},\"thumbnailUrl\":\"https:\/\/www.americanpan.com\/europe\/wp-content\/uploads\/sites\/18\/2018\/09\/AP_Screen_Baguette_12_Across.jpg\",\"datePublished\":\"2018-09-13T23:29:41+00:00\",\"dateModified\":\"2023-04-17T01:18:06+00:00\",\"description\":\"Disponible comme plaque plate ou alv\u00e9ol\u00e9e \u00e0 fond plat ou arrondi. Les plaques de cuisson peuvent \u00eatre personnalis\u00e9es \u00e0 n'importe quelle taille et configuration et fabriqu\u00e9es pour n'importe quel syst\u00e8me de four industriel.\",\"breadcrumb\":{\"@id\":\"https:\/\/www.americanpan.com\/europe\/fr\/product\/plaques-systeme-industriel-2\/#breadcrumb\"},\"inLanguage\":\"fr-FR\",\"potentialAction\":[{\"@type\":\"ReadAction\",\"target\":[\"https:\/\/www.americanpan.com\/europe\/fr\/product\/plaques-systeme-industriel-2\/\"]}]},{\"@type\":\"ImageObject\",\"inLanguage\":\"fr-FR\",\"@id\":\"https:\/\/www.americanpan.com\/europe\/fr\/product\/plaques-systeme-industriel-2\/#primaryimage\",\"url\":\"https:\/\/www.americanpan.com\/europe\/wp-content\/uploads\/sites\/18\/2018\/09\/AP_Screen_Baguette_12_Across.jpg\",\"contentUrl\":\"https:\/\/www.americanpan.com\/europe\/wp-content\/uploads\/sites\/18\/2018\/09\/AP_Screen_Baguette_12_Across.jpg\",\"width\":1440,\"height\":1080,\"caption\":\"Plateau \u00e0 baguettes 12 canaux - AMERICOAT\u00ae\"},{\"@type\":\"BreadcrumbList\",\"@id\":\"https:\/\/www.americanpan.com\/europe\/fr\/product\/plaques-systeme-industriel-2\/#breadcrumb\",\"itemListElement\":[{\"@type\":\"ListItem\",\"position\":1,\"name\":\"Home\",\"item\":\"https:\/\/www.americanpan.com\/europe\/fr\/\"},{\"@type\":\"ListItem\",\"position\":2,\"name\":\"Produits\",\"item\":\"https:\/\/www.americanpan.com\/europe\/fr\/shop\/\"},{\"@type\":\"ListItem\",\"position\":3,\"name\":\"Plaques Syst\u00e8me Industriel\"}]},{\"@type\":\"WebSite\",\"@id\":\"https:\/\/www.americanpan.com\/europe\/fr\/#website\",\"url\":\"https:\/\/www.americanpan.com\/europe\/fr\/\",\"name\":\"American Pan Europe\",\"description\":\"Moules et Rev\u00eatements Industriels\",\"publisher\":{\"@id\":\"https:\/\/www.americanpan.com\/europe\/fr\/#organization\"},\"potentialAction\":[{\"@type\":\"SearchAction\",\"target\":{\"@type\":\"EntryPoint\",\"urlTemplate\":\"https:\/\/www.americanpan.com\/europe\/fr\/?s={search_term_string}\"},\"query-input\":{\"@type\":\"PropertyValueSpecification\",\"valueRequired\":true,\"valueName\":\"search_term_string\"}}],\"inLanguage\":\"fr-FR\"},{\"@type\":\"Organization\",\"@id\":\"https:\/\/www.americanpan.com\/europe\/fr\/#organization\",\"name\":\"American Pan: Moules et Rev\u00eatements Industriels\",\"url\":\"https:\/\/www.americanpan.com\/europe\/fr\/\",\"logo\":{\"@type\":\"ImageObject\",\"inLanguage\":\"fr-FR\",\"@id\":\"https:\/\/www.americanpan.com\/europe\/fr\/#\/schema\/logo\/image\/\",\"url\":\"https:\/\/www.americanpan.com\/europe\/wp-content\/uploads\/sites\/18\/2022\/03\/logo-europe.png\",\"contentUrl\":\"https:\/\/www.americanpan.com\/europe\/wp-content\/uploads\/sites\/18\/2022\/03\/logo-europe.png\",\"width\":458,\"height\":172,\"caption\":\"American Pan: Moules et Rev\u00eatements Industriels\"},\"image\":{\"@id\":\"https:\/\/www.americanpan.com\/europe\/fr\/#\/schema\/logo\/image\/\"}}]}<\/script>\n<meta property=\"product:price:currency\" content=\"EUR\" \/>\n<meta property=\"og:availability\" content=\"instock\" \/>\n<meta property=\"product:availability\" content=\"instock\" \/>\n<meta property=\"product:retailer_item_id\" content=\"Industrial System Trays\" \/>\n<meta property=\"product:condition\" content=\"new\" \/>\n<!-- \/ Yoast SEO Premium plugin. -->","yoast_head_json":{"title":"Plaques Syst\u00e8me Industriel - American Pan &#8902; American Pan Europe","description":"Disponible comme plaque plate ou alv\u00e9ol\u00e9e \u00e0 fond plat ou arrondi. Les plaques de cuisson peuvent \u00eatre personnalis\u00e9es \u00e0 n'importe quelle taille et configuration et fabriqu\u00e9es pour n'importe quel syst\u00e8me de four industriel.","robots":{"index":"index","follow":"follow","max-snippet":"max-snippet:-1","max-image-preview":"max-image-preview:large","max-video-preview":"max-video-preview:-1"},"canonical":"https:\/\/www.americanpan.com\/europe\/fr\/product\/plaques-systeme-industriel-2\/","og_locale":"fr_FR","og_type":"article","og_title":"Plaques Syst\u00e8me Industriel &#8902; American Pan Europe","og_description":"&#8902;","og_url":"https:\/\/www.americanpan.com\/europe\/fr\/product\/plaques-systeme-industriel-2\/","og_site_name":"American Pan Europe","article_modified_time":"2023-04-17T01:18:06+00:00","og_image":[{"url":"https:\/\/stg-bundybakingsolutions.com\/wp-content\/uploads\/2018\/09\/AP_Screen_Baguette_16_Long_DS.jpg","type":"","width":"","height":""}],"twitter_card":"summary_large_image","twitter_description":"Les plaques de cuisson peuvent \u00eatre personnalis\u00e9es \u00e0 n'importe quelle taille et configuration et fabriqu\u00e9es pour n'importe quel syst\u00e8me de four industriel.","twitter_misc":{"Prix":"","Disponibilit\u00e9":"En stock"},"schema":{"@context":"https:\/\/schema.org","@graph":[{"@type":"WebPage","@id":"https:\/\/www.americanpan.com\/europe\/fr\/product\/plaques-systeme-industriel-2\/","url":"https:\/\/www.americanpan.com\/europe\/fr\/product\/plaques-systeme-industriel-2\/","name":"Plaques Syst\u00e8me Industriel - American Pan &#8902; American Pan Europe","isPartOf":{"@id":"https:\/\/www.americanpan.com\/europe\/fr\/#website"},"primaryImageOfPage":{"@id":"https:\/\/www.americanpan.com\/europe\/fr\/product\/plaques-systeme-industriel-2\/#primaryimage"},"image":{"@id":"https:\/\/www.americanpan.com\/europe\/fr\/product\/plaques-systeme-industriel-2\/#primaryimage"},"thumbnailUrl":"https:\/\/www.americanpan.com\/europe\/wp-content\/uploads\/sites\/18\/2018\/09\/AP_Screen_Baguette_12_Across.jpg","datePublished":"2018-09-13T23:29:41+00:00","dateModified":"2023-04-17T01:18:06+00:00","description":"Disponible comme plaque plate ou alv\u00e9ol\u00e9e \u00e0 fond plat ou arrondi. Les plaques de cuisson peuvent \u00eatre personnalis\u00e9es \u00e0 n'importe quelle taille et configuration et fabriqu\u00e9es pour n'importe quel syst\u00e8me de four industriel.","breadcrumb":{"@id":"https:\/\/www.americanpan.com\/europe\/fr\/product\/plaques-systeme-industriel-2\/#breadcrumb"},"inLanguage":"fr-FR","potentialAction":[{"@type":"ReadAction","target":["https:\/\/www.americanpan.com\/europe\/fr\/product\/plaques-systeme-industriel-2\/"]}]},{"@type":"ImageObject","inLanguage":"fr-FR","@id":"https:\/\/www.americanpan.com\/europe\/fr\/product\/plaques-systeme-industriel-2\/#primaryimage","url":"https:\/\/www.americanpan.com\/europe\/wp-content\/uploads\/sites\/18\/2018\/09\/AP_Screen_Baguette_12_Across.jpg","contentUrl":"https:\/\/www.americanpan.com\/europe\/wp-content\/uploads\/sites\/18\/2018\/09\/AP_Screen_Baguette_12_Across.jpg","width":1440,"height":1080,"caption":"Plateau \u00e0 baguettes 12 canaux - AMERICOAT\u00ae"},{"@type":"BreadcrumbList","@id":"https:\/\/www.americanpan.com\/europe\/fr\/product\/plaques-systeme-industriel-2\/#breadcrumb","itemListElement":[{"@type":"ListItem","position":1,"name":"Home","item":"https:\/\/www.americanpan.com\/europe\/fr\/"},{"@type":"ListItem","position":2,"name":"Produits","item":"https:\/\/www.americanpan.com\/europe\/fr\/shop\/"},{"@type":"ListItem","position":3,"name":"Plaques Syst\u00e8me Industriel"}]},{"@type":"WebSite","@id":"https:\/\/www.americanpan.com\/europe\/fr\/#website","url":"https:\/\/www.americanpan.com\/europe\/fr\/","name":"American Pan Europe","description":"Moules et Rev\u00eatements Industriels","publisher":{"@id":"https:\/\/www.americanpan.com\/europe\/fr\/#organization"},"potentialAction":[{"@type":"SearchAction","target":{"@type":"EntryPoint","urlTemplate":"https:\/\/www.americanpan.com\/europe\/fr\/?s={search_term_string}"},"query-input":{"@type":"PropertyValueSpecification","valueRequired":true,"valueName":"search_term_string"}}],"inLanguage":"fr-FR"},{"@type":"Organization","@id":"https:\/\/www.americanpan.com\/europe\/fr\/#organization","name":"American Pan: Moules et Rev\u00eatements Industriels","url":"https:\/\/www.americanpan.com\/europe\/fr\/","logo":{"@type":"ImageObject","inLanguage":"fr-FR","@id":"https:\/\/www.americanpan.com\/europe\/fr\/#\/schema\/logo\/image\/","url":"https:\/\/www.americanpan.com\/europe\/wp-content\/uploads\/sites\/18\/2022\/03\/logo-europe.png","contentUrl":"https:\/\/www.americanpan.com\/europe\/wp-content\/uploads\/sites\/18\/2022\/03\/logo-europe.png","width":458,"height":172,"caption":"American Pan: Moules et Rev\u00eatements Industriels"},"image":{"@id":"https:\/\/www.americanpan.com\/europe\/fr\/#\/schema\/logo\/image\/"}}]},"product_price_currency":"EUR","og_availability":"instock","product_availability":"instock","product_retailer_item_id":"Industrial System Trays","product_condition":"new"},"_links":{"self":[{"href":"https:\/\/www.americanpan.com\/europe\/fr\/wp-json\/wp\/v2\/product\/37540","targetHints":{"allow":["GET"]}}],"collection":[{"href":"https:\/\/www.americanpan.com\/europe\/fr\/wp-json\/wp\/v2\/product"}],"about":[{"href":"https:\/\/www.americanpan.com\/europe\/fr\/wp-json\/wp\/v2\/types\/product"}],"replies":[{"embeddable":true,"href":"https:\/\/www.americanpan.com\/europe\/fr\/wp-json\/wp\/v2\/comments?post=37540"}],"wp:featuredmedia":[{"embeddable":true,"href":"https:\/\/www.americanpan.com\/europe\/fr\/wp-json\/wp\/v2\/media\/30920"}],"wp:attachment":[{"href":"https:\/\/www.americanpan.com\/europe\/fr\/wp-json\/wp\/v2\/media?parent=37540"}],"wp:term":[{"taxonomy":"product_brand","embeddable":true,"href":"https:\/\/www.americanpan.com\/europe\/fr\/wp-json\/wp\/v2\/product_brand?post=37540"},{"taxonomy":"product_cat","embeddable":true,"href":"https:\/\/www.americanpan.com\/europe\/fr\/wp-json\/wp\/v2\/product_cat?post=37540"},{"taxonomy":"product_tag","embeddable":true,"href":"https:\/\/www.americanpan.com\/europe\/fr\/wp-json\/wp\/v2\/product_tag?post=37540"}],"curies":[{"name":"wp","href":"https:\/\/api.w.org\/{rel}","templated":true}]}}