{"id":37483,"date":"2018-09-14T00:29:41","date_gmt":"2018-09-13T23:29:41","guid":{"rendered":"https:\/\/www.americanpan.com\/europe\/product\/attelages-pullman-et-couvercles\/"},"modified":"2023-04-17T02:18:03","modified_gmt":"2023-04-17T01:18:03","slug":"attelages-pullman-et-couvercles","status":"publish","type":"product","link":"https:\/\/www.americanpan.com\/europe\/fr\/product\/attelages-pullman-et-couvercles\/","title":{"rendered":"Attelages pullman et couvercles"},"content":{"rendered":"","protected":false},"excerpt":{"rendered":"<p>Disponibles comme moule individuelle ou attelages de n\u2019importe quelle configuration et concept. Moules \u00e0 pain emboutis ou pli\u00e9s, avec ondulation, perforation ou toute am\u00e9lioration dont vous avez besoin dans votre boulangerie. Jeux arrondis\/pli\u00e9s ou autres concepts sp\u00e9ciaux disponibles.<\/p>\n","protected":false},"featured_media":31532,"comment_status":"closed","ping_status":"closed","template":"","meta":{"_acf_changed":false},"product_brand":[],"product_cat":[1350,1340],"product_tag":[],"class_list":{"0":"post-37483","1":"product","2":"type-product","3":"status-publish","4":"has-post-thumbnail","6":"product_cat-moules-a-pain","7":"product_cat-plaques-et-moules-sur-mesure-fr","9":"first","10":"instock","11":"taxable","12":"shipping-taxable","13":"product-type-simple"},"acf":[],"yoast_head":"<!-- This site is optimized with the Yoast SEO Premium plugin v27.3 (Yoast SEO v27.3) - https:\/\/yoast.com\/product\/yoast-seo-premium-wordpress\/ -->\n<title>Attelages pullman et couvercles - American Pan &#8902; American Pan Europe<\/title>\n<meta name=\"description\" content=\"Moules \u00e0 pain emboutis ou pli\u00e9s, avec ondulation, perforation ou toute am\u00e9lioration dont vous avez besoin dans votre boulangerie. Jeux arrondis\/pli\u00e9s ou autres concepts sp\u00e9ciaux disponibles.\" \/>\n<meta name=\"robots\" content=\"index, follow, max-snippet:-1, max-image-preview:large, max-video-preview:-1\" \/>\n<link rel=\"canonical\" href=\"https:\/\/www.americanpan.com\/europe\/fr\/product\/attelages-pullman-et-couvercles\/\" \/>\n<meta property=\"og:locale\" content=\"fr_FR\" \/>\n<meta property=\"og:type\" content=\"article\" \/>\n<meta property=\"og:title\" content=\"Attelages pullman et couvercles &#8902; American Pan Europe\" \/>\n<meta property=\"og:description\" content=\"&#8902;\" \/>\n<meta property=\"og:url\" content=\"https:\/\/www.americanpan.com\/europe\/fr\/product\/attelages-pullman-et-couvercles\/\" \/>\n<meta property=\"og:site_name\" content=\"American Pan Europe\" \/>\n<meta property=\"article:modified_time\" content=\"2023-04-17T01:18:03+00:00\" \/>\n<meta property=\"og:image\" content=\"https:\/\/stg-bundybakingsolutions.com\/wp-content\/uploads\/2018\/09\/AP_Bread_Pullman_3_Strap_with_Lid_1-1.jpg\" \/>\n<meta name=\"twitter:card\" content=\"summary_large_image\" \/>\n<meta name=\"twitter:description\" content=\"Disponibles comme moule individuelle ou attelages de n\u2019importe quelle configuration et concept.\" \/>\n<meta name=\"twitter:label1\" content=\"Prix\" \/>\n\t<meta name=\"twitter:data1\" content=\"\" \/>\n\t<meta name=\"twitter:label2\" content=\"Disponibilit\u00e9\" \/>\n\t<meta name=\"twitter:data2\" content=\"En stock\" \/>\n<script type=\"application\/ld+json\" class=\"yoast-schema-graph\">{\"@context\":\"https:\\\/\\\/schema.org\",\"@graph\":[{\"@type\":\"WebPage\",\"@id\":\"https:\\\/\\\/www.americanpan.com\\\/europe\\\/fr\\\/product\\\/attelages-pullman-et-couvercles\\\/\",\"url\":\"https:\\\/\\\/www.americanpan.com\\\/europe\\\/fr\\\/product\\\/attelages-pullman-et-couvercles\\\/\",\"name\":\"Attelages pullman et couvercles - American Pan &#8902; American Pan Europe\",\"isPartOf\":{\"@id\":\"https:\\\/\\\/www.americanpan.com\\\/europe\\\/fr\\\/#website\"},\"primaryImageOfPage\":{\"@id\":\"https:\\\/\\\/www.americanpan.com\\\/europe\\\/fr\\\/product\\\/attelages-pullman-et-couvercles\\\/#primaryimage\"},\"image\":{\"@id\":\"https:\\\/\\\/www.americanpan.com\\\/europe\\\/fr\\\/product\\\/attelages-pullman-et-couvercles\\\/#primaryimage\"},\"thumbnailUrl\":\"https:\\\/\\\/www.americanpan.com\\\/europe\\\/wp-content\\\/uploads\\\/sites\\\/18\\\/2018\\\/09\\\/AP_Bread_Pullman_3_Strap_with_Lid_1-1.jpg\",\"datePublished\":\"2018-09-13T23:29:41+00:00\",\"dateModified\":\"2023-04-17T01:18:03+00:00\",\"description\":\"Moules \u00e0 pain emboutis ou pli\u00e9s, avec ondulation, perforation ou toute am\u00e9lioration dont vous avez besoin dans votre boulangerie. Jeux arrondis\\\/pli\u00e9s ou autres concepts sp\u00e9ciaux disponibles.\",\"breadcrumb\":{\"@id\":\"https:\\\/\\\/www.americanpan.com\\\/europe\\\/fr\\\/product\\\/attelages-pullman-et-couvercles\\\/#breadcrumb\"},\"inLanguage\":\"fr-FR\",\"potentialAction\":[{\"@type\":\"ReadAction\",\"target\":[\"https:\\\/\\\/www.americanpan.com\\\/europe\\\/fr\\\/product\\\/attelages-pullman-et-couvercles\\\/\"]}]},{\"@type\":\"ImageObject\",\"inLanguage\":\"fr-FR\",\"@id\":\"https:\\\/\\\/www.americanpan.com\\\/europe\\\/fr\\\/product\\\/attelages-pullman-et-couvercles\\\/#primaryimage\",\"url\":\"https:\\\/\\\/www.americanpan.com\\\/europe\\\/wp-content\\\/uploads\\\/sites\\\/18\\\/2018\\\/09\\\/AP_Bread_Pullman_3_Strap_with_Lid_1-1.jpg\",\"contentUrl\":\"https:\\\/\\\/www.americanpan.com\\\/europe\\\/wp-content\\\/uploads\\\/sites\\\/18\\\/2018\\\/09\\\/AP_Bread_Pullman_3_Strap_with_Lid_1-1.jpg\",\"width\":1440,\"height\":1080,\"caption\":\"Moule \u00e0 pain Pullman 3 en ligne avec couvercle - AMERICOAT\u00ae\"},{\"@type\":\"BreadcrumbList\",\"@id\":\"https:\\\/\\\/www.americanpan.com\\\/europe\\\/fr\\\/product\\\/attelages-pullman-et-couvercles\\\/#breadcrumb\",\"itemListElement\":[{\"@type\":\"ListItem\",\"position\":1,\"name\":\"Home\",\"item\":\"https:\\\/\\\/www.americanpan.com\\\/europe\\\/fr\\\/\"},{\"@type\":\"ListItem\",\"position\":2,\"name\":\"Produits\",\"item\":\"https:\\\/\\\/www.americanpan.com\\\/europe\\\/fr\\\/shop\\\/\"},{\"@type\":\"ListItem\",\"position\":3,\"name\":\"Attelages pullman et couvercles\"}]},{\"@type\":\"WebSite\",\"@id\":\"https:\\\/\\\/www.americanpan.com\\\/europe\\\/fr\\\/#website\",\"url\":\"https:\\\/\\\/www.americanpan.com\\\/europe\\\/fr\\\/\",\"name\":\"American Pan Europe\",\"description\":\"Moules et Rev\u00eatements Industriels\",\"publisher\":{\"@id\":\"https:\\\/\\\/www.americanpan.com\\\/europe\\\/fr\\\/#organization\"},\"potentialAction\":[{\"@type\":\"SearchAction\",\"target\":{\"@type\":\"EntryPoint\",\"urlTemplate\":\"https:\\\/\\\/www.americanpan.com\\\/europe\\\/fr\\\/?s={search_term_string}\"},\"query-input\":{\"@type\":\"PropertyValueSpecification\",\"valueRequired\":true,\"valueName\":\"search_term_string\"}}],\"inLanguage\":\"fr-FR\"},{\"@type\":\"Organization\",\"@id\":\"https:\\\/\\\/www.americanpan.com\\\/europe\\\/fr\\\/#organization\",\"name\":\"American Pan: Moules et Rev\u00eatements Industriels\",\"url\":\"https:\\\/\\\/www.americanpan.com\\\/europe\\\/fr\\\/\",\"logo\":{\"@type\":\"ImageObject\",\"inLanguage\":\"fr-FR\",\"@id\":\"https:\\\/\\\/www.americanpan.com\\\/europe\\\/fr\\\/#\\\/schema\\\/logo\\\/image\\\/\",\"url\":\"https:\\\/\\\/www.americanpan.com\\\/europe\\\/wp-content\\\/uploads\\\/sites\\\/18\\\/2022\\\/03\\\/logo-europe.png\",\"contentUrl\":\"https:\\\/\\\/www.americanpan.com\\\/europe\\\/wp-content\\\/uploads\\\/sites\\\/18\\\/2022\\\/03\\\/logo-europe.png\",\"width\":458,\"height\":172,\"caption\":\"American Pan: Moules et Rev\u00eatements Industriels\"},\"image\":{\"@id\":\"https:\\\/\\\/www.americanpan.com\\\/europe\\\/fr\\\/#\\\/schema\\\/logo\\\/image\\\/\"}}]}<\/script>\n<meta property=\"product:price:currency\" content=\"EUR\" \/>\n<meta property=\"og:availability\" content=\"instock\" \/>\n<meta property=\"product:availability\" content=\"instock\" \/>\n<meta property=\"product:retailer_item_id\" content=\"Pullman Pans &amp; Covers\" \/>\n<meta property=\"product:condition\" content=\"new\" \/>\n<!-- \/ Yoast SEO Premium plugin. -->","yoast_head_json":{"title":"Attelages pullman et couvercles - American Pan &#8902; American Pan Europe","description":"Moules \u00e0 pain emboutis ou pli\u00e9s, avec ondulation, perforation ou toute am\u00e9lioration dont vous avez besoin dans votre boulangerie. Jeux arrondis\/pli\u00e9s ou autres concepts sp\u00e9ciaux disponibles.","robots":{"index":"index","follow":"follow","max-snippet":"max-snippet:-1","max-image-preview":"max-image-preview:large","max-video-preview":"max-video-preview:-1"},"canonical":"https:\/\/www.americanpan.com\/europe\/fr\/product\/attelages-pullman-et-couvercles\/","og_locale":"fr_FR","og_type":"article","og_title":"Attelages pullman et couvercles &#8902; American Pan Europe","og_description":"&#8902;","og_url":"https:\/\/www.americanpan.com\/europe\/fr\/product\/attelages-pullman-et-couvercles\/","og_site_name":"American Pan Europe","article_modified_time":"2023-04-17T01:18:03+00:00","og_image":[{"url":"https:\/\/stg-bundybakingsolutions.com\/wp-content\/uploads\/2018\/09\/AP_Bread_Pullman_3_Strap_with_Lid_1-1.jpg","type":"","width":"","height":""}],"twitter_card":"summary_large_image","twitter_description":"Disponibles comme moule individuelle ou attelages de n\u2019importe quelle configuration et concept.","twitter_misc":{"Prix":"","Disponibilit\u00e9":"En stock"},"schema":{"@context":"https:\/\/schema.org","@graph":[{"@type":"WebPage","@id":"https:\/\/www.americanpan.com\/europe\/fr\/product\/attelages-pullman-et-couvercles\/","url":"https:\/\/www.americanpan.com\/europe\/fr\/product\/attelages-pullman-et-couvercles\/","name":"Attelages pullman et couvercles - American Pan &#8902; American Pan Europe","isPartOf":{"@id":"https:\/\/www.americanpan.com\/europe\/fr\/#website"},"primaryImageOfPage":{"@id":"https:\/\/www.americanpan.com\/europe\/fr\/product\/attelages-pullman-et-couvercles\/#primaryimage"},"image":{"@id":"https:\/\/www.americanpan.com\/europe\/fr\/product\/attelages-pullman-et-couvercles\/#primaryimage"},"thumbnailUrl":"https:\/\/www.americanpan.com\/europe\/wp-content\/uploads\/sites\/18\/2018\/09\/AP_Bread_Pullman_3_Strap_with_Lid_1-1.jpg","datePublished":"2018-09-13T23:29:41+00:00","dateModified":"2023-04-17T01:18:03+00:00","description":"Moules \u00e0 pain emboutis ou pli\u00e9s, avec ondulation, perforation ou toute am\u00e9lioration dont vous avez besoin dans votre boulangerie. Jeux arrondis\/pli\u00e9s ou autres concepts sp\u00e9ciaux disponibles.","breadcrumb":{"@id":"https:\/\/www.americanpan.com\/europe\/fr\/product\/attelages-pullman-et-couvercles\/#breadcrumb"},"inLanguage":"fr-FR","potentialAction":[{"@type":"ReadAction","target":["https:\/\/www.americanpan.com\/europe\/fr\/product\/attelages-pullman-et-couvercles\/"]}]},{"@type":"ImageObject","inLanguage":"fr-FR","@id":"https:\/\/www.americanpan.com\/europe\/fr\/product\/attelages-pullman-et-couvercles\/#primaryimage","url":"https:\/\/www.americanpan.com\/europe\/wp-content\/uploads\/sites\/18\/2018\/09\/AP_Bread_Pullman_3_Strap_with_Lid_1-1.jpg","contentUrl":"https:\/\/www.americanpan.com\/europe\/wp-content\/uploads\/sites\/18\/2018\/09\/AP_Bread_Pullman_3_Strap_with_Lid_1-1.jpg","width":1440,"height":1080,"caption":"Moule \u00e0 pain Pullman 3 en ligne avec couvercle - AMERICOAT\u00ae"},{"@type":"BreadcrumbList","@id":"https:\/\/www.americanpan.com\/europe\/fr\/product\/attelages-pullman-et-couvercles\/#breadcrumb","itemListElement":[{"@type":"ListItem","position":1,"name":"Home","item":"https:\/\/www.americanpan.com\/europe\/fr\/"},{"@type":"ListItem","position":2,"name":"Produits","item":"https:\/\/www.americanpan.com\/europe\/fr\/shop\/"},{"@type":"ListItem","position":3,"name":"Attelages pullman et couvercles"}]},{"@type":"WebSite","@id":"https:\/\/www.americanpan.com\/europe\/fr\/#website","url":"https:\/\/www.americanpan.com\/europe\/fr\/","name":"American Pan Europe","description":"Moules et Rev\u00eatements Industriels","publisher":{"@id":"https:\/\/www.americanpan.com\/europe\/fr\/#organization"},"potentialAction":[{"@type":"SearchAction","target":{"@type":"EntryPoint","urlTemplate":"https:\/\/www.americanpan.com\/europe\/fr\/?s={search_term_string}"},"query-input":{"@type":"PropertyValueSpecification","valueRequired":true,"valueName":"search_term_string"}}],"inLanguage":"fr-FR"},{"@type":"Organization","@id":"https:\/\/www.americanpan.com\/europe\/fr\/#organization","name":"American Pan: Moules et Rev\u00eatements Industriels","url":"https:\/\/www.americanpan.com\/europe\/fr\/","logo":{"@type":"ImageObject","inLanguage":"fr-FR","@id":"https:\/\/www.americanpan.com\/europe\/fr\/#\/schema\/logo\/image\/","url":"https:\/\/www.americanpan.com\/europe\/wp-content\/uploads\/sites\/18\/2022\/03\/logo-europe.png","contentUrl":"https:\/\/www.americanpan.com\/europe\/wp-content\/uploads\/sites\/18\/2022\/03\/logo-europe.png","width":458,"height":172,"caption":"American Pan: Moules et Rev\u00eatements Industriels"},"image":{"@id":"https:\/\/www.americanpan.com\/europe\/fr\/#\/schema\/logo\/image\/"}}]},"product_price_currency":"EUR","og_availability":"instock","product_availability":"instock","product_retailer_item_id":"Pullman Pans &amp; Covers","product_condition":"new"},"_links":{"self":[{"href":"https:\/\/www.americanpan.com\/europe\/fr\/wp-json\/wp\/v2\/product\/37483","targetHints":{"allow":["GET"]}}],"collection":[{"href":"https:\/\/www.americanpan.com\/europe\/fr\/wp-json\/wp\/v2\/product"}],"about":[{"href":"https:\/\/www.americanpan.com\/europe\/fr\/wp-json\/wp\/v2\/types\/product"}],"replies":[{"embeddable":true,"href":"https:\/\/www.americanpan.com\/europe\/fr\/wp-json\/wp\/v2\/comments?post=37483"}],"wp:featuredmedia":[{"embeddable":true,"href":"https:\/\/www.americanpan.com\/europe\/fr\/wp-json\/wp\/v2\/media\/31532"}],"wp:attachment":[{"href":"https:\/\/www.americanpan.com\/europe\/fr\/wp-json\/wp\/v2\/media?parent=37483"}],"wp:term":[{"taxonomy":"product_brand","embeddable":true,"href":"https:\/\/www.americanpan.com\/europe\/fr\/wp-json\/wp\/v2\/product_brand?post=37483"},{"taxonomy":"product_cat","embeddable":true,"href":"https:\/\/www.americanpan.com\/europe\/fr\/wp-json\/wp\/v2\/product_cat?post=37483"},{"taxonomy":"product_tag","embeddable":true,"href":"https:\/\/www.americanpan.com\/europe\/fr\/wp-json\/wp\/v2\/product_tag?post=37483"}],"curies":[{"name":"wp","href":"https:\/\/api.w.org\/{rel}","templated":true}]}}