{"id":37457,"date":"2018-09-14T00:29:41","date_gmt":"2018-09-13T23:29:41","guid":{"rendered":"https:\/\/www.americanpan.com\/europe\/product\/moules-et-plaques-a-gateaux-ronds\/"},"modified":"2023-04-17T02:18:07","modified_gmt":"2023-04-17T01:18:07","slug":"moules-et-plaques-a-gateaux-ronds","status":"publish","type":"product","link":"https:\/\/www.americanpan.com\/europe\/fr\/product\/moules-et-plaques-a-gateaux-ronds\/","title":{"rendered":"Moules et plaques \u00e0 g\u00e2teaux ronds"},"content":{"rendered":"","protected":false},"excerpt":{"rendered":"<p>Les moules et plaques \u00e0 g\u00e2teaux ronds sont disponibles dans une large gamme de styles adapt\u00e9s aux diff\u00e9rentes op\u00e9rations et produits de boulangerie.<\/p>\n","protected":false},"featured_media":28404,"comment_status":"closed","ping_status":"closed","template":"","meta":{"_acf_changed":false},"product_brand":[],"product_cat":[1365,1340],"product_tag":[],"class_list":{"0":"post-37457","1":"product","2":"type-product","3":"status-publish","4":"has-post-thumbnail","6":"product_cat-moules-a-gateau-et-plaques-a-muffins","7":"product_cat-plaques-et-moules-sur-mesure-fr","9":"first","10":"instock","11":"taxable","12":"shipping-taxable","13":"product-type-simple"},"acf":[],"yoast_head":"<!-- This site is optimized with the Yoast SEO Premium plugin v27.2 (Yoast SEO v27.2) - https:\/\/yoast.com\/product\/yoast-seo-premium-wordpress\/ -->\n<title>Moules et plaques \u00e0 g\u00e2teaux ronds - American Pan &#8902; American Pan Europe<\/title>\n<meta name=\"description\" content=\"Les moules et plaques \u00e0 g\u00e2teaux ronds sont disponibles dans une large gamme de styles adapt\u00e9s aux diff\u00e9rentes op\u00e9rations et produits de boulangerie.\" \/>\n<meta name=\"robots\" content=\"index, follow, max-snippet:-1, max-image-preview:large, max-video-preview:-1\" \/>\n<link rel=\"canonical\" href=\"https:\/\/www.americanpan.com\/europe\/fr\/product\/moules-et-plaques-a-gateaux-ronds\/\" \/>\n<meta property=\"og:locale\" content=\"fr_FR\" \/>\n<meta property=\"og:type\" content=\"article\" \/>\n<meta property=\"og:title\" content=\"Moules et plaques \u00e0 g\u00e2teaux ronds &#8902; American Pan Europe\" \/>\n<meta property=\"og:description\" content=\"Les moules et plaques \u00e0 g\u00e2teaux ronds sont disponibles dans une large gamme de styles adapt\u00e9s aux diff\u00e9rentes op\u00e9rations et produits de boulangerie.\" \/>\n<meta property=\"og:url\" content=\"https:\/\/www.americanpan.com\/europe\/fr\/product\/moules-et-plaques-a-gateaux-ronds\/\" \/>\n<meta property=\"og:site_name\" content=\"American Pan Europe\" \/>\n<meta property=\"article:modified_time\" content=\"2023-04-17T01:18:07+00:00\" \/>\n<meta property=\"og:image\" content=\"https:\/\/stg-bundybakingsolutions.com\/wp-content\/uploads\/2018\/09\/AP_Sheet_Split-2.jpg\" \/>\n<meta name=\"twitter:card\" content=\"summary_large_image\" \/>\n<meta name=\"twitter:description\" content=\"Les moules et plaques \u00e0 g\u00e2teaux ronds sont disponibles dans une large gamme de styles adapt\u00e9s aux diff\u00e9rentes op\u00e9rations et produits de boulangerie.\" \/>\n<meta name=\"twitter:label1\" content=\"Prix\" \/>\n\t<meta name=\"twitter:data1\" content=\"\" \/>\n\t<meta name=\"twitter:label2\" content=\"Disponibilit\u00e9\" \/>\n\t<meta name=\"twitter:data2\" content=\"En stock\" \/>\n<script type=\"application\/ld+json\" class=\"yoast-schema-graph\">{\"@context\":\"https:\/\/schema.org\",\"@graph\":[{\"@type\":\"WebPage\",\"@id\":\"https:\/\/www.americanpan.com\/europe\/fr\/product\/moules-et-plaques-a-gateaux-ronds\/\",\"url\":\"https:\/\/www.americanpan.com\/europe\/fr\/product\/moules-et-plaques-a-gateaux-ronds\/\",\"name\":\"Moules et plaques \u00e0 g\u00e2teaux ronds - American Pan &#8902; American Pan Europe\",\"isPartOf\":{\"@id\":\"https:\/\/www.americanpan.com\/europe\/fr\/#website\"},\"primaryImageOfPage\":{\"@id\":\"https:\/\/www.americanpan.com\/europe\/fr\/product\/moules-et-plaques-a-gateaux-ronds\/#primaryimage\"},\"image\":{\"@id\":\"https:\/\/www.americanpan.com\/europe\/fr\/product\/moules-et-plaques-a-gateaux-ronds\/#primaryimage\"},\"thumbnailUrl\":\"https:\/\/www.americanpan.com\/europe\/wp-content\/uploads\/sites\/18\/2016\/08\/strapped-style-cake-pan-set.jpg\",\"datePublished\":\"2018-09-13T23:29:41+00:00\",\"dateModified\":\"2023-04-17T01:18:07+00:00\",\"description\":\"Les moules et plaques \u00e0 g\u00e2teaux ronds sont disponibles dans une large gamme de styles adapt\u00e9s aux diff\u00e9rentes op\u00e9rations et produits de boulangerie.\",\"breadcrumb\":{\"@id\":\"https:\/\/www.americanpan.com\/europe\/fr\/product\/moules-et-plaques-a-gateaux-ronds\/#breadcrumb\"},\"inLanguage\":\"fr-FR\",\"potentialAction\":[{\"@type\":\"ReadAction\",\"target\":[\"https:\/\/www.americanpan.com\/europe\/fr\/product\/moules-et-plaques-a-gateaux-ronds\/\"]}]},{\"@type\":\"ImageObject\",\"inLanguage\":\"fr-FR\",\"@id\":\"https:\/\/www.americanpan.com\/europe\/fr\/product\/moules-et-plaques-a-gateaux-ronds\/#primaryimage\",\"url\":\"https:\/\/www.americanpan.com\/europe\/wp-content\/uploads\/sites\/18\/2016\/08\/strapped-style-cake-pan-set.jpg\",\"contentUrl\":\"https:\/\/www.americanpan.com\/europe\/wp-content\/uploads\/sites\/18\/2016\/08\/strapped-style-cake-pan-set.jpg\",\"width\":1800,\"height\":1200,\"caption\":\"STRAPPED STYLE CAKE PAN SET\"},{\"@type\":\"BreadcrumbList\",\"@id\":\"https:\/\/www.americanpan.com\/europe\/fr\/product\/moules-et-plaques-a-gateaux-ronds\/#breadcrumb\",\"itemListElement\":[{\"@type\":\"ListItem\",\"position\":1,\"name\":\"Home\",\"item\":\"https:\/\/www.americanpan.com\/europe\/fr\/\"},{\"@type\":\"ListItem\",\"position\":2,\"name\":\"Produits\",\"item\":\"https:\/\/www.americanpan.com\/europe\/fr\/shop\/\"},{\"@type\":\"ListItem\",\"position\":3,\"name\":\"Moules et plaques \u00e0 g\u00e2teaux ronds\"}]},{\"@type\":\"WebSite\",\"@id\":\"https:\/\/www.americanpan.com\/europe\/fr\/#website\",\"url\":\"https:\/\/www.americanpan.com\/europe\/fr\/\",\"name\":\"American Pan Europe\",\"description\":\"Moules et Rev\u00eatements Industriels\",\"publisher\":{\"@id\":\"https:\/\/www.americanpan.com\/europe\/fr\/#organization\"},\"potentialAction\":[{\"@type\":\"SearchAction\",\"target\":{\"@type\":\"EntryPoint\",\"urlTemplate\":\"https:\/\/www.americanpan.com\/europe\/fr\/?s={search_term_string}\"},\"query-input\":{\"@type\":\"PropertyValueSpecification\",\"valueRequired\":true,\"valueName\":\"search_term_string\"}}],\"inLanguage\":\"fr-FR\"},{\"@type\":\"Organization\",\"@id\":\"https:\/\/www.americanpan.com\/europe\/fr\/#organization\",\"name\":\"American Pan: Moules et Rev\u00eatements Industriels\",\"url\":\"https:\/\/www.americanpan.com\/europe\/fr\/\",\"logo\":{\"@type\":\"ImageObject\",\"inLanguage\":\"fr-FR\",\"@id\":\"https:\/\/www.americanpan.com\/europe\/fr\/#\/schema\/logo\/image\/\",\"url\":\"https:\/\/www.americanpan.com\/europe\/wp-content\/uploads\/sites\/18\/2022\/03\/logo-europe.png\",\"contentUrl\":\"https:\/\/www.americanpan.com\/europe\/wp-content\/uploads\/sites\/18\/2022\/03\/logo-europe.png\",\"width\":458,\"height\":172,\"caption\":\"American Pan: Moules et Rev\u00eatements Industriels\"},\"image\":{\"@id\":\"https:\/\/www.americanpan.com\/europe\/fr\/#\/schema\/logo\/image\/\"}}]}<\/script>\n<meta property=\"product:price:currency\" content=\"EUR\" \/>\n<meta property=\"og:availability\" content=\"instock\" \/>\n<meta property=\"product:availability\" content=\"instock\" \/>\n<meta property=\"product:retailer_item_id\" content=\"Round &amp; Sheet Cake Pans\" \/>\n<meta property=\"product:condition\" content=\"new\" \/>\n<!-- \/ Yoast SEO Premium plugin. -->","yoast_head_json":{"title":"Moules et plaques \u00e0 g\u00e2teaux ronds - American Pan &#8902; American Pan Europe","description":"Les moules et plaques \u00e0 g\u00e2teaux ronds sont disponibles dans une large gamme de styles adapt\u00e9s aux diff\u00e9rentes op\u00e9rations et produits de boulangerie.","robots":{"index":"index","follow":"follow","max-snippet":"max-snippet:-1","max-image-preview":"max-image-preview:large","max-video-preview":"max-video-preview:-1"},"canonical":"https:\/\/www.americanpan.com\/europe\/fr\/product\/moules-et-plaques-a-gateaux-ronds\/","og_locale":"fr_FR","og_type":"article","og_title":"Moules et plaques \u00e0 g\u00e2teaux ronds &#8902; American Pan Europe","og_description":"Les moules et plaques \u00e0 g\u00e2teaux ronds sont disponibles dans une large gamme de styles adapt\u00e9s aux diff\u00e9rentes op\u00e9rations et produits de boulangerie.","og_url":"https:\/\/www.americanpan.com\/europe\/fr\/product\/moules-et-plaques-a-gateaux-ronds\/","og_site_name":"American Pan Europe","article_modified_time":"2023-04-17T01:18:07+00:00","og_image":[{"url":"https:\/\/stg-bundybakingsolutions.com\/wp-content\/uploads\/2018\/09\/AP_Sheet_Split-2.jpg","type":"","width":"","height":""}],"twitter_card":"summary_large_image","twitter_description":"Les moules et plaques \u00e0 g\u00e2teaux ronds sont disponibles dans une large gamme de styles adapt\u00e9s aux diff\u00e9rentes op\u00e9rations et produits de boulangerie.","twitter_misc":{"Prix":"","Disponibilit\u00e9":"En stock"},"schema":{"@context":"https:\/\/schema.org","@graph":[{"@type":"WebPage","@id":"https:\/\/www.americanpan.com\/europe\/fr\/product\/moules-et-plaques-a-gateaux-ronds\/","url":"https:\/\/www.americanpan.com\/europe\/fr\/product\/moules-et-plaques-a-gateaux-ronds\/","name":"Moules et plaques \u00e0 g\u00e2teaux ronds - American Pan &#8902; American Pan Europe","isPartOf":{"@id":"https:\/\/www.americanpan.com\/europe\/fr\/#website"},"primaryImageOfPage":{"@id":"https:\/\/www.americanpan.com\/europe\/fr\/product\/moules-et-plaques-a-gateaux-ronds\/#primaryimage"},"image":{"@id":"https:\/\/www.americanpan.com\/europe\/fr\/product\/moules-et-plaques-a-gateaux-ronds\/#primaryimage"},"thumbnailUrl":"https:\/\/www.americanpan.com\/europe\/wp-content\/uploads\/sites\/18\/2016\/08\/strapped-style-cake-pan-set.jpg","datePublished":"2018-09-13T23:29:41+00:00","dateModified":"2023-04-17T01:18:07+00:00","description":"Les moules et plaques \u00e0 g\u00e2teaux ronds sont disponibles dans une large gamme de styles adapt\u00e9s aux diff\u00e9rentes op\u00e9rations et produits de boulangerie.","breadcrumb":{"@id":"https:\/\/www.americanpan.com\/europe\/fr\/product\/moules-et-plaques-a-gateaux-ronds\/#breadcrumb"},"inLanguage":"fr-FR","potentialAction":[{"@type":"ReadAction","target":["https:\/\/www.americanpan.com\/europe\/fr\/product\/moules-et-plaques-a-gateaux-ronds\/"]}]},{"@type":"ImageObject","inLanguage":"fr-FR","@id":"https:\/\/www.americanpan.com\/europe\/fr\/product\/moules-et-plaques-a-gateaux-ronds\/#primaryimage","url":"https:\/\/www.americanpan.com\/europe\/wp-content\/uploads\/sites\/18\/2016\/08\/strapped-style-cake-pan-set.jpg","contentUrl":"https:\/\/www.americanpan.com\/europe\/wp-content\/uploads\/sites\/18\/2016\/08\/strapped-style-cake-pan-set.jpg","width":1800,"height":1200,"caption":"STRAPPED STYLE CAKE PAN SET"},{"@type":"BreadcrumbList","@id":"https:\/\/www.americanpan.com\/europe\/fr\/product\/moules-et-plaques-a-gateaux-ronds\/#breadcrumb","itemListElement":[{"@type":"ListItem","position":1,"name":"Home","item":"https:\/\/www.americanpan.com\/europe\/fr\/"},{"@type":"ListItem","position":2,"name":"Produits","item":"https:\/\/www.americanpan.com\/europe\/fr\/shop\/"},{"@type":"ListItem","position":3,"name":"Moules et plaques \u00e0 g\u00e2teaux ronds"}]},{"@type":"WebSite","@id":"https:\/\/www.americanpan.com\/europe\/fr\/#website","url":"https:\/\/www.americanpan.com\/europe\/fr\/","name":"American Pan Europe","description":"Moules et Rev\u00eatements Industriels","publisher":{"@id":"https:\/\/www.americanpan.com\/europe\/fr\/#organization"},"potentialAction":[{"@type":"SearchAction","target":{"@type":"EntryPoint","urlTemplate":"https:\/\/www.americanpan.com\/europe\/fr\/?s={search_term_string}"},"query-input":{"@type":"PropertyValueSpecification","valueRequired":true,"valueName":"search_term_string"}}],"inLanguage":"fr-FR"},{"@type":"Organization","@id":"https:\/\/www.americanpan.com\/europe\/fr\/#organization","name":"American Pan: Moules et Rev\u00eatements Industriels","url":"https:\/\/www.americanpan.com\/europe\/fr\/","logo":{"@type":"ImageObject","inLanguage":"fr-FR","@id":"https:\/\/www.americanpan.com\/europe\/fr\/#\/schema\/logo\/image\/","url":"https:\/\/www.americanpan.com\/europe\/wp-content\/uploads\/sites\/18\/2022\/03\/logo-europe.png","contentUrl":"https:\/\/www.americanpan.com\/europe\/wp-content\/uploads\/sites\/18\/2022\/03\/logo-europe.png","width":458,"height":172,"caption":"American Pan: Moules et Rev\u00eatements Industriels"},"image":{"@id":"https:\/\/www.americanpan.com\/europe\/fr\/#\/schema\/logo\/image\/"}}]},"product_price_currency":"EUR","og_availability":"instock","product_availability":"instock","product_retailer_item_id":"Round &amp; Sheet Cake Pans","product_condition":"new"},"_links":{"self":[{"href":"https:\/\/www.americanpan.com\/europe\/fr\/wp-json\/wp\/v2\/product\/37457","targetHints":{"allow":["GET"]}}],"collection":[{"href":"https:\/\/www.americanpan.com\/europe\/fr\/wp-json\/wp\/v2\/product"}],"about":[{"href":"https:\/\/www.americanpan.com\/europe\/fr\/wp-json\/wp\/v2\/types\/product"}],"replies":[{"embeddable":true,"href":"https:\/\/www.americanpan.com\/europe\/fr\/wp-json\/wp\/v2\/comments?post=37457"}],"wp:featuredmedia":[{"embeddable":true,"href":"https:\/\/www.americanpan.com\/europe\/fr\/wp-json\/wp\/v2\/media\/28404"}],"wp:attachment":[{"href":"https:\/\/www.americanpan.com\/europe\/fr\/wp-json\/wp\/v2\/media?parent=37457"}],"wp:term":[{"taxonomy":"product_brand","embeddable":true,"href":"https:\/\/www.americanpan.com\/europe\/fr\/wp-json\/wp\/v2\/product_brand?post=37457"},{"taxonomy":"product_cat","embeddable":true,"href":"https:\/\/www.americanpan.com\/europe\/fr\/wp-json\/wp\/v2\/product_cat?post=37457"},{"taxonomy":"product_tag","embeddable":true,"href":"https:\/\/www.americanpan.com\/europe\/fr\/wp-json\/wp\/v2\/product_tag?post=37457"}],"curies":[{"name":"wp","href":"https:\/\/api.w.org\/{rel}","templated":true}]}}