{"id":37431,"date":"2018-09-14T00:29:41","date_gmt":"2018-09-13T23:29:41","guid":{"rendered":"https:\/\/www.americanpan.com\/europe\/product\/plaques-a-gressin\/"},"modified":"2023-04-17T02:17:53","modified_gmt":"2023-04-17T01:17:53","slug":"plaques-a-gressin","status":"publish","type":"product","link":"https:\/\/www.americanpan.com\/europe\/fr\/product\/plaques-a-gressin\/","title":{"rendered":"Plaques \u00e0 Gressin"},"content":{"rendered":"","protected":false},"excerpt":{"rendered":"<p>Personnalisez vos moules \u00e0 gressin pour qu&rsquo;ils soient parfaitement adapt\u00e9s \u00e0 votre op\u00e9ration de cuisson. Choisissez parmi les diff\u00e9rentes options, y compris la taille, le mat\u00e9riau, le type de rev\u00eatement et plus!<\/p>\n","protected":false},"featured_media":31140,"comment_status":"closed","ping_status":"closed","template":"","meta":{"_acf_changed":false},"product_brand":[],"product_cat":[1370,1340],"product_tag":[],"class_list":{"0":"post-37431","1":"product","2":"type-product","3":"status-publish","4":"has-post-thumbnail","6":"product_cat-plaques-a-pizza-et-plaques-a-gressin","7":"product_cat-plaques-et-moules-sur-mesure-fr","9":"first","10":"instock","11":"taxable","12":"shipping-taxable","13":"product-type-simple"},"acf":[],"yoast_head":"<!-- This site is optimized with the Yoast SEO Premium plugin v27.3 (Yoast SEO v27.3) - https:\/\/yoast.com\/product\/yoast-seo-premium-wordpress\/ -->\n<title>Plaques \u00e0 Gressin - American Pan &#8902; American Pan Europe<\/title>\n<meta name=\"description\" content=\"Personnalisez vos moules \u00e0 gressin pour qu&#039;ils soient parfaitement adapt\u00e9s \u00e0 votre op\u00e9ration de cuisson. Choisissez parmi les diff\u00e9rentes options, y compris la taille, le mat\u00e9riau, le type de rev\u00eatement et plus!\" \/>\n<meta name=\"robots\" content=\"index, follow, max-snippet:-1, max-image-preview:large, max-video-preview:-1\" \/>\n<link rel=\"canonical\" href=\"https:\/\/www.americanpan.com\/europe\/fr\/product\/plaques-a-gressin\/\" \/>\n<meta property=\"og:locale\" content=\"fr_FR\" \/>\n<meta property=\"og:type\" content=\"article\" \/>\n<meta property=\"og:title\" content=\"Plaques \u00e0 Gressin &#8902; American Pan Europe\" \/>\n<meta property=\"og:description\" content=\"Personnalisez vos moules \u00e0 gressin pour qu&#039;ils soient parfaitement adapt\u00e9s \u00e0 votre op\u00e9ration de cuisson. Choisissez parmi les diff\u00e9rentes options, y compris la taille, le mat\u00e9riau, le type de rev\u00eatement et plus!\" \/>\n<meta property=\"og:url\" content=\"https:\/\/www.americanpan.com\/europe\/fr\/product\/plaques-a-gressin\/\" \/>\n<meta property=\"og:site_name\" content=\"American Pan Europe\" \/>\n<meta property=\"article:modified_time\" content=\"2023-04-17T01:17:53+00:00\" \/>\n<meta property=\"og:image\" content=\"https:\/\/stg-bundybakingsolutions.com\/wp-content\/uploads\/2018\/09\/AP_Breadstick_8x3_Seamless.jpg\" \/>\n<meta name=\"twitter:card\" content=\"summary_large_image\" \/>\n<meta name=\"twitter:description\" content=\"&#8902;\" \/>\n<meta name=\"twitter:label1\" content=\"Prix\" \/>\n\t<meta name=\"twitter:data1\" content=\"\" \/>\n\t<meta name=\"twitter:label2\" content=\"Disponibilit\u00e9\" \/>\n\t<meta name=\"twitter:data2\" content=\"En stock\" \/>\n<script type=\"application\/ld+json\" class=\"yoast-schema-graph\">{\"@context\":\"https:\\\/\\\/schema.org\",\"@graph\":[{\"@type\":\"WebPage\",\"@id\":\"https:\\\/\\\/www.americanpan.com\\\/europe\\\/fr\\\/product\\\/plaques-a-gressin\\\/\",\"url\":\"https:\\\/\\\/www.americanpan.com\\\/europe\\\/fr\\\/product\\\/plaques-a-gressin\\\/\",\"name\":\"Plaques \u00e0 Gressin - American Pan &#8902; American Pan Europe\",\"isPartOf\":{\"@id\":\"https:\\\/\\\/www.americanpan.com\\\/europe\\\/fr\\\/#website\"},\"primaryImageOfPage\":{\"@id\":\"https:\\\/\\\/www.americanpan.com\\\/europe\\\/fr\\\/product\\\/plaques-a-gressin\\\/#primaryimage\"},\"image\":{\"@id\":\"https:\\\/\\\/www.americanpan.com\\\/europe\\\/fr\\\/product\\\/plaques-a-gressin\\\/#primaryimage\"},\"thumbnailUrl\":\"https:\\\/\\\/www.americanpan.com\\\/europe\\\/wp-content\\\/uploads\\\/sites\\\/18\\\/2018\\\/09\\\/AP_Screen_Baguette_12_Across-1.jpg\",\"datePublished\":\"2018-09-13T23:29:41+00:00\",\"dateModified\":\"2023-04-17T01:17:53+00:00\",\"description\":\"Personnalisez vos moules \u00e0 gressin pour qu'ils soient parfaitement adapt\u00e9s \u00e0 votre op\u00e9ration de cuisson. Choisissez parmi les diff\u00e9rentes options, y compris la taille, le mat\u00e9riau, le type de rev\u00eatement et plus!\",\"breadcrumb\":{\"@id\":\"https:\\\/\\\/www.americanpan.com\\\/europe\\\/fr\\\/product\\\/plaques-a-gressin\\\/#breadcrumb\"},\"inLanguage\":\"fr-FR\",\"potentialAction\":[{\"@type\":\"ReadAction\",\"target\":[\"https:\\\/\\\/www.americanpan.com\\\/europe\\\/fr\\\/product\\\/plaques-a-gressin\\\/\"]}]},{\"@type\":\"ImageObject\",\"inLanguage\":\"fr-FR\",\"@id\":\"https:\\\/\\\/www.americanpan.com\\\/europe\\\/fr\\\/product\\\/plaques-a-gressin\\\/#primaryimage\",\"url\":\"https:\\\/\\\/www.americanpan.com\\\/europe\\\/wp-content\\\/uploads\\\/sites\\\/18\\\/2018\\\/09\\\/AP_Screen_Baguette_12_Across-1.jpg\",\"contentUrl\":\"https:\\\/\\\/www.americanpan.com\\\/europe\\\/wp-content\\\/uploads\\\/sites\\\/18\\\/2018\\\/09\\\/AP_Screen_Baguette_12_Across-1.jpg\",\"width\":1440,\"height\":1080,\"caption\":\"Plateau de baguettes \u2013 AMERICOAT\u00ae\"},{\"@type\":\"BreadcrumbList\",\"@id\":\"https:\\\/\\\/www.americanpan.com\\\/europe\\\/fr\\\/product\\\/plaques-a-gressin\\\/#breadcrumb\",\"itemListElement\":[{\"@type\":\"ListItem\",\"position\":1,\"name\":\"Home\",\"item\":\"https:\\\/\\\/www.americanpan.com\\\/europe\\\/fr\\\/\"},{\"@type\":\"ListItem\",\"position\":2,\"name\":\"Produits\",\"item\":\"https:\\\/\\\/www.americanpan.com\\\/europe\\\/fr\\\/shop\\\/\"},{\"@type\":\"ListItem\",\"position\":3,\"name\":\"Plaques \u00e0 Gressin\"}]},{\"@type\":\"WebSite\",\"@id\":\"https:\\\/\\\/www.americanpan.com\\\/europe\\\/fr\\\/#website\",\"url\":\"https:\\\/\\\/www.americanpan.com\\\/europe\\\/fr\\\/\",\"name\":\"American Pan Europe\",\"description\":\"Moules et Rev\u00eatements Industriels\",\"publisher\":{\"@id\":\"https:\\\/\\\/www.americanpan.com\\\/europe\\\/fr\\\/#organization\"},\"potentialAction\":[{\"@type\":\"SearchAction\",\"target\":{\"@type\":\"EntryPoint\",\"urlTemplate\":\"https:\\\/\\\/www.americanpan.com\\\/europe\\\/fr\\\/?s={search_term_string}\"},\"query-input\":{\"@type\":\"PropertyValueSpecification\",\"valueRequired\":true,\"valueName\":\"search_term_string\"}}],\"inLanguage\":\"fr-FR\"},{\"@type\":\"Organization\",\"@id\":\"https:\\\/\\\/www.americanpan.com\\\/europe\\\/fr\\\/#organization\",\"name\":\"American Pan: Moules et Rev\u00eatements Industriels\",\"url\":\"https:\\\/\\\/www.americanpan.com\\\/europe\\\/fr\\\/\",\"logo\":{\"@type\":\"ImageObject\",\"inLanguage\":\"fr-FR\",\"@id\":\"https:\\\/\\\/www.americanpan.com\\\/europe\\\/fr\\\/#\\\/schema\\\/logo\\\/image\\\/\",\"url\":\"https:\\\/\\\/www.americanpan.com\\\/europe\\\/wp-content\\\/uploads\\\/sites\\\/18\\\/2022\\\/03\\\/logo-europe.png\",\"contentUrl\":\"https:\\\/\\\/www.americanpan.com\\\/europe\\\/wp-content\\\/uploads\\\/sites\\\/18\\\/2022\\\/03\\\/logo-europe.png\",\"width\":458,\"height\":172,\"caption\":\"American Pan: Moules et Rev\u00eatements Industriels\"},\"image\":{\"@id\":\"https:\\\/\\\/www.americanpan.com\\\/europe\\\/fr\\\/#\\\/schema\\\/logo\\\/image\\\/\"}}]}<\/script>\n<meta property=\"product:price:currency\" content=\"EUR\" \/>\n<meta property=\"og:availability\" content=\"instock\" \/>\n<meta property=\"product:availability\" content=\"instock\" \/>\n<meta property=\"product:retailer_item_id\" content=\"Breadstick Pans\" \/>\n<meta property=\"product:condition\" content=\"new\" \/>\n<!-- \/ Yoast SEO Premium plugin. -->","yoast_head_json":{"title":"Plaques \u00e0 Gressin - American Pan &#8902; American Pan Europe","description":"Personnalisez vos moules \u00e0 gressin pour qu'ils soient parfaitement adapt\u00e9s \u00e0 votre op\u00e9ration de cuisson. Choisissez parmi les diff\u00e9rentes options, y compris la taille, le mat\u00e9riau, le type de rev\u00eatement et plus!","robots":{"index":"index","follow":"follow","max-snippet":"max-snippet:-1","max-image-preview":"max-image-preview:large","max-video-preview":"max-video-preview:-1"},"canonical":"https:\/\/www.americanpan.com\/europe\/fr\/product\/plaques-a-gressin\/","og_locale":"fr_FR","og_type":"article","og_title":"Plaques \u00e0 Gressin &#8902; American Pan Europe","og_description":"Personnalisez vos moules \u00e0 gressin pour qu'ils soient parfaitement adapt\u00e9s \u00e0 votre op\u00e9ration de cuisson. Choisissez parmi les diff\u00e9rentes options, y compris la taille, le mat\u00e9riau, le type de rev\u00eatement et plus!","og_url":"https:\/\/www.americanpan.com\/europe\/fr\/product\/plaques-a-gressin\/","og_site_name":"American Pan Europe","article_modified_time":"2023-04-17T01:17:53+00:00","og_image":[{"url":"https:\/\/stg-bundybakingsolutions.com\/wp-content\/uploads\/2018\/09\/AP_Breadstick_8x3_Seamless.jpg","type":"","width":"","height":""}],"twitter_card":"summary_large_image","twitter_description":"&#8902;","twitter_misc":{"Prix":"","Disponibilit\u00e9":"En stock"},"schema":{"@context":"https:\/\/schema.org","@graph":[{"@type":"WebPage","@id":"https:\/\/www.americanpan.com\/europe\/fr\/product\/plaques-a-gressin\/","url":"https:\/\/www.americanpan.com\/europe\/fr\/product\/plaques-a-gressin\/","name":"Plaques \u00e0 Gressin - American Pan &#8902; American Pan Europe","isPartOf":{"@id":"https:\/\/www.americanpan.com\/europe\/fr\/#website"},"primaryImageOfPage":{"@id":"https:\/\/www.americanpan.com\/europe\/fr\/product\/plaques-a-gressin\/#primaryimage"},"image":{"@id":"https:\/\/www.americanpan.com\/europe\/fr\/product\/plaques-a-gressin\/#primaryimage"},"thumbnailUrl":"https:\/\/www.americanpan.com\/europe\/wp-content\/uploads\/sites\/18\/2018\/09\/AP_Screen_Baguette_12_Across-1.jpg","datePublished":"2018-09-13T23:29:41+00:00","dateModified":"2023-04-17T01:17:53+00:00","description":"Personnalisez vos moules \u00e0 gressin pour qu'ils soient parfaitement adapt\u00e9s \u00e0 votre op\u00e9ration de cuisson. Choisissez parmi les diff\u00e9rentes options, y compris la taille, le mat\u00e9riau, le type de rev\u00eatement et plus!","breadcrumb":{"@id":"https:\/\/www.americanpan.com\/europe\/fr\/product\/plaques-a-gressin\/#breadcrumb"},"inLanguage":"fr-FR","potentialAction":[{"@type":"ReadAction","target":["https:\/\/www.americanpan.com\/europe\/fr\/product\/plaques-a-gressin\/"]}]},{"@type":"ImageObject","inLanguage":"fr-FR","@id":"https:\/\/www.americanpan.com\/europe\/fr\/product\/plaques-a-gressin\/#primaryimage","url":"https:\/\/www.americanpan.com\/europe\/wp-content\/uploads\/sites\/18\/2018\/09\/AP_Screen_Baguette_12_Across-1.jpg","contentUrl":"https:\/\/www.americanpan.com\/europe\/wp-content\/uploads\/sites\/18\/2018\/09\/AP_Screen_Baguette_12_Across-1.jpg","width":1440,"height":1080,"caption":"Plateau de baguettes \u2013 AMERICOAT\u00ae"},{"@type":"BreadcrumbList","@id":"https:\/\/www.americanpan.com\/europe\/fr\/product\/plaques-a-gressin\/#breadcrumb","itemListElement":[{"@type":"ListItem","position":1,"name":"Home","item":"https:\/\/www.americanpan.com\/europe\/fr\/"},{"@type":"ListItem","position":2,"name":"Produits","item":"https:\/\/www.americanpan.com\/europe\/fr\/shop\/"},{"@type":"ListItem","position":3,"name":"Plaques \u00e0 Gressin"}]},{"@type":"WebSite","@id":"https:\/\/www.americanpan.com\/europe\/fr\/#website","url":"https:\/\/www.americanpan.com\/europe\/fr\/","name":"American Pan Europe","description":"Moules et Rev\u00eatements Industriels","publisher":{"@id":"https:\/\/www.americanpan.com\/europe\/fr\/#organization"},"potentialAction":[{"@type":"SearchAction","target":{"@type":"EntryPoint","urlTemplate":"https:\/\/www.americanpan.com\/europe\/fr\/?s={search_term_string}"},"query-input":{"@type":"PropertyValueSpecification","valueRequired":true,"valueName":"search_term_string"}}],"inLanguage":"fr-FR"},{"@type":"Organization","@id":"https:\/\/www.americanpan.com\/europe\/fr\/#organization","name":"American Pan: Moules et Rev\u00eatements Industriels","url":"https:\/\/www.americanpan.com\/europe\/fr\/","logo":{"@type":"ImageObject","inLanguage":"fr-FR","@id":"https:\/\/www.americanpan.com\/europe\/fr\/#\/schema\/logo\/image\/","url":"https:\/\/www.americanpan.com\/europe\/wp-content\/uploads\/sites\/18\/2022\/03\/logo-europe.png","contentUrl":"https:\/\/www.americanpan.com\/europe\/wp-content\/uploads\/sites\/18\/2022\/03\/logo-europe.png","width":458,"height":172,"caption":"American Pan: Moules et Rev\u00eatements Industriels"},"image":{"@id":"https:\/\/www.americanpan.com\/europe\/fr\/#\/schema\/logo\/image\/"}}]},"product_price_currency":"EUR","og_availability":"instock","product_availability":"instock","product_retailer_item_id":"Breadstick Pans","product_condition":"new"},"_links":{"self":[{"href":"https:\/\/www.americanpan.com\/europe\/fr\/wp-json\/wp\/v2\/product\/37431","targetHints":{"allow":["GET"]}}],"collection":[{"href":"https:\/\/www.americanpan.com\/europe\/fr\/wp-json\/wp\/v2\/product"}],"about":[{"href":"https:\/\/www.americanpan.com\/europe\/fr\/wp-json\/wp\/v2\/types\/product"}],"replies":[{"embeddable":true,"href":"https:\/\/www.americanpan.com\/europe\/fr\/wp-json\/wp\/v2\/comments?post=37431"}],"wp:featuredmedia":[{"embeddable":true,"href":"https:\/\/www.americanpan.com\/europe\/fr\/wp-json\/wp\/v2\/media\/31140"}],"wp:attachment":[{"href":"https:\/\/www.americanpan.com\/europe\/fr\/wp-json\/wp\/v2\/media?parent=37431"}],"wp:term":[{"taxonomy":"product_brand","embeddable":true,"href":"https:\/\/www.americanpan.com\/europe\/fr\/wp-json\/wp\/v2\/product_brand?post=37431"},{"taxonomy":"product_cat","embeddable":true,"href":"https:\/\/www.americanpan.com\/europe\/fr\/wp-json\/wp\/v2\/product_cat?post=37431"},{"taxonomy":"product_tag","embeddable":true,"href":"https:\/\/www.americanpan.com\/europe\/fr\/wp-json\/wp\/v2\/product_tag?post=37431"}],"curies":[{"name":"wp","href":"https:\/\/api.w.org\/{rel}","templated":true}]}}