{"id":37394,"date":"2018-09-14T00:29:41","date_gmt":"2018-09-13T23:29:41","guid":{"rendered":"https:\/\/www.americanpan.com\/europe\/product\/plaques-systeme-industriel\/"},"modified":"2023-04-17T02:17:56","modified_gmt":"2023-04-17T01:17:56","slug":"plaques-systeme-industriel","status":"publish","type":"product","link":"https:\/\/www.americanpan.com\/europe\/fr\/product\/plaques-systeme-industriel\/","title":{"rendered":"Plaques Syst\u00e8me Industriel"},"content":{"rendered":"","protected":false},"excerpt":{"rendered":"<p>Les plaques de cuisson perfor\u00e9es sont disponibles dans toutes les tailles de perforation. Elles peuvent \u00eatre construites avec des bords recourb\u00e9s ou pli\u00e9s et avec fil ou bande sur bord. Pour les grandes applications industrielles, les cadres peuvent \u00eatre construits avec des nervures imbriqu\u00e9es qui permettent aux moules de s&#8217;empiler et prot\u00e8gent \u00e9galement l&rsquo;\u00e9cran de cuisson pour augmenter la dur\u00e9e de vie des moules.<\/p>\n","protected":false},"featured_media":30744,"comment_status":"closed","ping_status":"closed","template":"","meta":{"_acf_changed":false},"product_brand":[],"product_cat":[1340,1360],"product_tag":[],"class_list":{"0":"post-37394","1":"product","2":"type-product","3":"status-publish","4":"has-post-thumbnail","6":"product_cat-plaques-et-moules-sur-mesure-fr","7":"product_cat-plaques-plates","9":"first","10":"instock","11":"taxable","12":"shipping-taxable","13":"product-type-simple"},"acf":[],"yoast_head":"<!-- This site is optimized with the Yoast SEO Premium plugin v27.3 (Yoast SEO v27.3) - https:\/\/yoast.com\/product\/yoast-seo-premium-wordpress\/ -->\n<title>Plaques Syst\u00e8me Industriel - American Pan &#8902; American Pan Europe<\/title>\n<meta name=\"description\" content=\"Les plaques de cuisson perfor\u00e9es sont disponibles dans toutes les tailles de perforation.\" \/>\n<meta name=\"robots\" content=\"index, follow, max-snippet:-1, max-image-preview:large, max-video-preview:-1\" \/>\n<link rel=\"canonical\" href=\"https:\/\/www.americanpan.com\/europe\/fr\/product\/plaques-systeme-industriel\/\" \/>\n<meta property=\"og:locale\" content=\"fr_FR\" \/>\n<meta property=\"og:type\" content=\"article\" \/>\n<meta property=\"og:title\" content=\"Plaques Syst\u00e8me Industriel &#8902; American Pan Europe\" \/>\n<meta property=\"og:description\" content=\"&#8902;\" \/>\n<meta property=\"og:url\" content=\"https:\/\/www.americanpan.com\/europe\/fr\/product\/plaques-systeme-industriel\/\" \/>\n<meta property=\"og:site_name\" content=\"American Pan Europe\" \/>\n<meta property=\"article:modified_time\" content=\"2023-04-17T01:17:56+00:00\" \/>\n<meta property=\"og:image\" content=\"https:\/\/stg-bundybakingsolutions.com\/wp-content\/uploads\/2018\/09\/AP_Screen_Stackable_DS_2.jpg\" \/>\n<meta name=\"twitter:card\" content=\"summary_large_image\" \/>\n<meta name=\"twitter:description\" content=\"Les plaques de cuisson perfor\u00e9es sont disponibles dans toutes les tailles de perforation.\" \/>\n<meta name=\"twitter:label1\" content=\"Prix\" \/>\n\t<meta name=\"twitter:data1\" content=\"\" \/>\n\t<meta name=\"twitter:label2\" content=\"Disponibilit\u00e9\" \/>\n\t<meta name=\"twitter:data2\" content=\"En stock\" \/>\n<script type=\"application\/ld+json\" class=\"yoast-schema-graph\">{\"@context\":\"https:\\\/\\\/schema.org\",\"@graph\":[{\"@type\":\"WebPage\",\"@id\":\"https:\\\/\\\/www.americanpan.com\\\/europe\\\/fr\\\/product\\\/plaques-systeme-industriel\\\/\",\"url\":\"https:\\\/\\\/www.americanpan.com\\\/europe\\\/fr\\\/product\\\/plaques-systeme-industriel\\\/\",\"name\":\"Plaques Syst\u00e8me Industriel - American Pan &#8902; American Pan Europe\",\"isPartOf\":{\"@id\":\"https:\\\/\\\/www.americanpan.com\\\/europe\\\/fr\\\/#website\"},\"primaryImageOfPage\":{\"@id\":\"https:\\\/\\\/www.americanpan.com\\\/europe\\\/fr\\\/product\\\/plaques-systeme-industriel\\\/#primaryimage\"},\"image\":{\"@id\":\"https:\\\/\\\/www.americanpan.com\\\/europe\\\/fr\\\/product\\\/plaques-systeme-industriel\\\/#primaryimage\"},\"thumbnailUrl\":\"https:\\\/\\\/www.americanpan.com\\\/europe\\\/wp-content\\\/uploads\\\/sites\\\/18\\\/2018\\\/09\\\/AP_Screen_Stackable_DS_2-scaled.jpg\",\"datePublished\":\"2018-09-13T23:29:41+00:00\",\"dateModified\":\"2023-04-17T01:17:56+00:00\",\"description\":\"Les plaques de cuisson perfor\u00e9es sont disponibles dans toutes les tailles de perforation.\",\"breadcrumb\":{\"@id\":\"https:\\\/\\\/www.americanpan.com\\\/europe\\\/fr\\\/product\\\/plaques-systeme-industriel\\\/#breadcrumb\"},\"inLanguage\":\"fr-FR\",\"potentialAction\":[{\"@type\":\"ReadAction\",\"target\":[\"https:\\\/\\\/www.americanpan.com\\\/europe\\\/fr\\\/product\\\/plaques-systeme-industriel\\\/\"]}]},{\"@type\":\"ImageObject\",\"inLanguage\":\"fr-FR\",\"@id\":\"https:\\\/\\\/www.americanpan.com\\\/europe\\\/fr\\\/product\\\/plaques-systeme-industriel\\\/#primaryimage\",\"url\":\"https:\\\/\\\/www.americanpan.com\\\/europe\\\/wp-content\\\/uploads\\\/sites\\\/18\\\/2018\\\/09\\\/AP_Screen_Stackable_DS_2-scaled.jpg\",\"contentUrl\":\"https:\\\/\\\/www.americanpan.com\\\/europe\\\/wp-content\\\/uploads\\\/sites\\\/18\\\/2018\\\/09\\\/AP_Screen_Stackable_DS_2-scaled.jpg\",\"width\":2560,\"height\":1920,\"caption\":\"\u00c9cran empilable 800 x 1600 \u2013 DuraShield\u00ae\"},{\"@type\":\"BreadcrumbList\",\"@id\":\"https:\\\/\\\/www.americanpan.com\\\/europe\\\/fr\\\/product\\\/plaques-systeme-industriel\\\/#breadcrumb\",\"itemListElement\":[{\"@type\":\"ListItem\",\"position\":1,\"name\":\"Home\",\"item\":\"https:\\\/\\\/www.americanpan.com\\\/europe\\\/fr\\\/\"},{\"@type\":\"ListItem\",\"position\":2,\"name\":\"Produits\",\"item\":\"https:\\\/\\\/www.americanpan.com\\\/europe\\\/fr\\\/shop\\\/\"},{\"@type\":\"ListItem\",\"position\":3,\"name\":\"Plaques Syst\u00e8me Industriel\"}]},{\"@type\":\"WebSite\",\"@id\":\"https:\\\/\\\/www.americanpan.com\\\/europe\\\/fr\\\/#website\",\"url\":\"https:\\\/\\\/www.americanpan.com\\\/europe\\\/fr\\\/\",\"name\":\"American Pan Europe\",\"description\":\"Moules et Rev\u00eatements Industriels\",\"publisher\":{\"@id\":\"https:\\\/\\\/www.americanpan.com\\\/europe\\\/fr\\\/#organization\"},\"potentialAction\":[{\"@type\":\"SearchAction\",\"target\":{\"@type\":\"EntryPoint\",\"urlTemplate\":\"https:\\\/\\\/www.americanpan.com\\\/europe\\\/fr\\\/?s={search_term_string}\"},\"query-input\":{\"@type\":\"PropertyValueSpecification\",\"valueRequired\":true,\"valueName\":\"search_term_string\"}}],\"inLanguage\":\"fr-FR\"},{\"@type\":\"Organization\",\"@id\":\"https:\\\/\\\/www.americanpan.com\\\/europe\\\/fr\\\/#organization\",\"name\":\"American Pan: Moules et Rev\u00eatements Industriels\",\"url\":\"https:\\\/\\\/www.americanpan.com\\\/europe\\\/fr\\\/\",\"logo\":{\"@type\":\"ImageObject\",\"inLanguage\":\"fr-FR\",\"@id\":\"https:\\\/\\\/www.americanpan.com\\\/europe\\\/fr\\\/#\\\/schema\\\/logo\\\/image\\\/\",\"url\":\"https:\\\/\\\/www.americanpan.com\\\/europe\\\/wp-content\\\/uploads\\\/sites\\\/18\\\/2022\\\/03\\\/logo-europe.png\",\"contentUrl\":\"https:\\\/\\\/www.americanpan.com\\\/europe\\\/wp-content\\\/uploads\\\/sites\\\/18\\\/2022\\\/03\\\/logo-europe.png\",\"width\":458,\"height\":172,\"caption\":\"American Pan: Moules et Rev\u00eatements Industriels\"},\"image\":{\"@id\":\"https:\\\/\\\/www.americanpan.com\\\/europe\\\/fr\\\/#\\\/schema\\\/logo\\\/image\\\/\"}}]}<\/script>\n<meta property=\"product:price:currency\" content=\"EUR\" \/>\n<meta property=\"og:availability\" content=\"instock\" \/>\n<meta property=\"product:availability\" content=\"instock\" \/>\n<meta property=\"product:retailer_item_id\" content=\"Industrial System Trays\" \/>\n<meta property=\"product:condition\" content=\"new\" \/>\n<!-- \/ Yoast SEO Premium plugin. -->","yoast_head_json":{"title":"Plaques Syst\u00e8me Industriel - American Pan &#8902; American Pan Europe","description":"Les plaques de cuisson perfor\u00e9es sont disponibles dans toutes les tailles de perforation.","robots":{"index":"index","follow":"follow","max-snippet":"max-snippet:-1","max-image-preview":"max-image-preview:large","max-video-preview":"max-video-preview:-1"},"canonical":"https:\/\/www.americanpan.com\/europe\/fr\/product\/plaques-systeme-industriel\/","og_locale":"fr_FR","og_type":"article","og_title":"Plaques Syst\u00e8me Industriel &#8902; American Pan Europe","og_description":"&#8902;","og_url":"https:\/\/www.americanpan.com\/europe\/fr\/product\/plaques-systeme-industriel\/","og_site_name":"American Pan Europe","article_modified_time":"2023-04-17T01:17:56+00:00","og_image":[{"url":"https:\/\/stg-bundybakingsolutions.com\/wp-content\/uploads\/2018\/09\/AP_Screen_Stackable_DS_2.jpg","type":"","width":"","height":""}],"twitter_card":"summary_large_image","twitter_description":"Les plaques de cuisson perfor\u00e9es sont disponibles dans toutes les tailles de perforation.","twitter_misc":{"Prix":"","Disponibilit\u00e9":"En stock"},"schema":{"@context":"https:\/\/schema.org","@graph":[{"@type":"WebPage","@id":"https:\/\/www.americanpan.com\/europe\/fr\/product\/plaques-systeme-industriel\/","url":"https:\/\/www.americanpan.com\/europe\/fr\/product\/plaques-systeme-industriel\/","name":"Plaques Syst\u00e8me Industriel - American Pan &#8902; American Pan Europe","isPartOf":{"@id":"https:\/\/www.americanpan.com\/europe\/fr\/#website"},"primaryImageOfPage":{"@id":"https:\/\/www.americanpan.com\/europe\/fr\/product\/plaques-systeme-industriel\/#primaryimage"},"image":{"@id":"https:\/\/www.americanpan.com\/europe\/fr\/product\/plaques-systeme-industriel\/#primaryimage"},"thumbnailUrl":"https:\/\/www.americanpan.com\/europe\/wp-content\/uploads\/sites\/18\/2018\/09\/AP_Screen_Stackable_DS_2-scaled.jpg","datePublished":"2018-09-13T23:29:41+00:00","dateModified":"2023-04-17T01:17:56+00:00","description":"Les plaques de cuisson perfor\u00e9es sont disponibles dans toutes les tailles de perforation.","breadcrumb":{"@id":"https:\/\/www.americanpan.com\/europe\/fr\/product\/plaques-systeme-industriel\/#breadcrumb"},"inLanguage":"fr-FR","potentialAction":[{"@type":"ReadAction","target":["https:\/\/www.americanpan.com\/europe\/fr\/product\/plaques-systeme-industriel\/"]}]},{"@type":"ImageObject","inLanguage":"fr-FR","@id":"https:\/\/www.americanpan.com\/europe\/fr\/product\/plaques-systeme-industriel\/#primaryimage","url":"https:\/\/www.americanpan.com\/europe\/wp-content\/uploads\/sites\/18\/2018\/09\/AP_Screen_Stackable_DS_2-scaled.jpg","contentUrl":"https:\/\/www.americanpan.com\/europe\/wp-content\/uploads\/sites\/18\/2018\/09\/AP_Screen_Stackable_DS_2-scaled.jpg","width":2560,"height":1920,"caption":"\u00c9cran empilable 800 x 1600 \u2013 DuraShield\u00ae"},{"@type":"BreadcrumbList","@id":"https:\/\/www.americanpan.com\/europe\/fr\/product\/plaques-systeme-industriel\/#breadcrumb","itemListElement":[{"@type":"ListItem","position":1,"name":"Home","item":"https:\/\/www.americanpan.com\/europe\/fr\/"},{"@type":"ListItem","position":2,"name":"Produits","item":"https:\/\/www.americanpan.com\/europe\/fr\/shop\/"},{"@type":"ListItem","position":3,"name":"Plaques Syst\u00e8me Industriel"}]},{"@type":"WebSite","@id":"https:\/\/www.americanpan.com\/europe\/fr\/#website","url":"https:\/\/www.americanpan.com\/europe\/fr\/","name":"American Pan Europe","description":"Moules et Rev\u00eatements Industriels","publisher":{"@id":"https:\/\/www.americanpan.com\/europe\/fr\/#organization"},"potentialAction":[{"@type":"SearchAction","target":{"@type":"EntryPoint","urlTemplate":"https:\/\/www.americanpan.com\/europe\/fr\/?s={search_term_string}"},"query-input":{"@type":"PropertyValueSpecification","valueRequired":true,"valueName":"search_term_string"}}],"inLanguage":"fr-FR"},{"@type":"Organization","@id":"https:\/\/www.americanpan.com\/europe\/fr\/#organization","name":"American Pan: Moules et Rev\u00eatements Industriels","url":"https:\/\/www.americanpan.com\/europe\/fr\/","logo":{"@type":"ImageObject","inLanguage":"fr-FR","@id":"https:\/\/www.americanpan.com\/europe\/fr\/#\/schema\/logo\/image\/","url":"https:\/\/www.americanpan.com\/europe\/wp-content\/uploads\/sites\/18\/2022\/03\/logo-europe.png","contentUrl":"https:\/\/www.americanpan.com\/europe\/wp-content\/uploads\/sites\/18\/2022\/03\/logo-europe.png","width":458,"height":172,"caption":"American Pan: Moules et Rev\u00eatements Industriels"},"image":{"@id":"https:\/\/www.americanpan.com\/europe\/fr\/#\/schema\/logo\/image\/"}}]},"product_price_currency":"EUR","og_availability":"instock","product_availability":"instock","product_retailer_item_id":"Industrial System Trays","product_condition":"new"},"_links":{"self":[{"href":"https:\/\/www.americanpan.com\/europe\/fr\/wp-json\/wp\/v2\/product\/37394","targetHints":{"allow":["GET"]}}],"collection":[{"href":"https:\/\/www.americanpan.com\/europe\/fr\/wp-json\/wp\/v2\/product"}],"about":[{"href":"https:\/\/www.americanpan.com\/europe\/fr\/wp-json\/wp\/v2\/types\/product"}],"replies":[{"embeddable":true,"href":"https:\/\/www.americanpan.com\/europe\/fr\/wp-json\/wp\/v2\/comments?post=37394"}],"wp:featuredmedia":[{"embeddable":true,"href":"https:\/\/www.americanpan.com\/europe\/fr\/wp-json\/wp\/v2\/media\/30744"}],"wp:attachment":[{"href":"https:\/\/www.americanpan.com\/europe\/fr\/wp-json\/wp\/v2\/media?parent=37394"}],"wp:term":[{"taxonomy":"product_brand","embeddable":true,"href":"https:\/\/www.americanpan.com\/europe\/fr\/wp-json\/wp\/v2\/product_brand?post=37394"},{"taxonomy":"product_cat","embeddable":true,"href":"https:\/\/www.americanpan.com\/europe\/fr\/wp-json\/wp\/v2\/product_cat?post=37394"},{"taxonomy":"product_tag","embeddable":true,"href":"https:\/\/www.americanpan.com\/europe\/fr\/wp-json\/wp\/v2\/product_tag?post=37394"}],"curies":[{"name":"wp","href":"https:\/\/api.w.org\/{rel}","templated":true}]}}