{"id":62358,"date":"2022-11-23T16:46:14","date_gmt":"2022-11-23T16:46:14","guid":{"rendered":"https:\/\/www.americanpan.com\/europe\/?page_id=62358"},"modified":"2024-09-10T18:24:59","modified_gmt":"2024-09-10T17:24:59","slug":"moules-epan","status":"publish","type":"page","link":"https:\/\/www.americanpan.com\/europe\/fr\/moules-epan\/","title":{"rendered":"Moules ePAN\u00ae"},"content":{"rendered":"","protected":false},"excerpt":{"rendered":"","protected":false},"author":139,"featured_media":62368,"parent":0,"menu_order":0,"comment_status":"closed","ping_status":"closed","template":"templates\/page-builder.php","meta":{"_acf_changed":false,"footnotes":""},"class_list":["post-62358","page","type-page","status-publish","has-post-thumbnail","hentry"],"acf":[],"yoast_head":"<!-- This site is optimized with the Yoast SEO Premium plugin v27.2 (Yoast SEO v27.2) - https:\/\/yoast.com\/product\/yoast-seo-premium-wordpress\/ -->\n<title>Moules ePAN\u00ae &#8902; American Pan Europe<\/title>\n<meta name=\"description\" content=\"Notre Programme de Gestion du Cycle de Vie a \u00e9t\u00e9 con\u00e7u pour offrir aux clients un approvisionnement rotatif de moules et de rev\u00eatements de haute performance, ce qui se traduit par une efficacit\u00e9 op\u00e9rationnelle et une qualit\u00e9 du produit optimales.\" \/>\n<meta name=\"robots\" content=\"index, follow, max-snippet:-1, max-image-preview:large, max-video-preview:-1\" \/>\n<link rel=\"canonical\" href=\"https:\/\/www.americanpan.com\/europe\/fr\/moules-epan\/\" \/>\n<meta property=\"og:locale\" content=\"fr_FR\" \/>\n<meta property=\"og:type\" content=\"article\" \/>\n<meta property=\"og:title\" content=\"Moules ePAN\u00ae &#8902; American Pan Europe\" \/>\n<meta property=\"og:description\" content=\"Notre Programme de Gestion du Cycle de Vie a \u00e9t\u00e9 con\u00e7u pour offrir aux clients un approvisionnement rotatif de moules et de rev\u00eatements de haute performance, ce qui se traduit par une efficacit\u00e9 op\u00e9rationnelle et une qualit\u00e9 du produit optimales.\" \/>\n<meta property=\"og:url\" content=\"https:\/\/www.americanpan.com\/europe\/fr\/moules-epan\/\" \/>\n<meta property=\"og:site_name\" content=\"American Pan Europe\" \/>\n<meta property=\"article:modified_time\" content=\"2024-09-10T17:24:59+00:00\" \/>\n<meta property=\"og:image\" content=\"https:\/\/www.americanpan.com\/europe\/wp-content\/uploads\/sites\/18\/2022\/11\/ePAN-Bun-Pan-wePAN-and-e2PAN-Logo-Overlay.jpg\" \/>\n\t<meta property=\"og:image:width\" content=\"1440\" \/>\n\t<meta property=\"og:image:height\" content=\"1080\" \/>\n\t<meta property=\"og:image:type\" content=\"image\/jpeg\" \/>\n<meta name=\"twitter:card\" content=\"summary_large_image\" \/>\n<meta name=\"twitter:label1\" content=\"Dur\u00e9e de lecture estim\u00e9e\" \/>\n\t<meta name=\"twitter:data1\" content=\"3 minutes\" \/>\n<script type=\"application\/ld+json\" class=\"yoast-schema-graph\">{\"@context\":\"https:\/\/schema.org\",\"@graph\":[{\"@type\":\"WebPage\",\"@id\":\"https:\/\/www.americanpan.com\/europe\/fr\/moules-epan\/\",\"url\":\"https:\/\/www.americanpan.com\/europe\/fr\/moules-epan\/\",\"name\":\"Moules ePAN\u00ae &#8902; American Pan Europe\",\"isPartOf\":{\"@id\":\"https:\/\/www.americanpan.com\/europe\/fr\/#website\"},\"primaryImageOfPage\":{\"@id\":\"https:\/\/www.americanpan.com\/europe\/fr\/moules-epan\/#primaryimage\"},\"image\":{\"@id\":\"https:\/\/www.americanpan.com\/europe\/fr\/moules-epan\/#primaryimage\"},\"thumbnailUrl\":\"https:\/\/www.americanpan.com\/europe\/wp-content\/uploads\/sites\/18\/2022\/11\/ePAN-Bun-Pan-wePAN-and-e2PAN-Logo-Overlay.jpg\",\"datePublished\":\"2022-11-23T16:46:14+00:00\",\"dateModified\":\"2024-09-10T17:24:59+00:00\",\"description\":\"Notre Programme de Gestion du Cycle de Vie a \u00e9t\u00e9 con\u00e7u pour offrir aux clients un approvisionnement rotatif de moules et de rev\u00eatements de haute performance, ce qui se traduit par une efficacit\u00e9 op\u00e9rationnelle et une qualit\u00e9 du produit optimales.\",\"breadcrumb\":{\"@id\":\"https:\/\/www.americanpan.com\/europe\/fr\/moules-epan\/#breadcrumb\"},\"inLanguage\":\"fr-FR\",\"potentialAction\":[{\"@type\":\"ReadAction\",\"target\":[\"https:\/\/www.americanpan.com\/europe\/fr\/moules-epan\/\"]}]},{\"@type\":\"ImageObject\",\"inLanguage\":\"fr-FR\",\"@id\":\"https:\/\/www.americanpan.com\/europe\/fr\/moules-epan\/#primaryimage\",\"url\":\"https:\/\/www.americanpan.com\/europe\/wp-content\/uploads\/sites\/18\/2022\/11\/ePAN-Bun-Pan-wePAN-and-e2PAN-Logo-Overlay.jpg\",\"contentUrl\":\"https:\/\/www.americanpan.com\/europe\/wp-content\/uploads\/sites\/18\/2022\/11\/ePAN-Bun-Pan-wePAN-and-e2PAN-Logo-Overlay.jpg\",\"width\":1440,\"height\":1080,\"caption\":\"ePAN Bun Pan wePAN and e2PAN Logo Overlay\"},{\"@type\":\"BreadcrumbList\",\"@id\":\"https:\/\/www.americanpan.com\/europe\/fr\/moules-epan\/#breadcrumb\",\"itemListElement\":[{\"@type\":\"ListItem\",\"position\":1,\"name\":\"Home\",\"item\":\"https:\/\/www.americanpan.com\/europe\/fr\/\"},{\"@type\":\"ListItem\",\"position\":2,\"name\":\"Moules ePAN\u00ae\"}]},{\"@type\":\"WebSite\",\"@id\":\"https:\/\/www.americanpan.com\/europe\/fr\/#website\",\"url\":\"https:\/\/www.americanpan.com\/europe\/fr\/\",\"name\":\"American Pan Europe\",\"description\":\"Moules et Rev\u00eatements Industriels\",\"publisher\":{\"@id\":\"https:\/\/www.americanpan.com\/europe\/fr\/#organization\"},\"potentialAction\":[{\"@type\":\"SearchAction\",\"target\":{\"@type\":\"EntryPoint\",\"urlTemplate\":\"https:\/\/www.americanpan.com\/europe\/fr\/?s={search_term_string}\"},\"query-input\":{\"@type\":\"PropertyValueSpecification\",\"valueRequired\":true,\"valueName\":\"search_term_string\"}}],\"inLanguage\":\"fr-FR\"},{\"@type\":\"Organization\",\"@id\":\"https:\/\/www.americanpan.com\/europe\/fr\/#organization\",\"name\":\"American Pan: Moules et Rev\u00eatements Industriels\",\"url\":\"https:\/\/www.americanpan.com\/europe\/fr\/\",\"logo\":{\"@type\":\"ImageObject\",\"inLanguage\":\"fr-FR\",\"@id\":\"https:\/\/www.americanpan.com\/europe\/fr\/#\/schema\/logo\/image\/\",\"url\":\"https:\/\/www.americanpan.com\/europe\/wp-content\/uploads\/sites\/18\/2022\/03\/logo-europe.png\",\"contentUrl\":\"https:\/\/www.americanpan.com\/europe\/wp-content\/uploads\/sites\/18\/2022\/03\/logo-europe.png\",\"width\":458,\"height\":172,\"caption\":\"American Pan: Moules et Rev\u00eatements Industriels\"},\"image\":{\"@id\":\"https:\/\/www.americanpan.com\/europe\/fr\/#\/schema\/logo\/image\/\"}}]}<\/script>\n<!-- \/ Yoast SEO Premium plugin. -->","yoast_head_json":{"title":"Moules ePAN\u00ae &#8902; American Pan Europe","description":"Notre Programme de Gestion du Cycle de Vie a \u00e9t\u00e9 con\u00e7u pour offrir aux clients un approvisionnement rotatif de moules et de rev\u00eatements de haute performance, ce qui se traduit par une efficacit\u00e9 op\u00e9rationnelle et une qualit\u00e9 du produit optimales.","robots":{"index":"index","follow":"follow","max-snippet":"max-snippet:-1","max-image-preview":"max-image-preview:large","max-video-preview":"max-video-preview:-1"},"canonical":"https:\/\/www.americanpan.com\/europe\/fr\/moules-epan\/","og_locale":"fr_FR","og_type":"article","og_title":"Moules ePAN\u00ae &#8902; American Pan Europe","og_description":"Notre Programme de Gestion du Cycle de Vie a \u00e9t\u00e9 con\u00e7u pour offrir aux clients un approvisionnement rotatif de moules et de rev\u00eatements de haute performance, ce qui se traduit par une efficacit\u00e9 op\u00e9rationnelle et une qualit\u00e9 du produit optimales.","og_url":"https:\/\/www.americanpan.com\/europe\/fr\/moules-epan\/","og_site_name":"American Pan Europe","article_modified_time":"2024-09-10T17:24:59+00:00","og_image":[{"width":1440,"height":1080,"url":"https:\/\/www.americanpan.com\/europe\/wp-content\/uploads\/sites\/18\/2022\/11\/ePAN-Bun-Pan-wePAN-and-e2PAN-Logo-Overlay.jpg","type":"image\/jpeg"}],"twitter_card":"summary_large_image","twitter_misc":{"Dur\u00e9e de lecture estim\u00e9e":"3 minutes"},"schema":{"@context":"https:\/\/schema.org","@graph":[{"@type":"WebPage","@id":"https:\/\/www.americanpan.com\/europe\/fr\/moules-epan\/","url":"https:\/\/www.americanpan.com\/europe\/fr\/moules-epan\/","name":"Moules ePAN\u00ae &#8902; American Pan Europe","isPartOf":{"@id":"https:\/\/www.americanpan.com\/europe\/fr\/#website"},"primaryImageOfPage":{"@id":"https:\/\/www.americanpan.com\/europe\/fr\/moules-epan\/#primaryimage"},"image":{"@id":"https:\/\/www.americanpan.com\/europe\/fr\/moules-epan\/#primaryimage"},"thumbnailUrl":"https:\/\/www.americanpan.com\/europe\/wp-content\/uploads\/sites\/18\/2022\/11\/ePAN-Bun-Pan-wePAN-and-e2PAN-Logo-Overlay.jpg","datePublished":"2022-11-23T16:46:14+00:00","dateModified":"2024-09-10T17:24:59+00:00","description":"Notre Programme de Gestion du Cycle de Vie a \u00e9t\u00e9 con\u00e7u pour offrir aux clients un approvisionnement rotatif de moules et de rev\u00eatements de haute performance, ce qui se traduit par une efficacit\u00e9 op\u00e9rationnelle et une qualit\u00e9 du produit optimales.","breadcrumb":{"@id":"https:\/\/www.americanpan.com\/europe\/fr\/moules-epan\/#breadcrumb"},"inLanguage":"fr-FR","potentialAction":[{"@type":"ReadAction","target":["https:\/\/www.americanpan.com\/europe\/fr\/moules-epan\/"]}]},{"@type":"ImageObject","inLanguage":"fr-FR","@id":"https:\/\/www.americanpan.com\/europe\/fr\/moules-epan\/#primaryimage","url":"https:\/\/www.americanpan.com\/europe\/wp-content\/uploads\/sites\/18\/2022\/11\/ePAN-Bun-Pan-wePAN-and-e2PAN-Logo-Overlay.jpg","contentUrl":"https:\/\/www.americanpan.com\/europe\/wp-content\/uploads\/sites\/18\/2022\/11\/ePAN-Bun-Pan-wePAN-and-e2PAN-Logo-Overlay.jpg","width":1440,"height":1080,"caption":"ePAN Bun Pan wePAN and e2PAN Logo Overlay"},{"@type":"BreadcrumbList","@id":"https:\/\/www.americanpan.com\/europe\/fr\/moules-epan\/#breadcrumb","itemListElement":[{"@type":"ListItem","position":1,"name":"Home","item":"https:\/\/www.americanpan.com\/europe\/fr\/"},{"@type":"ListItem","position":2,"name":"Moules ePAN\u00ae"}]},{"@type":"WebSite","@id":"https:\/\/www.americanpan.com\/europe\/fr\/#website","url":"https:\/\/www.americanpan.com\/europe\/fr\/","name":"American Pan Europe","description":"Moules et Rev\u00eatements Industriels","publisher":{"@id":"https:\/\/www.americanpan.com\/europe\/fr\/#organization"},"potentialAction":[{"@type":"SearchAction","target":{"@type":"EntryPoint","urlTemplate":"https:\/\/www.americanpan.com\/europe\/fr\/?s={search_term_string}"},"query-input":{"@type":"PropertyValueSpecification","valueRequired":true,"valueName":"search_term_string"}}],"inLanguage":"fr-FR"},{"@type":"Organization","@id":"https:\/\/www.americanpan.com\/europe\/fr\/#organization","name":"American Pan: Moules et Rev\u00eatements Industriels","url":"https:\/\/www.americanpan.com\/europe\/fr\/","logo":{"@type":"ImageObject","inLanguage":"fr-FR","@id":"https:\/\/www.americanpan.com\/europe\/fr\/#\/schema\/logo\/image\/","url":"https:\/\/www.americanpan.com\/europe\/wp-content\/uploads\/sites\/18\/2022\/03\/logo-europe.png","contentUrl":"https:\/\/www.americanpan.com\/europe\/wp-content\/uploads\/sites\/18\/2022\/03\/logo-europe.png","width":458,"height":172,"caption":"American Pan: Moules et Rev\u00eatements Industriels"},"image":{"@id":"https:\/\/www.americanpan.com\/europe\/fr\/#\/schema\/logo\/image\/"}}]}},"_links":{"self":[{"href":"https:\/\/www.americanpan.com\/europe\/fr\/wp-json\/wp\/v2\/pages\/62358","targetHints":{"allow":["GET"]}}],"collection":[{"href":"https:\/\/www.americanpan.com\/europe\/fr\/wp-json\/wp\/v2\/pages"}],"about":[{"href":"https:\/\/www.americanpan.com\/europe\/fr\/wp-json\/wp\/v2\/types\/page"}],"author":[{"embeddable":true,"href":"https:\/\/www.americanpan.com\/europe\/fr\/wp-json\/wp\/v2\/users\/139"}],"replies":[{"embeddable":true,"href":"https:\/\/www.americanpan.com\/europe\/fr\/wp-json\/wp\/v2\/comments?post=62358"}],"version-history":[{"count":0,"href":"https:\/\/www.americanpan.com\/europe\/fr\/wp-json\/wp\/v2\/pages\/62358\/revisions"}],"wp:featuredmedia":[{"embeddable":true,"href":"https:\/\/www.americanpan.com\/europe\/fr\/wp-json\/wp\/v2\/media\/62368"}],"wp:attachment":[{"href":"https:\/\/www.americanpan.com\/europe\/fr\/wp-json\/wp\/v2\/media?parent=62358"}],"curies":[{"name":"wp","href":"https:\/\/api.w.org\/{rel}","templated":true}]}}