{"id":58968,"date":"2022-03-29T21:08:56","date_gmt":"2022-03-29T20:08:56","guid":{"rendered":"https:\/\/www.americanpan.com\/europe\/life-cycle-management-program\/"},"modified":"2022-05-27T05:02:44","modified_gmt":"2022-05-27T04:02:44","slug":"cycle-de-vie-programme-de-gestion","status":"publish","type":"page","link":"https:\/\/www.americanpan.com\/europe\/fr\/cycle-de-vie-programme-de-gestion\/","title":{"rendered":"Cycle De Vie Programme de Gestion"},"content":{"rendered":"","protected":false},"excerpt":{"rendered":"","protected":false},"author":5,"featured_media":0,"parent":0,"menu_order":0,"comment_status":"closed","ping_status":"closed","template":"templates\/page-builder.php","meta":{"_acf_changed":false,"footnotes":""},"class_list":["post-58968","page","type-page","status-publish","hentry"],"acf":[],"yoast_head":"<!-- This site is optimized with the Yoast SEO Premium plugin v27.4 (Yoast SEO v27.4) - https:\/\/yoast.com\/product\/yoast-seo-premium-wordpress\/ -->\n<title>Cycle De Vie Programme de Gestion &#8902; American Pan Europe<\/title>\n<meta name=\"description\" content=\"Notre Programme de Gestion du Cycle de Vie a \u00e9t\u00e9 con\u00e7u pour offrir aux clients un approvisionnement rotatif de moules et de rev\u00eatements de haute performance, ce qui se traduit par une efficacit\u00e9 op\u00e9rationnelle et une qualit\u00e9 du produit optimales.\" \/>\n<meta name=\"robots\" content=\"index, follow, max-snippet:-1, max-image-preview:large, max-video-preview:-1\" \/>\n<link rel=\"canonical\" href=\"https:\/\/www.americanpan.com\/europe\/fr\/cycle-de-vie-programme-de-gestion\/\" \/>\n<meta property=\"og:locale\" content=\"fr_FR\" \/>\n<meta property=\"og:type\" content=\"article\" \/>\n<meta property=\"og:title\" content=\"Cycle De Vie Programme de Gestion &#8902; American Pan Europe\" \/>\n<meta property=\"og:description\" content=\"Notre Programme de Gestion du Cycle de Vie a \u00e9t\u00e9 con\u00e7u pour offrir aux clients un approvisionnement rotatif de moules et de rev\u00eatements de haute performance, ce qui se traduit par une efficacit\u00e9 op\u00e9rationnelle et une qualit\u00e9 du produit optimales.\" \/>\n<meta property=\"og:url\" content=\"https:\/\/www.americanpan.com\/europe\/fr\/cycle-de-vie-programme-de-gestion\/\" \/>\n<meta property=\"og:site_name\" content=\"American Pan Europe\" \/>\n<meta property=\"article:modified_time\" content=\"2022-05-27T04:02:44+00:00\" \/>\n<meta name=\"twitter:card\" content=\"summary_large_image\" \/>\n<script type=\"application\/ld+json\" class=\"yoast-schema-graph\">{\"@context\":\"https:\\\/\\\/schema.org\",\"@graph\":[{\"@type\":\"WebPage\",\"@id\":\"https:\\\/\\\/www.americanpan.com\\\/europe\\\/fr\\\/cycle-de-vie-programme-de-gestion\\\/\",\"url\":\"https:\\\/\\\/www.americanpan.com\\\/europe\\\/fr\\\/cycle-de-vie-programme-de-gestion\\\/\",\"name\":\"Cycle De Vie Programme de Gestion &#8902; American Pan Europe\",\"isPartOf\":{\"@id\":\"https:\\\/\\\/www.americanpan.com\\\/europe\\\/fr\\\/#website\"},\"datePublished\":\"2022-03-29T20:08:56+00:00\",\"dateModified\":\"2022-05-27T04:02:44+00:00\",\"description\":\"Notre Programme de Gestion du Cycle de Vie a \u00e9t\u00e9 con\u00e7u pour offrir aux clients un approvisionnement rotatif de moules et de rev\u00eatements de haute performance, ce qui se traduit par une efficacit\u00e9 op\u00e9rationnelle et une qualit\u00e9 du produit optimales.\",\"breadcrumb\":{\"@id\":\"https:\\\/\\\/www.americanpan.com\\\/europe\\\/fr\\\/cycle-de-vie-programme-de-gestion\\\/#breadcrumb\"},\"inLanguage\":\"fr-FR\",\"potentialAction\":[{\"@type\":\"ReadAction\",\"target\":[\"https:\\\/\\\/www.americanpan.com\\\/europe\\\/fr\\\/cycle-de-vie-programme-de-gestion\\\/\"]}]},{\"@type\":\"BreadcrumbList\",\"@id\":\"https:\\\/\\\/www.americanpan.com\\\/europe\\\/fr\\\/cycle-de-vie-programme-de-gestion\\\/#breadcrumb\",\"itemListElement\":[{\"@type\":\"ListItem\",\"position\":1,\"name\":\"Home\",\"item\":\"https:\\\/\\\/www.americanpan.com\\\/europe\\\/fr\\\/\"},{\"@type\":\"ListItem\",\"position\":2,\"name\":\"Cycle De Vie Programme de Gestion\"}]},{\"@type\":\"WebSite\",\"@id\":\"https:\\\/\\\/www.americanpan.com\\\/europe\\\/fr\\\/#website\",\"url\":\"https:\\\/\\\/www.americanpan.com\\\/europe\\\/fr\\\/\",\"name\":\"American Pan Europe\",\"description\":\"Moules et Rev\u00eatements Industriels\",\"publisher\":{\"@id\":\"https:\\\/\\\/www.americanpan.com\\\/europe\\\/fr\\\/#organization\"},\"potentialAction\":[{\"@type\":\"SearchAction\",\"target\":{\"@type\":\"EntryPoint\",\"urlTemplate\":\"https:\\\/\\\/www.americanpan.com\\\/europe\\\/fr\\\/?s={search_term_string}\"},\"query-input\":{\"@type\":\"PropertyValueSpecification\",\"valueRequired\":true,\"valueName\":\"search_term_string\"}}],\"inLanguage\":\"fr-FR\"},{\"@type\":\"Organization\",\"@id\":\"https:\\\/\\\/www.americanpan.com\\\/europe\\\/fr\\\/#organization\",\"name\":\"American Pan: Moules et Rev\u00eatements Industriels\",\"url\":\"https:\\\/\\\/www.americanpan.com\\\/europe\\\/fr\\\/\",\"logo\":{\"@type\":\"ImageObject\",\"inLanguage\":\"fr-FR\",\"@id\":\"https:\\\/\\\/www.americanpan.com\\\/europe\\\/fr\\\/#\\\/schema\\\/logo\\\/image\\\/\",\"url\":\"https:\\\/\\\/www.americanpan.com\\\/europe\\\/wp-content\\\/uploads\\\/sites\\\/18\\\/2022\\\/03\\\/logo-europe.png\",\"contentUrl\":\"https:\\\/\\\/www.americanpan.com\\\/europe\\\/wp-content\\\/uploads\\\/sites\\\/18\\\/2022\\\/03\\\/logo-europe.png\",\"width\":458,\"height\":172,\"caption\":\"American Pan: Moules et Rev\u00eatements Industriels\"},\"image\":{\"@id\":\"https:\\\/\\\/www.americanpan.com\\\/europe\\\/fr\\\/#\\\/schema\\\/logo\\\/image\\\/\"}}]}<\/script>\n<!-- \/ Yoast SEO Premium plugin. -->","yoast_head_json":{"title":"Cycle De Vie Programme de Gestion &#8902; American Pan Europe","description":"Notre Programme de Gestion du Cycle de Vie a \u00e9t\u00e9 con\u00e7u pour offrir aux clients un approvisionnement rotatif de moules et de rev\u00eatements de haute performance, ce qui se traduit par une efficacit\u00e9 op\u00e9rationnelle et une qualit\u00e9 du produit optimales.","robots":{"index":"index","follow":"follow","max-snippet":"max-snippet:-1","max-image-preview":"max-image-preview:large","max-video-preview":"max-video-preview:-1"},"canonical":"https:\/\/www.americanpan.com\/europe\/fr\/cycle-de-vie-programme-de-gestion\/","og_locale":"fr_FR","og_type":"article","og_title":"Cycle De Vie Programme de Gestion &#8902; American Pan Europe","og_description":"Notre Programme de Gestion du Cycle de Vie a \u00e9t\u00e9 con\u00e7u pour offrir aux clients un approvisionnement rotatif de moules et de rev\u00eatements de haute performance, ce qui se traduit par une efficacit\u00e9 op\u00e9rationnelle et une qualit\u00e9 du produit optimales.","og_url":"https:\/\/www.americanpan.com\/europe\/fr\/cycle-de-vie-programme-de-gestion\/","og_site_name":"American Pan Europe","article_modified_time":"2022-05-27T04:02:44+00:00","twitter_card":"summary_large_image","schema":{"@context":"https:\/\/schema.org","@graph":[{"@type":"WebPage","@id":"https:\/\/www.americanpan.com\/europe\/fr\/cycle-de-vie-programme-de-gestion\/","url":"https:\/\/www.americanpan.com\/europe\/fr\/cycle-de-vie-programme-de-gestion\/","name":"Cycle De Vie Programme de Gestion &#8902; American Pan Europe","isPartOf":{"@id":"https:\/\/www.americanpan.com\/europe\/fr\/#website"},"datePublished":"2022-03-29T20:08:56+00:00","dateModified":"2022-05-27T04:02:44+00:00","description":"Notre Programme de Gestion du Cycle de Vie a \u00e9t\u00e9 con\u00e7u pour offrir aux clients un approvisionnement rotatif de moules et de rev\u00eatements de haute performance, ce qui se traduit par une efficacit\u00e9 op\u00e9rationnelle et une qualit\u00e9 du produit optimales.","breadcrumb":{"@id":"https:\/\/www.americanpan.com\/europe\/fr\/cycle-de-vie-programme-de-gestion\/#breadcrumb"},"inLanguage":"fr-FR","potentialAction":[{"@type":"ReadAction","target":["https:\/\/www.americanpan.com\/europe\/fr\/cycle-de-vie-programme-de-gestion\/"]}]},{"@type":"BreadcrumbList","@id":"https:\/\/www.americanpan.com\/europe\/fr\/cycle-de-vie-programme-de-gestion\/#breadcrumb","itemListElement":[{"@type":"ListItem","position":1,"name":"Home","item":"https:\/\/www.americanpan.com\/europe\/fr\/"},{"@type":"ListItem","position":2,"name":"Cycle De Vie Programme de Gestion"}]},{"@type":"WebSite","@id":"https:\/\/www.americanpan.com\/europe\/fr\/#website","url":"https:\/\/www.americanpan.com\/europe\/fr\/","name":"American Pan Europe","description":"Moules et Rev\u00eatements Industriels","publisher":{"@id":"https:\/\/www.americanpan.com\/europe\/fr\/#organization"},"potentialAction":[{"@type":"SearchAction","target":{"@type":"EntryPoint","urlTemplate":"https:\/\/www.americanpan.com\/europe\/fr\/?s={search_term_string}"},"query-input":{"@type":"PropertyValueSpecification","valueRequired":true,"valueName":"search_term_string"}}],"inLanguage":"fr-FR"},{"@type":"Organization","@id":"https:\/\/www.americanpan.com\/europe\/fr\/#organization","name":"American Pan: Moules et Rev\u00eatements Industriels","url":"https:\/\/www.americanpan.com\/europe\/fr\/","logo":{"@type":"ImageObject","inLanguage":"fr-FR","@id":"https:\/\/www.americanpan.com\/europe\/fr\/#\/schema\/logo\/image\/","url":"https:\/\/www.americanpan.com\/europe\/wp-content\/uploads\/sites\/18\/2022\/03\/logo-europe.png","contentUrl":"https:\/\/www.americanpan.com\/europe\/wp-content\/uploads\/sites\/18\/2022\/03\/logo-europe.png","width":458,"height":172,"caption":"American Pan: Moules et Rev\u00eatements Industriels"},"image":{"@id":"https:\/\/www.americanpan.com\/europe\/fr\/#\/schema\/logo\/image\/"}}]}},"_links":{"self":[{"href":"https:\/\/www.americanpan.com\/europe\/fr\/wp-json\/wp\/v2\/pages\/58968","targetHints":{"allow":["GET"]}}],"collection":[{"href":"https:\/\/www.americanpan.com\/europe\/fr\/wp-json\/wp\/v2\/pages"}],"about":[{"href":"https:\/\/www.americanpan.com\/europe\/fr\/wp-json\/wp\/v2\/types\/page"}],"author":[{"embeddable":true,"href":"https:\/\/www.americanpan.com\/europe\/fr\/wp-json\/wp\/v2\/users\/5"}],"replies":[{"embeddable":true,"href":"https:\/\/www.americanpan.com\/europe\/fr\/wp-json\/wp\/v2\/comments?post=58968"}],"version-history":[{"count":0,"href":"https:\/\/www.americanpan.com\/europe\/fr\/wp-json\/wp\/v2\/pages\/58968\/revisions"}],"wp:attachment":[{"href":"https:\/\/www.americanpan.com\/europe\/fr\/wp-json\/wp\/v2\/media?parent=58968"}],"curies":[{"name":"wp","href":"https:\/\/api.w.org\/{rel}","templated":true}]}}