{"id":55231,"date":"2021-04-26T11:20:47","date_gmt":"2021-04-26T10:20:47","guid":{"rendered":"https:\/\/www.americanpan.com\/europe\/american-pan\/"},"modified":"2024-03-07T21:08:21","modified_gmt":"2024-03-07T21:08:21","slug":"american-pan","status":"publish","type":"page","link":"https:\/\/www.americanpan.com\/europe\/fr\/","title":{"rendered":"American Pan Europe"},"content":{"rendered":"<div class=\"wp-block-cover has-background-dim home-page-hero is-layout-flow wp-block-cover-is-layout-flow\">\u00a0<\/div>\n<div class=\"wp-block-group\">\n<div class=\"wp-block-cover home-feeding\" style=\"min-height: 430px;\">\n<div class=\"wp-block-cover__inner-container\">\n<div class=\"wp-block-columns has-dark-grey-color has-text-color\">\n<div class=\"wp-block-column\"><\/div>\n<p><!-- \/wp:post-content --><\/div>\n<p><!-- \/wp:columns --><\/div>\n<\/div>\n<p><!-- \/wp:cover --><\/div>\n<p><!-- \/wp:group --><\/p>\n","protected":false},"excerpt":{"rendered":"","protected":false},"author":5,"featured_media":63791,"parent":0,"menu_order":0,"comment_status":"closed","ping_status":"closed","template":"templates\/page-builder.php","meta":{"_acf_changed":false,"footnotes":""},"class_list":["post-55231","page","type-page","status-publish","has-post-thumbnail","hentry"],"acf":[],"yoast_head":"<!-- This site is optimized with the Yoast SEO Premium plugin v27.3 (Yoast SEO v27.3) - https:\/\/yoast.com\/product\/yoast-seo-premium-wordpress\/ -->\n<title>MOULES INDUSTRIELS &amp; REV\u00caTEMENTS &#8902; American Pan Europe<\/title>\n<meta name=\"description\" content=\"American Pan est la norme d\u2019excellence en mati\u00e8re de conception, de fabrication, de rev\u00eatement et de r\u00e9novation.\" \/>\n<meta name=\"robots\" content=\"index, follow, max-snippet:-1, max-image-preview:large, max-video-preview:-1\" \/>\n<link rel=\"canonical\" href=\"https:\/\/www.americanpan.com\/europe\/fr\/\" \/>\n<meta property=\"og:locale\" content=\"fr_FR\" \/>\n<meta property=\"og:type\" content=\"article\" \/>\n<meta property=\"og:title\" content=\"American Pan Europe &#8902; American Pan Europe\" \/>\n<meta property=\"og:description\" content=\"American Pan est la norme d\u2019excellence en mati\u00e8re de conception, de fabrication, de rev\u00eatement et de r\u00e9novation.\" \/>\n<meta property=\"og:url\" content=\"https:\/\/www.americanpan.com\/europe\/fr\/\" \/>\n<meta property=\"og:site_name\" content=\"American Pan Europe\" \/>\n<meta property=\"article:modified_time\" content=\"2024-03-07T21:08:21+00:00\" \/>\n<meta name=\"twitter:card\" content=\"summary_large_image\" \/>\n<meta name=\"twitter:label1\" content=\"Dur\u00e9e de lecture estim\u00e9e\" \/>\n\t<meta name=\"twitter:data1\" content=\"2 minutes\" \/>\n<script type=\"application\/ld+json\" class=\"yoast-schema-graph\">{\"@context\":\"https:\\\/\\\/schema.org\",\"@graph\":[{\"@type\":\"WebPage\",\"@id\":\"https:\\\/\\\/www.americanpan.com\\\/europe\\\/fr\\\/\",\"url\":\"https:\\\/\\\/www.americanpan.com\\\/europe\\\/fr\\\/\",\"name\":\"MOULES INDUSTRIELS & REV\u00caTEMENTS &#8902; American Pan Europe\",\"isPartOf\":{\"@id\":\"https:\\\/\\\/www.americanpan.com\\\/europe\\\/fr\\\/#website\"},\"primaryImageOfPage\":{\"@id\":\"https:\\\/\\\/www.americanpan.com\\\/europe\\\/fr\\\/#primaryimage\"},\"image\":{\"@id\":\"https:\\\/\\\/www.americanpan.com\\\/europe\\\/fr\\\/#primaryimage\"},\"thumbnailUrl\":\"https:\\\/\\\/www.americanpan.com\\\/europe\\\/wp-content\\\/uploads\\\/sites\\\/18\\\/2024\\\/04\\\/AP_Screen_Mixed_Group_1-B.webp\",\"datePublished\":\"2021-04-26T10:20:47+00:00\",\"dateModified\":\"2024-03-07T21:08:21+00:00\",\"description\":\"American Pan est la norme d\u2019excellence en mati\u00e8re de conception, de fabrication, de rev\u00eatement et de r\u00e9novation.\",\"breadcrumb\":{\"@id\":\"https:\\\/\\\/www.americanpan.com\\\/europe\\\/fr\\\/#breadcrumb\"},\"inLanguage\":\"fr-FR\",\"potentialAction\":[{\"@type\":\"ReadAction\",\"target\":[\"https:\\\/\\\/www.americanpan.com\\\/europe\\\/fr\\\/\"]}]},{\"@type\":\"ImageObject\",\"inLanguage\":\"fr-FR\",\"@id\":\"https:\\\/\\\/www.americanpan.com\\\/europe\\\/fr\\\/#primaryimage\",\"url\":\"https:\\\/\\\/www.americanpan.com\\\/europe\\\/wp-content\\\/uploads\\\/sites\\\/18\\\/2024\\\/04\\\/AP_Screen_Mixed_Group_1-B.webp\",\"contentUrl\":\"https:\\\/\\\/www.americanpan.com\\\/europe\\\/wp-content\\\/uploads\\\/sites\\\/18\\\/2024\\\/04\\\/AP_Screen_Mixed_Group_1-B.webp\",\"width\":800,\"height\":588},{\"@type\":\"BreadcrumbList\",\"@id\":\"https:\\\/\\\/www.americanpan.com\\\/europe\\\/fr\\\/#breadcrumb\",\"itemListElement\":[{\"@type\":\"ListItem\",\"position\":1,\"name\":\"Home\",\"item\":\"https:\\\/\\\/www.americanpan.com\\\/europe\\\/fr\\\/\"},{\"@type\":\"ListItem\",\"position\":2,\"name\":\"American Pan Europe\"}]},{\"@type\":\"WebSite\",\"@id\":\"https:\\\/\\\/www.americanpan.com\\\/europe\\\/fr\\\/#website\",\"url\":\"https:\\\/\\\/www.americanpan.com\\\/europe\\\/fr\\\/\",\"name\":\"American Pan Europe\",\"description\":\"Moules et Rev\u00eatements Industriels\",\"publisher\":{\"@id\":\"https:\\\/\\\/www.americanpan.com\\\/europe\\\/fr\\\/#organization\"},\"potentialAction\":[{\"@type\":\"SearchAction\",\"target\":{\"@type\":\"EntryPoint\",\"urlTemplate\":\"https:\\\/\\\/www.americanpan.com\\\/europe\\\/fr\\\/?s={search_term_string}\"},\"query-input\":{\"@type\":\"PropertyValueSpecification\",\"valueRequired\":true,\"valueName\":\"search_term_string\"}}],\"inLanguage\":\"fr-FR\"},{\"@type\":\"Organization\",\"@id\":\"https:\\\/\\\/www.americanpan.com\\\/europe\\\/fr\\\/#organization\",\"name\":\"American Pan: Moules et Rev\u00eatements Industriels\",\"url\":\"https:\\\/\\\/www.americanpan.com\\\/europe\\\/fr\\\/\",\"logo\":{\"@type\":\"ImageObject\",\"inLanguage\":\"fr-FR\",\"@id\":\"https:\\\/\\\/www.americanpan.com\\\/europe\\\/fr\\\/#\\\/schema\\\/logo\\\/image\\\/\",\"url\":\"https:\\\/\\\/www.americanpan.com\\\/europe\\\/wp-content\\\/uploads\\\/sites\\\/18\\\/2022\\\/03\\\/logo-europe.png\",\"contentUrl\":\"https:\\\/\\\/www.americanpan.com\\\/europe\\\/wp-content\\\/uploads\\\/sites\\\/18\\\/2022\\\/03\\\/logo-europe.png\",\"width\":458,\"height\":172,\"caption\":\"American Pan: Moules et Rev\u00eatements Industriels\"},\"image\":{\"@id\":\"https:\\\/\\\/www.americanpan.com\\\/europe\\\/fr\\\/#\\\/schema\\\/logo\\\/image\\\/\"}}]}<\/script>\n<!-- \/ Yoast SEO Premium plugin. -->","yoast_head_json":{"title":"MOULES INDUSTRIELS & REV\u00caTEMENTS &#8902; American Pan Europe","description":"American Pan est la norme d\u2019excellence en mati\u00e8re de conception, de fabrication, de rev\u00eatement et de r\u00e9novation.","robots":{"index":"index","follow":"follow","max-snippet":"max-snippet:-1","max-image-preview":"max-image-preview:large","max-video-preview":"max-video-preview:-1"},"canonical":"https:\/\/www.americanpan.com\/europe\/fr\/","og_locale":"fr_FR","og_type":"article","og_title":"American Pan Europe &#8902; American Pan Europe","og_description":"American Pan est la norme d\u2019excellence en mati\u00e8re de conception, de fabrication, de rev\u00eatement et de r\u00e9novation.","og_url":"https:\/\/www.americanpan.com\/europe\/fr\/","og_site_name":"American Pan Europe","article_modified_time":"2024-03-07T21:08:21+00:00","twitter_card":"summary_large_image","twitter_misc":{"Dur\u00e9e de lecture estim\u00e9e":"2 minutes"},"schema":{"@context":"https:\/\/schema.org","@graph":[{"@type":"WebPage","@id":"https:\/\/www.americanpan.com\/europe\/fr\/","url":"https:\/\/www.americanpan.com\/europe\/fr\/","name":"MOULES INDUSTRIELS & REV\u00caTEMENTS &#8902; American Pan Europe","isPartOf":{"@id":"https:\/\/www.americanpan.com\/europe\/fr\/#website"},"primaryImageOfPage":{"@id":"https:\/\/www.americanpan.com\/europe\/fr\/#primaryimage"},"image":{"@id":"https:\/\/www.americanpan.com\/europe\/fr\/#primaryimage"},"thumbnailUrl":"https:\/\/www.americanpan.com\/europe\/wp-content\/uploads\/sites\/18\/2024\/04\/AP_Screen_Mixed_Group_1-B.webp","datePublished":"2021-04-26T10:20:47+00:00","dateModified":"2024-03-07T21:08:21+00:00","description":"American Pan est la norme d\u2019excellence en mati\u00e8re de conception, de fabrication, de rev\u00eatement et de r\u00e9novation.","breadcrumb":{"@id":"https:\/\/www.americanpan.com\/europe\/fr\/#breadcrumb"},"inLanguage":"fr-FR","potentialAction":[{"@type":"ReadAction","target":["https:\/\/www.americanpan.com\/europe\/fr\/"]}]},{"@type":"ImageObject","inLanguage":"fr-FR","@id":"https:\/\/www.americanpan.com\/europe\/fr\/#primaryimage","url":"https:\/\/www.americanpan.com\/europe\/wp-content\/uploads\/sites\/18\/2024\/04\/AP_Screen_Mixed_Group_1-B.webp","contentUrl":"https:\/\/www.americanpan.com\/europe\/wp-content\/uploads\/sites\/18\/2024\/04\/AP_Screen_Mixed_Group_1-B.webp","width":800,"height":588},{"@type":"BreadcrumbList","@id":"https:\/\/www.americanpan.com\/europe\/fr\/#breadcrumb","itemListElement":[{"@type":"ListItem","position":1,"name":"Home","item":"https:\/\/www.americanpan.com\/europe\/fr\/"},{"@type":"ListItem","position":2,"name":"American Pan Europe"}]},{"@type":"WebSite","@id":"https:\/\/www.americanpan.com\/europe\/fr\/#website","url":"https:\/\/www.americanpan.com\/europe\/fr\/","name":"American Pan Europe","description":"Moules et Rev\u00eatements Industriels","publisher":{"@id":"https:\/\/www.americanpan.com\/europe\/fr\/#organization"},"potentialAction":[{"@type":"SearchAction","target":{"@type":"EntryPoint","urlTemplate":"https:\/\/www.americanpan.com\/europe\/fr\/?s={search_term_string}"},"query-input":{"@type":"PropertyValueSpecification","valueRequired":true,"valueName":"search_term_string"}}],"inLanguage":"fr-FR"},{"@type":"Organization","@id":"https:\/\/www.americanpan.com\/europe\/fr\/#organization","name":"American Pan: Moules et Rev\u00eatements Industriels","url":"https:\/\/www.americanpan.com\/europe\/fr\/","logo":{"@type":"ImageObject","inLanguage":"fr-FR","@id":"https:\/\/www.americanpan.com\/europe\/fr\/#\/schema\/logo\/image\/","url":"https:\/\/www.americanpan.com\/europe\/wp-content\/uploads\/sites\/18\/2022\/03\/logo-europe.png","contentUrl":"https:\/\/www.americanpan.com\/europe\/wp-content\/uploads\/sites\/18\/2022\/03\/logo-europe.png","width":458,"height":172,"caption":"American Pan: Moules et Rev\u00eatements Industriels"},"image":{"@id":"https:\/\/www.americanpan.com\/europe\/fr\/#\/schema\/logo\/image\/"}}]}},"_links":{"self":[{"href":"https:\/\/www.americanpan.com\/europe\/fr\/wp-json\/wp\/v2\/pages\/55231","targetHints":{"allow":["GET"]}}],"collection":[{"href":"https:\/\/www.americanpan.com\/europe\/fr\/wp-json\/wp\/v2\/pages"}],"about":[{"href":"https:\/\/www.americanpan.com\/europe\/fr\/wp-json\/wp\/v2\/types\/page"}],"author":[{"embeddable":true,"href":"https:\/\/www.americanpan.com\/europe\/fr\/wp-json\/wp\/v2\/users\/5"}],"replies":[{"embeddable":true,"href":"https:\/\/www.americanpan.com\/europe\/fr\/wp-json\/wp\/v2\/comments?post=55231"}],"version-history":[{"count":0,"href":"https:\/\/www.americanpan.com\/europe\/fr\/wp-json\/wp\/v2\/pages\/55231\/revisions"}],"wp:featuredmedia":[{"embeddable":true,"href":"https:\/\/www.americanpan.com\/europe\/fr\/wp-json\/wp\/v2\/media\/63791"}],"wp:attachment":[{"href":"https:\/\/www.americanpan.com\/europe\/fr\/wp-json\/wp\/v2\/media?parent=55231"}],"curies":[{"name":"wp","href":"https:\/\/api.w.org\/{rel}","templated":true}]}}