{"id":55214,"date":"2022-03-23T07:12:38","date_gmt":"2022-03-23T07:12:38","guid":{"rendered":"https:\/\/www.americanpan.com\/europe\/smart-pan-tracking\/"},"modified":"2024-01-22T19:56:20","modified_gmt":"2024-01-22T19:56:20","slug":"systeme-de-smart-pan-tracking","status":"publish","type":"page","link":"https:\/\/www.americanpan.com\/europe\/fr\/systeme-de-smart-pan-tracking\/","title":{"rendered":"Syst\u00e8me de SMART Pan Tracking"},"content":{"rendered":"","protected":false},"excerpt":{"rendered":"","protected":false},"author":5,"featured_media":37058,"parent":0,"menu_order":0,"comment_status":"closed","ping_status":"closed","template":"templates\/page-builder.php","meta":{"_acf_changed":false,"footnotes":""},"class_list":["post-55214","page","type-page","status-publish","has-post-thumbnail","hentry"],"acf":[],"yoast_head":"<!-- This site is optimized with the Yoast SEO Premium plugin v27.4 (Yoast SEO v27.4) - https:\/\/yoast.com\/product\/yoast-seo-premium-wordpress\/ -->\n<title>Syst\u00e8me de SMART Pan Tracking &#8902; American Pan Europe<\/title>\n<meta name=\"description\" content=\"Le syst\u00e8me SMARTPan tracking\u00ae de American Pan offre aux boulangeries des donn\u00e9es utiles et pr\u00e9cises pour le suivi de la dur\u00e9e de vie des rev\u00eatements des plaques et l\u2019efficacit\u00e9 de la ligne, permettant une am\u00e9lioration continue.\" \/>\n<meta name=\"robots\" content=\"index, follow, max-snippet:-1, max-image-preview:large, max-video-preview:-1\" \/>\n<link rel=\"canonical\" href=\"https:\/\/www.americanpan.com\/europe\/fr\/systeme-de-smart-pan-tracking\/\" \/>\n<meta property=\"og:locale\" content=\"fr_FR\" \/>\n<meta property=\"og:type\" content=\"article\" \/>\n<meta property=\"og:title\" content=\"Syst\u00e8me de SMART Pan Tracking &#8902; American Pan Europe\" \/>\n<meta property=\"og:description\" content=\"Le syst\u00e8me SMARTPan tracking\u00ae de American Pan offre aux boulangeries des donn\u00e9es utiles et pr\u00e9cises pour le suivi de la dur\u00e9e de vie des rev\u00eatements des plaques et l\u2019efficacit\u00e9 de la ligne, permettant une am\u00e9lioration continue.\" \/>\n<meta property=\"og:url\" content=\"https:\/\/www.americanpan.com\/europe\/fr\/systeme-de-smart-pan-tracking\/\" \/>\n<meta property=\"og:site_name\" content=\"American Pan Europe\" \/>\n<meta property=\"article:modified_time\" content=\"2024-01-22T19:56:20+00:00\" \/>\n<meta name=\"twitter:card\" content=\"summary_large_image\" \/>\n<meta name=\"twitter:label1\" content=\"Dur\u00e9e de lecture estim\u00e9e\" \/>\n\t<meta name=\"twitter:data1\" content=\"2 minutes\" \/>\n<script type=\"application\/ld+json\" class=\"yoast-schema-graph\">{\"@context\":\"https:\\\/\\\/schema.org\",\"@graph\":[{\"@type\":\"WebPage\",\"@id\":\"https:\\\/\\\/www.americanpan.com\\\/europe\\\/fr\\\/systeme-de-smart-pan-tracking\\\/\",\"url\":\"https:\\\/\\\/www.americanpan.com\\\/europe\\\/fr\\\/systeme-de-smart-pan-tracking\\\/\",\"name\":\"Syst\u00e8me de SMART Pan Tracking &#8902; American Pan Europe\",\"isPartOf\":{\"@id\":\"https:\\\/\\\/www.americanpan.com\\\/europe\\\/fr\\\/#website\"},\"primaryImageOfPage\":{\"@id\":\"https:\\\/\\\/www.americanpan.com\\\/europe\\\/fr\\\/systeme-de-smart-pan-tracking\\\/#primaryimage\"},\"image\":{\"@id\":\"https:\\\/\\\/www.americanpan.com\\\/europe\\\/fr\\\/systeme-de-smart-pan-tracking\\\/#primaryimage\"},\"thumbnailUrl\":\"https:\\\/\\\/www.americanpan.com\\\/europe\\\/wp-content\\\/uploads\\\/sites\\\/18\\\/2021\\\/04\\\/SMART_tag_cc-cropped.jpg\",\"datePublished\":\"2022-03-23T07:12:38+00:00\",\"dateModified\":\"2024-01-22T19:56:20+00:00\",\"description\":\"Le syst\u00e8me SMARTPan tracking\u00ae de American Pan offre aux boulangeries des donn\u00e9es utiles et pr\u00e9cises pour le suivi de la dur\u00e9e de vie des rev\u00eatements des plaques et l\u2019efficacit\u00e9 de la ligne, permettant une am\u00e9lioration continue.\",\"breadcrumb\":{\"@id\":\"https:\\\/\\\/www.americanpan.com\\\/europe\\\/fr\\\/systeme-de-smart-pan-tracking\\\/#breadcrumb\"},\"inLanguage\":\"fr-FR\",\"potentialAction\":[{\"@type\":\"ReadAction\",\"target\":[\"https:\\\/\\\/www.americanpan.com\\\/europe\\\/fr\\\/systeme-de-smart-pan-tracking\\\/\"]}]},{\"@type\":\"ImageObject\",\"inLanguage\":\"fr-FR\",\"@id\":\"https:\\\/\\\/www.americanpan.com\\\/europe\\\/fr\\\/systeme-de-smart-pan-tracking\\\/#primaryimage\",\"url\":\"https:\\\/\\\/www.americanpan.com\\\/europe\\\/wp-content\\\/uploads\\\/sites\\\/18\\\/2021\\\/04\\\/SMART_tag_cc-cropped.jpg\",\"contentUrl\":\"https:\\\/\\\/www.americanpan.com\\\/europe\\\/wp-content\\\/uploads\\\/sites\\\/18\\\/2021\\\/04\\\/SMART_tag_cc-cropped.jpg\",\"width\":1400,\"height\":1050},{\"@type\":\"BreadcrumbList\",\"@id\":\"https:\\\/\\\/www.americanpan.com\\\/europe\\\/fr\\\/systeme-de-smart-pan-tracking\\\/#breadcrumb\",\"itemListElement\":[{\"@type\":\"ListItem\",\"position\":1,\"name\":\"Home\",\"item\":\"https:\\\/\\\/www.americanpan.com\\\/europe\\\/fr\\\/\"},{\"@type\":\"ListItem\",\"position\":2,\"name\":\"Syst\u00e8me de SMART Pan Tracking\"}]},{\"@type\":\"WebSite\",\"@id\":\"https:\\\/\\\/www.americanpan.com\\\/europe\\\/fr\\\/#website\",\"url\":\"https:\\\/\\\/www.americanpan.com\\\/europe\\\/fr\\\/\",\"name\":\"American Pan Europe\",\"description\":\"Moules et Rev\u00eatements Industriels\",\"publisher\":{\"@id\":\"https:\\\/\\\/www.americanpan.com\\\/europe\\\/fr\\\/#organization\"},\"potentialAction\":[{\"@type\":\"SearchAction\",\"target\":{\"@type\":\"EntryPoint\",\"urlTemplate\":\"https:\\\/\\\/www.americanpan.com\\\/europe\\\/fr\\\/?s={search_term_string}\"},\"query-input\":{\"@type\":\"PropertyValueSpecification\",\"valueRequired\":true,\"valueName\":\"search_term_string\"}}],\"inLanguage\":\"fr-FR\"},{\"@type\":\"Organization\",\"@id\":\"https:\\\/\\\/www.americanpan.com\\\/europe\\\/fr\\\/#organization\",\"name\":\"American Pan: Moules et Rev\u00eatements Industriels\",\"url\":\"https:\\\/\\\/www.americanpan.com\\\/europe\\\/fr\\\/\",\"logo\":{\"@type\":\"ImageObject\",\"inLanguage\":\"fr-FR\",\"@id\":\"https:\\\/\\\/www.americanpan.com\\\/europe\\\/fr\\\/#\\\/schema\\\/logo\\\/image\\\/\",\"url\":\"https:\\\/\\\/www.americanpan.com\\\/europe\\\/wp-content\\\/uploads\\\/sites\\\/18\\\/2022\\\/03\\\/logo-europe.png\",\"contentUrl\":\"https:\\\/\\\/www.americanpan.com\\\/europe\\\/wp-content\\\/uploads\\\/sites\\\/18\\\/2022\\\/03\\\/logo-europe.png\",\"width\":458,\"height\":172,\"caption\":\"American Pan: Moules et Rev\u00eatements Industriels\"},\"image\":{\"@id\":\"https:\\\/\\\/www.americanpan.com\\\/europe\\\/fr\\\/#\\\/schema\\\/logo\\\/image\\\/\"}}]}<\/script>\n<!-- \/ Yoast SEO Premium plugin. -->","yoast_head_json":{"title":"Syst\u00e8me de SMART Pan Tracking &#8902; American Pan Europe","description":"Le syst\u00e8me SMARTPan tracking\u00ae de American Pan offre aux boulangeries des donn\u00e9es utiles et pr\u00e9cises pour le suivi de la dur\u00e9e de vie des rev\u00eatements des plaques et l\u2019efficacit\u00e9 de la ligne, permettant une am\u00e9lioration continue.","robots":{"index":"index","follow":"follow","max-snippet":"max-snippet:-1","max-image-preview":"max-image-preview:large","max-video-preview":"max-video-preview:-1"},"canonical":"https:\/\/www.americanpan.com\/europe\/fr\/systeme-de-smart-pan-tracking\/","og_locale":"fr_FR","og_type":"article","og_title":"Syst\u00e8me de SMART Pan Tracking &#8902; American Pan Europe","og_description":"Le syst\u00e8me SMARTPan tracking\u00ae de American Pan offre aux boulangeries des donn\u00e9es utiles et pr\u00e9cises pour le suivi de la dur\u00e9e de vie des rev\u00eatements des plaques et l\u2019efficacit\u00e9 de la ligne, permettant une am\u00e9lioration continue.","og_url":"https:\/\/www.americanpan.com\/europe\/fr\/systeme-de-smart-pan-tracking\/","og_site_name":"American Pan Europe","article_modified_time":"2024-01-22T19:56:20+00:00","twitter_card":"summary_large_image","twitter_misc":{"Dur\u00e9e de lecture estim\u00e9e":"2 minutes"},"schema":{"@context":"https:\/\/schema.org","@graph":[{"@type":"WebPage","@id":"https:\/\/www.americanpan.com\/europe\/fr\/systeme-de-smart-pan-tracking\/","url":"https:\/\/www.americanpan.com\/europe\/fr\/systeme-de-smart-pan-tracking\/","name":"Syst\u00e8me de SMART Pan Tracking &#8902; American Pan Europe","isPartOf":{"@id":"https:\/\/www.americanpan.com\/europe\/fr\/#website"},"primaryImageOfPage":{"@id":"https:\/\/www.americanpan.com\/europe\/fr\/systeme-de-smart-pan-tracking\/#primaryimage"},"image":{"@id":"https:\/\/www.americanpan.com\/europe\/fr\/systeme-de-smart-pan-tracking\/#primaryimage"},"thumbnailUrl":"https:\/\/www.americanpan.com\/europe\/wp-content\/uploads\/sites\/18\/2021\/04\/SMART_tag_cc-cropped.jpg","datePublished":"2022-03-23T07:12:38+00:00","dateModified":"2024-01-22T19:56:20+00:00","description":"Le syst\u00e8me SMARTPan tracking\u00ae de American Pan offre aux boulangeries des donn\u00e9es utiles et pr\u00e9cises pour le suivi de la dur\u00e9e de vie des rev\u00eatements des plaques et l\u2019efficacit\u00e9 de la ligne, permettant une am\u00e9lioration continue.","breadcrumb":{"@id":"https:\/\/www.americanpan.com\/europe\/fr\/systeme-de-smart-pan-tracking\/#breadcrumb"},"inLanguage":"fr-FR","potentialAction":[{"@type":"ReadAction","target":["https:\/\/www.americanpan.com\/europe\/fr\/systeme-de-smart-pan-tracking\/"]}]},{"@type":"ImageObject","inLanguage":"fr-FR","@id":"https:\/\/www.americanpan.com\/europe\/fr\/systeme-de-smart-pan-tracking\/#primaryimage","url":"https:\/\/www.americanpan.com\/europe\/wp-content\/uploads\/sites\/18\/2021\/04\/SMART_tag_cc-cropped.jpg","contentUrl":"https:\/\/www.americanpan.com\/europe\/wp-content\/uploads\/sites\/18\/2021\/04\/SMART_tag_cc-cropped.jpg","width":1400,"height":1050},{"@type":"BreadcrumbList","@id":"https:\/\/www.americanpan.com\/europe\/fr\/systeme-de-smart-pan-tracking\/#breadcrumb","itemListElement":[{"@type":"ListItem","position":1,"name":"Home","item":"https:\/\/www.americanpan.com\/europe\/fr\/"},{"@type":"ListItem","position":2,"name":"Syst\u00e8me de SMART Pan Tracking"}]},{"@type":"WebSite","@id":"https:\/\/www.americanpan.com\/europe\/fr\/#website","url":"https:\/\/www.americanpan.com\/europe\/fr\/","name":"American Pan Europe","description":"Moules et Rev\u00eatements Industriels","publisher":{"@id":"https:\/\/www.americanpan.com\/europe\/fr\/#organization"},"potentialAction":[{"@type":"SearchAction","target":{"@type":"EntryPoint","urlTemplate":"https:\/\/www.americanpan.com\/europe\/fr\/?s={search_term_string}"},"query-input":{"@type":"PropertyValueSpecification","valueRequired":true,"valueName":"search_term_string"}}],"inLanguage":"fr-FR"},{"@type":"Organization","@id":"https:\/\/www.americanpan.com\/europe\/fr\/#organization","name":"American Pan: Moules et Rev\u00eatements Industriels","url":"https:\/\/www.americanpan.com\/europe\/fr\/","logo":{"@type":"ImageObject","inLanguage":"fr-FR","@id":"https:\/\/www.americanpan.com\/europe\/fr\/#\/schema\/logo\/image\/","url":"https:\/\/www.americanpan.com\/europe\/wp-content\/uploads\/sites\/18\/2022\/03\/logo-europe.png","contentUrl":"https:\/\/www.americanpan.com\/europe\/wp-content\/uploads\/sites\/18\/2022\/03\/logo-europe.png","width":458,"height":172,"caption":"American Pan: Moules et Rev\u00eatements Industriels"},"image":{"@id":"https:\/\/www.americanpan.com\/europe\/fr\/#\/schema\/logo\/image\/"}}]}},"_links":{"self":[{"href":"https:\/\/www.americanpan.com\/europe\/fr\/wp-json\/wp\/v2\/pages\/55214","targetHints":{"allow":["GET"]}}],"collection":[{"href":"https:\/\/www.americanpan.com\/europe\/fr\/wp-json\/wp\/v2\/pages"}],"about":[{"href":"https:\/\/www.americanpan.com\/europe\/fr\/wp-json\/wp\/v2\/types\/page"}],"author":[{"embeddable":true,"href":"https:\/\/www.americanpan.com\/europe\/fr\/wp-json\/wp\/v2\/users\/5"}],"replies":[{"embeddable":true,"href":"https:\/\/www.americanpan.com\/europe\/fr\/wp-json\/wp\/v2\/comments?post=55214"}],"version-history":[{"count":0,"href":"https:\/\/www.americanpan.com\/europe\/fr\/wp-json\/wp\/v2\/pages\/55214\/revisions"}],"wp:featuredmedia":[{"embeddable":true,"href":"https:\/\/www.americanpan.com\/europe\/fr\/wp-json\/wp\/v2\/media\/37058"}],"wp:attachment":[{"href":"https:\/\/www.americanpan.com\/europe\/fr\/wp-json\/wp\/v2\/media?parent=55214"}],"curies":[{"name":"wp","href":"https:\/\/api.w.org\/{rel}","templated":true}]}}