{"id":63576,"date":"2024-02-29T18:09:02","date_gmt":"2024-02-29T18:09:02","guid":{"rendered":"https:\/\/www.americanpan.com\/europe\/?post_type=product&#038;p=63576"},"modified":"2024-05-22T18:48:05","modified_gmt":"2024-05-22T17:48:05","slug":"bandejas-personalizadas-para-croissants","status":"publish","type":"product","link":"https:\/\/www.americanpan.com\/europe\/es\/product\/bandejas-personalizadas-para-croissants\/","title":{"rendered":"Bandejas personalizadas para croissants"},"content":{"rendered":"","protected":false},"excerpt":{"rendered":"<p>Las bandejas para croissants de American Pan son completamente personalizables, dise\u00f1adas con las caracter\u00edsticas que se adaptan a las necesidades de su panader\u00eda, desde la disposici\u00f3n, el tama\u00f1o de la cavidad, el tama\u00f1o de la bandeja, el tipo de recubrimiento, las caracter\u00edsticas especiales, \u00a1Y mucho m\u00e1s! Nuestras bandejas para hornear se fabrican con materiales de alta calidad y nuestros ingenieros las dise\u00f1an para que se integren en sus l\u00edneas de panader\u00eda nuevas o existentes.<\/p>\n","protected":false},"featured_media":63585,"comment_status":"closed","ping_status":"closed","template":"","meta":{"_acf_changed":false},"product_brand":[],"product_cat":[1359,1344],"product_tag":[],"class_list":{"0":"post-63576","1":"product","2":"type-product","3":"status-publish","4":"has-post-thumbnail","6":"product_cat-moldes-para-pan-de-hamburguesa-y-panecillos","7":"product_cat-moldes-y-bandejas-a-medida","9":"first","10":"instock","11":"taxable","12":"shipping-taxable","13":"product-type-simple"},"acf":[],"yoast_head":"<!-- This site is optimized with the Yoast SEO Premium plugin v27.4 (Yoast SEO v27.4) - https:\/\/yoast.com\/product\/yoast-seo-premium-wordpress\/ -->\n<title>Bandejas personalizadas para croissants - American Pan &#8902; American Pan Europe<\/title>\n<meta name=\"description\" content=\"Las bandejas para croissants de American Pan son completamente personalizables, dise\u00f1adas con las caracter\u00edsticas que se adaptan a las necesidades de su panader\u00eda, desde la disposici\u00f3n, el tama\u00f1o de la cavidad, el tama\u00f1o de la bandeja, el tipo de recubrimiento, las caracter\u00edsticas especiales, \u00a1Y mucho m\u00e1s!\" \/>\n<meta name=\"robots\" content=\"index, follow, max-snippet:-1, max-image-preview:large, max-video-preview:-1\" \/>\n<link rel=\"canonical\" href=\"https:\/\/www.americanpan.com\/europe\/es\/product\/bandejas-personalizadas-para-croissants\/\" \/>\n<meta property=\"og:locale\" content=\"es_ES\" \/>\n<meta property=\"og:type\" content=\"article\" \/>\n<meta property=\"og:title\" content=\"Bandejas personalizadas para croissants &#8902; American Pan Europe\" \/>\n<meta property=\"og:description\" content=\"&#8902;\" \/>\n<meta property=\"og:url\" content=\"https:\/\/www.americanpan.com\/europe\/es\/product\/bandejas-personalizadas-para-croissants\/\" \/>\n<meta property=\"og:site_name\" content=\"American Pan Europe\" \/>\n<meta property=\"article:modified_time\" content=\"2024-05-22T17:48:05+00:00\" \/>\n<meta property=\"og:image\" content=\"https:\/\/stg-bundybakingsolutions.com\/wp-content\/uploads\/2018\/09\/AP_Bun_Hamb_4x5_Flared_End_Structural_Ribs_DS.jpg\" \/>\n<meta name=\"twitter:card\" content=\"summary_large_image\" \/>\n<meta name=\"twitter:description\" content=\"El estilo de las bandejas para hornear ranuradas levanta los moldes de los panes de la bandeja para mejorar la cocci\u00f3n o la puntuaci\u00f3n permitiendo un excelente flujo de calor alrededor de los bollos perimetrales.\" \/>\n<meta name=\"twitter:label1\" content=\"Precio\" \/>\n\t<meta name=\"twitter:data1\" content=\"\" \/>\n\t<meta name=\"twitter:label2\" content=\"Disponibilidad\" \/>\n\t<meta name=\"twitter:data2\" content=\"Disponible\" \/>\n<script type=\"application\/ld+json\" class=\"yoast-schema-graph\">{\"@context\":\"https:\\\/\\\/schema.org\",\"@graph\":[{\"@type\":\"WebPage\",\"@id\":\"https:\\\/\\\/www.americanpan.com\\\/europe\\\/es\\\/product\\\/bandejas-personalizadas-para-croissants\\\/\",\"url\":\"https:\\\/\\\/www.americanpan.com\\\/europe\\\/es\\\/product\\\/bandejas-personalizadas-para-croissants\\\/\",\"name\":\"Bandejas personalizadas para croissants - American Pan &#8902; American Pan Europe\",\"isPartOf\":{\"@id\":\"https:\\\/\\\/www.americanpan.com\\\/europe\\\/es\\\/#website\"},\"primaryImageOfPage\":{\"@id\":\"https:\\\/\\\/www.americanpan.com\\\/europe\\\/es\\\/product\\\/bandejas-personalizadas-para-croissants\\\/#primaryimage\"},\"image\":{\"@id\":\"https:\\\/\\\/www.americanpan.com\\\/europe\\\/es\\\/product\\\/bandejas-personalizadas-para-croissants\\\/#primaryimage\"},\"thumbnailUrl\":\"https:\\\/\\\/www.americanpan.com\\\/europe\\\/wp-content\\\/uploads\\\/sites\\\/18\\\/2024\\\/02\\\/AP_Croissant_4x12_DS.jpg\",\"datePublished\":\"2024-02-29T18:09:02+00:00\",\"dateModified\":\"2024-05-22T17:48:05+00:00\",\"description\":\"Las bandejas para croissants de American Pan son completamente personalizables, dise\u00f1adas con las caracter\u00edsticas que se adaptan a las necesidades de su panader\u00eda, desde la disposici\u00f3n, el tama\u00f1o de la cavidad, el tama\u00f1o de la bandeja, el tipo de recubrimiento, las caracter\u00edsticas especiales, \u00a1Y mucho m\u00e1s!\",\"breadcrumb\":{\"@id\":\"https:\\\/\\\/www.americanpan.com\\\/europe\\\/es\\\/product\\\/bandejas-personalizadas-para-croissants\\\/#breadcrumb\"},\"inLanguage\":\"es\",\"potentialAction\":[{\"@type\":\"ReadAction\",\"target\":[\"https:\\\/\\\/www.americanpan.com\\\/europe\\\/es\\\/product\\\/bandejas-personalizadas-para-croissants\\\/\"]}]},{\"@type\":\"ImageObject\",\"inLanguage\":\"es\",\"@id\":\"https:\\\/\\\/www.americanpan.com\\\/europe\\\/es\\\/product\\\/bandejas-personalizadas-para-croissants\\\/#primaryimage\",\"url\":\"https:\\\/\\\/www.americanpan.com\\\/europe\\\/wp-content\\\/uploads\\\/sites\\\/18\\\/2024\\\/02\\\/AP_Croissant_4x12_DS.jpg\",\"contentUrl\":\"https:\\\/\\\/www.americanpan.com\\\/europe\\\/wp-content\\\/uploads\\\/sites\\\/18\\\/2024\\\/02\\\/AP_Croissant_4x12_DS.jpg\",\"width\":1440,\"height\":1080},{\"@type\":\"BreadcrumbList\",\"@id\":\"https:\\\/\\\/www.americanpan.com\\\/europe\\\/es\\\/product\\\/bandejas-personalizadas-para-croissants\\\/#breadcrumb\",\"itemListElement\":[{\"@type\":\"ListItem\",\"position\":1,\"name\":\"Home\",\"item\":\"https:\\\/\\\/www.americanpan.com\\\/europe\\\/es\\\/\"},{\"@type\":\"ListItem\",\"position\":2,\"name\":\"Productos\",\"item\":\"https:\\\/\\\/www.americanpan.com\\\/europe\\\/es\\\/shop\\\/\"},{\"@type\":\"ListItem\",\"position\":3,\"name\":\"Bandejas personalizadas para croissants\"}]},{\"@type\":\"WebSite\",\"@id\":\"https:\\\/\\\/www.americanpan.com\\\/europe\\\/es\\\/#website\",\"url\":\"https:\\\/\\\/www.americanpan.com\\\/europe\\\/es\\\/\",\"name\":\"American Pan Europe\",\"description\":\"MOLDES PARA HORNEAR INDUSTRIALES Y RECUBRIMIENTOS ANTIADHERENTES.\",\"publisher\":{\"@id\":\"https:\\\/\\\/www.americanpan.com\\\/europe\\\/es\\\/#organization\"},\"potentialAction\":[{\"@type\":\"SearchAction\",\"target\":{\"@type\":\"EntryPoint\",\"urlTemplate\":\"https:\\\/\\\/www.americanpan.com\\\/europe\\\/es\\\/?s={search_term_string}\"},\"query-input\":{\"@type\":\"PropertyValueSpecification\",\"valueRequired\":true,\"valueName\":\"search_term_string\"}}],\"inLanguage\":\"es\"},{\"@type\":\"Organization\",\"@id\":\"https:\\\/\\\/www.americanpan.com\\\/europe\\\/es\\\/#organization\",\"name\":\"American Pan: Recubrimientos &amp; Restauraci\u00f3n de los moldes\",\"url\":\"https:\\\/\\\/www.americanpan.com\\\/europe\\\/es\\\/\",\"logo\":{\"@type\":\"ImageObject\",\"inLanguage\":\"es\",\"@id\":\"https:\\\/\\\/www.americanpan.com\\\/europe\\\/es\\\/#\\\/schema\\\/logo\\\/image\\\/\",\"url\":\"https:\\\/\\\/www.americanpan.com\\\/europe\\\/wp-content\\\/uploads\\\/sites\\\/18\\\/2022\\\/03\\\/logo-europe.png\",\"contentUrl\":\"https:\\\/\\\/www.americanpan.com\\\/europe\\\/wp-content\\\/uploads\\\/sites\\\/18\\\/2022\\\/03\\\/logo-europe.png\",\"width\":458,\"height\":172,\"caption\":\"American Pan: Recubrimientos &amp; Restauraci\u00f3n de los moldes\"},\"image\":{\"@id\":\"https:\\\/\\\/www.americanpan.com\\\/europe\\\/es\\\/#\\\/schema\\\/logo\\\/image\\\/\"}}]}<\/script>\n<meta property=\"product:price:currency\" content=\"EUR\" \/>\n<meta property=\"og:availability\" content=\"instock\" \/>\n<meta property=\"product:availability\" content=\"instock\" \/>\n<meta property=\"product:retailer_item_id\" content=\"Hamburger Bun Pans-1\" \/>\n<meta property=\"product:condition\" content=\"new\" \/>\n<!-- \/ Yoast SEO Premium plugin. -->","yoast_head_json":{"title":"Bandejas personalizadas para croissants - American Pan &#8902; American Pan Europe","description":"Las bandejas para croissants de American Pan son completamente personalizables, dise\u00f1adas con las caracter\u00edsticas que se adaptan a las necesidades de su panader\u00eda, desde la disposici\u00f3n, el tama\u00f1o de la cavidad, el tama\u00f1o de la bandeja, el tipo de recubrimiento, las caracter\u00edsticas especiales, \u00a1Y mucho m\u00e1s!","robots":{"index":"index","follow":"follow","max-snippet":"max-snippet:-1","max-image-preview":"max-image-preview:large","max-video-preview":"max-video-preview:-1"},"canonical":"https:\/\/www.americanpan.com\/europe\/es\/product\/bandejas-personalizadas-para-croissants\/","og_locale":"es_ES","og_type":"article","og_title":"Bandejas personalizadas para croissants &#8902; American Pan Europe","og_description":"&#8902;","og_url":"https:\/\/www.americanpan.com\/europe\/es\/product\/bandejas-personalizadas-para-croissants\/","og_site_name":"American Pan Europe","article_modified_time":"2024-05-22T17:48:05+00:00","og_image":[{"url":"https:\/\/stg-bundybakingsolutions.com\/wp-content\/uploads\/2018\/09\/AP_Bun_Hamb_4x5_Flared_End_Structural_Ribs_DS.jpg","type":"","width":"","height":""}],"twitter_card":"summary_large_image","twitter_description":"El estilo de las bandejas para hornear ranuradas levanta los moldes de los panes de la bandeja para mejorar la cocci\u00f3n o la puntuaci\u00f3n permitiendo un excelente flujo de calor alrededor de los bollos perimetrales.","twitter_misc":{"Precio":"","Disponibilidad":"Disponible"},"schema":{"@context":"https:\/\/schema.org","@graph":[{"@type":"WebPage","@id":"https:\/\/www.americanpan.com\/europe\/es\/product\/bandejas-personalizadas-para-croissants\/","url":"https:\/\/www.americanpan.com\/europe\/es\/product\/bandejas-personalizadas-para-croissants\/","name":"Bandejas personalizadas para croissants - American Pan &#8902; American Pan Europe","isPartOf":{"@id":"https:\/\/www.americanpan.com\/europe\/es\/#website"},"primaryImageOfPage":{"@id":"https:\/\/www.americanpan.com\/europe\/es\/product\/bandejas-personalizadas-para-croissants\/#primaryimage"},"image":{"@id":"https:\/\/www.americanpan.com\/europe\/es\/product\/bandejas-personalizadas-para-croissants\/#primaryimage"},"thumbnailUrl":"https:\/\/www.americanpan.com\/europe\/wp-content\/uploads\/sites\/18\/2024\/02\/AP_Croissant_4x12_DS.jpg","datePublished":"2024-02-29T18:09:02+00:00","dateModified":"2024-05-22T17:48:05+00:00","description":"Las bandejas para croissants de American Pan son completamente personalizables, dise\u00f1adas con las caracter\u00edsticas que se adaptan a las necesidades de su panader\u00eda, desde la disposici\u00f3n, el tama\u00f1o de la cavidad, el tama\u00f1o de la bandeja, el tipo de recubrimiento, las caracter\u00edsticas especiales, \u00a1Y mucho m\u00e1s!","breadcrumb":{"@id":"https:\/\/www.americanpan.com\/europe\/es\/product\/bandejas-personalizadas-para-croissants\/#breadcrumb"},"inLanguage":"es","potentialAction":[{"@type":"ReadAction","target":["https:\/\/www.americanpan.com\/europe\/es\/product\/bandejas-personalizadas-para-croissants\/"]}]},{"@type":"ImageObject","inLanguage":"es","@id":"https:\/\/www.americanpan.com\/europe\/es\/product\/bandejas-personalizadas-para-croissants\/#primaryimage","url":"https:\/\/www.americanpan.com\/europe\/wp-content\/uploads\/sites\/18\/2024\/02\/AP_Croissant_4x12_DS.jpg","contentUrl":"https:\/\/www.americanpan.com\/europe\/wp-content\/uploads\/sites\/18\/2024\/02\/AP_Croissant_4x12_DS.jpg","width":1440,"height":1080},{"@type":"BreadcrumbList","@id":"https:\/\/www.americanpan.com\/europe\/es\/product\/bandejas-personalizadas-para-croissants\/#breadcrumb","itemListElement":[{"@type":"ListItem","position":1,"name":"Home","item":"https:\/\/www.americanpan.com\/europe\/es\/"},{"@type":"ListItem","position":2,"name":"Productos","item":"https:\/\/www.americanpan.com\/europe\/es\/shop\/"},{"@type":"ListItem","position":3,"name":"Bandejas personalizadas para croissants"}]},{"@type":"WebSite","@id":"https:\/\/www.americanpan.com\/europe\/es\/#website","url":"https:\/\/www.americanpan.com\/europe\/es\/","name":"American Pan Europe","description":"MOLDES PARA HORNEAR INDUSTRIALES Y RECUBRIMIENTOS ANTIADHERENTES.","publisher":{"@id":"https:\/\/www.americanpan.com\/europe\/es\/#organization"},"potentialAction":[{"@type":"SearchAction","target":{"@type":"EntryPoint","urlTemplate":"https:\/\/www.americanpan.com\/europe\/es\/?s={search_term_string}"},"query-input":{"@type":"PropertyValueSpecification","valueRequired":true,"valueName":"search_term_string"}}],"inLanguage":"es"},{"@type":"Organization","@id":"https:\/\/www.americanpan.com\/europe\/es\/#organization","name":"American Pan: Recubrimientos &amp; Restauraci\u00f3n de los moldes","url":"https:\/\/www.americanpan.com\/europe\/es\/","logo":{"@type":"ImageObject","inLanguage":"es","@id":"https:\/\/www.americanpan.com\/europe\/es\/#\/schema\/logo\/image\/","url":"https:\/\/www.americanpan.com\/europe\/wp-content\/uploads\/sites\/18\/2022\/03\/logo-europe.png","contentUrl":"https:\/\/www.americanpan.com\/europe\/wp-content\/uploads\/sites\/18\/2022\/03\/logo-europe.png","width":458,"height":172,"caption":"American Pan: Recubrimientos &amp; Restauraci\u00f3n de los moldes"},"image":{"@id":"https:\/\/www.americanpan.com\/europe\/es\/#\/schema\/logo\/image\/"}}]},"product_price_currency":"EUR","og_availability":"instock","product_availability":"instock","product_retailer_item_id":"Hamburger Bun Pans-1","product_condition":"new"},"_links":{"self":[{"href":"https:\/\/www.americanpan.com\/europe\/es\/wp-json\/wp\/v2\/product\/63576","targetHints":{"allow":["GET"]}}],"collection":[{"href":"https:\/\/www.americanpan.com\/europe\/es\/wp-json\/wp\/v2\/product"}],"about":[{"href":"https:\/\/www.americanpan.com\/europe\/es\/wp-json\/wp\/v2\/types\/product"}],"replies":[{"embeddable":true,"href":"https:\/\/www.americanpan.com\/europe\/es\/wp-json\/wp\/v2\/comments?post=63576"}],"wp:featuredmedia":[{"embeddable":true,"href":"https:\/\/www.americanpan.com\/europe\/es\/wp-json\/wp\/v2\/media\/63585"}],"wp:attachment":[{"href":"https:\/\/www.americanpan.com\/europe\/es\/wp-json\/wp\/v2\/media?parent=63576"}],"wp:term":[{"taxonomy":"product_brand","embeddable":true,"href":"https:\/\/www.americanpan.com\/europe\/es\/wp-json\/wp\/v2\/product_brand?post=63576"},{"taxonomy":"product_cat","embeddable":true,"href":"https:\/\/www.americanpan.com\/europe\/es\/wp-json\/wp\/v2\/product_cat?post=63576"},{"taxonomy":"product_tag","embeddable":true,"href":"https:\/\/www.americanpan.com\/europe\/es\/wp-json\/wp\/v2\/product_tag?post=63576"}],"curies":[{"name":"wp","href":"https:\/\/api.w.org\/{rel}","templated":true}]}}