{"id":37626,"date":"2018-09-11T15:51:32","date_gmt":"2018-09-11T14:51:32","guid":{"rendered":"https:\/\/www.americanpan.com\/europe\/product\/moldes-de-tapa-abierta-para-pan-de-molde\/"},"modified":"2022-05-25T02:34:20","modified_gmt":"2022-05-25T01:34:20","slug":"moldes-de-tapa-abierta-para-pan-de-molde","status":"publish","type":"product","link":"https:\/\/www.americanpan.com\/europe\/es\/product\/moldes-de-tapa-abierta-para-pan-de-molde\/","title":{"rendered":"Moldes de tapa abierta para pan de molde"},"content":{"rendered":"","protected":false},"excerpt":{"rendered":"<p>Los moldes de pan de tapa abierta son de grosor 22\/26 fabricadas en Acero Aluminizado con bordes plegados o de construcci\u00f3n por embutici\u00f3n y se pueden ser atadas en bater\u00edas \/ conjunto de moldes de 3, 4, 5, 6 o en cualquier configuraci\u00f3n especificada. Estos moldes est\u00e1n dise\u00f1ados para permitir el apilamiento.<\/p>\n","protected":false},"featured_media":31531,"comment_status":"closed","ping_status":"closed","template":"","meta":{"_acf_changed":false},"product_brand":[],"product_cat":[1354,1344],"product_tag":[],"class_list":{"0":"post-37626","1":"product","2":"type-product","3":"status-publish","4":"has-post-thumbnail","6":"product_cat-moldes-de-hornear-pan","7":"product_cat-moldes-y-bandejas-a-medida","9":"first","10":"instock","11":"taxable","12":"shipping-taxable","13":"product-type-simple"},"acf":[],"yoast_head":"<!-- This site is optimized with the Yoast SEO Premium plugin v27.4 (Yoast SEO v27.4) - https:\/\/yoast.com\/product\/yoast-seo-premium-wordpress\/ -->\n<title>Moldes de tapa abierta para pan de molde - American Pan &#8902; American Pan Europe<\/title>\n<meta name=\"description\" content=\"Los moldes de pan de tapa abierta son de grosor 22\/26 fabricadas en Acero Aluminizado con bordes plegados o de construcci\u00f3n por embutici\u00f3n y se pueden ser atadas en bater\u00edas \/ conjunto de moldes de 3, 4, 5, 6 o en cualquier configuraci\u00f3n especificada. Estos moldes est\u00e1n dise\u00f1ados para permitir el apilamiento.\" \/>\n<meta name=\"robots\" content=\"index, follow, max-snippet:-1, max-image-preview:large, max-video-preview:-1\" \/>\n<link rel=\"canonical\" href=\"https:\/\/www.americanpan.com\/europe\/es\/product\/moldes-de-tapa-abierta-para-pan-de-molde\/\" \/>\n<meta property=\"og:locale\" content=\"es_ES\" \/>\n<meta property=\"og:type\" content=\"article\" \/>\n<meta property=\"og:title\" content=\"Moldes de tapa abierta para pan de molde &#8902; American Pan Europe\" \/>\n<meta property=\"og:description\" content=\"&#8902;\" \/>\n<meta property=\"og:url\" content=\"https:\/\/www.americanpan.com\/europe\/es\/product\/moldes-de-tapa-abierta-para-pan-de-molde\/\" \/>\n<meta property=\"og:site_name\" content=\"American Pan Europe\" \/>\n<meta property=\"article:modified_time\" content=\"2022-05-25T01:34:20+00:00\" \/>\n<meta property=\"og:image\" content=\"https:\/\/stg-bundybakingsolutions.com\/wp-content\/uploads\/2018\/09\/ap_bread_open_4_strap_2.jpg\" \/>\n<meta name=\"twitter:card\" content=\"summary_large_image\" \/>\n<meta name=\"twitter:description\" content=\"Los moldes de pan de tapa abierta son de grosor 22\/26 fabricadas en Acero Aluminizado con bordes plegados o de construcci\u00f3n por embutici\u00f3n y se pueden ser atadas en bater\u00edas \/ conjunto de moldes de 3, 4, 5, 6 o en cualquier configuraci\u00f3n especificada.\" \/>\n<meta name=\"twitter:label1\" content=\"Precio\" \/>\n\t<meta name=\"twitter:data1\" content=\"\" \/>\n\t<meta name=\"twitter:label2\" content=\"Disponibilidad\" \/>\n\t<meta name=\"twitter:data2\" content=\"Disponible\" \/>\n<script type=\"application\/ld+json\" class=\"yoast-schema-graph\">{\"@context\":\"https:\\\/\\\/schema.org\",\"@graph\":[{\"@type\":\"WebPage\",\"@id\":\"https:\\\/\\\/www.americanpan.com\\\/europe\\\/es\\\/product\\\/moldes-de-tapa-abierta-para-pan-de-molde\\\/\",\"url\":\"https:\\\/\\\/www.americanpan.com\\\/europe\\\/es\\\/product\\\/moldes-de-tapa-abierta-para-pan-de-molde\\\/\",\"name\":\"Moldes de tapa abierta para pan de molde - American Pan &#8902; American Pan Europe\",\"isPartOf\":{\"@id\":\"https:\\\/\\\/www.americanpan.com\\\/europe\\\/es\\\/#website\"},\"primaryImageOfPage\":{\"@id\":\"https:\\\/\\\/www.americanpan.com\\\/europe\\\/es\\\/product\\\/moldes-de-tapa-abierta-para-pan-de-molde\\\/#primaryimage\"},\"image\":{\"@id\":\"https:\\\/\\\/www.americanpan.com\\\/europe\\\/es\\\/product\\\/moldes-de-tapa-abierta-para-pan-de-molde\\\/#primaryimage\"},\"thumbnailUrl\":\"https:\\\/\\\/www.americanpan.com\\\/europe\\\/wp-content\\\/uploads\\\/sites\\\/18\\\/2018\\\/09\\\/AP_Bread_Open_4_Strap.png\",\"datePublished\":\"2018-09-11T14:51:32+00:00\",\"dateModified\":\"2022-05-25T01:34:20+00:00\",\"description\":\"Los moldes de pan de tapa abierta son de grosor 22\\\/26 fabricadas en Acero Aluminizado con bordes plegados o de construcci\u00f3n por embutici\u00f3n y se pueden ser atadas en bater\u00edas \\\/ conjunto de moldes de 3, 4, 5, 6 o en cualquier configuraci\u00f3n especificada. Estos moldes est\u00e1n dise\u00f1ados para permitir el apilamiento.\",\"breadcrumb\":{\"@id\":\"https:\\\/\\\/www.americanpan.com\\\/europe\\\/es\\\/product\\\/moldes-de-tapa-abierta-para-pan-de-molde\\\/#breadcrumb\"},\"inLanguage\":\"es\",\"potentialAction\":[{\"@type\":\"ReadAction\",\"target\":[\"https:\\\/\\\/www.americanpan.com\\\/europe\\\/es\\\/product\\\/moldes-de-tapa-abierta-para-pan-de-molde\\\/\"]}]},{\"@type\":\"ImageObject\",\"inLanguage\":\"es\",\"@id\":\"https:\\\/\\\/www.americanpan.com\\\/europe\\\/es\\\/product\\\/moldes-de-tapa-abierta-para-pan-de-molde\\\/#primaryimage\",\"url\":\"https:\\\/\\\/www.americanpan.com\\\/europe\\\/wp-content\\\/uploads\\\/sites\\\/18\\\/2018\\\/09\\\/AP_Bread_Open_4_Strap.png\",\"contentUrl\":\"https:\\\/\\\/www.americanpan.com\\\/europe\\\/wp-content\\\/uploads\\\/sites\\\/18\\\/2018\\\/09\\\/AP_Bread_Open_4_Strap.png\",\"width\":1440,\"height\":1080,\"caption\":\"Bandeja para pan con tapa abierta 4 en l\u00ednea - AMERICOAT\u00ae\"},{\"@type\":\"BreadcrumbList\",\"@id\":\"https:\\\/\\\/www.americanpan.com\\\/europe\\\/es\\\/product\\\/moldes-de-tapa-abierta-para-pan-de-molde\\\/#breadcrumb\",\"itemListElement\":[{\"@type\":\"ListItem\",\"position\":1,\"name\":\"Home\",\"item\":\"https:\\\/\\\/www.americanpan.com\\\/europe\\\/es\\\/\"},{\"@type\":\"ListItem\",\"position\":2,\"name\":\"Productos\",\"item\":\"https:\\\/\\\/www.americanpan.com\\\/europe\\\/es\\\/shop\\\/\"},{\"@type\":\"ListItem\",\"position\":3,\"name\":\"Moldes de tapa abierta para pan de molde\"}]},{\"@type\":\"WebSite\",\"@id\":\"https:\\\/\\\/www.americanpan.com\\\/europe\\\/es\\\/#website\",\"url\":\"https:\\\/\\\/www.americanpan.com\\\/europe\\\/es\\\/\",\"name\":\"American Pan Europe\",\"description\":\"MOLDES PARA HORNEAR INDUSTRIALES Y RECUBRIMIENTOS ANTIADHERENTES.\",\"publisher\":{\"@id\":\"https:\\\/\\\/www.americanpan.com\\\/europe\\\/es\\\/#organization\"},\"potentialAction\":[{\"@type\":\"SearchAction\",\"target\":{\"@type\":\"EntryPoint\",\"urlTemplate\":\"https:\\\/\\\/www.americanpan.com\\\/europe\\\/es\\\/?s={search_term_string}\"},\"query-input\":{\"@type\":\"PropertyValueSpecification\",\"valueRequired\":true,\"valueName\":\"search_term_string\"}}],\"inLanguage\":\"es\"},{\"@type\":\"Organization\",\"@id\":\"https:\\\/\\\/www.americanpan.com\\\/europe\\\/es\\\/#organization\",\"name\":\"American Pan: Recubrimientos &amp; Restauraci\u00f3n de los moldes\",\"url\":\"https:\\\/\\\/www.americanpan.com\\\/europe\\\/es\\\/\",\"logo\":{\"@type\":\"ImageObject\",\"inLanguage\":\"es\",\"@id\":\"https:\\\/\\\/www.americanpan.com\\\/europe\\\/es\\\/#\\\/schema\\\/logo\\\/image\\\/\",\"url\":\"https:\\\/\\\/www.americanpan.com\\\/europe\\\/wp-content\\\/uploads\\\/sites\\\/18\\\/2022\\\/03\\\/logo-europe.png\",\"contentUrl\":\"https:\\\/\\\/www.americanpan.com\\\/europe\\\/wp-content\\\/uploads\\\/sites\\\/18\\\/2022\\\/03\\\/logo-europe.png\",\"width\":458,\"height\":172,\"caption\":\"American Pan: Recubrimientos &amp; Restauraci\u00f3n de los moldes\"},\"image\":{\"@id\":\"https:\\\/\\\/www.americanpan.com\\\/europe\\\/es\\\/#\\\/schema\\\/logo\\\/image\\\/\"}}]}<\/script>\n<meta property=\"product:price:currency\" content=\"EUR\" \/>\n<meta property=\"og:availability\" content=\"instock\" \/>\n<meta property=\"product:availability\" content=\"instock\" \/>\n<meta property=\"product:retailer_item_id\" content=\"Open Top Pans\" \/>\n<meta property=\"product:condition\" content=\"new\" \/>\n<!-- \/ Yoast SEO Premium plugin. -->","yoast_head_json":{"title":"Moldes de tapa abierta para pan de molde - American Pan &#8902; American Pan Europe","description":"Los moldes de pan de tapa abierta son de grosor 22\/26 fabricadas en Acero Aluminizado con bordes plegados o de construcci\u00f3n por embutici\u00f3n y se pueden ser atadas en bater\u00edas \/ conjunto de moldes de 3, 4, 5, 6 o en cualquier configuraci\u00f3n especificada. Estos moldes est\u00e1n dise\u00f1ados para permitir el apilamiento.","robots":{"index":"index","follow":"follow","max-snippet":"max-snippet:-1","max-image-preview":"max-image-preview:large","max-video-preview":"max-video-preview:-1"},"canonical":"https:\/\/www.americanpan.com\/europe\/es\/product\/moldes-de-tapa-abierta-para-pan-de-molde\/","og_locale":"es_ES","og_type":"article","og_title":"Moldes de tapa abierta para pan de molde &#8902; American Pan Europe","og_description":"&#8902;","og_url":"https:\/\/www.americanpan.com\/europe\/es\/product\/moldes-de-tapa-abierta-para-pan-de-molde\/","og_site_name":"American Pan Europe","article_modified_time":"2022-05-25T01:34:20+00:00","og_image":[{"url":"https:\/\/stg-bundybakingsolutions.com\/wp-content\/uploads\/2018\/09\/ap_bread_open_4_strap_2.jpg","type":"","width":"","height":""}],"twitter_card":"summary_large_image","twitter_description":"Los moldes de pan de tapa abierta son de grosor 22\/26 fabricadas en Acero Aluminizado con bordes plegados o de construcci\u00f3n por embutici\u00f3n y se pueden ser atadas en bater\u00edas \/ conjunto de moldes de 3, 4, 5, 6 o en cualquier configuraci\u00f3n especificada.","twitter_misc":{"Precio":"","Disponibilidad":"Disponible"},"schema":{"@context":"https:\/\/schema.org","@graph":[{"@type":"WebPage","@id":"https:\/\/www.americanpan.com\/europe\/es\/product\/moldes-de-tapa-abierta-para-pan-de-molde\/","url":"https:\/\/www.americanpan.com\/europe\/es\/product\/moldes-de-tapa-abierta-para-pan-de-molde\/","name":"Moldes de tapa abierta para pan de molde - American Pan &#8902; American Pan Europe","isPartOf":{"@id":"https:\/\/www.americanpan.com\/europe\/es\/#website"},"primaryImageOfPage":{"@id":"https:\/\/www.americanpan.com\/europe\/es\/product\/moldes-de-tapa-abierta-para-pan-de-molde\/#primaryimage"},"image":{"@id":"https:\/\/www.americanpan.com\/europe\/es\/product\/moldes-de-tapa-abierta-para-pan-de-molde\/#primaryimage"},"thumbnailUrl":"https:\/\/www.americanpan.com\/europe\/wp-content\/uploads\/sites\/18\/2018\/09\/AP_Bread_Open_4_Strap.png","datePublished":"2018-09-11T14:51:32+00:00","dateModified":"2022-05-25T01:34:20+00:00","description":"Los moldes de pan de tapa abierta son de grosor 22\/26 fabricadas en Acero Aluminizado con bordes plegados o de construcci\u00f3n por embutici\u00f3n y se pueden ser atadas en bater\u00edas \/ conjunto de moldes de 3, 4, 5, 6 o en cualquier configuraci\u00f3n especificada. Estos moldes est\u00e1n dise\u00f1ados para permitir el apilamiento.","breadcrumb":{"@id":"https:\/\/www.americanpan.com\/europe\/es\/product\/moldes-de-tapa-abierta-para-pan-de-molde\/#breadcrumb"},"inLanguage":"es","potentialAction":[{"@type":"ReadAction","target":["https:\/\/www.americanpan.com\/europe\/es\/product\/moldes-de-tapa-abierta-para-pan-de-molde\/"]}]},{"@type":"ImageObject","inLanguage":"es","@id":"https:\/\/www.americanpan.com\/europe\/es\/product\/moldes-de-tapa-abierta-para-pan-de-molde\/#primaryimage","url":"https:\/\/www.americanpan.com\/europe\/wp-content\/uploads\/sites\/18\/2018\/09\/AP_Bread_Open_4_Strap.png","contentUrl":"https:\/\/www.americanpan.com\/europe\/wp-content\/uploads\/sites\/18\/2018\/09\/AP_Bread_Open_4_Strap.png","width":1440,"height":1080,"caption":"Bandeja para pan con tapa abierta 4 en l\u00ednea - AMERICOAT\u00ae"},{"@type":"BreadcrumbList","@id":"https:\/\/www.americanpan.com\/europe\/es\/product\/moldes-de-tapa-abierta-para-pan-de-molde\/#breadcrumb","itemListElement":[{"@type":"ListItem","position":1,"name":"Home","item":"https:\/\/www.americanpan.com\/europe\/es\/"},{"@type":"ListItem","position":2,"name":"Productos","item":"https:\/\/www.americanpan.com\/europe\/es\/shop\/"},{"@type":"ListItem","position":3,"name":"Moldes de tapa abierta para pan de molde"}]},{"@type":"WebSite","@id":"https:\/\/www.americanpan.com\/europe\/es\/#website","url":"https:\/\/www.americanpan.com\/europe\/es\/","name":"American Pan Europe","description":"MOLDES PARA HORNEAR INDUSTRIALES Y RECUBRIMIENTOS ANTIADHERENTES.","publisher":{"@id":"https:\/\/www.americanpan.com\/europe\/es\/#organization"},"potentialAction":[{"@type":"SearchAction","target":{"@type":"EntryPoint","urlTemplate":"https:\/\/www.americanpan.com\/europe\/es\/?s={search_term_string}"},"query-input":{"@type":"PropertyValueSpecification","valueRequired":true,"valueName":"search_term_string"}}],"inLanguage":"es"},{"@type":"Organization","@id":"https:\/\/www.americanpan.com\/europe\/es\/#organization","name":"American Pan: Recubrimientos &amp; Restauraci\u00f3n de los moldes","url":"https:\/\/www.americanpan.com\/europe\/es\/","logo":{"@type":"ImageObject","inLanguage":"es","@id":"https:\/\/www.americanpan.com\/europe\/es\/#\/schema\/logo\/image\/","url":"https:\/\/www.americanpan.com\/europe\/wp-content\/uploads\/sites\/18\/2022\/03\/logo-europe.png","contentUrl":"https:\/\/www.americanpan.com\/europe\/wp-content\/uploads\/sites\/18\/2022\/03\/logo-europe.png","width":458,"height":172,"caption":"American Pan: Recubrimientos &amp; Restauraci\u00f3n de los moldes"},"image":{"@id":"https:\/\/www.americanpan.com\/europe\/es\/#\/schema\/logo\/image\/"}}]},"product_price_currency":"EUR","og_availability":"instock","product_availability":"instock","product_retailer_item_id":"Open Top Pans","product_condition":"new"},"_links":{"self":[{"href":"https:\/\/www.americanpan.com\/europe\/es\/wp-json\/wp\/v2\/product\/37626","targetHints":{"allow":["GET"]}}],"collection":[{"href":"https:\/\/www.americanpan.com\/europe\/es\/wp-json\/wp\/v2\/product"}],"about":[{"href":"https:\/\/www.americanpan.com\/europe\/es\/wp-json\/wp\/v2\/types\/product"}],"replies":[{"embeddable":true,"href":"https:\/\/www.americanpan.com\/europe\/es\/wp-json\/wp\/v2\/comments?post=37626"}],"wp:featuredmedia":[{"embeddable":true,"href":"https:\/\/www.americanpan.com\/europe\/es\/wp-json\/wp\/v2\/media\/31531"}],"wp:attachment":[{"href":"https:\/\/www.americanpan.com\/europe\/es\/wp-json\/wp\/v2\/media?parent=37626"}],"wp:term":[{"taxonomy":"product_brand","embeddable":true,"href":"https:\/\/www.americanpan.com\/europe\/es\/wp-json\/wp\/v2\/product_brand?post=37626"},{"taxonomy":"product_cat","embeddable":true,"href":"https:\/\/www.americanpan.com\/europe\/es\/wp-json\/wp\/v2\/product_cat?post=37626"},{"taxonomy":"product_tag","embeddable":true,"href":"https:\/\/www.americanpan.com\/europe\/es\/wp-json\/wp\/v2\/product_tag?post=37626"}],"curies":[{"name":"wp","href":"https:\/\/api.w.org\/{rel}","templated":true}]}}