{"id":58972,"date":"2022-03-29T21:08:56","date_gmt":"2022-03-29T20:08:56","guid":{"rendered":"https:\/\/www.americanpan.com\/europe\/life-cycle-management-program\/"},"modified":"2022-05-27T05:04:17","modified_gmt":"2022-05-27T04:04:17","slug":"del-ciclo-de-vida-util-de-los-moldes-programa-de-gestion","status":"publish","type":"page","link":"https:\/\/www.americanpan.com\/europe\/es\/del-ciclo-de-vida-util-de-los-moldes-programa-de-gestion\/","title":{"rendered":"Del Ciclo de Vida Util de Los Moldes Programa de Gesti\u00f3n"},"content":{"rendered":"","protected":false},"excerpt":{"rendered":"","protected":false},"author":5,"featured_media":58255,"parent":0,"menu_order":0,"comment_status":"closed","ping_status":"closed","template":"templates\/page-builder.php","meta":{"_acf_changed":false,"footnotes":""},"class_list":["post-58972","page","type-page","status-publish","has-post-thumbnail","hentry"],"acf":[],"yoast_head":"<!-- This site is optimized with the Yoast SEO Premium plugin v27.3 (Yoast SEO v27.3) - https:\/\/yoast.com\/product\/yoast-seo-premium-wordpress\/ -->\n<title>Del Ciclo de Vida Util de Los Moldes Programa de Gesti\u00f3n &#8902; American Pan Europe<\/title>\n<meta name=\"description\" content=\"Nuestro Programa de Gesti\u00f3n del Ciclo de Vida fue creado para proporcionar a los clientes un suministro rotativo de art\u00edculos para hornear y recubrimientos de alto rendimiento que resulta en una eficiencia operativa \u00f3ptima y calidad del producto.\" \/>\n<meta name=\"robots\" content=\"index, follow, max-snippet:-1, max-image-preview:large, max-video-preview:-1\" \/>\n<link rel=\"canonical\" href=\"https:\/\/www.americanpan.com\/europe\/es\/del-ciclo-de-vida-util-de-los-moldes-programa-de-gestion\/\" \/>\n<meta property=\"og:locale\" content=\"es_ES\" \/>\n<meta property=\"og:type\" content=\"article\" \/>\n<meta property=\"og:title\" content=\"Del Ciclo de Vida Util de Los Moldes Programa de Gesti\u00f3n &#8902; American Pan Europe\" \/>\n<meta property=\"og:description\" content=\"Nuestro Programa de Gesti\u00f3n del Ciclo de Vida fue creado para proporcionar a los clientes un suministro rotativo de art\u00edculos para hornear y recubrimientos de alto rendimiento que resulta en una eficiencia operativa \u00f3ptima y calidad del producto.\" \/>\n<meta property=\"og:url\" content=\"https:\/\/www.americanpan.com\/europe\/es\/del-ciclo-de-vida-util-de-los-moldes-programa-de-gestion\/\" \/>\n<meta property=\"og:site_name\" content=\"American Pan Europe\" \/>\n<meta property=\"article:modified_time\" content=\"2022-05-27T04:04:17+00:00\" \/>\n<meta property=\"og:image\" content=\"https:\/\/www.americanpan.com\/europe\/wp-content\/uploads\/sites\/18\/2022\/03\/life-cycle-management.jpg\" \/>\n\t<meta property=\"og:image:width\" content=\"2500\" \/>\n\t<meta property=\"og:image:height\" content=\"1000\" \/>\n\t<meta property=\"og:image:type\" content=\"image\/jpeg\" \/>\n<meta name=\"twitter:card\" content=\"summary_large_image\" \/>\n<script type=\"application\/ld+json\" class=\"yoast-schema-graph\">{\"@context\":\"https:\\\/\\\/schema.org\",\"@graph\":[{\"@type\":\"WebPage\",\"@id\":\"https:\\\/\\\/www.americanpan.com\\\/europe\\\/es\\\/del-ciclo-de-vida-util-de-los-moldes-programa-de-gestion\\\/\",\"url\":\"https:\\\/\\\/www.americanpan.com\\\/europe\\\/es\\\/del-ciclo-de-vida-util-de-los-moldes-programa-de-gestion\\\/\",\"name\":\"Del Ciclo de Vida Util de Los Moldes Programa de Gesti\u00f3n &#8902; American Pan Europe\",\"isPartOf\":{\"@id\":\"https:\\\/\\\/www.americanpan.com\\\/europe\\\/es\\\/#website\"},\"primaryImageOfPage\":{\"@id\":\"https:\\\/\\\/www.americanpan.com\\\/europe\\\/es\\\/del-ciclo-de-vida-util-de-los-moldes-programa-de-gestion\\\/#primaryimage\"},\"image\":{\"@id\":\"https:\\\/\\\/www.americanpan.com\\\/europe\\\/es\\\/del-ciclo-de-vida-util-de-los-moldes-programa-de-gestion\\\/#primaryimage\"},\"thumbnailUrl\":\"https:\\\/\\\/www.americanpan.com\\\/europe\\\/wp-content\\\/uploads\\\/sites\\\/18\\\/2022\\\/03\\\/life-cycle-management.jpg\",\"datePublished\":\"2022-03-29T20:08:56+00:00\",\"dateModified\":\"2022-05-27T04:04:17+00:00\",\"description\":\"Nuestro Programa de Gesti\u00f3n del Ciclo de Vida fue creado para proporcionar a los clientes un suministro rotativo de art\u00edculos para hornear y recubrimientos de alto rendimiento que resulta en una eficiencia operativa \u00f3ptima y calidad del producto.\",\"breadcrumb\":{\"@id\":\"https:\\\/\\\/www.americanpan.com\\\/europe\\\/es\\\/del-ciclo-de-vida-util-de-los-moldes-programa-de-gestion\\\/#breadcrumb\"},\"inLanguage\":\"es\",\"potentialAction\":[{\"@type\":\"ReadAction\",\"target\":[\"https:\\\/\\\/www.americanpan.com\\\/europe\\\/es\\\/del-ciclo-de-vida-util-de-los-moldes-programa-de-gestion\\\/\"]}]},{\"@type\":\"ImageObject\",\"inLanguage\":\"es\",\"@id\":\"https:\\\/\\\/www.americanpan.com\\\/europe\\\/es\\\/del-ciclo-de-vida-util-de-los-moldes-programa-de-gestion\\\/#primaryimage\",\"url\":\"https:\\\/\\\/www.americanpan.com\\\/europe\\\/wp-content\\\/uploads\\\/sites\\\/18\\\/2022\\\/03\\\/life-cycle-management.jpg\",\"contentUrl\":\"https:\\\/\\\/www.americanpan.com\\\/europe\\\/wp-content\\\/uploads\\\/sites\\\/18\\\/2022\\\/03\\\/life-cycle-management.jpg\",\"width\":2500,\"height\":1000},{\"@type\":\"BreadcrumbList\",\"@id\":\"https:\\\/\\\/www.americanpan.com\\\/europe\\\/es\\\/del-ciclo-de-vida-util-de-los-moldes-programa-de-gestion\\\/#breadcrumb\",\"itemListElement\":[{\"@type\":\"ListItem\",\"position\":1,\"name\":\"Home\",\"item\":\"https:\\\/\\\/www.americanpan.com\\\/europe\\\/es\\\/\"},{\"@type\":\"ListItem\",\"position\":2,\"name\":\"Del Ciclo de Vida Util de Los Moldes Programa de Gesti\u00f3n\"}]},{\"@type\":\"WebSite\",\"@id\":\"https:\\\/\\\/www.americanpan.com\\\/europe\\\/es\\\/#website\",\"url\":\"https:\\\/\\\/www.americanpan.com\\\/europe\\\/es\\\/\",\"name\":\"American Pan Europe\",\"description\":\"MOLDES PARA HORNEAR INDUSTRIALES Y RECUBRIMIENTOS ANTIADHERENTES.\",\"publisher\":{\"@id\":\"https:\\\/\\\/www.americanpan.com\\\/europe\\\/es\\\/#organization\"},\"potentialAction\":[{\"@type\":\"SearchAction\",\"target\":{\"@type\":\"EntryPoint\",\"urlTemplate\":\"https:\\\/\\\/www.americanpan.com\\\/europe\\\/es\\\/?s={search_term_string}\"},\"query-input\":{\"@type\":\"PropertyValueSpecification\",\"valueRequired\":true,\"valueName\":\"search_term_string\"}}],\"inLanguage\":\"es\"},{\"@type\":\"Organization\",\"@id\":\"https:\\\/\\\/www.americanpan.com\\\/europe\\\/es\\\/#organization\",\"name\":\"American Pan: Recubrimientos &amp; Restauraci\u00f3n de los moldes\",\"url\":\"https:\\\/\\\/www.americanpan.com\\\/europe\\\/es\\\/\",\"logo\":{\"@type\":\"ImageObject\",\"inLanguage\":\"es\",\"@id\":\"https:\\\/\\\/www.americanpan.com\\\/europe\\\/es\\\/#\\\/schema\\\/logo\\\/image\\\/\",\"url\":\"https:\\\/\\\/www.americanpan.com\\\/europe\\\/wp-content\\\/uploads\\\/sites\\\/18\\\/2022\\\/03\\\/logo-europe.png\",\"contentUrl\":\"https:\\\/\\\/www.americanpan.com\\\/europe\\\/wp-content\\\/uploads\\\/sites\\\/18\\\/2022\\\/03\\\/logo-europe.png\",\"width\":458,\"height\":172,\"caption\":\"American Pan: Recubrimientos &amp; Restauraci\u00f3n de los moldes\"},\"image\":{\"@id\":\"https:\\\/\\\/www.americanpan.com\\\/europe\\\/es\\\/#\\\/schema\\\/logo\\\/image\\\/\"}}]}<\/script>\n<!-- \/ Yoast SEO Premium plugin. -->","yoast_head_json":{"title":"Del Ciclo de Vida Util de Los Moldes Programa de Gesti\u00f3n &#8902; American Pan Europe","description":"Nuestro Programa de Gesti\u00f3n del Ciclo de Vida fue creado para proporcionar a los clientes un suministro rotativo de art\u00edculos para hornear y recubrimientos de alto rendimiento que resulta en una eficiencia operativa \u00f3ptima y calidad del producto.","robots":{"index":"index","follow":"follow","max-snippet":"max-snippet:-1","max-image-preview":"max-image-preview:large","max-video-preview":"max-video-preview:-1"},"canonical":"https:\/\/www.americanpan.com\/europe\/es\/del-ciclo-de-vida-util-de-los-moldes-programa-de-gestion\/","og_locale":"es_ES","og_type":"article","og_title":"Del Ciclo de Vida Util de Los Moldes Programa de Gesti\u00f3n &#8902; American Pan Europe","og_description":"Nuestro Programa de Gesti\u00f3n del Ciclo de Vida fue creado para proporcionar a los clientes un suministro rotativo de art\u00edculos para hornear y recubrimientos de alto rendimiento que resulta en una eficiencia operativa \u00f3ptima y calidad del producto.","og_url":"https:\/\/www.americanpan.com\/europe\/es\/del-ciclo-de-vida-util-de-los-moldes-programa-de-gestion\/","og_site_name":"American Pan Europe","article_modified_time":"2022-05-27T04:04:17+00:00","og_image":[{"width":2500,"height":1000,"url":"https:\/\/www.americanpan.com\/europe\/wp-content\/uploads\/sites\/18\/2022\/03\/life-cycle-management.jpg","type":"image\/jpeg"}],"twitter_card":"summary_large_image","schema":{"@context":"https:\/\/schema.org","@graph":[{"@type":"WebPage","@id":"https:\/\/www.americanpan.com\/europe\/es\/del-ciclo-de-vida-util-de-los-moldes-programa-de-gestion\/","url":"https:\/\/www.americanpan.com\/europe\/es\/del-ciclo-de-vida-util-de-los-moldes-programa-de-gestion\/","name":"Del Ciclo de Vida Util de Los Moldes Programa de Gesti\u00f3n &#8902; American Pan Europe","isPartOf":{"@id":"https:\/\/www.americanpan.com\/europe\/es\/#website"},"primaryImageOfPage":{"@id":"https:\/\/www.americanpan.com\/europe\/es\/del-ciclo-de-vida-util-de-los-moldes-programa-de-gestion\/#primaryimage"},"image":{"@id":"https:\/\/www.americanpan.com\/europe\/es\/del-ciclo-de-vida-util-de-los-moldes-programa-de-gestion\/#primaryimage"},"thumbnailUrl":"https:\/\/www.americanpan.com\/europe\/wp-content\/uploads\/sites\/18\/2022\/03\/life-cycle-management.jpg","datePublished":"2022-03-29T20:08:56+00:00","dateModified":"2022-05-27T04:04:17+00:00","description":"Nuestro Programa de Gesti\u00f3n del Ciclo de Vida fue creado para proporcionar a los clientes un suministro rotativo de art\u00edculos para hornear y recubrimientos de alto rendimiento que resulta en una eficiencia operativa \u00f3ptima y calidad del producto.","breadcrumb":{"@id":"https:\/\/www.americanpan.com\/europe\/es\/del-ciclo-de-vida-util-de-los-moldes-programa-de-gestion\/#breadcrumb"},"inLanguage":"es","potentialAction":[{"@type":"ReadAction","target":["https:\/\/www.americanpan.com\/europe\/es\/del-ciclo-de-vida-util-de-los-moldes-programa-de-gestion\/"]}]},{"@type":"ImageObject","inLanguage":"es","@id":"https:\/\/www.americanpan.com\/europe\/es\/del-ciclo-de-vida-util-de-los-moldes-programa-de-gestion\/#primaryimage","url":"https:\/\/www.americanpan.com\/europe\/wp-content\/uploads\/sites\/18\/2022\/03\/life-cycle-management.jpg","contentUrl":"https:\/\/www.americanpan.com\/europe\/wp-content\/uploads\/sites\/18\/2022\/03\/life-cycle-management.jpg","width":2500,"height":1000},{"@type":"BreadcrumbList","@id":"https:\/\/www.americanpan.com\/europe\/es\/del-ciclo-de-vida-util-de-los-moldes-programa-de-gestion\/#breadcrumb","itemListElement":[{"@type":"ListItem","position":1,"name":"Home","item":"https:\/\/www.americanpan.com\/europe\/es\/"},{"@type":"ListItem","position":2,"name":"Del Ciclo de Vida Util de Los Moldes Programa de Gesti\u00f3n"}]},{"@type":"WebSite","@id":"https:\/\/www.americanpan.com\/europe\/es\/#website","url":"https:\/\/www.americanpan.com\/europe\/es\/","name":"American Pan Europe","description":"MOLDES PARA HORNEAR INDUSTRIALES Y RECUBRIMIENTOS ANTIADHERENTES.","publisher":{"@id":"https:\/\/www.americanpan.com\/europe\/es\/#organization"},"potentialAction":[{"@type":"SearchAction","target":{"@type":"EntryPoint","urlTemplate":"https:\/\/www.americanpan.com\/europe\/es\/?s={search_term_string}"},"query-input":{"@type":"PropertyValueSpecification","valueRequired":true,"valueName":"search_term_string"}}],"inLanguage":"es"},{"@type":"Organization","@id":"https:\/\/www.americanpan.com\/europe\/es\/#organization","name":"American Pan: Recubrimientos &amp; Restauraci\u00f3n de los moldes","url":"https:\/\/www.americanpan.com\/europe\/es\/","logo":{"@type":"ImageObject","inLanguage":"es","@id":"https:\/\/www.americanpan.com\/europe\/es\/#\/schema\/logo\/image\/","url":"https:\/\/www.americanpan.com\/europe\/wp-content\/uploads\/sites\/18\/2022\/03\/logo-europe.png","contentUrl":"https:\/\/www.americanpan.com\/europe\/wp-content\/uploads\/sites\/18\/2022\/03\/logo-europe.png","width":458,"height":172,"caption":"American Pan: Recubrimientos &amp; Restauraci\u00f3n de los moldes"},"image":{"@id":"https:\/\/www.americanpan.com\/europe\/es\/#\/schema\/logo\/image\/"}}]}},"_links":{"self":[{"href":"https:\/\/www.americanpan.com\/europe\/es\/wp-json\/wp\/v2\/pages\/58972","targetHints":{"allow":["GET"]}}],"collection":[{"href":"https:\/\/www.americanpan.com\/europe\/es\/wp-json\/wp\/v2\/pages"}],"about":[{"href":"https:\/\/www.americanpan.com\/europe\/es\/wp-json\/wp\/v2\/types\/page"}],"author":[{"embeddable":true,"href":"https:\/\/www.americanpan.com\/europe\/es\/wp-json\/wp\/v2\/users\/5"}],"replies":[{"embeddable":true,"href":"https:\/\/www.americanpan.com\/europe\/es\/wp-json\/wp\/v2\/comments?post=58972"}],"version-history":[{"count":0,"href":"https:\/\/www.americanpan.com\/europe\/es\/wp-json\/wp\/v2\/pages\/58972\/revisions"}],"wp:featuredmedia":[{"embeddable":true,"href":"https:\/\/www.americanpan.com\/europe\/es\/wp-json\/wp\/v2\/media\/58255"}],"wp:attachment":[{"href":"https:\/\/www.americanpan.com\/europe\/es\/wp-json\/wp\/v2\/media?parent=58972"}],"curies":[{"name":"wp","href":"https:\/\/api.w.org\/{rel}","templated":true}]}}