{"id":54921,"date":"2022-03-16T19:58:27","date_gmt":"2022-03-16T19:58:27","guid":{"rendered":"https:\/\/www.americanpan.com\/europe\/optishield\/"},"modified":"2025-01-13T16:31:17","modified_gmt":"2025-01-13T16:31:17","slug":"optishield","status":"publish","type":"page","link":"https:\/\/www.americanpan.com\/europe\/es\/optishield\/","title":{"rendered":"OptiShield\u00ae"},"content":{"rendered":"","protected":false},"excerpt":{"rendered":"","protected":false},"author":5,"featured_media":62969,"parent":0,"menu_order":0,"comment_status":"closed","ping_status":"closed","template":"templates\/page-builder.php","meta":{"_acf_changed":false,"footnotes":""},"class_list":["post-54921","page","type-page","status-publish","has-post-thumbnail","hentry"],"acf":[],"yoast_head":"<!-- This site is optimized with the Yoast SEO Premium plugin v27.3 (Yoast SEO v27.3) - https:\/\/yoast.com\/product\/yoast-seo-premium-wordpress\/ -->\n<title>Los recubrimientos OptiShield\u00ae | American Pan Europe<\/title>\n<meta name=\"description\" content=\"Los recubrimientos OptiShield\u00ae ofrecen el m\u00e1ximo rendimiento para masas est\u00e1ndar o dif\u00edciles y productos con requisitos especiales.\" \/>\n<meta name=\"robots\" content=\"index, follow, max-snippet:-1, max-image-preview:large, max-video-preview:-1\" \/>\n<link rel=\"canonical\" href=\"https:\/\/www.americanpan.com\/europe\/es\/optishield\/\" \/>\n<meta property=\"og:locale\" content=\"es_ES\" \/>\n<meta property=\"og:type\" content=\"article\" \/>\n<meta property=\"og:title\" content=\"OptiShield\u00ae &#8902; American Pan Europe\" \/>\n<meta property=\"og:description\" content=\"Los recubrimientos OptiShield\u00ae ofrecen el m\u00e1ximo rendimiento para masas est\u00e1ndar o dif\u00edciles y productos con requisitos especiales.\" \/>\n<meta property=\"og:url\" content=\"https:\/\/www.americanpan.com\/europe\/es\/optishield\/\" \/>\n<meta property=\"og:site_name\" content=\"American Pan Europe\" \/>\n<meta property=\"article:modified_time\" content=\"2025-01-13T16:31:17+00:00\" \/>\n<meta property=\"og:image\" content=\"https:\/\/www.americanpan.com\/europe\/wp-content\/uploads\/sites\/18\/2023\/06\/AP_Bun_Hamb_Tray_Mecatherm_6x9.png\" \/>\n\t<meta property=\"og:image:width\" content=\"1688\" \/>\n\t<meta property=\"og:image:height\" content=\"451\" \/>\n\t<meta property=\"og:image:type\" content=\"image\/png\" \/>\n<meta name=\"twitter:card\" content=\"summary_large_image\" \/>\n<meta name=\"twitter:label1\" content=\"Tiempo de lectura\" \/>\n\t<meta name=\"twitter:data1\" content=\"4 minutos\" \/>\n<script type=\"application\/ld+json\" class=\"yoast-schema-graph\">{\"@context\":\"https:\\\/\\\/schema.org\",\"@graph\":[{\"@type\":\"WebPage\",\"@id\":\"https:\\\/\\\/www.americanpan.com\\\/europe\\\/es\\\/optishield\\\/\",\"url\":\"https:\\\/\\\/www.americanpan.com\\\/europe\\\/es\\\/optishield\\\/\",\"name\":\"Los recubrimientos OptiShield\u00ae | American Pan Europe\",\"isPartOf\":{\"@id\":\"https:\\\/\\\/www.americanpan.com\\\/europe\\\/es\\\/#website\"},\"primaryImageOfPage\":{\"@id\":\"https:\\\/\\\/www.americanpan.com\\\/europe\\\/es\\\/optishield\\\/#primaryimage\"},\"image\":{\"@id\":\"https:\\\/\\\/www.americanpan.com\\\/europe\\\/es\\\/optishield\\\/#primaryimage\"},\"thumbnailUrl\":\"https:\\\/\\\/www.americanpan.com\\\/europe\\\/wp-content\\\/uploads\\\/sites\\\/18\\\/2023\\\/06\\\/AP_Bun_Hamb_Tray_Mecatherm_6x9.png\",\"datePublished\":\"2022-03-16T19:58:27+00:00\",\"dateModified\":\"2025-01-13T16:31:17+00:00\",\"description\":\"Los recubrimientos OptiShield\u00ae ofrecen el m\u00e1ximo rendimiento para masas est\u00e1ndar o dif\u00edciles y productos con requisitos especiales.\",\"breadcrumb\":{\"@id\":\"https:\\\/\\\/www.americanpan.com\\\/europe\\\/es\\\/optishield\\\/#breadcrumb\"},\"inLanguage\":\"es\",\"potentialAction\":[{\"@type\":\"ReadAction\",\"target\":[\"https:\\\/\\\/www.americanpan.com\\\/europe\\\/es\\\/optishield\\\/\"]}]},{\"@type\":\"ImageObject\",\"inLanguage\":\"es\",\"@id\":\"https:\\\/\\\/www.americanpan.com\\\/europe\\\/es\\\/optishield\\\/#primaryimage\",\"url\":\"https:\\\/\\\/www.americanpan.com\\\/europe\\\/wp-content\\\/uploads\\\/sites\\\/18\\\/2023\\\/06\\\/AP_Bun_Hamb_Tray_Mecatherm_6x9.png\",\"contentUrl\":\"https:\\\/\\\/www.americanpan.com\\\/europe\\\/wp-content\\\/uploads\\\/sites\\\/18\\\/2023\\\/06\\\/AP_Bun_Hamb_Tray_Mecatherm_6x9.png\",\"width\":1688,\"height\":451,\"caption\":\"American Pan Hamburger Bun Tray with OptiShield\u00ae Coating\"},{\"@type\":\"BreadcrumbList\",\"@id\":\"https:\\\/\\\/www.americanpan.com\\\/europe\\\/es\\\/optishield\\\/#breadcrumb\",\"itemListElement\":[{\"@type\":\"ListItem\",\"position\":1,\"name\":\"Home\",\"item\":\"https:\\\/\\\/www.americanpan.com\\\/europe\\\/es\\\/\"},{\"@type\":\"ListItem\",\"position\":2,\"name\":\"OptiShield\u00ae\"}]},{\"@type\":\"WebSite\",\"@id\":\"https:\\\/\\\/www.americanpan.com\\\/europe\\\/es\\\/#website\",\"url\":\"https:\\\/\\\/www.americanpan.com\\\/europe\\\/es\\\/\",\"name\":\"American Pan Europe\",\"description\":\"MOLDES PARA HORNEAR INDUSTRIALES Y RECUBRIMIENTOS ANTIADHERENTES.\",\"publisher\":{\"@id\":\"https:\\\/\\\/www.americanpan.com\\\/europe\\\/es\\\/#organization\"},\"potentialAction\":[{\"@type\":\"SearchAction\",\"target\":{\"@type\":\"EntryPoint\",\"urlTemplate\":\"https:\\\/\\\/www.americanpan.com\\\/europe\\\/es\\\/?s={search_term_string}\"},\"query-input\":{\"@type\":\"PropertyValueSpecification\",\"valueRequired\":true,\"valueName\":\"search_term_string\"}}],\"inLanguage\":\"es\"},{\"@type\":\"Organization\",\"@id\":\"https:\\\/\\\/www.americanpan.com\\\/europe\\\/es\\\/#organization\",\"name\":\"American Pan: Recubrimientos &amp; Restauraci\u00f3n de los moldes\",\"url\":\"https:\\\/\\\/www.americanpan.com\\\/europe\\\/es\\\/\",\"logo\":{\"@type\":\"ImageObject\",\"inLanguage\":\"es\",\"@id\":\"https:\\\/\\\/www.americanpan.com\\\/europe\\\/es\\\/#\\\/schema\\\/logo\\\/image\\\/\",\"url\":\"https:\\\/\\\/www.americanpan.com\\\/europe\\\/wp-content\\\/uploads\\\/sites\\\/18\\\/2022\\\/03\\\/logo-europe.png\",\"contentUrl\":\"https:\\\/\\\/www.americanpan.com\\\/europe\\\/wp-content\\\/uploads\\\/sites\\\/18\\\/2022\\\/03\\\/logo-europe.png\",\"width\":458,\"height\":172,\"caption\":\"American Pan: Recubrimientos &amp; Restauraci\u00f3n de los moldes\"},\"image\":{\"@id\":\"https:\\\/\\\/www.americanpan.com\\\/europe\\\/es\\\/#\\\/schema\\\/logo\\\/image\\\/\"}}]}<\/script>\n<!-- \/ Yoast SEO Premium plugin. -->","yoast_head_json":{"title":"Los recubrimientos OptiShield\u00ae | American Pan Europe","description":"Los recubrimientos OptiShield\u00ae ofrecen el m\u00e1ximo rendimiento para masas est\u00e1ndar o dif\u00edciles y productos con requisitos especiales.","robots":{"index":"index","follow":"follow","max-snippet":"max-snippet:-1","max-image-preview":"max-image-preview:large","max-video-preview":"max-video-preview:-1"},"canonical":"https:\/\/www.americanpan.com\/europe\/es\/optishield\/","og_locale":"es_ES","og_type":"article","og_title":"OptiShield\u00ae &#8902; American Pan Europe","og_description":"Los recubrimientos OptiShield\u00ae ofrecen el m\u00e1ximo rendimiento para masas est\u00e1ndar o dif\u00edciles y productos con requisitos especiales.","og_url":"https:\/\/www.americanpan.com\/europe\/es\/optishield\/","og_site_name":"American Pan Europe","article_modified_time":"2025-01-13T16:31:17+00:00","og_image":[{"width":1688,"height":451,"url":"https:\/\/www.americanpan.com\/europe\/wp-content\/uploads\/sites\/18\/2023\/06\/AP_Bun_Hamb_Tray_Mecatherm_6x9.png","type":"image\/png"}],"twitter_card":"summary_large_image","twitter_misc":{"Tiempo de lectura":"4 minutos"},"schema":{"@context":"https:\/\/schema.org","@graph":[{"@type":"WebPage","@id":"https:\/\/www.americanpan.com\/europe\/es\/optishield\/","url":"https:\/\/www.americanpan.com\/europe\/es\/optishield\/","name":"Los recubrimientos OptiShield\u00ae | American Pan Europe","isPartOf":{"@id":"https:\/\/www.americanpan.com\/europe\/es\/#website"},"primaryImageOfPage":{"@id":"https:\/\/www.americanpan.com\/europe\/es\/optishield\/#primaryimage"},"image":{"@id":"https:\/\/www.americanpan.com\/europe\/es\/optishield\/#primaryimage"},"thumbnailUrl":"https:\/\/www.americanpan.com\/europe\/wp-content\/uploads\/sites\/18\/2023\/06\/AP_Bun_Hamb_Tray_Mecatherm_6x9.png","datePublished":"2022-03-16T19:58:27+00:00","dateModified":"2025-01-13T16:31:17+00:00","description":"Los recubrimientos OptiShield\u00ae ofrecen el m\u00e1ximo rendimiento para masas est\u00e1ndar o dif\u00edciles y productos con requisitos especiales.","breadcrumb":{"@id":"https:\/\/www.americanpan.com\/europe\/es\/optishield\/#breadcrumb"},"inLanguage":"es","potentialAction":[{"@type":"ReadAction","target":["https:\/\/www.americanpan.com\/europe\/es\/optishield\/"]}]},{"@type":"ImageObject","inLanguage":"es","@id":"https:\/\/www.americanpan.com\/europe\/es\/optishield\/#primaryimage","url":"https:\/\/www.americanpan.com\/europe\/wp-content\/uploads\/sites\/18\/2023\/06\/AP_Bun_Hamb_Tray_Mecatherm_6x9.png","contentUrl":"https:\/\/www.americanpan.com\/europe\/wp-content\/uploads\/sites\/18\/2023\/06\/AP_Bun_Hamb_Tray_Mecatherm_6x9.png","width":1688,"height":451,"caption":"American Pan Hamburger Bun Tray with OptiShield\u00ae Coating"},{"@type":"BreadcrumbList","@id":"https:\/\/www.americanpan.com\/europe\/es\/optishield\/#breadcrumb","itemListElement":[{"@type":"ListItem","position":1,"name":"Home","item":"https:\/\/www.americanpan.com\/europe\/es\/"},{"@type":"ListItem","position":2,"name":"OptiShield\u00ae"}]},{"@type":"WebSite","@id":"https:\/\/www.americanpan.com\/europe\/es\/#website","url":"https:\/\/www.americanpan.com\/europe\/es\/","name":"American Pan Europe","description":"MOLDES PARA HORNEAR INDUSTRIALES Y RECUBRIMIENTOS ANTIADHERENTES.","publisher":{"@id":"https:\/\/www.americanpan.com\/europe\/es\/#organization"},"potentialAction":[{"@type":"SearchAction","target":{"@type":"EntryPoint","urlTemplate":"https:\/\/www.americanpan.com\/europe\/es\/?s={search_term_string}"},"query-input":{"@type":"PropertyValueSpecification","valueRequired":true,"valueName":"search_term_string"}}],"inLanguage":"es"},{"@type":"Organization","@id":"https:\/\/www.americanpan.com\/europe\/es\/#organization","name":"American Pan: Recubrimientos &amp; Restauraci\u00f3n de los moldes","url":"https:\/\/www.americanpan.com\/europe\/es\/","logo":{"@type":"ImageObject","inLanguage":"es","@id":"https:\/\/www.americanpan.com\/europe\/es\/#\/schema\/logo\/image\/","url":"https:\/\/www.americanpan.com\/europe\/wp-content\/uploads\/sites\/18\/2022\/03\/logo-europe.png","contentUrl":"https:\/\/www.americanpan.com\/europe\/wp-content\/uploads\/sites\/18\/2022\/03\/logo-europe.png","width":458,"height":172,"caption":"American Pan: Recubrimientos &amp; Restauraci\u00f3n de los moldes"},"image":{"@id":"https:\/\/www.americanpan.com\/europe\/es\/#\/schema\/logo\/image\/"}}]}},"_links":{"self":[{"href":"https:\/\/www.americanpan.com\/europe\/es\/wp-json\/wp\/v2\/pages\/54921","targetHints":{"allow":["GET"]}}],"collection":[{"href":"https:\/\/www.americanpan.com\/europe\/es\/wp-json\/wp\/v2\/pages"}],"about":[{"href":"https:\/\/www.americanpan.com\/europe\/es\/wp-json\/wp\/v2\/types\/page"}],"author":[{"embeddable":true,"href":"https:\/\/www.americanpan.com\/europe\/es\/wp-json\/wp\/v2\/users\/5"}],"replies":[{"embeddable":true,"href":"https:\/\/www.americanpan.com\/europe\/es\/wp-json\/wp\/v2\/comments?post=54921"}],"version-history":[{"count":0,"href":"https:\/\/www.americanpan.com\/europe\/es\/wp-json\/wp\/v2\/pages\/54921\/revisions"}],"wp:featuredmedia":[{"embeddable":true,"href":"https:\/\/www.americanpan.com\/europe\/es\/wp-json\/wp\/v2\/media\/62969"}],"wp:attachment":[{"href":"https:\/\/www.americanpan.com\/europe\/es\/wp-json\/wp\/v2\/media?parent=54921"}],"curies":[{"name":"wp","href":"https:\/\/api.w.org\/{rel}","templated":true}]}}