{"id":63575,"date":"2024-02-29T18:09:02","date_gmt":"2024-02-29T18:09:02","guid":{"rendered":"https:\/\/www.americanpan.com\/europe\/?post_type=product&#038;p=63575"},"modified":"2024-04-23T17:09:47","modified_gmt":"2024-04-23T16:09:47","slug":"kundenspezifische-croissant-bleche","status":"publish","type":"product","link":"https:\/\/www.americanpan.com\/europe\/de\/product\/kundenspezifische-croissant-bleche\/","title":{"rendered":"Kundenspezifische Croissant-Bleche"},"content":{"rendered":"","protected":false},"excerpt":{"rendered":"<p>Croissant-Backbleche von American Pan sind ma\u00dfgeschneidert und mit den Merkmalen ausgestattet, die den Anforderungen Ihrer B\u00e4ckerei entsprechen &#8211; von der Anordnung \u00fcber die Gr\u00f6\u00dfe der Vertiefungen bis hin zur Gesamtgr\u00f6\u00dfe, der Art der Beschichtung, besonderen Merkmalen und mehr! Unsere Backbleche werden aus hochwertigen Materialien hergestellt und von unseren Ingenieuren so konstruiert, dass sie sich in Ihre neuen oder bestehenden B\u00e4ckereilinien integrieren lassen.<\/p>\n","protected":false},"featured_media":63582,"comment_status":"closed","ping_status":"closed","template":"","meta":{"_acf_changed":false},"product_brand":[],"product_cat":[1356,1341],"product_tag":[],"class_list":{"0":"post-63575","1":"product","2":"type-product","3":"status-publish","4":"has-post-thumbnail","6":"product_cat-kastenformen-und-formbleche","7":"product_cat-personalisierte-backformen-und-bleche","9":"first","10":"instock","11":"taxable","12":"shipping-taxable","13":"product-type-simple"},"acf":[],"yoast_head":"<!-- This site is optimized with the Yoast SEO Premium plugin v27.4 (Yoast SEO v27.4) - https:\/\/yoast.com\/product\/yoast-seo-premium-wordpress\/ -->\n<title>Kundenspezifische Croissant-Bleche by American Pan &#8902; American Pan Europe<\/title>\n<meta name=\"description\" content=\"Croissant-Backbleche von American Pan sind ma\u00dfgeschneidert und mit den Merkmalen ausgestattet, die den Anforderungen Ihrer B\u00e4ckerei entsprechen - von der Anordnung \u00fcber die Gr\u00f6\u00dfe der Vertiefungen bis hin zur Gesamtgr\u00f6\u00dfe, der Art der Beschichtung, besonderen Merkmalen und mehr!\" \/>\n<meta name=\"robots\" content=\"index, follow, max-snippet:-1, max-image-preview:large, max-video-preview:-1\" \/>\n<link rel=\"canonical\" href=\"https:\/\/www.americanpan.com\/europe\/de\/product\/kundenspezifische-croissant-bleche\/\" \/>\n<meta property=\"og:locale\" content=\"de_DE\" \/>\n<meta property=\"og:type\" content=\"article\" \/>\n<meta property=\"og:title\" content=\"Kundenspezifische Croissant-Bleche &#8902; American Pan Europe\" \/>\n<meta property=\"og:description\" content=\"&#8902;\" \/>\n<meta property=\"og:url\" content=\"https:\/\/www.americanpan.com\/europe\/de\/product\/kundenspezifische-croissant-bleche\/\" \/>\n<meta property=\"og:site_name\" content=\"American Pan Europe\" \/>\n<meta property=\"article:modified_time\" content=\"2024-04-23T16:09:47+00:00\" \/>\n<meta property=\"og:image\" content=\"https:\/\/stg-bundybakingsolutions.com\/wp-content\/uploads\/2018\/09\/AP_Bun_Hamb_4x5_Flared_End_Structural_Ribs_DS.jpg\" \/>\n<meta name=\"twitter:card\" content=\"summary_large_image\" \/>\n<meta name=\"twitter:description\" content=\"Der Stil der Bleche mit Vertiefung hebt die Br\u00f6tchenformen vom Blech ab, um das Backen zu verbessern, und erm\u00f6glicht einen hervorragenden W\u00e4rmefluss um den Umfang der Br\u00f6tchen. Diese sind h\u00e4rter und haben eine l\u00e4ngere Lebensdauer als solche mit traditionellem Design, wobei sie in ein zentrales Leitsystem passen.\" \/>\n<meta name=\"twitter:label1\" content=\"Preis\" \/>\n\t<meta name=\"twitter:data1\" content=\"\" \/>\n\t<meta name=\"twitter:label2\" content=\"Verf\u00fcgbarkeit\" \/>\n\t<meta name=\"twitter:data2\" content=\"Auf Lager\" \/>\n<script type=\"application\/ld+json\" class=\"yoast-schema-graph\">{\"@context\":\"https:\\\/\\\/schema.org\",\"@graph\":[{\"@type\":\"WebPage\",\"@id\":\"https:\\\/\\\/www.americanpan.com\\\/europe\\\/de\\\/product\\\/kundenspezifische-croissant-bleche\\\/\",\"url\":\"https:\\\/\\\/www.americanpan.com\\\/europe\\\/de\\\/product\\\/kundenspezifische-croissant-bleche\\\/\",\"name\":\"Kundenspezifische Croissant-Bleche by American Pan &#8902; American Pan Europe\",\"isPartOf\":{\"@id\":\"https:\\\/\\\/www.americanpan.com\\\/europe\\\/de\\\/#website\"},\"primaryImageOfPage\":{\"@id\":\"https:\\\/\\\/www.americanpan.com\\\/europe\\\/de\\\/product\\\/kundenspezifische-croissant-bleche\\\/#primaryimage\"},\"image\":{\"@id\":\"https:\\\/\\\/www.americanpan.com\\\/europe\\\/de\\\/product\\\/kundenspezifische-croissant-bleche\\\/#primaryimage\"},\"thumbnailUrl\":\"https:\\\/\\\/www.americanpan.com\\\/europe\\\/wp-content\\\/uploads\\\/sites\\\/18\\\/2024\\\/02\\\/AP_Croissant_4x12_DS.jpg\",\"datePublished\":\"2024-02-29T18:09:02+00:00\",\"dateModified\":\"2024-04-23T16:09:47+00:00\",\"description\":\"Croissant-Backbleche von American Pan sind ma\u00dfgeschneidert und mit den Merkmalen ausgestattet, die den Anforderungen Ihrer B\u00e4ckerei entsprechen - von der Anordnung \u00fcber die Gr\u00f6\u00dfe der Vertiefungen bis hin zur Gesamtgr\u00f6\u00dfe, der Art der Beschichtung, besonderen Merkmalen und mehr!\",\"breadcrumb\":{\"@id\":\"https:\\\/\\\/www.americanpan.com\\\/europe\\\/de\\\/product\\\/kundenspezifische-croissant-bleche\\\/#breadcrumb\"},\"inLanguage\":\"de\",\"potentialAction\":[{\"@type\":\"ReadAction\",\"target\":[\"https:\\\/\\\/www.americanpan.com\\\/europe\\\/de\\\/product\\\/kundenspezifische-croissant-bleche\\\/\"]}]},{\"@type\":\"ImageObject\",\"inLanguage\":\"de\",\"@id\":\"https:\\\/\\\/www.americanpan.com\\\/europe\\\/de\\\/product\\\/kundenspezifische-croissant-bleche\\\/#primaryimage\",\"url\":\"https:\\\/\\\/www.americanpan.com\\\/europe\\\/wp-content\\\/uploads\\\/sites\\\/18\\\/2024\\\/02\\\/AP_Croissant_4x12_DS.jpg\",\"contentUrl\":\"https:\\\/\\\/www.americanpan.com\\\/europe\\\/wp-content\\\/uploads\\\/sites\\\/18\\\/2024\\\/02\\\/AP_Croissant_4x12_DS.jpg\",\"width\":1440,\"height\":1080},{\"@type\":\"BreadcrumbList\",\"@id\":\"https:\\\/\\\/www.americanpan.com\\\/europe\\\/de\\\/product\\\/kundenspezifische-croissant-bleche\\\/#breadcrumb\",\"itemListElement\":[{\"@type\":\"ListItem\",\"position\":1,\"name\":\"Home\",\"item\":\"https:\\\/\\\/www.americanpan.com\\\/europe\\\/de\\\/\"},{\"@type\":\"ListItem\",\"position\":2,\"name\":\"Produkte\",\"item\":\"https:\\\/\\\/www.americanpan.com\\\/europe\\\/de\\\/shop\\\/\"},{\"@type\":\"ListItem\",\"position\":3,\"name\":\"Kundenspezifische Croissant-Bleche\"}]},{\"@type\":\"WebSite\",\"@id\":\"https:\\\/\\\/www.americanpan.com\\\/europe\\\/de\\\/#website\",\"url\":\"https:\\\/\\\/www.americanpan.com\\\/europe\\\/de\\\/\",\"name\":\"American Pan Europe\",\"description\":\"Industrielle Backformen\",\"publisher\":{\"@id\":\"https:\\\/\\\/www.americanpan.com\\\/europe\\\/de\\\/#organization\"},\"potentialAction\":[{\"@type\":\"SearchAction\",\"target\":{\"@type\":\"EntryPoint\",\"urlTemplate\":\"https:\\\/\\\/www.americanpan.com\\\/europe\\\/de\\\/?s={search_term_string}\"},\"query-input\":{\"@type\":\"PropertyValueSpecification\",\"valueRequired\":true,\"valueName\":\"search_term_string\"}}],\"inLanguage\":\"de\"},{\"@type\":\"Organization\",\"@id\":\"https:\\\/\\\/www.americanpan.com\\\/europe\\\/de\\\/#organization\",\"name\":\"American Pan: Industrielle Backformen\",\"url\":\"https:\\\/\\\/www.americanpan.com\\\/europe\\\/de\\\/\",\"logo\":{\"@type\":\"ImageObject\",\"inLanguage\":\"de\",\"@id\":\"https:\\\/\\\/www.americanpan.com\\\/europe\\\/de\\\/#\\\/schema\\\/logo\\\/image\\\/\",\"url\":\"https:\\\/\\\/www.americanpan.com\\\/europe\\\/wp-content\\\/uploads\\\/sites\\\/18\\\/2022\\\/03\\\/logo-europe.png\",\"contentUrl\":\"https:\\\/\\\/www.americanpan.com\\\/europe\\\/wp-content\\\/uploads\\\/sites\\\/18\\\/2022\\\/03\\\/logo-europe.png\",\"width\":458,\"height\":172,\"caption\":\"American Pan: Industrielle Backformen\"},\"image\":{\"@id\":\"https:\\\/\\\/www.americanpan.com\\\/europe\\\/de\\\/#\\\/schema\\\/logo\\\/image\\\/\"}}]}<\/script>\n<meta property=\"product:price:currency\" content=\"EUR\" \/>\n<meta property=\"og:availability\" content=\"instock\" \/>\n<meta property=\"product:availability\" content=\"instock\" \/>\n<meta property=\"product:retailer_item_id\" content=\"Hamburger Bun Pans-1\" \/>\n<meta property=\"product:condition\" content=\"new\" \/>\n<!-- \/ Yoast SEO Premium plugin. -->","yoast_head_json":{"title":"Kundenspezifische Croissant-Bleche by American Pan &#8902; American Pan Europe","description":"Croissant-Backbleche von American Pan sind ma\u00dfgeschneidert und mit den Merkmalen ausgestattet, die den Anforderungen Ihrer B\u00e4ckerei entsprechen - von der Anordnung \u00fcber die Gr\u00f6\u00dfe der Vertiefungen bis hin zur Gesamtgr\u00f6\u00dfe, der Art der Beschichtung, besonderen Merkmalen und mehr!","robots":{"index":"index","follow":"follow","max-snippet":"max-snippet:-1","max-image-preview":"max-image-preview:large","max-video-preview":"max-video-preview:-1"},"canonical":"https:\/\/www.americanpan.com\/europe\/de\/product\/kundenspezifische-croissant-bleche\/","og_locale":"de_DE","og_type":"article","og_title":"Kundenspezifische Croissant-Bleche &#8902; American Pan Europe","og_description":"&#8902;","og_url":"https:\/\/www.americanpan.com\/europe\/de\/product\/kundenspezifische-croissant-bleche\/","og_site_name":"American Pan Europe","article_modified_time":"2024-04-23T16:09:47+00:00","og_image":[{"url":"https:\/\/stg-bundybakingsolutions.com\/wp-content\/uploads\/2018\/09\/AP_Bun_Hamb_4x5_Flared_End_Structural_Ribs_DS.jpg","type":"","width":"","height":""}],"twitter_card":"summary_large_image","twitter_description":"Der Stil der Bleche mit Vertiefung hebt die Br\u00f6tchenformen vom Blech ab, um das Backen zu verbessern, und erm\u00f6glicht einen hervorragenden W\u00e4rmefluss um den Umfang der Br\u00f6tchen. Diese sind h\u00e4rter und haben eine l\u00e4ngere Lebensdauer als solche mit traditionellem Design, wobei sie in ein zentrales Leitsystem passen.","twitter_misc":{"Preis":"","Verf\u00fcgbarkeit":"Auf Lager"},"schema":{"@context":"https:\/\/schema.org","@graph":[{"@type":"WebPage","@id":"https:\/\/www.americanpan.com\/europe\/de\/product\/kundenspezifische-croissant-bleche\/","url":"https:\/\/www.americanpan.com\/europe\/de\/product\/kundenspezifische-croissant-bleche\/","name":"Kundenspezifische Croissant-Bleche by American Pan &#8902; American Pan Europe","isPartOf":{"@id":"https:\/\/www.americanpan.com\/europe\/de\/#website"},"primaryImageOfPage":{"@id":"https:\/\/www.americanpan.com\/europe\/de\/product\/kundenspezifische-croissant-bleche\/#primaryimage"},"image":{"@id":"https:\/\/www.americanpan.com\/europe\/de\/product\/kundenspezifische-croissant-bleche\/#primaryimage"},"thumbnailUrl":"https:\/\/www.americanpan.com\/europe\/wp-content\/uploads\/sites\/18\/2024\/02\/AP_Croissant_4x12_DS.jpg","datePublished":"2024-02-29T18:09:02+00:00","dateModified":"2024-04-23T16:09:47+00:00","description":"Croissant-Backbleche von American Pan sind ma\u00dfgeschneidert und mit den Merkmalen ausgestattet, die den Anforderungen Ihrer B\u00e4ckerei entsprechen - von der Anordnung \u00fcber die Gr\u00f6\u00dfe der Vertiefungen bis hin zur Gesamtgr\u00f6\u00dfe, der Art der Beschichtung, besonderen Merkmalen und mehr!","breadcrumb":{"@id":"https:\/\/www.americanpan.com\/europe\/de\/product\/kundenspezifische-croissant-bleche\/#breadcrumb"},"inLanguage":"de","potentialAction":[{"@type":"ReadAction","target":["https:\/\/www.americanpan.com\/europe\/de\/product\/kundenspezifische-croissant-bleche\/"]}]},{"@type":"ImageObject","inLanguage":"de","@id":"https:\/\/www.americanpan.com\/europe\/de\/product\/kundenspezifische-croissant-bleche\/#primaryimage","url":"https:\/\/www.americanpan.com\/europe\/wp-content\/uploads\/sites\/18\/2024\/02\/AP_Croissant_4x12_DS.jpg","contentUrl":"https:\/\/www.americanpan.com\/europe\/wp-content\/uploads\/sites\/18\/2024\/02\/AP_Croissant_4x12_DS.jpg","width":1440,"height":1080},{"@type":"BreadcrumbList","@id":"https:\/\/www.americanpan.com\/europe\/de\/product\/kundenspezifische-croissant-bleche\/#breadcrumb","itemListElement":[{"@type":"ListItem","position":1,"name":"Home","item":"https:\/\/www.americanpan.com\/europe\/de\/"},{"@type":"ListItem","position":2,"name":"Produkte","item":"https:\/\/www.americanpan.com\/europe\/de\/shop\/"},{"@type":"ListItem","position":3,"name":"Kundenspezifische Croissant-Bleche"}]},{"@type":"WebSite","@id":"https:\/\/www.americanpan.com\/europe\/de\/#website","url":"https:\/\/www.americanpan.com\/europe\/de\/","name":"American Pan Europe","description":"Industrielle Backformen","publisher":{"@id":"https:\/\/www.americanpan.com\/europe\/de\/#organization"},"potentialAction":[{"@type":"SearchAction","target":{"@type":"EntryPoint","urlTemplate":"https:\/\/www.americanpan.com\/europe\/de\/?s={search_term_string}"},"query-input":{"@type":"PropertyValueSpecification","valueRequired":true,"valueName":"search_term_string"}}],"inLanguage":"de"},{"@type":"Organization","@id":"https:\/\/www.americanpan.com\/europe\/de\/#organization","name":"American Pan: Industrielle Backformen","url":"https:\/\/www.americanpan.com\/europe\/de\/","logo":{"@type":"ImageObject","inLanguage":"de","@id":"https:\/\/www.americanpan.com\/europe\/de\/#\/schema\/logo\/image\/","url":"https:\/\/www.americanpan.com\/europe\/wp-content\/uploads\/sites\/18\/2022\/03\/logo-europe.png","contentUrl":"https:\/\/www.americanpan.com\/europe\/wp-content\/uploads\/sites\/18\/2022\/03\/logo-europe.png","width":458,"height":172,"caption":"American Pan: Industrielle Backformen"},"image":{"@id":"https:\/\/www.americanpan.com\/europe\/de\/#\/schema\/logo\/image\/"}}]},"product_price_currency":"EUR","og_availability":"instock","product_availability":"instock","product_retailer_item_id":"Hamburger Bun Pans-1","product_condition":"new"},"_links":{"self":[{"href":"https:\/\/www.americanpan.com\/europe\/de\/wp-json\/wp\/v2\/product\/63575","targetHints":{"allow":["GET"]}}],"collection":[{"href":"https:\/\/www.americanpan.com\/europe\/de\/wp-json\/wp\/v2\/product"}],"about":[{"href":"https:\/\/www.americanpan.com\/europe\/de\/wp-json\/wp\/v2\/types\/product"}],"replies":[{"embeddable":true,"href":"https:\/\/www.americanpan.com\/europe\/de\/wp-json\/wp\/v2\/comments?post=63575"}],"wp:featuredmedia":[{"embeddable":true,"href":"https:\/\/www.americanpan.com\/europe\/de\/wp-json\/wp\/v2\/media\/63582"}],"wp:attachment":[{"href":"https:\/\/www.americanpan.com\/europe\/de\/wp-json\/wp\/v2\/media?parent=63575"}],"wp:term":[{"taxonomy":"product_brand","embeddable":true,"href":"https:\/\/www.americanpan.com\/europe\/de\/wp-json\/wp\/v2\/product_brand?post=63575"},{"taxonomy":"product_cat","embeddable":true,"href":"https:\/\/www.americanpan.com\/europe\/de\/wp-json\/wp\/v2\/product_cat?post=63575"},{"taxonomy":"product_tag","embeddable":true,"href":"https:\/\/www.americanpan.com\/europe\/de\/wp-json\/wp\/v2\/product_tag?post=63575"}],"curies":[{"name":"wp","href":"https:\/\/api.w.org\/{rel}","templated":true}]}}