{"id":62141,"date":"2022-08-02T14:50:08","date_gmt":"2022-08-02T13:50:08","guid":{"rendered":"https:\/\/www.americanpan.com\/europe\/?post_type=product&#038;p=62141"},"modified":"2025-04-25T19:15:13","modified_gmt":"2025-04-25T18:15:13","slug":"epan-kastenverbaende","status":"publish","type":"product","link":"https:\/\/www.americanpan.com\/europe\/de\/product\/epan-kastenverbaende\/","title":{"rendered":"EPAN\u00ae KASTENVERB\u00c4NDE"},"content":{"rendered":"","protected":false},"excerpt":{"rendered":"<p>Die Bleche EPAN\u00ae von American Pan sind die st\u00e4rksten, leichtesten und effizientesten Bleche f\u00fcr Burger und Br\u00f6tchen weltweit. Von der originalen ePAN aus aluminiertem Blech bis zur ePAN\u00ae mit einem einzigen Fachsteifen findet Ihre B\u00e4ckerei kein st\u00e4rkeres Blech mit Mehrwert.<\/p>\n","protected":false},"featured_media":62350,"comment_status":"closed","ping_status":"closed","template":"","meta":{"_acf_changed":false},"product_brand":[],"product_cat":[1351,1341],"product_tag":[],"class_list":{"0":"post-62141","1":"product","2":"type-product","3":"status-publish","4":"has-post-thumbnail","6":"product_cat-brotkasten","7":"product_cat-personalisierte-backformen-und-bleche","9":"first","10":"instock","11":"taxable","12":"shipping-taxable","13":"product-type-simple"},"acf":[],"yoast_head":"<!-- This site is optimized with the Yoast SEO Premium plugin v27.2 (Yoast SEO v27.2) - https:\/\/yoast.com\/product\/yoast-seo-premium-wordpress\/ -->\n<title>EPAN\u00ae KASTENVERB\u00c4NDE by American Pan &#8902; American Pan Europe<\/title>\n<meta name=\"description\" content=\"Die Bleche EPAN\u00ae von American Pan sind die st\u00e4rksten, leichtesten und effizientesten Bleche f\u00fcr Burger und Br\u00f6tchen weltweit.\" \/>\n<meta name=\"robots\" content=\"index, follow, max-snippet:-1, max-image-preview:large, max-video-preview:-1\" \/>\n<link rel=\"canonical\" href=\"https:\/\/www.americanpan.com\/europe\/de\/product\/epan-kastenverbaende\/\" \/>\n<meta property=\"og:locale\" content=\"de_DE\" \/>\n<meta property=\"og:type\" content=\"article\" \/>\n<meta property=\"og:title\" content=\"EPAN\u00ae KASTENVERB\u00c4NDE &#8902; American Pan Europe\" \/>\n<meta property=\"og:description\" content=\"&#8902;\" \/>\n<meta property=\"og:url\" content=\"https:\/\/www.americanpan.com\/europe\/de\/product\/epan-kastenverbaende\/\" \/>\n<meta property=\"og:site_name\" content=\"American Pan Europe\" \/>\n<meta property=\"article:modified_time\" content=\"2025-04-25T18:15:13+00:00\" \/>\n<meta property=\"og:image\" content=\"https:\/\/stg-bundybakingsolutions.com\/wp-content\/uploads\/2016\/06\/e2pan-logo.jpg\" \/>\n<meta name=\"twitter:card\" content=\"summary_large_image\" \/>\n<meta name=\"twitter:description\" content=\"Die Bleche EPAN\u00ae von American Pan sind die st\u00e4rksten, leichtesten und effizientesten Bleche f\u00fcr Burger und Br\u00f6tchen weltweit.\" \/>\n<meta name=\"twitter:label1\" content=\"Preis\" \/>\n\t<meta name=\"twitter:data1\" content=\"\" \/>\n\t<meta name=\"twitter:label2\" content=\"Verf\u00fcgbarkeit\" \/>\n\t<meta name=\"twitter:data2\" content=\"Auf Lager\" \/>\n<script type=\"application\/ld+json\" class=\"yoast-schema-graph\">{\"@context\":\"https:\/\/schema.org\",\"@graph\":[{\"@type\":\"WebPage\",\"@id\":\"https:\/\/www.americanpan.com\/europe\/de\/product\/epan-kastenverbaende\/\",\"url\":\"https:\/\/www.americanpan.com\/europe\/de\/product\/epan-kastenverbaende\/\",\"name\":\"EPAN\u00ae KASTENVERB\u00c4NDE by American Pan &#8902; American Pan Europe\",\"isPartOf\":{\"@id\":\"https:\/\/www.americanpan.com\/europe\/de\/#website\"},\"primaryImageOfPage\":{\"@id\":\"https:\/\/www.americanpan.com\/europe\/de\/product\/epan-kastenverbaende\/#primaryimage\"},\"image\":{\"@id\":\"https:\/\/www.americanpan.com\/europe\/de\/product\/epan-kastenverbaende\/#primaryimage\"},\"thumbnailUrl\":\"https:\/\/www.americanpan.com\/europe\/wp-content\/uploads\/sites\/18\/2022\/08\/ePAN-Bread-Pan-wePAN-Logo-Overlay.jpg\",\"datePublished\":\"2022-08-02T13:50:08+00:00\",\"dateModified\":\"2025-04-25T18:15:13+00:00\",\"description\":\"Die Bleche EPAN\u00ae von American Pan sind die st\u00e4rksten, leichtesten und effizientesten Bleche f\u00fcr Burger und Br\u00f6tchen weltweit.\",\"breadcrumb\":{\"@id\":\"https:\/\/www.americanpan.com\/europe\/de\/product\/epan-kastenverbaende\/#breadcrumb\"},\"inLanguage\":\"de\",\"potentialAction\":[{\"@type\":\"ReadAction\",\"target\":[\"https:\/\/www.americanpan.com\/europe\/de\/product\/epan-kastenverbaende\/\"]}]},{\"@type\":\"ImageObject\",\"inLanguage\":\"de\",\"@id\":\"https:\/\/www.americanpan.com\/europe\/de\/product\/epan-kastenverbaende\/#primaryimage\",\"url\":\"https:\/\/www.americanpan.com\/europe\/wp-content\/uploads\/sites\/18\/2022\/08\/ePAN-Bread-Pan-wePAN-Logo-Overlay.jpg\",\"contentUrl\":\"https:\/\/www.americanpan.com\/europe\/wp-content\/uploads\/sites\/18\/2022\/08\/ePAN-Bread-Pan-wePAN-Logo-Overlay.jpg\",\"width\":1440,\"height\":1080,\"caption\":\"ePAN Bread Pan wePAN Logo Overlay\"},{\"@type\":\"BreadcrumbList\",\"@id\":\"https:\/\/www.americanpan.com\/europe\/de\/product\/epan-kastenverbaende\/#breadcrumb\",\"itemListElement\":[{\"@type\":\"ListItem\",\"position\":1,\"name\":\"Home\",\"item\":\"https:\/\/www.americanpan.com\/europe\/de\/\"},{\"@type\":\"ListItem\",\"position\":2,\"name\":\"Produkte\",\"item\":\"https:\/\/www.americanpan.com\/europe\/de\/shop\/\"},{\"@type\":\"ListItem\",\"position\":3,\"name\":\"EPAN\u00ae KASTENVERB\u00c4NDE\"}]},{\"@type\":\"WebSite\",\"@id\":\"https:\/\/www.americanpan.com\/europe\/de\/#website\",\"url\":\"https:\/\/www.americanpan.com\/europe\/de\/\",\"name\":\"American Pan Europe\",\"description\":\"Industrielle Backformen\",\"publisher\":{\"@id\":\"https:\/\/www.americanpan.com\/europe\/de\/#organization\"},\"potentialAction\":[{\"@type\":\"SearchAction\",\"target\":{\"@type\":\"EntryPoint\",\"urlTemplate\":\"https:\/\/www.americanpan.com\/europe\/de\/?s={search_term_string}\"},\"query-input\":{\"@type\":\"PropertyValueSpecification\",\"valueRequired\":true,\"valueName\":\"search_term_string\"}}],\"inLanguage\":\"de\"},{\"@type\":\"Organization\",\"@id\":\"https:\/\/www.americanpan.com\/europe\/de\/#organization\",\"name\":\"American Pan: Industrielle Backformen\",\"url\":\"https:\/\/www.americanpan.com\/europe\/de\/\",\"logo\":{\"@type\":\"ImageObject\",\"inLanguage\":\"de\",\"@id\":\"https:\/\/www.americanpan.com\/europe\/de\/#\/schema\/logo\/image\/\",\"url\":\"https:\/\/www.americanpan.com\/europe\/wp-content\/uploads\/sites\/18\/2022\/03\/logo-europe.png\",\"contentUrl\":\"https:\/\/www.americanpan.com\/europe\/wp-content\/uploads\/sites\/18\/2022\/03\/logo-europe.png\",\"width\":458,\"height\":172,\"caption\":\"American Pan: Industrielle Backformen\"},\"image\":{\"@id\":\"https:\/\/www.americanpan.com\/europe\/de\/#\/schema\/logo\/image\/\"}}]}<\/script>\n<meta property=\"product:price:currency\" content=\"EUR\" \/>\n<meta property=\"og:availability\" content=\"instock\" \/>\n<meta property=\"product:availability\" content=\"instock\" \/>\n<meta property=\"product:retailer_item_id\" content=\"ePAN\u00ae Pans-1\" \/>\n<meta property=\"product:condition\" content=\"new\" \/>\n<!-- \/ Yoast SEO Premium plugin. -->","yoast_head_json":{"title":"EPAN\u00ae KASTENVERB\u00c4NDE by American Pan &#8902; American Pan Europe","description":"Die Bleche EPAN\u00ae von American Pan sind die st\u00e4rksten, leichtesten und effizientesten Bleche f\u00fcr Burger und Br\u00f6tchen weltweit.","robots":{"index":"index","follow":"follow","max-snippet":"max-snippet:-1","max-image-preview":"max-image-preview:large","max-video-preview":"max-video-preview:-1"},"canonical":"https:\/\/www.americanpan.com\/europe\/de\/product\/epan-kastenverbaende\/","og_locale":"de_DE","og_type":"article","og_title":"EPAN\u00ae KASTENVERB\u00c4NDE &#8902; American Pan Europe","og_description":"&#8902;","og_url":"https:\/\/www.americanpan.com\/europe\/de\/product\/epan-kastenverbaende\/","og_site_name":"American Pan Europe","article_modified_time":"2025-04-25T18:15:13+00:00","og_image":[{"url":"https:\/\/stg-bundybakingsolutions.com\/wp-content\/uploads\/2016\/06\/e2pan-logo.jpg","type":"","width":"","height":""}],"twitter_card":"summary_large_image","twitter_description":"Die Bleche EPAN\u00ae von American Pan sind die st\u00e4rksten, leichtesten und effizientesten Bleche f\u00fcr Burger und Br\u00f6tchen weltweit.","twitter_misc":{"Preis":"","Verf\u00fcgbarkeit":"Auf Lager"},"schema":{"@context":"https:\/\/schema.org","@graph":[{"@type":"WebPage","@id":"https:\/\/www.americanpan.com\/europe\/de\/product\/epan-kastenverbaende\/","url":"https:\/\/www.americanpan.com\/europe\/de\/product\/epan-kastenverbaende\/","name":"EPAN\u00ae KASTENVERB\u00c4NDE by American Pan &#8902; American Pan Europe","isPartOf":{"@id":"https:\/\/www.americanpan.com\/europe\/de\/#website"},"primaryImageOfPage":{"@id":"https:\/\/www.americanpan.com\/europe\/de\/product\/epan-kastenverbaende\/#primaryimage"},"image":{"@id":"https:\/\/www.americanpan.com\/europe\/de\/product\/epan-kastenverbaende\/#primaryimage"},"thumbnailUrl":"https:\/\/www.americanpan.com\/europe\/wp-content\/uploads\/sites\/18\/2022\/08\/ePAN-Bread-Pan-wePAN-Logo-Overlay.jpg","datePublished":"2022-08-02T13:50:08+00:00","dateModified":"2025-04-25T18:15:13+00:00","description":"Die Bleche EPAN\u00ae von American Pan sind die st\u00e4rksten, leichtesten und effizientesten Bleche f\u00fcr Burger und Br\u00f6tchen weltweit.","breadcrumb":{"@id":"https:\/\/www.americanpan.com\/europe\/de\/product\/epan-kastenverbaende\/#breadcrumb"},"inLanguage":"de","potentialAction":[{"@type":"ReadAction","target":["https:\/\/www.americanpan.com\/europe\/de\/product\/epan-kastenverbaende\/"]}]},{"@type":"ImageObject","inLanguage":"de","@id":"https:\/\/www.americanpan.com\/europe\/de\/product\/epan-kastenverbaende\/#primaryimage","url":"https:\/\/www.americanpan.com\/europe\/wp-content\/uploads\/sites\/18\/2022\/08\/ePAN-Bread-Pan-wePAN-Logo-Overlay.jpg","contentUrl":"https:\/\/www.americanpan.com\/europe\/wp-content\/uploads\/sites\/18\/2022\/08\/ePAN-Bread-Pan-wePAN-Logo-Overlay.jpg","width":1440,"height":1080,"caption":"ePAN Bread Pan wePAN Logo Overlay"},{"@type":"BreadcrumbList","@id":"https:\/\/www.americanpan.com\/europe\/de\/product\/epan-kastenverbaende\/#breadcrumb","itemListElement":[{"@type":"ListItem","position":1,"name":"Home","item":"https:\/\/www.americanpan.com\/europe\/de\/"},{"@type":"ListItem","position":2,"name":"Produkte","item":"https:\/\/www.americanpan.com\/europe\/de\/shop\/"},{"@type":"ListItem","position":3,"name":"EPAN\u00ae KASTENVERB\u00c4NDE"}]},{"@type":"WebSite","@id":"https:\/\/www.americanpan.com\/europe\/de\/#website","url":"https:\/\/www.americanpan.com\/europe\/de\/","name":"American Pan Europe","description":"Industrielle Backformen","publisher":{"@id":"https:\/\/www.americanpan.com\/europe\/de\/#organization"},"potentialAction":[{"@type":"SearchAction","target":{"@type":"EntryPoint","urlTemplate":"https:\/\/www.americanpan.com\/europe\/de\/?s={search_term_string}"},"query-input":{"@type":"PropertyValueSpecification","valueRequired":true,"valueName":"search_term_string"}}],"inLanguage":"de"},{"@type":"Organization","@id":"https:\/\/www.americanpan.com\/europe\/de\/#organization","name":"American Pan: Industrielle Backformen","url":"https:\/\/www.americanpan.com\/europe\/de\/","logo":{"@type":"ImageObject","inLanguage":"de","@id":"https:\/\/www.americanpan.com\/europe\/de\/#\/schema\/logo\/image\/","url":"https:\/\/www.americanpan.com\/europe\/wp-content\/uploads\/sites\/18\/2022\/03\/logo-europe.png","contentUrl":"https:\/\/www.americanpan.com\/europe\/wp-content\/uploads\/sites\/18\/2022\/03\/logo-europe.png","width":458,"height":172,"caption":"American Pan: Industrielle Backformen"},"image":{"@id":"https:\/\/www.americanpan.com\/europe\/de\/#\/schema\/logo\/image\/"}}]},"product_price_currency":"EUR","og_availability":"instock","product_availability":"instock","product_retailer_item_id":"ePAN\u00ae Pans-1","product_condition":"new"},"_links":{"self":[{"href":"https:\/\/www.americanpan.com\/europe\/de\/wp-json\/wp\/v2\/product\/62141","targetHints":{"allow":["GET"]}}],"collection":[{"href":"https:\/\/www.americanpan.com\/europe\/de\/wp-json\/wp\/v2\/product"}],"about":[{"href":"https:\/\/www.americanpan.com\/europe\/de\/wp-json\/wp\/v2\/types\/product"}],"replies":[{"embeddable":true,"href":"https:\/\/www.americanpan.com\/europe\/de\/wp-json\/wp\/v2\/comments?post=62141"}],"wp:featuredmedia":[{"embeddable":true,"href":"https:\/\/www.americanpan.com\/europe\/de\/wp-json\/wp\/v2\/media\/62350"}],"wp:attachment":[{"href":"https:\/\/www.americanpan.com\/europe\/de\/wp-json\/wp\/v2\/media?parent=62141"}],"wp:term":[{"taxonomy":"product_brand","embeddable":true,"href":"https:\/\/www.americanpan.com\/europe\/de\/wp-json\/wp\/v2\/product_brand?post=62141"},{"taxonomy":"product_cat","embeddable":true,"href":"https:\/\/www.americanpan.com\/europe\/de\/wp-json\/wp\/v2\/product_cat?post=62141"},{"taxonomy":"product_tag","embeddable":true,"href":"https:\/\/www.americanpan.com\/europe\/de\/wp-json\/wp\/v2\/product_tag?post=62141"}],"curies":[{"name":"wp","href":"https:\/\/api.w.org\/{rel}","templated":true}]}}