{"id":37562,"date":"2018-09-13T14:21:58","date_gmt":"2018-09-13T13:21:58","guid":{"rendered":"https:\/\/www.americanpan.com\/europe\/product\/blech-fuer-hamburger-broetchen\/"},"modified":"2024-04-23T17:04:39","modified_gmt":"2024-04-23T16:04:39","slug":"kundenspezifische-hamburger-backbleche","status":"publish","type":"product","link":"https:\/\/www.americanpan.com\/europe\/de\/product\/kundenspezifische-hamburger-backbleche\/","title":{"rendered":"Kundenspezifische Hamburger Backbleche"},"content":{"rendered":"","protected":false},"excerpt":{"rendered":"<p>Die Hamburger Backbleche von American Pan sind vollst\u00e4ndig anpassbar und mit den Merkmalen ausgestattet, die den Anforderungen Ihrer B\u00e4ckerei entsprechen. Von der Anordnung \u00fcber die Gr\u00f6\u00dfe der Form bis hin zur Gesamtgr\u00f6\u00dfe, der Art der Beschichtung, speziellen Merkmalen und mehr! Dar\u00fcber hinaus bieten wir Br\u00f6tchenbackbleche in verschiedenen Band- und Rahmenausf\u00fchrungen an, einschlie\u00dflich unserer propriet\u00e4ren ePAN\u00ae- und TabLock-Varianten. Unsere Backbleche werden aus hochwertigen Materialien hergestellt, und die kundenspezifischen Merkmale erm\u00f6glichen eine nahtlose Integration in Ihre bestehenden B\u00e4ckereilinien.<\/p>\n","protected":false},"featured_media":30385,"comment_status":"closed","ping_status":"closed","template":"","meta":{"_acf_changed":false},"product_brand":[],"product_cat":[1356,1341],"product_tag":[],"class_list":{"0":"post-37562","1":"product","2":"type-product","3":"status-publish","4":"has-post-thumbnail","6":"product_cat-kastenformen-und-formbleche","7":"product_cat-personalisierte-backformen-und-bleche","9":"first","10":"instock","11":"taxable","12":"shipping-taxable","13":"product-type-simple"},"acf":[],"yoast_head":"<!-- This site is optimized with the Yoast SEO Premium plugin v27.3 (Yoast SEO v27.3) - https:\/\/yoast.com\/product\/yoast-seo-premium-wordpress\/ -->\n<title>Kundenspezifische Hamburger Backbleche by American Pan &#8902; American Pan Europe<\/title>\n<meta name=\"description\" content=\"Die Hamburger Backbleche von American Pan sind vollst\u00e4ndig anpassbar und mit den Merkmalen ausgestattet, die den Anforderungen Ihrer B\u00e4ckerei entsprechen. Von der Anordnung \u00fcber die Gr\u00f6\u00dfe der Form bis hin zur Gesamtgr\u00f6\u00dfe, der Art der Beschichtung, speziellen Merkmalen und mehr!\" \/>\n<meta name=\"robots\" content=\"index, follow, max-snippet:-1, max-image-preview:large, max-video-preview:-1\" \/>\n<link rel=\"canonical\" href=\"https:\/\/www.americanpan.com\/europe\/de\/product\/kundenspezifische-hamburger-backbleche\/\" \/>\n<meta property=\"og:locale\" content=\"de_DE\" \/>\n<meta property=\"og:type\" content=\"article\" \/>\n<meta property=\"og:title\" content=\"Kundenspezifische Hamburger Backbleche &#8902; American Pan Europe\" \/>\n<meta property=\"og:description\" content=\"&#8902;\" \/>\n<meta property=\"og:url\" content=\"https:\/\/www.americanpan.com\/europe\/de\/product\/kundenspezifische-hamburger-backbleche\/\" \/>\n<meta property=\"og:site_name\" content=\"American Pan Europe\" \/>\n<meta property=\"article:modified_time\" content=\"2024-04-23T16:04:39+00:00\" \/>\n<meta property=\"og:image\" content=\"https:\/\/stg-bundybakingsolutions.com\/wp-content\/uploads\/2018\/09\/AP_Bun_Hamb_4x5_Flared_End_Structural_Ribs_DS.jpg\" \/>\n<meta name=\"twitter:card\" content=\"summary_large_image\" \/>\n<meta name=\"twitter:description\" content=\"Der Stil der Bleche mit Vertiefung hebt die Br\u00f6tchenformen vom Blech ab, um das Backen zu verbessern, und erm\u00f6glicht einen hervorragenden W\u00e4rmefluss um den Umfang der Br\u00f6tchen. Diese sind h\u00e4rter und haben eine l\u00e4ngere Lebensdauer als solche mit traditionellem Design, wobei sie in ein zentrales Leitsystem passen.\" \/>\n<meta name=\"twitter:label1\" content=\"Preis\" \/>\n\t<meta name=\"twitter:data1\" content=\"\" \/>\n\t<meta name=\"twitter:label2\" content=\"Verf\u00fcgbarkeit\" \/>\n\t<meta name=\"twitter:data2\" content=\"Auf Lager\" \/>\n<script type=\"application\/ld+json\" class=\"yoast-schema-graph\">{\"@context\":\"https:\\\/\\\/schema.org\",\"@graph\":[{\"@type\":\"WebPage\",\"@id\":\"https:\\\/\\\/www.americanpan.com\\\/europe\\\/de\\\/product\\\/kundenspezifische-hamburger-backbleche\\\/\",\"url\":\"https:\\\/\\\/www.americanpan.com\\\/europe\\\/de\\\/product\\\/kundenspezifische-hamburger-backbleche\\\/\",\"name\":\"Kundenspezifische Hamburger Backbleche by American Pan &#8902; American Pan Europe\",\"isPartOf\":{\"@id\":\"https:\\\/\\\/www.americanpan.com\\\/europe\\\/de\\\/#website\"},\"primaryImageOfPage\":{\"@id\":\"https:\\\/\\\/www.americanpan.com\\\/europe\\\/de\\\/product\\\/kundenspezifische-hamburger-backbleche\\\/#primaryimage\"},\"image\":{\"@id\":\"https:\\\/\\\/www.americanpan.com\\\/europe\\\/de\\\/product\\\/kundenspezifische-hamburger-backbleche\\\/#primaryimage\"},\"thumbnailUrl\":\"https:\\\/\\\/www.americanpan.com\\\/europe\\\/wp-content\\\/uploads\\\/sites\\\/18\\\/2018\\\/09\\\/AP_Bun_Hamb_4x5_Flared_End_Structural_Ribs_DS-scaled.jpg\",\"datePublished\":\"2018-09-13T13:21:58+00:00\",\"dateModified\":\"2024-04-23T16:04:39+00:00\",\"description\":\"Die Hamburger Backbleche von American Pan sind vollst\u00e4ndig anpassbar und mit den Merkmalen ausgestattet, die den Anforderungen Ihrer B\u00e4ckerei entsprechen. Von der Anordnung \u00fcber die Gr\u00f6\u00dfe der Form bis hin zur Gesamtgr\u00f6\u00dfe, der Art der Beschichtung, speziellen Merkmalen und mehr!\",\"breadcrumb\":{\"@id\":\"https:\\\/\\\/www.americanpan.com\\\/europe\\\/de\\\/product\\\/kundenspezifische-hamburger-backbleche\\\/#breadcrumb\"},\"inLanguage\":\"de\",\"potentialAction\":[{\"@type\":\"ReadAction\",\"target\":[\"https:\\\/\\\/www.americanpan.com\\\/europe\\\/de\\\/product\\\/kundenspezifische-hamburger-backbleche\\\/\"]}]},{\"@type\":\"ImageObject\",\"inLanguage\":\"de\",\"@id\":\"https:\\\/\\\/www.americanpan.com\\\/europe\\\/de\\\/product\\\/kundenspezifische-hamburger-backbleche\\\/#primaryimage\",\"url\":\"https:\\\/\\\/www.americanpan.com\\\/europe\\\/wp-content\\\/uploads\\\/sites\\\/18\\\/2018\\\/09\\\/AP_Bun_Hamb_4x5_Flared_End_Structural_Ribs_DS-scaled.jpg\",\"contentUrl\":\"https:\\\/\\\/www.americanpan.com\\\/europe\\\/wp-content\\\/uploads\\\/sites\\\/18\\\/2018\\\/09\\\/AP_Bun_Hamb_4x5_Flared_End_Structural_Ribs_DS-scaled.jpg\",\"width\":2560,\"height\":1920,\"caption\":\"Hamburger Br\u00f6tchenpfanne mit aufgeweiteten strukturellen Rippen - DuraShield\u00ae\"},{\"@type\":\"BreadcrumbList\",\"@id\":\"https:\\\/\\\/www.americanpan.com\\\/europe\\\/de\\\/product\\\/kundenspezifische-hamburger-backbleche\\\/#breadcrumb\",\"itemListElement\":[{\"@type\":\"ListItem\",\"position\":1,\"name\":\"Home\",\"item\":\"https:\\\/\\\/www.americanpan.com\\\/europe\\\/de\\\/\"},{\"@type\":\"ListItem\",\"position\":2,\"name\":\"Produkte\",\"item\":\"https:\\\/\\\/www.americanpan.com\\\/europe\\\/de\\\/shop\\\/\"},{\"@type\":\"ListItem\",\"position\":3,\"name\":\"Kundenspezifische Hamburger Backbleche\"}]},{\"@type\":\"WebSite\",\"@id\":\"https:\\\/\\\/www.americanpan.com\\\/europe\\\/de\\\/#website\",\"url\":\"https:\\\/\\\/www.americanpan.com\\\/europe\\\/de\\\/\",\"name\":\"American Pan Europe\",\"description\":\"Industrielle Backformen\",\"publisher\":{\"@id\":\"https:\\\/\\\/www.americanpan.com\\\/europe\\\/de\\\/#organization\"},\"potentialAction\":[{\"@type\":\"SearchAction\",\"target\":{\"@type\":\"EntryPoint\",\"urlTemplate\":\"https:\\\/\\\/www.americanpan.com\\\/europe\\\/de\\\/?s={search_term_string}\"},\"query-input\":{\"@type\":\"PropertyValueSpecification\",\"valueRequired\":true,\"valueName\":\"search_term_string\"}}],\"inLanguage\":\"de\"},{\"@type\":\"Organization\",\"@id\":\"https:\\\/\\\/www.americanpan.com\\\/europe\\\/de\\\/#organization\",\"name\":\"American Pan: Industrielle Backformen\",\"url\":\"https:\\\/\\\/www.americanpan.com\\\/europe\\\/de\\\/\",\"logo\":{\"@type\":\"ImageObject\",\"inLanguage\":\"de\",\"@id\":\"https:\\\/\\\/www.americanpan.com\\\/europe\\\/de\\\/#\\\/schema\\\/logo\\\/image\\\/\",\"url\":\"https:\\\/\\\/www.americanpan.com\\\/europe\\\/wp-content\\\/uploads\\\/sites\\\/18\\\/2022\\\/03\\\/logo-europe.png\",\"contentUrl\":\"https:\\\/\\\/www.americanpan.com\\\/europe\\\/wp-content\\\/uploads\\\/sites\\\/18\\\/2022\\\/03\\\/logo-europe.png\",\"width\":458,\"height\":172,\"caption\":\"American Pan: Industrielle Backformen\"},\"image\":{\"@id\":\"https:\\\/\\\/www.americanpan.com\\\/europe\\\/de\\\/#\\\/schema\\\/logo\\\/image\\\/\"}}]}<\/script>\n<meta property=\"product:price:currency\" content=\"EUR\" \/>\n<meta property=\"og:availability\" content=\"instock\" \/>\n<meta property=\"product:availability\" content=\"instock\" \/>\n<meta property=\"product:retailer_item_id\" content=\"Hamburger Bun Pans\" \/>\n<meta property=\"product:condition\" content=\"new\" \/>\n<!-- \/ Yoast SEO Premium plugin. -->","yoast_head_json":{"title":"Kundenspezifische Hamburger Backbleche by American Pan &#8902; American Pan Europe","description":"Die Hamburger Backbleche von American Pan sind vollst\u00e4ndig anpassbar und mit den Merkmalen ausgestattet, die den Anforderungen Ihrer B\u00e4ckerei entsprechen. Von der Anordnung \u00fcber die Gr\u00f6\u00dfe der Form bis hin zur Gesamtgr\u00f6\u00dfe, der Art der Beschichtung, speziellen Merkmalen und mehr!","robots":{"index":"index","follow":"follow","max-snippet":"max-snippet:-1","max-image-preview":"max-image-preview:large","max-video-preview":"max-video-preview:-1"},"canonical":"https:\/\/www.americanpan.com\/europe\/de\/product\/kundenspezifische-hamburger-backbleche\/","og_locale":"de_DE","og_type":"article","og_title":"Kundenspezifische Hamburger Backbleche &#8902; American Pan Europe","og_description":"&#8902;","og_url":"https:\/\/www.americanpan.com\/europe\/de\/product\/kundenspezifische-hamburger-backbleche\/","og_site_name":"American Pan Europe","article_modified_time":"2024-04-23T16:04:39+00:00","og_image":[{"url":"https:\/\/stg-bundybakingsolutions.com\/wp-content\/uploads\/2018\/09\/AP_Bun_Hamb_4x5_Flared_End_Structural_Ribs_DS.jpg","type":"","width":"","height":""}],"twitter_card":"summary_large_image","twitter_description":"Der Stil der Bleche mit Vertiefung hebt die Br\u00f6tchenformen vom Blech ab, um das Backen zu verbessern, und erm\u00f6glicht einen hervorragenden W\u00e4rmefluss um den Umfang der Br\u00f6tchen. Diese sind h\u00e4rter und haben eine l\u00e4ngere Lebensdauer als solche mit traditionellem Design, wobei sie in ein zentrales Leitsystem passen.","twitter_misc":{"Preis":"","Verf\u00fcgbarkeit":"Auf Lager"},"schema":{"@context":"https:\/\/schema.org","@graph":[{"@type":"WebPage","@id":"https:\/\/www.americanpan.com\/europe\/de\/product\/kundenspezifische-hamburger-backbleche\/","url":"https:\/\/www.americanpan.com\/europe\/de\/product\/kundenspezifische-hamburger-backbleche\/","name":"Kundenspezifische Hamburger Backbleche by American Pan &#8902; American Pan Europe","isPartOf":{"@id":"https:\/\/www.americanpan.com\/europe\/de\/#website"},"primaryImageOfPage":{"@id":"https:\/\/www.americanpan.com\/europe\/de\/product\/kundenspezifische-hamburger-backbleche\/#primaryimage"},"image":{"@id":"https:\/\/www.americanpan.com\/europe\/de\/product\/kundenspezifische-hamburger-backbleche\/#primaryimage"},"thumbnailUrl":"https:\/\/www.americanpan.com\/europe\/wp-content\/uploads\/sites\/18\/2018\/09\/AP_Bun_Hamb_4x5_Flared_End_Structural_Ribs_DS-scaled.jpg","datePublished":"2018-09-13T13:21:58+00:00","dateModified":"2024-04-23T16:04:39+00:00","description":"Die Hamburger Backbleche von American Pan sind vollst\u00e4ndig anpassbar und mit den Merkmalen ausgestattet, die den Anforderungen Ihrer B\u00e4ckerei entsprechen. Von der Anordnung \u00fcber die Gr\u00f6\u00dfe der Form bis hin zur Gesamtgr\u00f6\u00dfe, der Art der Beschichtung, speziellen Merkmalen und mehr!","breadcrumb":{"@id":"https:\/\/www.americanpan.com\/europe\/de\/product\/kundenspezifische-hamburger-backbleche\/#breadcrumb"},"inLanguage":"de","potentialAction":[{"@type":"ReadAction","target":["https:\/\/www.americanpan.com\/europe\/de\/product\/kundenspezifische-hamburger-backbleche\/"]}]},{"@type":"ImageObject","inLanguage":"de","@id":"https:\/\/www.americanpan.com\/europe\/de\/product\/kundenspezifische-hamburger-backbleche\/#primaryimage","url":"https:\/\/www.americanpan.com\/europe\/wp-content\/uploads\/sites\/18\/2018\/09\/AP_Bun_Hamb_4x5_Flared_End_Structural_Ribs_DS-scaled.jpg","contentUrl":"https:\/\/www.americanpan.com\/europe\/wp-content\/uploads\/sites\/18\/2018\/09\/AP_Bun_Hamb_4x5_Flared_End_Structural_Ribs_DS-scaled.jpg","width":2560,"height":1920,"caption":"Hamburger Br\u00f6tchenpfanne mit aufgeweiteten strukturellen Rippen - DuraShield\u00ae"},{"@type":"BreadcrumbList","@id":"https:\/\/www.americanpan.com\/europe\/de\/product\/kundenspezifische-hamburger-backbleche\/#breadcrumb","itemListElement":[{"@type":"ListItem","position":1,"name":"Home","item":"https:\/\/www.americanpan.com\/europe\/de\/"},{"@type":"ListItem","position":2,"name":"Produkte","item":"https:\/\/www.americanpan.com\/europe\/de\/shop\/"},{"@type":"ListItem","position":3,"name":"Kundenspezifische Hamburger Backbleche"}]},{"@type":"WebSite","@id":"https:\/\/www.americanpan.com\/europe\/de\/#website","url":"https:\/\/www.americanpan.com\/europe\/de\/","name":"American Pan Europe","description":"Industrielle Backformen","publisher":{"@id":"https:\/\/www.americanpan.com\/europe\/de\/#organization"},"potentialAction":[{"@type":"SearchAction","target":{"@type":"EntryPoint","urlTemplate":"https:\/\/www.americanpan.com\/europe\/de\/?s={search_term_string}"},"query-input":{"@type":"PropertyValueSpecification","valueRequired":true,"valueName":"search_term_string"}}],"inLanguage":"de"},{"@type":"Organization","@id":"https:\/\/www.americanpan.com\/europe\/de\/#organization","name":"American Pan: Industrielle Backformen","url":"https:\/\/www.americanpan.com\/europe\/de\/","logo":{"@type":"ImageObject","inLanguage":"de","@id":"https:\/\/www.americanpan.com\/europe\/de\/#\/schema\/logo\/image\/","url":"https:\/\/www.americanpan.com\/europe\/wp-content\/uploads\/sites\/18\/2022\/03\/logo-europe.png","contentUrl":"https:\/\/www.americanpan.com\/europe\/wp-content\/uploads\/sites\/18\/2022\/03\/logo-europe.png","width":458,"height":172,"caption":"American Pan: Industrielle Backformen"},"image":{"@id":"https:\/\/www.americanpan.com\/europe\/de\/#\/schema\/logo\/image\/"}}]},"product_price_currency":"EUR","og_availability":"instock","product_availability":"instock","product_retailer_item_id":"Hamburger Bun Pans","product_condition":"new"},"_links":{"self":[{"href":"https:\/\/www.americanpan.com\/europe\/de\/wp-json\/wp\/v2\/product\/37562","targetHints":{"allow":["GET"]}}],"collection":[{"href":"https:\/\/www.americanpan.com\/europe\/de\/wp-json\/wp\/v2\/product"}],"about":[{"href":"https:\/\/www.americanpan.com\/europe\/de\/wp-json\/wp\/v2\/types\/product"}],"replies":[{"embeddable":true,"href":"https:\/\/www.americanpan.com\/europe\/de\/wp-json\/wp\/v2\/comments?post=37562"}],"wp:featuredmedia":[{"embeddable":true,"href":"https:\/\/www.americanpan.com\/europe\/de\/wp-json\/wp\/v2\/media\/30385"}],"wp:attachment":[{"href":"https:\/\/www.americanpan.com\/europe\/de\/wp-json\/wp\/v2\/media?parent=37562"}],"wp:term":[{"taxonomy":"product_brand","embeddable":true,"href":"https:\/\/www.americanpan.com\/europe\/de\/wp-json\/wp\/v2\/product_brand?post=37562"},{"taxonomy":"product_cat","embeddable":true,"href":"https:\/\/www.americanpan.com\/europe\/de\/wp-json\/wp\/v2\/product_cat?post=37562"},{"taxonomy":"product_tag","embeddable":true,"href":"https:\/\/www.americanpan.com\/europe\/de\/wp-json\/wp\/v2\/product_tag?post=37562"}],"curies":[{"name":"wp","href":"https:\/\/api.w.org\/{rel}","templated":true}]}}