{"id":37524,"date":"2018-09-14T00:29:41","date_gmt":"2018-09-13T23:29:41","guid":{"rendered":"https:\/\/www.americanpan.com\/europe\/product\/bleche-fuer-regaloefen\/"},"modified":"2023-04-17T02:24:36","modified_gmt":"2023-04-17T01:24:36","slug":"bleche-fur-stickenofen","status":"publish","type":"product","link":"https:\/\/www.americanpan.com\/europe\/de\/product\/bleche-fur-stickenofen\/","title":{"rendered":"BLECHE F\u00dcR STICKEN\u00d6FEN"},"content":{"rendered":"","protected":false},"excerpt":{"rendered":"<p>Perforierte Backbleche sind in jeder Gr\u00f6\u00dfe oder jedem Lochungsmuster erh\u00e4ltlich. Sie k\u00f6nnen mit gewellten oder gebogenen Seiten und mit Draht oder Flachstreifen am Rand hergestellt werden. F\u00fcr industrielle Anwendungen mit hoher Kapazit\u00e4t kann der Blechrahmen mit einem Interlock-Rippendesign hergestellt werden, wodurch die Bleche gestapelt werden k\u00f6nnen, und das Backblech wird gesch\u00fctzt, um die Lebensdauer des Blechs zu verl\u00e4ngern.<\/p>\n","protected":false},"featured_media":41535,"comment_status":"closed","ping_status":"closed","template":"","meta":{"_acf_changed":false},"product_brand":[],"product_cat":[1346,1341],"product_tag":[],"class_list":{"0":"post-37524","1":"product","2":"type-product","3":"status-publish","4":"has-post-thumbnail","6":"product_cat-baguettebleche","7":"product_cat-personalisierte-backformen-und-bleche","9":"first","10":"instock","11":"taxable","12":"shipping-taxable","13":"product-type-simple"},"acf":[],"yoast_head":"<!-- This site is optimized with the Yoast SEO Premium plugin v27.4 (Yoast SEO v27.4) - https:\/\/yoast.com\/product\/yoast-seo-premium-wordpress\/ -->\n<title>BLECHE F\u00dcR STICKEN\u00d6FEN - American Pan &#8902; American Pan Europe<\/title>\n<meta name=\"description\" content=\"Perforierte Backbleche sind in jeder Gr\u00f6\u00dfe oder jedem Lochungsmuster erh\u00e4ltlich. Sie k\u00f6nnen mit gewellten oder gebogenen Seiten und mit Draht oder Flachstreifen am Rand hergestellt werden.\" \/>\n<meta name=\"robots\" content=\"index, follow, max-snippet:-1, max-image-preview:large, max-video-preview:-1\" \/>\n<link rel=\"canonical\" href=\"https:\/\/www.americanpan.com\/europe\/de\/product\/bleche-fur-stickenofen\/\" \/>\n<meta property=\"og:locale\" content=\"de_DE\" \/>\n<meta property=\"og:type\" content=\"article\" \/>\n<meta property=\"og:title\" content=\"BLECHE F\u00dcR STICKEN\u00d6FEN &#8902; American Pan Europe\" \/>\n<meta property=\"og:description\" content=\"&#8902;\" \/>\n<meta property=\"og:url\" content=\"https:\/\/www.americanpan.com\/europe\/de\/product\/bleche-fur-stickenofen\/\" \/>\n<meta property=\"og:site_name\" content=\"American Pan Europe\" \/>\n<meta property=\"article:modified_time\" content=\"2023-04-17T01:24:36+00:00\" \/>\n<meta property=\"og:image\" content=\"https:\/\/stg-bundybakingsolutions.com\/wp-content\/uploads\/2018\/09\/BTY544.png\" \/>\n<meta name=\"twitter:card\" content=\"summary_large_image\" \/>\n<meta name=\"twitter:description\" content=\"Perforierte Backbleche sind in jeder Gr\u00f6\u00dfe oder jedem Lochungsmuster erh\u00e4ltlich. Sie k\u00f6nnen mit gewellten oder gebogenen Seiten und mit Draht oder Flachstreifen am Rand hergestellt werden. F\u00fcr industrielle Anwendungen mit hoher Kapazit\u00e4t kann der Blechrahmen mit einem Interlock-Rippendesign hergestellt werden, wodurch die Bleche gestapelt werden k\u00f6nnen, und das Backblech wird gesch\u00fctzt, um die Lebensdauer des Blechs zu verl\u00e4ngern.\" \/>\n<meta name=\"twitter:label1\" content=\"Preis\" \/>\n\t<meta name=\"twitter:data1\" content=\"\" \/>\n\t<meta name=\"twitter:label2\" content=\"Verf\u00fcgbarkeit\" \/>\n\t<meta name=\"twitter:data2\" content=\"Auf Lager\" \/>\n<script type=\"application\/ld+json\" class=\"yoast-schema-graph\">{\"@context\":\"https:\\\/\\\/schema.org\",\"@graph\":[{\"@type\":\"WebPage\",\"@id\":\"https:\\\/\\\/www.americanpan.com\\\/europe\\\/de\\\/product\\\/bleche-fur-stickenofen\\\/\",\"url\":\"https:\\\/\\\/www.americanpan.com\\\/europe\\\/de\\\/product\\\/bleche-fur-stickenofen\\\/\",\"name\":\"BLECHE F\u00dcR STICKEN\u00d6FEN - American Pan &#8902; American Pan Europe\",\"isPartOf\":{\"@id\":\"https:\\\/\\\/www.americanpan.com\\\/europe\\\/de\\\/#website\"},\"primaryImageOfPage\":{\"@id\":\"https:\\\/\\\/www.americanpan.com\\\/europe\\\/de\\\/product\\\/bleche-fur-stickenofen\\\/#primaryimage\"},\"image\":{\"@id\":\"https:\\\/\\\/www.americanpan.com\\\/europe\\\/de\\\/product\\\/bleche-fur-stickenofen\\\/#primaryimage\"},\"thumbnailUrl\":\"https:\\\/\\\/www.americanpan.com\\\/europe\\\/wp-content\\\/uploads\\\/sites\\\/18\\\/2018\\\/09\\\/AP_Screen_Baguette_5_Across.jpg\",\"datePublished\":\"2018-09-13T23:29:41+00:00\",\"dateModified\":\"2023-04-17T01:24:36+00:00\",\"description\":\"Perforierte Backbleche sind in jeder Gr\u00f6\u00dfe oder jedem Lochungsmuster erh\u00e4ltlich. Sie k\u00f6nnen mit gewellten oder gebogenen Seiten und mit Draht oder Flachstreifen am Rand hergestellt werden.\",\"breadcrumb\":{\"@id\":\"https:\\\/\\\/www.americanpan.com\\\/europe\\\/de\\\/product\\\/bleche-fur-stickenofen\\\/#breadcrumb\"},\"inLanguage\":\"de\",\"potentialAction\":[{\"@type\":\"ReadAction\",\"target\":[\"https:\\\/\\\/www.americanpan.com\\\/europe\\\/de\\\/product\\\/bleche-fur-stickenofen\\\/\"]}]},{\"@type\":\"ImageObject\",\"inLanguage\":\"de\",\"@id\":\"https:\\\/\\\/www.americanpan.com\\\/europe\\\/de\\\/product\\\/bleche-fur-stickenofen\\\/#primaryimage\",\"url\":\"https:\\\/\\\/www.americanpan.com\\\/europe\\\/wp-content\\\/uploads\\\/sites\\\/18\\\/2018\\\/09\\\/AP_Screen_Baguette_5_Across.jpg\",\"contentUrl\":\"https:\\\/\\\/www.americanpan.com\\\/europe\\\/wp-content\\\/uploads\\\/sites\\\/18\\\/2018\\\/09\\\/AP_Screen_Baguette_5_Across.jpg\",\"width\":1300,\"height\":975,\"caption\":\"E PAN-A 016\"},{\"@type\":\"BreadcrumbList\",\"@id\":\"https:\\\/\\\/www.americanpan.com\\\/europe\\\/de\\\/product\\\/bleche-fur-stickenofen\\\/#breadcrumb\",\"itemListElement\":[{\"@type\":\"ListItem\",\"position\":1,\"name\":\"Home\",\"item\":\"https:\\\/\\\/www.americanpan.com\\\/europe\\\/de\\\/\"},{\"@type\":\"ListItem\",\"position\":2,\"name\":\"Produkte\",\"item\":\"https:\\\/\\\/www.americanpan.com\\\/europe\\\/de\\\/shop\\\/\"},{\"@type\":\"ListItem\",\"position\":3,\"name\":\"BLECHE F\u00dcR STICKEN\u00d6FEN\"}]},{\"@type\":\"WebSite\",\"@id\":\"https:\\\/\\\/www.americanpan.com\\\/europe\\\/de\\\/#website\",\"url\":\"https:\\\/\\\/www.americanpan.com\\\/europe\\\/de\\\/\",\"name\":\"American Pan Europe\",\"description\":\"Industrielle Backformen\",\"publisher\":{\"@id\":\"https:\\\/\\\/www.americanpan.com\\\/europe\\\/de\\\/#organization\"},\"potentialAction\":[{\"@type\":\"SearchAction\",\"target\":{\"@type\":\"EntryPoint\",\"urlTemplate\":\"https:\\\/\\\/www.americanpan.com\\\/europe\\\/de\\\/?s={search_term_string}\"},\"query-input\":{\"@type\":\"PropertyValueSpecification\",\"valueRequired\":true,\"valueName\":\"search_term_string\"}}],\"inLanguage\":\"de\"},{\"@type\":\"Organization\",\"@id\":\"https:\\\/\\\/www.americanpan.com\\\/europe\\\/de\\\/#organization\",\"name\":\"American Pan: Industrielle Backformen\",\"url\":\"https:\\\/\\\/www.americanpan.com\\\/europe\\\/de\\\/\",\"logo\":{\"@type\":\"ImageObject\",\"inLanguage\":\"de\",\"@id\":\"https:\\\/\\\/www.americanpan.com\\\/europe\\\/de\\\/#\\\/schema\\\/logo\\\/image\\\/\",\"url\":\"https:\\\/\\\/www.americanpan.com\\\/europe\\\/wp-content\\\/uploads\\\/sites\\\/18\\\/2022\\\/03\\\/logo-europe.png\",\"contentUrl\":\"https:\\\/\\\/www.americanpan.com\\\/europe\\\/wp-content\\\/uploads\\\/sites\\\/18\\\/2022\\\/03\\\/logo-europe.png\",\"width\":458,\"height\":172,\"caption\":\"American Pan: Industrielle Backformen\"},\"image\":{\"@id\":\"https:\\\/\\\/www.americanpan.com\\\/europe\\\/de\\\/#\\\/schema\\\/logo\\\/image\\\/\"}}]}<\/script>\n<meta property=\"product:price:currency\" content=\"EUR\" \/>\n<meta property=\"og:availability\" content=\"instock\" \/>\n<meta property=\"product:availability\" content=\"instock\" \/>\n<meta property=\"product:retailer_item_id\" content=\"Rack Oven Trays\" \/>\n<meta property=\"product:condition\" content=\"new\" \/>\n<!-- \/ Yoast SEO Premium plugin. -->","yoast_head_json":{"title":"BLECHE F\u00dcR STICKEN\u00d6FEN - American Pan &#8902; American Pan Europe","description":"Perforierte Backbleche sind in jeder Gr\u00f6\u00dfe oder jedem Lochungsmuster erh\u00e4ltlich. Sie k\u00f6nnen mit gewellten oder gebogenen Seiten und mit Draht oder Flachstreifen am Rand hergestellt werden.","robots":{"index":"index","follow":"follow","max-snippet":"max-snippet:-1","max-image-preview":"max-image-preview:large","max-video-preview":"max-video-preview:-1"},"canonical":"https:\/\/www.americanpan.com\/europe\/de\/product\/bleche-fur-stickenofen\/","og_locale":"de_DE","og_type":"article","og_title":"BLECHE F\u00dcR STICKEN\u00d6FEN &#8902; American Pan Europe","og_description":"&#8902;","og_url":"https:\/\/www.americanpan.com\/europe\/de\/product\/bleche-fur-stickenofen\/","og_site_name":"American Pan Europe","article_modified_time":"2023-04-17T01:24:36+00:00","og_image":[{"url":"https:\/\/stg-bundybakingsolutions.com\/wp-content\/uploads\/2018\/09\/BTY544.png","type":"","width":"","height":""}],"twitter_card":"summary_large_image","twitter_description":"Perforierte Backbleche sind in jeder Gr\u00f6\u00dfe oder jedem Lochungsmuster erh\u00e4ltlich. Sie k\u00f6nnen mit gewellten oder gebogenen Seiten und mit Draht oder Flachstreifen am Rand hergestellt werden. F\u00fcr industrielle Anwendungen mit hoher Kapazit\u00e4t kann der Blechrahmen mit einem Interlock-Rippendesign hergestellt werden, wodurch die Bleche gestapelt werden k\u00f6nnen, und das Backblech wird gesch\u00fctzt, um die Lebensdauer des Blechs zu verl\u00e4ngern.","twitter_misc":{"Preis":"","Verf\u00fcgbarkeit":"Auf Lager"},"schema":{"@context":"https:\/\/schema.org","@graph":[{"@type":"WebPage","@id":"https:\/\/www.americanpan.com\/europe\/de\/product\/bleche-fur-stickenofen\/","url":"https:\/\/www.americanpan.com\/europe\/de\/product\/bleche-fur-stickenofen\/","name":"BLECHE F\u00dcR STICKEN\u00d6FEN - American Pan &#8902; American Pan Europe","isPartOf":{"@id":"https:\/\/www.americanpan.com\/europe\/de\/#website"},"primaryImageOfPage":{"@id":"https:\/\/www.americanpan.com\/europe\/de\/product\/bleche-fur-stickenofen\/#primaryimage"},"image":{"@id":"https:\/\/www.americanpan.com\/europe\/de\/product\/bleche-fur-stickenofen\/#primaryimage"},"thumbnailUrl":"https:\/\/www.americanpan.com\/europe\/wp-content\/uploads\/sites\/18\/2018\/09\/AP_Screen_Baguette_5_Across.jpg","datePublished":"2018-09-13T23:29:41+00:00","dateModified":"2023-04-17T01:24:36+00:00","description":"Perforierte Backbleche sind in jeder Gr\u00f6\u00dfe oder jedem Lochungsmuster erh\u00e4ltlich. Sie k\u00f6nnen mit gewellten oder gebogenen Seiten und mit Draht oder Flachstreifen am Rand hergestellt werden.","breadcrumb":{"@id":"https:\/\/www.americanpan.com\/europe\/de\/product\/bleche-fur-stickenofen\/#breadcrumb"},"inLanguage":"de","potentialAction":[{"@type":"ReadAction","target":["https:\/\/www.americanpan.com\/europe\/de\/product\/bleche-fur-stickenofen\/"]}]},{"@type":"ImageObject","inLanguage":"de","@id":"https:\/\/www.americanpan.com\/europe\/de\/product\/bleche-fur-stickenofen\/#primaryimage","url":"https:\/\/www.americanpan.com\/europe\/wp-content\/uploads\/sites\/18\/2018\/09\/AP_Screen_Baguette_5_Across.jpg","contentUrl":"https:\/\/www.americanpan.com\/europe\/wp-content\/uploads\/sites\/18\/2018\/09\/AP_Screen_Baguette_5_Across.jpg","width":1300,"height":975,"caption":"E PAN-A 016"},{"@type":"BreadcrumbList","@id":"https:\/\/www.americanpan.com\/europe\/de\/product\/bleche-fur-stickenofen\/#breadcrumb","itemListElement":[{"@type":"ListItem","position":1,"name":"Home","item":"https:\/\/www.americanpan.com\/europe\/de\/"},{"@type":"ListItem","position":2,"name":"Produkte","item":"https:\/\/www.americanpan.com\/europe\/de\/shop\/"},{"@type":"ListItem","position":3,"name":"BLECHE F\u00dcR STICKEN\u00d6FEN"}]},{"@type":"WebSite","@id":"https:\/\/www.americanpan.com\/europe\/de\/#website","url":"https:\/\/www.americanpan.com\/europe\/de\/","name":"American Pan Europe","description":"Industrielle Backformen","publisher":{"@id":"https:\/\/www.americanpan.com\/europe\/de\/#organization"},"potentialAction":[{"@type":"SearchAction","target":{"@type":"EntryPoint","urlTemplate":"https:\/\/www.americanpan.com\/europe\/de\/?s={search_term_string}"},"query-input":{"@type":"PropertyValueSpecification","valueRequired":true,"valueName":"search_term_string"}}],"inLanguage":"de"},{"@type":"Organization","@id":"https:\/\/www.americanpan.com\/europe\/de\/#organization","name":"American Pan: Industrielle Backformen","url":"https:\/\/www.americanpan.com\/europe\/de\/","logo":{"@type":"ImageObject","inLanguage":"de","@id":"https:\/\/www.americanpan.com\/europe\/de\/#\/schema\/logo\/image\/","url":"https:\/\/www.americanpan.com\/europe\/wp-content\/uploads\/sites\/18\/2022\/03\/logo-europe.png","contentUrl":"https:\/\/www.americanpan.com\/europe\/wp-content\/uploads\/sites\/18\/2022\/03\/logo-europe.png","width":458,"height":172,"caption":"American Pan: Industrielle Backformen"},"image":{"@id":"https:\/\/www.americanpan.com\/europe\/de\/#\/schema\/logo\/image\/"}}]},"product_price_currency":"EUR","og_availability":"instock","product_availability":"instock","product_retailer_item_id":"Rack Oven Trays","product_condition":"new"},"_links":{"self":[{"href":"https:\/\/www.americanpan.com\/europe\/de\/wp-json\/wp\/v2\/product\/37524","targetHints":{"allow":["GET"]}}],"collection":[{"href":"https:\/\/www.americanpan.com\/europe\/de\/wp-json\/wp\/v2\/product"}],"about":[{"href":"https:\/\/www.americanpan.com\/europe\/de\/wp-json\/wp\/v2\/types\/product"}],"replies":[{"embeddable":true,"href":"https:\/\/www.americanpan.com\/europe\/de\/wp-json\/wp\/v2\/comments?post=37524"}],"wp:featuredmedia":[{"embeddable":true,"href":"https:\/\/www.americanpan.com\/europe\/de\/wp-json\/wp\/v2\/media\/41535"}],"wp:attachment":[{"href":"https:\/\/www.americanpan.com\/europe\/de\/wp-json\/wp\/v2\/media?parent=37524"}],"wp:term":[{"taxonomy":"product_brand","embeddable":true,"href":"https:\/\/www.americanpan.com\/europe\/de\/wp-json\/wp\/v2\/product_brand?post=37524"},{"taxonomy":"product_cat","embeddable":true,"href":"https:\/\/www.americanpan.com\/europe\/de\/wp-json\/wp\/v2\/product_cat?post=37524"},{"taxonomy":"product_tag","embeddable":true,"href":"https:\/\/www.americanpan.com\/europe\/de\/wp-json\/wp\/v2\/product_tag?post=37524"}],"curies":[{"name":"wp","href":"https:\/\/api.w.org\/{rel}","templated":true}]}}