{"id":37484,"date":"2018-09-14T00:29:41","date_gmt":"2018-09-13T23:29:41","guid":{"rendered":"https:\/\/www.americanpan.com\/europe\/product\/brotkaesten-und-deckel-pullman\/"},"modified":"2023-04-17T02:24:34","modified_gmt":"2023-04-17T01:24:34","slug":"pullman-brotkasten-und-deckel","status":"publish","type":"product","link":"https:\/\/www.americanpan.com\/europe\/de\/product\/pullman-brotkasten-und-deckel\/","title":{"rendered":"PULLMAN BROTK\u00c4STEN UND -DECKEL"},"content":{"rendered":"","protected":false},"excerpt":{"rendered":"<p>Erh\u00e4ltlich als Einzelblech oder als Satz von Blechen in jeder Konfiguration und Ausf\u00fchrung. Brotkasten entwickelt durch Tiefziehen oder Biegen, gewellt, perforiert oder mit praktisch jedem Zubeh\u00f6r, das Sie f\u00fcr die B\u00e4ckerei ben\u00f6tigen. Runde\/gewellte S\u00e4tze oder jedes andere Sondermodell.<\/p>\n","protected":false},"featured_media":31533,"comment_status":"closed","ping_status":"closed","template":"","meta":{"_acf_changed":false},"product_brand":[],"product_cat":[1351,1341],"product_tag":[],"class_list":{"0":"post-37484","1":"product","2":"type-product","3":"status-publish","4":"has-post-thumbnail","6":"product_cat-brotkasten","7":"product_cat-personalisierte-backformen-und-bleche","9":"first","10":"instock","11":"taxable","12":"shipping-taxable","13":"product-type-simple"},"acf":[],"yoast_head":"<!-- This site is optimized with the Yoast SEO Premium plugin v27.4 (Yoast SEO v27.4) - https:\/\/yoast.com\/product\/yoast-seo-premium-wordpress\/ -->\n<title>PULLMAN BROTK\u00c4STEN UND -DECKEL - American Pan &#8902; American Pan Europe<\/title>\n<meta name=\"description\" content=\"Brotkasten entwickelt durch Tiefziehen oder Biegen, gewellt, perforiert oder mit praktisch jedem Zubeh\u00f6r, das Sie f\u00fcr die B\u00e4ckerei ben\u00f6tigen. Runde\/gewellte S\u00e4tze oder jedes andere Sondermodell.\" \/>\n<meta name=\"robots\" content=\"index, follow, max-snippet:-1, max-image-preview:large, max-video-preview:-1\" \/>\n<link rel=\"canonical\" href=\"https:\/\/www.americanpan.com\/europe\/de\/product\/pullman-brotkasten-und-deckel\/\" \/>\n<meta property=\"og:locale\" content=\"de_DE\" \/>\n<meta property=\"og:type\" content=\"article\" \/>\n<meta property=\"og:title\" content=\"PULLMAN BROTK\u00c4STEN UND -DECKEL &#8902; American Pan Europe\" \/>\n<meta property=\"og:description\" content=\"&#8902;\" \/>\n<meta property=\"og:url\" content=\"https:\/\/www.americanpan.com\/europe\/de\/product\/pullman-brotkasten-und-deckel\/\" \/>\n<meta property=\"og:site_name\" content=\"American Pan Europe\" \/>\n<meta property=\"article:modified_time\" content=\"2023-04-17T01:24:34+00:00\" \/>\n<meta property=\"og:image\" content=\"https:\/\/stg-bundybakingsolutions.com\/wp-content\/uploads\/2018\/09\/AP_Bread_Pullman_3_Strap_with_Lid_1-1.jpg\" \/>\n<meta name=\"twitter:card\" content=\"summary_large_image\" \/>\n<meta name=\"twitter:description\" content=\"Erh\u00e4ltlich als Einzelblech oder als Satz von Blechen in jeder Konfiguration und Ausf\u00fchrung.\" \/>\n<meta name=\"twitter:label1\" content=\"Preis\" \/>\n\t<meta name=\"twitter:data1\" content=\"\" \/>\n\t<meta name=\"twitter:label2\" content=\"Verf\u00fcgbarkeit\" \/>\n\t<meta name=\"twitter:data2\" content=\"Auf Lager\" \/>\n<script type=\"application\/ld+json\" class=\"yoast-schema-graph\">{\"@context\":\"https:\\\/\\\/schema.org\",\"@graph\":[{\"@type\":\"WebPage\",\"@id\":\"https:\\\/\\\/www.americanpan.com\\\/europe\\\/de\\\/product\\\/pullman-brotkasten-und-deckel\\\/\",\"url\":\"https:\\\/\\\/www.americanpan.com\\\/europe\\\/de\\\/product\\\/pullman-brotkasten-und-deckel\\\/\",\"name\":\"PULLMAN BROTK\u00c4STEN UND -DECKEL - American Pan &#8902; American Pan Europe\",\"isPartOf\":{\"@id\":\"https:\\\/\\\/www.americanpan.com\\\/europe\\\/de\\\/#website\"},\"primaryImageOfPage\":{\"@id\":\"https:\\\/\\\/www.americanpan.com\\\/europe\\\/de\\\/product\\\/pullman-brotkasten-und-deckel\\\/#primaryimage\"},\"image\":{\"@id\":\"https:\\\/\\\/www.americanpan.com\\\/europe\\\/de\\\/product\\\/pullman-brotkasten-und-deckel\\\/#primaryimage\"},\"thumbnailUrl\":\"https:\\\/\\\/www.americanpan.com\\\/europe\\\/wp-content\\\/uploads\\\/sites\\\/18\\\/2018\\\/09\\\/AP_Bread_Pullman_3_Strap_with_Lid_1-1.jpg\",\"datePublished\":\"2018-09-13T23:29:41+00:00\",\"dateModified\":\"2023-04-17T01:24:34+00:00\",\"description\":\"Brotkasten entwickelt durch Tiefziehen oder Biegen, gewellt, perforiert oder mit praktisch jedem Zubeh\u00f6r, das Sie f\u00fcr die B\u00e4ckerei ben\u00f6tigen. Runde\\\/gewellte S\u00e4tze oder jedes andere Sondermodell.\",\"breadcrumb\":{\"@id\":\"https:\\\/\\\/www.americanpan.com\\\/europe\\\/de\\\/product\\\/pullman-brotkasten-und-deckel\\\/#breadcrumb\"},\"inLanguage\":\"de\",\"potentialAction\":[{\"@type\":\"ReadAction\",\"target\":[\"https:\\\/\\\/www.americanpan.com\\\/europe\\\/de\\\/product\\\/pullman-brotkasten-und-deckel\\\/\"]}]},{\"@type\":\"ImageObject\",\"inLanguage\":\"de\",\"@id\":\"https:\\\/\\\/www.americanpan.com\\\/europe\\\/de\\\/product\\\/pullman-brotkasten-und-deckel\\\/#primaryimage\",\"url\":\"https:\\\/\\\/www.americanpan.com\\\/europe\\\/wp-content\\\/uploads\\\/sites\\\/18\\\/2018\\\/09\\\/AP_Bread_Pullman_3_Strap_with_Lid_1-1.jpg\",\"contentUrl\":\"https:\\\/\\\/www.americanpan.com\\\/europe\\\/wp-content\\\/uploads\\\/sites\\\/18\\\/2018\\\/09\\\/AP_Bread_Pullman_3_Strap_with_Lid_1-1.jpg\",\"width\":1440,\"height\":1080,\"caption\":\"3-in-Line Pullman Brotform mit Deckel - AMERICOAT\u00ae\"},{\"@type\":\"BreadcrumbList\",\"@id\":\"https:\\\/\\\/www.americanpan.com\\\/europe\\\/de\\\/product\\\/pullman-brotkasten-und-deckel\\\/#breadcrumb\",\"itemListElement\":[{\"@type\":\"ListItem\",\"position\":1,\"name\":\"Home\",\"item\":\"https:\\\/\\\/www.americanpan.com\\\/europe\\\/de\\\/\"},{\"@type\":\"ListItem\",\"position\":2,\"name\":\"Produkte\",\"item\":\"https:\\\/\\\/www.americanpan.com\\\/europe\\\/de\\\/shop\\\/\"},{\"@type\":\"ListItem\",\"position\":3,\"name\":\"PULLMAN BROTK\u00c4STEN UND -DECKEL\"}]},{\"@type\":\"WebSite\",\"@id\":\"https:\\\/\\\/www.americanpan.com\\\/europe\\\/de\\\/#website\",\"url\":\"https:\\\/\\\/www.americanpan.com\\\/europe\\\/de\\\/\",\"name\":\"American Pan Europe\",\"description\":\"Industrielle Backformen\",\"publisher\":{\"@id\":\"https:\\\/\\\/www.americanpan.com\\\/europe\\\/de\\\/#organization\"},\"potentialAction\":[{\"@type\":\"SearchAction\",\"target\":{\"@type\":\"EntryPoint\",\"urlTemplate\":\"https:\\\/\\\/www.americanpan.com\\\/europe\\\/de\\\/?s={search_term_string}\"},\"query-input\":{\"@type\":\"PropertyValueSpecification\",\"valueRequired\":true,\"valueName\":\"search_term_string\"}}],\"inLanguage\":\"de\"},{\"@type\":\"Organization\",\"@id\":\"https:\\\/\\\/www.americanpan.com\\\/europe\\\/de\\\/#organization\",\"name\":\"American Pan: Industrielle Backformen\",\"url\":\"https:\\\/\\\/www.americanpan.com\\\/europe\\\/de\\\/\",\"logo\":{\"@type\":\"ImageObject\",\"inLanguage\":\"de\",\"@id\":\"https:\\\/\\\/www.americanpan.com\\\/europe\\\/de\\\/#\\\/schema\\\/logo\\\/image\\\/\",\"url\":\"https:\\\/\\\/www.americanpan.com\\\/europe\\\/wp-content\\\/uploads\\\/sites\\\/18\\\/2022\\\/03\\\/logo-europe.png\",\"contentUrl\":\"https:\\\/\\\/www.americanpan.com\\\/europe\\\/wp-content\\\/uploads\\\/sites\\\/18\\\/2022\\\/03\\\/logo-europe.png\",\"width\":458,\"height\":172,\"caption\":\"American Pan: Industrielle Backformen\"},\"image\":{\"@id\":\"https:\\\/\\\/www.americanpan.com\\\/europe\\\/de\\\/#\\\/schema\\\/logo\\\/image\\\/\"}}]}<\/script>\n<meta property=\"product:price:currency\" content=\"EUR\" \/>\n<meta property=\"og:availability\" content=\"instock\" \/>\n<meta property=\"product:availability\" content=\"instock\" \/>\n<meta property=\"product:retailer_item_id\" content=\"Pullman Pans &amp; Covers\" \/>\n<meta property=\"product:condition\" content=\"new\" \/>\n<!-- \/ Yoast SEO Premium plugin. -->","yoast_head_json":{"title":"PULLMAN BROTK\u00c4STEN UND -DECKEL - American Pan &#8902; American Pan Europe","description":"Brotkasten entwickelt durch Tiefziehen oder Biegen, gewellt, perforiert oder mit praktisch jedem Zubeh\u00f6r, das Sie f\u00fcr die B\u00e4ckerei ben\u00f6tigen. Runde\/gewellte S\u00e4tze oder jedes andere Sondermodell.","robots":{"index":"index","follow":"follow","max-snippet":"max-snippet:-1","max-image-preview":"max-image-preview:large","max-video-preview":"max-video-preview:-1"},"canonical":"https:\/\/www.americanpan.com\/europe\/de\/product\/pullman-brotkasten-und-deckel\/","og_locale":"de_DE","og_type":"article","og_title":"PULLMAN BROTK\u00c4STEN UND -DECKEL &#8902; American Pan Europe","og_description":"&#8902;","og_url":"https:\/\/www.americanpan.com\/europe\/de\/product\/pullman-brotkasten-und-deckel\/","og_site_name":"American Pan Europe","article_modified_time":"2023-04-17T01:24:34+00:00","og_image":[{"url":"https:\/\/stg-bundybakingsolutions.com\/wp-content\/uploads\/2018\/09\/AP_Bread_Pullman_3_Strap_with_Lid_1-1.jpg","type":"","width":"","height":""}],"twitter_card":"summary_large_image","twitter_description":"Erh\u00e4ltlich als Einzelblech oder als Satz von Blechen in jeder Konfiguration und Ausf\u00fchrung.","twitter_misc":{"Preis":"","Verf\u00fcgbarkeit":"Auf Lager"},"schema":{"@context":"https:\/\/schema.org","@graph":[{"@type":"WebPage","@id":"https:\/\/www.americanpan.com\/europe\/de\/product\/pullman-brotkasten-und-deckel\/","url":"https:\/\/www.americanpan.com\/europe\/de\/product\/pullman-brotkasten-und-deckel\/","name":"PULLMAN BROTK\u00c4STEN UND -DECKEL - American Pan &#8902; American Pan Europe","isPartOf":{"@id":"https:\/\/www.americanpan.com\/europe\/de\/#website"},"primaryImageOfPage":{"@id":"https:\/\/www.americanpan.com\/europe\/de\/product\/pullman-brotkasten-und-deckel\/#primaryimage"},"image":{"@id":"https:\/\/www.americanpan.com\/europe\/de\/product\/pullman-brotkasten-und-deckel\/#primaryimage"},"thumbnailUrl":"https:\/\/www.americanpan.com\/europe\/wp-content\/uploads\/sites\/18\/2018\/09\/AP_Bread_Pullman_3_Strap_with_Lid_1-1.jpg","datePublished":"2018-09-13T23:29:41+00:00","dateModified":"2023-04-17T01:24:34+00:00","description":"Brotkasten entwickelt durch Tiefziehen oder Biegen, gewellt, perforiert oder mit praktisch jedem Zubeh\u00f6r, das Sie f\u00fcr die B\u00e4ckerei ben\u00f6tigen. Runde\/gewellte S\u00e4tze oder jedes andere Sondermodell.","breadcrumb":{"@id":"https:\/\/www.americanpan.com\/europe\/de\/product\/pullman-brotkasten-und-deckel\/#breadcrumb"},"inLanguage":"de","potentialAction":[{"@type":"ReadAction","target":["https:\/\/www.americanpan.com\/europe\/de\/product\/pullman-brotkasten-und-deckel\/"]}]},{"@type":"ImageObject","inLanguage":"de","@id":"https:\/\/www.americanpan.com\/europe\/de\/product\/pullman-brotkasten-und-deckel\/#primaryimage","url":"https:\/\/www.americanpan.com\/europe\/wp-content\/uploads\/sites\/18\/2018\/09\/AP_Bread_Pullman_3_Strap_with_Lid_1-1.jpg","contentUrl":"https:\/\/www.americanpan.com\/europe\/wp-content\/uploads\/sites\/18\/2018\/09\/AP_Bread_Pullman_3_Strap_with_Lid_1-1.jpg","width":1440,"height":1080,"caption":"3-in-Line Pullman Brotform mit Deckel - AMERICOAT\u00ae"},{"@type":"BreadcrumbList","@id":"https:\/\/www.americanpan.com\/europe\/de\/product\/pullman-brotkasten-und-deckel\/#breadcrumb","itemListElement":[{"@type":"ListItem","position":1,"name":"Home","item":"https:\/\/www.americanpan.com\/europe\/de\/"},{"@type":"ListItem","position":2,"name":"Produkte","item":"https:\/\/www.americanpan.com\/europe\/de\/shop\/"},{"@type":"ListItem","position":3,"name":"PULLMAN BROTK\u00c4STEN UND -DECKEL"}]},{"@type":"WebSite","@id":"https:\/\/www.americanpan.com\/europe\/de\/#website","url":"https:\/\/www.americanpan.com\/europe\/de\/","name":"American Pan Europe","description":"Industrielle Backformen","publisher":{"@id":"https:\/\/www.americanpan.com\/europe\/de\/#organization"},"potentialAction":[{"@type":"SearchAction","target":{"@type":"EntryPoint","urlTemplate":"https:\/\/www.americanpan.com\/europe\/de\/?s={search_term_string}"},"query-input":{"@type":"PropertyValueSpecification","valueRequired":true,"valueName":"search_term_string"}}],"inLanguage":"de"},{"@type":"Organization","@id":"https:\/\/www.americanpan.com\/europe\/de\/#organization","name":"American Pan: Industrielle Backformen","url":"https:\/\/www.americanpan.com\/europe\/de\/","logo":{"@type":"ImageObject","inLanguage":"de","@id":"https:\/\/www.americanpan.com\/europe\/de\/#\/schema\/logo\/image\/","url":"https:\/\/www.americanpan.com\/europe\/wp-content\/uploads\/sites\/18\/2022\/03\/logo-europe.png","contentUrl":"https:\/\/www.americanpan.com\/europe\/wp-content\/uploads\/sites\/18\/2022\/03\/logo-europe.png","width":458,"height":172,"caption":"American Pan: Industrielle Backformen"},"image":{"@id":"https:\/\/www.americanpan.com\/europe\/de\/#\/schema\/logo\/image\/"}}]},"product_price_currency":"EUR","og_availability":"instock","product_availability":"instock","product_retailer_item_id":"Pullman Pans &amp; Covers","product_condition":"new"},"_links":{"self":[{"href":"https:\/\/www.americanpan.com\/europe\/de\/wp-json\/wp\/v2\/product\/37484","targetHints":{"allow":["GET"]}}],"collection":[{"href":"https:\/\/www.americanpan.com\/europe\/de\/wp-json\/wp\/v2\/product"}],"about":[{"href":"https:\/\/www.americanpan.com\/europe\/de\/wp-json\/wp\/v2\/types\/product"}],"replies":[{"embeddable":true,"href":"https:\/\/www.americanpan.com\/europe\/de\/wp-json\/wp\/v2\/comments?post=37484"}],"wp:featuredmedia":[{"embeddable":true,"href":"https:\/\/www.americanpan.com\/europe\/de\/wp-json\/wp\/v2\/media\/31533"}],"wp:attachment":[{"href":"https:\/\/www.americanpan.com\/europe\/de\/wp-json\/wp\/v2\/media?parent=37484"}],"wp:term":[{"taxonomy":"product_brand","embeddable":true,"href":"https:\/\/www.americanpan.com\/europe\/de\/wp-json\/wp\/v2\/product_brand?post=37484"},{"taxonomy":"product_cat","embeddable":true,"href":"https:\/\/www.americanpan.com\/europe\/de\/wp-json\/wp\/v2\/product_cat?post=37484"},{"taxonomy":"product_tag","embeddable":true,"href":"https:\/\/www.americanpan.com\/europe\/de\/wp-json\/wp\/v2\/product_tag?post=37484"}],"curies":[{"name":"wp","href":"https:\/\/api.w.org\/{rel}","templated":true}]}}