{"id":37306,"date":"2018-09-14T00:29:41","date_gmt":"2018-09-13T23:29:41","guid":{"rendered":"https:\/\/www.americanpan.com\/europe\/product\/blech-fuer-hotdog-broetchen-und-kleinbroete\/"},"modified":"2024-04-23T17:02:23","modified_gmt":"2024-04-23T16:02:23","slug":"kundenspezifische-hot-dog-sub-und-hoagie-broetchen-backbleche","status":"publish","type":"product","link":"https:\/\/www.americanpan.com\/europe\/de\/product\/kundenspezifische-hot-dog-sub-und-hoagie-broetchen-backbleche\/","title":{"rendered":"Kundenspezifische Hot Dog-, Sub- und Hoagie-Br\u00f6tchen-Backbleche"},"content":{"rendered":"","protected":false},"excerpt":{"rendered":"<p>Hot-Dog-, Sub- und Hoagie-Bun-Backbleche von American Pan sind vollst\u00e4ndig ma\u00dfgeschneidert und mit den Merkmalen ausgestattet, die den Anforderungen Ihrer B\u00e4ckerei entsprechen &#8211; von der Anordnung \u00fcber die Gr\u00f6\u00dfe der Form bis hin zur Gesamtgr\u00f6\u00dfe, der Art der Beschichtung bis zu speziellen Merkmalen und mehr! Dar\u00fcber hinaus bieten wir Br\u00f6tchenbackbleche in verschiedenen Band- und Rahmenausf\u00fchrungen an, einschlie\u00dflich unserer propriet\u00e4ren ePAN\u00ae- und TabLock-Varianten. Unsere Backbleche werden aus hochwertigen Materialien hergestellt, und die kundenspezifischen Merkmale erm\u00f6glichen eine nahtlose Integration in Ihre bestehenden B\u00e4ckereilinien.<\/p>\n","protected":false},"featured_media":30765,"comment_status":"closed","ping_status":"closed","template":"","meta":{"_acf_changed":false},"product_brand":[],"product_cat":[1356,1341],"product_tag":[],"class_list":{"0":"post-37306","1":"product","2":"type-product","3":"status-publish","4":"has-post-thumbnail","6":"product_cat-kastenformen-und-formbleche","7":"product_cat-personalisierte-backformen-und-bleche","9":"first","10":"instock","11":"taxable","12":"shipping-taxable","13":"product-type-simple"},"acf":[],"yoast_head":"<!-- This site is optimized with the Yoast SEO Premium plugin v27.4 (Yoast SEO v27.4) - https:\/\/yoast.com\/product\/yoast-seo-premium-wordpress\/ -->\n<title>Kundenspezifische Hot Dog-, Sub- und Hoagie-Br\u00f6tchen-Backbleche &#8902; American Pan Europe<\/title>\n<meta name=\"description\" content=\"Hot-Dog-, Sub- und Hoagie-Bun-Backbleche von American Pan sind vollst\u00e4ndig ma\u00dfgeschneidert und mit den Merkmalen ausgestattet, die den Anforderungen Ihrer B\u00e4ckerei entsprechen - von der Anordnung \u00fcber die Gr\u00f6\u00dfe der Form bis hin zur Gesamtgr\u00f6\u00dfe, der Art der Beschichtung bis zu speziellen Merkmalen und mehr!\" \/>\n<meta name=\"robots\" content=\"index, follow, max-snippet:-1, max-image-preview:large, max-video-preview:-1\" \/>\n<link rel=\"canonical\" href=\"https:\/\/www.americanpan.com\/europe\/de\/product\/kundenspezifische-hot-dog-sub-und-hoagie-broetchen-backbleche\/\" \/>\n<meta property=\"og:locale\" content=\"de_DE\" \/>\n<meta property=\"og:type\" content=\"article\" \/>\n<meta property=\"og:title\" content=\"Kundenspezifische Hot Dog-, Sub- und Hoagie-Br\u00f6tchen-Backbleche &#8902; American Pan Europe\" \/>\n<meta property=\"og:description\" content=\"Der Stil der Bleche mit Vertiefung hebt die Br\u00f6tchenformen vom Blech ab, um das Backen zu verbessern, und erm\u00f6glicht einen hervorragenden W\u00e4rmefluss um den Umfang der Br\u00f6tchen.\" \/>\n<meta property=\"og:url\" content=\"https:\/\/www.americanpan.com\/europe\/de\/product\/kundenspezifische-hot-dog-sub-und-hoagie-broetchen-backbleche\/\" \/>\n<meta property=\"og:site_name\" content=\"American Pan Europe\" \/>\n<meta property=\"article:modified_time\" content=\"2024-04-23T16:02:23+00:00\" \/>\n<meta property=\"og:image\" content=\"https:\/\/stg-bundybakingsolutions.com\/wp-content\/uploads\/2018\/09\/AP_Bun_Sub_Tray_7x3_DS-1.jpg\" \/>\n<meta name=\"twitter:card\" content=\"summary_large_image\" \/>\n<meta name=\"twitter:description\" content=\"Der Stil der Bleche mit Vertiefung hebt die Br\u00f6tchenformen vom Blech ab, um das Backen zu verbessern, und erm\u00f6glicht einen hervorragenden W\u00e4rmefluss um den Umfang der Br\u00f6tchen.\" \/>\n<meta name=\"twitter:label1\" content=\"Preis\" \/>\n\t<meta name=\"twitter:data1\" content=\"\" \/>\n\t<meta name=\"twitter:label2\" content=\"Verf\u00fcgbarkeit\" \/>\n\t<meta name=\"twitter:data2\" content=\"Auf Lager\" \/>\n<script type=\"application\/ld+json\" class=\"yoast-schema-graph\">{\"@context\":\"https:\\\/\\\/schema.org\",\"@graph\":[{\"@type\":\"WebPage\",\"@id\":\"https:\\\/\\\/www.americanpan.com\\\/europe\\\/de\\\/product\\\/kundenspezifische-hot-dog-sub-und-hoagie-broetchen-backbleche\\\/\",\"url\":\"https:\\\/\\\/www.americanpan.com\\\/europe\\\/de\\\/product\\\/kundenspezifische-hot-dog-sub-und-hoagie-broetchen-backbleche\\\/\",\"name\":\"Kundenspezifische Hot Dog-, Sub- und Hoagie-Br\u00f6tchen-Backbleche &#8902; American Pan Europe\",\"isPartOf\":{\"@id\":\"https:\\\/\\\/www.americanpan.com\\\/europe\\\/de\\\/#website\"},\"primaryImageOfPage\":{\"@id\":\"https:\\\/\\\/www.americanpan.com\\\/europe\\\/de\\\/product\\\/kundenspezifische-hot-dog-sub-und-hoagie-broetchen-backbleche\\\/#primaryimage\"},\"image\":{\"@id\":\"https:\\\/\\\/www.americanpan.com\\\/europe\\\/de\\\/product\\\/kundenspezifische-hot-dog-sub-und-hoagie-broetchen-backbleche\\\/#primaryimage\"},\"thumbnailUrl\":\"https:\\\/\\\/www.americanpan.com\\\/europe\\\/wp-content\\\/uploads\\\/sites\\\/18\\\/2018\\\/09\\\/AP_Bun_Sub_Tray_6x3-1.jpg\",\"datePublished\":\"2018-09-13T23:29:41+00:00\",\"dateModified\":\"2024-04-23T16:02:23+00:00\",\"description\":\"Hot-Dog-, Sub- und Hoagie-Bun-Backbleche von American Pan sind vollst\u00e4ndig ma\u00dfgeschneidert und mit den Merkmalen ausgestattet, die den Anforderungen Ihrer B\u00e4ckerei entsprechen - von der Anordnung \u00fcber die Gr\u00f6\u00dfe der Form bis hin zur Gesamtgr\u00f6\u00dfe, der Art der Beschichtung bis zu speziellen Merkmalen und mehr!\",\"breadcrumb\":{\"@id\":\"https:\\\/\\\/www.americanpan.com\\\/europe\\\/de\\\/product\\\/kundenspezifische-hot-dog-sub-und-hoagie-broetchen-backbleche\\\/#breadcrumb\"},\"inLanguage\":\"de\",\"potentialAction\":[{\"@type\":\"ReadAction\",\"target\":[\"https:\\\/\\\/www.americanpan.com\\\/europe\\\/de\\\/product\\\/kundenspezifische-hot-dog-sub-und-hoagie-broetchen-backbleche\\\/\"]}]},{\"@type\":\"ImageObject\",\"inLanguage\":\"de\",\"@id\":\"https:\\\/\\\/www.americanpan.com\\\/europe\\\/de\\\/product\\\/kundenspezifische-hot-dog-sub-und-hoagie-broetchen-backbleche\\\/#primaryimage\",\"url\":\"https:\\\/\\\/www.americanpan.com\\\/europe\\\/wp-content\\\/uploads\\\/sites\\\/18\\\/2018\\\/09\\\/AP_Bun_Sub_Tray_6x3-1.jpg\",\"contentUrl\":\"https:\\\/\\\/www.americanpan.com\\\/europe\\\/wp-content\\\/uploads\\\/sites\\\/18\\\/2018\\\/09\\\/AP_Bun_Sub_Tray_6x3-1.jpg\",\"width\":1440,\"height\":1080,\"caption\":\"Sandwich Bun Tray Konstruktion - AMERICOAT\u00ae\"},{\"@type\":\"BreadcrumbList\",\"@id\":\"https:\\\/\\\/www.americanpan.com\\\/europe\\\/de\\\/product\\\/kundenspezifische-hot-dog-sub-und-hoagie-broetchen-backbleche\\\/#breadcrumb\",\"itemListElement\":[{\"@type\":\"ListItem\",\"position\":1,\"name\":\"Home\",\"item\":\"https:\\\/\\\/www.americanpan.com\\\/europe\\\/de\\\/\"},{\"@type\":\"ListItem\",\"position\":2,\"name\":\"Produkte\",\"item\":\"https:\\\/\\\/www.americanpan.com\\\/europe\\\/de\\\/shop\\\/\"},{\"@type\":\"ListItem\",\"position\":3,\"name\":\"Kundenspezifische Hot Dog-, Sub- und Hoagie-Br\u00f6tchen-Backbleche\"}]},{\"@type\":\"WebSite\",\"@id\":\"https:\\\/\\\/www.americanpan.com\\\/europe\\\/de\\\/#website\",\"url\":\"https:\\\/\\\/www.americanpan.com\\\/europe\\\/de\\\/\",\"name\":\"American Pan Europe\",\"description\":\"Industrielle Backformen\",\"publisher\":{\"@id\":\"https:\\\/\\\/www.americanpan.com\\\/europe\\\/de\\\/#organization\"},\"potentialAction\":[{\"@type\":\"SearchAction\",\"target\":{\"@type\":\"EntryPoint\",\"urlTemplate\":\"https:\\\/\\\/www.americanpan.com\\\/europe\\\/de\\\/?s={search_term_string}\"},\"query-input\":{\"@type\":\"PropertyValueSpecification\",\"valueRequired\":true,\"valueName\":\"search_term_string\"}}],\"inLanguage\":\"de\"},{\"@type\":\"Organization\",\"@id\":\"https:\\\/\\\/www.americanpan.com\\\/europe\\\/de\\\/#organization\",\"name\":\"American Pan: Industrielle Backformen\",\"url\":\"https:\\\/\\\/www.americanpan.com\\\/europe\\\/de\\\/\",\"logo\":{\"@type\":\"ImageObject\",\"inLanguage\":\"de\",\"@id\":\"https:\\\/\\\/www.americanpan.com\\\/europe\\\/de\\\/#\\\/schema\\\/logo\\\/image\\\/\",\"url\":\"https:\\\/\\\/www.americanpan.com\\\/europe\\\/wp-content\\\/uploads\\\/sites\\\/18\\\/2022\\\/03\\\/logo-europe.png\",\"contentUrl\":\"https:\\\/\\\/www.americanpan.com\\\/europe\\\/wp-content\\\/uploads\\\/sites\\\/18\\\/2022\\\/03\\\/logo-europe.png\",\"width\":458,\"height\":172,\"caption\":\"American Pan: Industrielle Backformen\"},\"image\":{\"@id\":\"https:\\\/\\\/www.americanpan.com\\\/europe\\\/de\\\/#\\\/schema\\\/logo\\\/image\\\/\"}}]}<\/script>\n<meta property=\"product:price:currency\" content=\"EUR\" \/>\n<meta property=\"og:availability\" content=\"instock\" \/>\n<meta property=\"product:availability\" content=\"instock\" \/>\n<meta property=\"product:retailer_item_id\" content=\"Hot Dog, Sub &amp; Hoagie Bun Pans\" \/>\n<meta property=\"product:condition\" content=\"new\" \/>\n<!-- \/ Yoast SEO Premium plugin. -->","yoast_head_json":{"title":"Kundenspezifische Hot Dog-, Sub- und Hoagie-Br\u00f6tchen-Backbleche &#8902; American Pan Europe","description":"Hot-Dog-, Sub- und Hoagie-Bun-Backbleche von American Pan sind vollst\u00e4ndig ma\u00dfgeschneidert und mit den Merkmalen ausgestattet, die den Anforderungen Ihrer B\u00e4ckerei entsprechen - von der Anordnung \u00fcber die Gr\u00f6\u00dfe der Form bis hin zur Gesamtgr\u00f6\u00dfe, der Art der Beschichtung bis zu speziellen Merkmalen und mehr!","robots":{"index":"index","follow":"follow","max-snippet":"max-snippet:-1","max-image-preview":"max-image-preview:large","max-video-preview":"max-video-preview:-1"},"canonical":"https:\/\/www.americanpan.com\/europe\/de\/product\/kundenspezifische-hot-dog-sub-und-hoagie-broetchen-backbleche\/","og_locale":"de_DE","og_type":"article","og_title":"Kundenspezifische Hot Dog-, Sub- und Hoagie-Br\u00f6tchen-Backbleche &#8902; American Pan Europe","og_description":"Der Stil der Bleche mit Vertiefung hebt die Br\u00f6tchenformen vom Blech ab, um das Backen zu verbessern, und erm\u00f6glicht einen hervorragenden W\u00e4rmefluss um den Umfang der Br\u00f6tchen.","og_url":"https:\/\/www.americanpan.com\/europe\/de\/product\/kundenspezifische-hot-dog-sub-und-hoagie-broetchen-backbleche\/","og_site_name":"American Pan Europe","article_modified_time":"2024-04-23T16:02:23+00:00","og_image":[{"url":"https:\/\/stg-bundybakingsolutions.com\/wp-content\/uploads\/2018\/09\/AP_Bun_Sub_Tray_7x3_DS-1.jpg","type":"","width":"","height":""}],"twitter_card":"summary_large_image","twitter_description":"Der Stil der Bleche mit Vertiefung hebt die Br\u00f6tchenformen vom Blech ab, um das Backen zu verbessern, und erm\u00f6glicht einen hervorragenden W\u00e4rmefluss um den Umfang der Br\u00f6tchen.","twitter_misc":{"Preis":"","Verf\u00fcgbarkeit":"Auf Lager"},"schema":{"@context":"https:\/\/schema.org","@graph":[{"@type":"WebPage","@id":"https:\/\/www.americanpan.com\/europe\/de\/product\/kundenspezifische-hot-dog-sub-und-hoagie-broetchen-backbleche\/","url":"https:\/\/www.americanpan.com\/europe\/de\/product\/kundenspezifische-hot-dog-sub-und-hoagie-broetchen-backbleche\/","name":"Kundenspezifische Hot Dog-, Sub- und Hoagie-Br\u00f6tchen-Backbleche &#8902; American Pan Europe","isPartOf":{"@id":"https:\/\/www.americanpan.com\/europe\/de\/#website"},"primaryImageOfPage":{"@id":"https:\/\/www.americanpan.com\/europe\/de\/product\/kundenspezifische-hot-dog-sub-und-hoagie-broetchen-backbleche\/#primaryimage"},"image":{"@id":"https:\/\/www.americanpan.com\/europe\/de\/product\/kundenspezifische-hot-dog-sub-und-hoagie-broetchen-backbleche\/#primaryimage"},"thumbnailUrl":"https:\/\/www.americanpan.com\/europe\/wp-content\/uploads\/sites\/18\/2018\/09\/AP_Bun_Sub_Tray_6x3-1.jpg","datePublished":"2018-09-13T23:29:41+00:00","dateModified":"2024-04-23T16:02:23+00:00","description":"Hot-Dog-, Sub- und Hoagie-Bun-Backbleche von American Pan sind vollst\u00e4ndig ma\u00dfgeschneidert und mit den Merkmalen ausgestattet, die den Anforderungen Ihrer B\u00e4ckerei entsprechen - von der Anordnung \u00fcber die Gr\u00f6\u00dfe der Form bis hin zur Gesamtgr\u00f6\u00dfe, der Art der Beschichtung bis zu speziellen Merkmalen und mehr!","breadcrumb":{"@id":"https:\/\/www.americanpan.com\/europe\/de\/product\/kundenspezifische-hot-dog-sub-und-hoagie-broetchen-backbleche\/#breadcrumb"},"inLanguage":"de","potentialAction":[{"@type":"ReadAction","target":["https:\/\/www.americanpan.com\/europe\/de\/product\/kundenspezifische-hot-dog-sub-und-hoagie-broetchen-backbleche\/"]}]},{"@type":"ImageObject","inLanguage":"de","@id":"https:\/\/www.americanpan.com\/europe\/de\/product\/kundenspezifische-hot-dog-sub-und-hoagie-broetchen-backbleche\/#primaryimage","url":"https:\/\/www.americanpan.com\/europe\/wp-content\/uploads\/sites\/18\/2018\/09\/AP_Bun_Sub_Tray_6x3-1.jpg","contentUrl":"https:\/\/www.americanpan.com\/europe\/wp-content\/uploads\/sites\/18\/2018\/09\/AP_Bun_Sub_Tray_6x3-1.jpg","width":1440,"height":1080,"caption":"Sandwich Bun Tray Konstruktion - AMERICOAT\u00ae"},{"@type":"BreadcrumbList","@id":"https:\/\/www.americanpan.com\/europe\/de\/product\/kundenspezifische-hot-dog-sub-und-hoagie-broetchen-backbleche\/#breadcrumb","itemListElement":[{"@type":"ListItem","position":1,"name":"Home","item":"https:\/\/www.americanpan.com\/europe\/de\/"},{"@type":"ListItem","position":2,"name":"Produkte","item":"https:\/\/www.americanpan.com\/europe\/de\/shop\/"},{"@type":"ListItem","position":3,"name":"Kundenspezifische Hot Dog-, Sub- und Hoagie-Br\u00f6tchen-Backbleche"}]},{"@type":"WebSite","@id":"https:\/\/www.americanpan.com\/europe\/de\/#website","url":"https:\/\/www.americanpan.com\/europe\/de\/","name":"American Pan Europe","description":"Industrielle Backformen","publisher":{"@id":"https:\/\/www.americanpan.com\/europe\/de\/#organization"},"potentialAction":[{"@type":"SearchAction","target":{"@type":"EntryPoint","urlTemplate":"https:\/\/www.americanpan.com\/europe\/de\/?s={search_term_string}"},"query-input":{"@type":"PropertyValueSpecification","valueRequired":true,"valueName":"search_term_string"}}],"inLanguage":"de"},{"@type":"Organization","@id":"https:\/\/www.americanpan.com\/europe\/de\/#organization","name":"American Pan: Industrielle Backformen","url":"https:\/\/www.americanpan.com\/europe\/de\/","logo":{"@type":"ImageObject","inLanguage":"de","@id":"https:\/\/www.americanpan.com\/europe\/de\/#\/schema\/logo\/image\/","url":"https:\/\/www.americanpan.com\/europe\/wp-content\/uploads\/sites\/18\/2022\/03\/logo-europe.png","contentUrl":"https:\/\/www.americanpan.com\/europe\/wp-content\/uploads\/sites\/18\/2022\/03\/logo-europe.png","width":458,"height":172,"caption":"American Pan: Industrielle Backformen"},"image":{"@id":"https:\/\/www.americanpan.com\/europe\/de\/#\/schema\/logo\/image\/"}}]},"product_price_currency":"EUR","og_availability":"instock","product_availability":"instock","product_retailer_item_id":"Hot Dog, Sub &amp; Hoagie Bun Pans","product_condition":"new"},"_links":{"self":[{"href":"https:\/\/www.americanpan.com\/europe\/de\/wp-json\/wp\/v2\/product\/37306","targetHints":{"allow":["GET"]}}],"collection":[{"href":"https:\/\/www.americanpan.com\/europe\/de\/wp-json\/wp\/v2\/product"}],"about":[{"href":"https:\/\/www.americanpan.com\/europe\/de\/wp-json\/wp\/v2\/types\/product"}],"replies":[{"embeddable":true,"href":"https:\/\/www.americanpan.com\/europe\/de\/wp-json\/wp\/v2\/comments?post=37306"}],"wp:featuredmedia":[{"embeddable":true,"href":"https:\/\/www.americanpan.com\/europe\/de\/wp-json\/wp\/v2\/media\/30765"}],"wp:attachment":[{"href":"https:\/\/www.americanpan.com\/europe\/de\/wp-json\/wp\/v2\/media?parent=37306"}],"wp:term":[{"taxonomy":"product_brand","embeddable":true,"href":"https:\/\/www.americanpan.com\/europe\/de\/wp-json\/wp\/v2\/product_brand?post=37306"},{"taxonomy":"product_cat","embeddable":true,"href":"https:\/\/www.americanpan.com\/europe\/de\/wp-json\/wp\/v2\/product_cat?post=37306"},{"taxonomy":"product_tag","embeddable":true,"href":"https:\/\/www.americanpan.com\/europe\/de\/wp-json\/wp\/v2\/product_tag?post=37306"}],"curies":[{"name":"wp","href":"https:\/\/api.w.org\/{rel}","templated":true}]}}