{"id":55314,"date":"2022-03-23T07:12:38","date_gmt":"2022-03-23T07:12:38","guid":{"rendered":"https:\/\/www.americanpan.com\/europe\/smart-pan-tracking\/"},"modified":"2024-01-22T19:56:52","modified_gmt":"2024-01-22T19:56:52","slug":"smart-pan-tracking","status":"publish","type":"page","link":"https:\/\/www.americanpan.com\/europe\/de\/smart-pan-tracking\/","title":{"rendered":"SMART Pan-Tracking\u00ae-Blech-Nachverfolgungssystem"},"content":{"rendered":"","protected":false},"excerpt":{"rendered":"","protected":false},"author":5,"featured_media":37059,"parent":0,"menu_order":0,"comment_status":"closed","ping_status":"closed","template":"templates\/page-builder.php","meta":{"_acf_changed":false,"footnotes":""},"class_list":["post-55314","page","type-page","status-publish","has-post-thumbnail","hentry"],"acf":[],"yoast_head":"<!-- This site is optimized with the Yoast SEO Premium plugin v27.3 (Yoast SEO v27.3) - https:\/\/yoast.com\/product\/yoast-seo-premium-wordpress\/ -->\n<title>SMART Pan-Tracking\u00ae-Blech-Nachverfolgungssystem &#8902; American Pan Europe<\/title>\n<meta name=\"description\" content=\"Das System SMART Pan Tracking\u00ae von American Pan liefert B\u00e4ckereien wertvolle und genaue Daten, um die Lebensdauer der Beschichtung und die Effizienz der Linie zu \u00fcberwachen und eine kontinuierliche Verbesserung zu erm\u00f6glichen.\" \/>\n<meta name=\"robots\" content=\"index, follow, max-snippet:-1, max-image-preview:large, max-video-preview:-1\" \/>\n<link rel=\"canonical\" href=\"https:\/\/www.americanpan.com\/europe\/de\/smart-pan-tracking\/\" \/>\n<meta property=\"og:locale\" content=\"de_DE\" \/>\n<meta property=\"og:type\" content=\"article\" \/>\n<meta property=\"og:title\" content=\"SMART Pan-Tracking\u00ae-Blech-Nachverfolgungssystem &#8902; American Pan Europe\" \/>\n<meta property=\"og:description\" content=\"Das System SMART Pan Tracking\u00ae von American Pan liefert B\u00e4ckereien wertvolle und genaue Daten, um die Lebensdauer der Beschichtung und die Effizienz der Linie zu \u00fcberwachen und eine kontinuierliche Verbesserung zu erm\u00f6glichen.\" \/>\n<meta property=\"og:url\" content=\"https:\/\/www.americanpan.com\/europe\/de\/smart-pan-tracking\/\" \/>\n<meta property=\"og:site_name\" content=\"American Pan Europe\" \/>\n<meta property=\"article:modified_time\" content=\"2024-01-22T19:56:52+00:00\" \/>\n<meta name=\"twitter:card\" content=\"summary_large_image\" \/>\n<meta name=\"twitter:label1\" content=\"Gesch\u00e4tzte Lesezeit\" \/>\n\t<meta name=\"twitter:data1\" content=\"2\u00a0Minuten\" \/>\n<script type=\"application\/ld+json\" class=\"yoast-schema-graph\">{\"@context\":\"https:\\\/\\\/schema.org\",\"@graph\":[{\"@type\":\"WebPage\",\"@id\":\"https:\\\/\\\/www.americanpan.com\\\/europe\\\/de\\\/smart-pan-tracking\\\/\",\"url\":\"https:\\\/\\\/www.americanpan.com\\\/europe\\\/de\\\/smart-pan-tracking\\\/\",\"name\":\"SMART Pan-Tracking\u00ae-Blech-Nachverfolgungssystem &#8902; American Pan Europe\",\"isPartOf\":{\"@id\":\"https:\\\/\\\/www.americanpan.com\\\/europe\\\/de\\\/#website\"},\"primaryImageOfPage\":{\"@id\":\"https:\\\/\\\/www.americanpan.com\\\/europe\\\/de\\\/smart-pan-tracking\\\/#primaryimage\"},\"image\":{\"@id\":\"https:\\\/\\\/www.americanpan.com\\\/europe\\\/de\\\/smart-pan-tracking\\\/#primaryimage\"},\"thumbnailUrl\":\"https:\\\/\\\/www.americanpan.com\\\/europe\\\/wp-content\\\/uploads\\\/sites\\\/18\\\/2021\\\/04\\\/SMART_tag_cc-cropped.jpg\",\"datePublished\":\"2022-03-23T07:12:38+00:00\",\"dateModified\":\"2024-01-22T19:56:52+00:00\",\"description\":\"Das System SMART Pan Tracking\u00ae von American Pan liefert B\u00e4ckereien wertvolle und genaue Daten, um die Lebensdauer der Beschichtung und die Effizienz der Linie zu \u00fcberwachen und eine kontinuierliche Verbesserung zu erm\u00f6glichen.\",\"breadcrumb\":{\"@id\":\"https:\\\/\\\/www.americanpan.com\\\/europe\\\/de\\\/smart-pan-tracking\\\/#breadcrumb\"},\"inLanguage\":\"de\",\"potentialAction\":[{\"@type\":\"ReadAction\",\"target\":[\"https:\\\/\\\/www.americanpan.com\\\/europe\\\/de\\\/smart-pan-tracking\\\/\"]}]},{\"@type\":\"ImageObject\",\"inLanguage\":\"de\",\"@id\":\"https:\\\/\\\/www.americanpan.com\\\/europe\\\/de\\\/smart-pan-tracking\\\/#primaryimage\",\"url\":\"https:\\\/\\\/www.americanpan.com\\\/europe\\\/wp-content\\\/uploads\\\/sites\\\/18\\\/2021\\\/04\\\/SMART_tag_cc-cropped.jpg\",\"contentUrl\":\"https:\\\/\\\/www.americanpan.com\\\/europe\\\/wp-content\\\/uploads\\\/sites\\\/18\\\/2021\\\/04\\\/SMART_tag_cc-cropped.jpg\",\"width\":1400,\"height\":1050},{\"@type\":\"BreadcrumbList\",\"@id\":\"https:\\\/\\\/www.americanpan.com\\\/europe\\\/de\\\/smart-pan-tracking\\\/#breadcrumb\",\"itemListElement\":[{\"@type\":\"ListItem\",\"position\":1,\"name\":\"Home\",\"item\":\"https:\\\/\\\/www.americanpan.com\\\/europe\\\/de\\\/\"},{\"@type\":\"ListItem\",\"position\":2,\"name\":\"SMART Pan-Tracking\u00ae-Blech-Nachverfolgungssystem\"}]},{\"@type\":\"WebSite\",\"@id\":\"https:\\\/\\\/www.americanpan.com\\\/europe\\\/de\\\/#website\",\"url\":\"https:\\\/\\\/www.americanpan.com\\\/europe\\\/de\\\/\",\"name\":\"American Pan Europe\",\"description\":\"Industrielle Backformen\",\"publisher\":{\"@id\":\"https:\\\/\\\/www.americanpan.com\\\/europe\\\/de\\\/#organization\"},\"potentialAction\":[{\"@type\":\"SearchAction\",\"target\":{\"@type\":\"EntryPoint\",\"urlTemplate\":\"https:\\\/\\\/www.americanpan.com\\\/europe\\\/de\\\/?s={search_term_string}\"},\"query-input\":{\"@type\":\"PropertyValueSpecification\",\"valueRequired\":true,\"valueName\":\"search_term_string\"}}],\"inLanguage\":\"de\"},{\"@type\":\"Organization\",\"@id\":\"https:\\\/\\\/www.americanpan.com\\\/europe\\\/de\\\/#organization\",\"name\":\"American Pan: Industrielle Backformen\",\"url\":\"https:\\\/\\\/www.americanpan.com\\\/europe\\\/de\\\/\",\"logo\":{\"@type\":\"ImageObject\",\"inLanguage\":\"de\",\"@id\":\"https:\\\/\\\/www.americanpan.com\\\/europe\\\/de\\\/#\\\/schema\\\/logo\\\/image\\\/\",\"url\":\"https:\\\/\\\/www.americanpan.com\\\/europe\\\/wp-content\\\/uploads\\\/sites\\\/18\\\/2022\\\/03\\\/logo-europe.png\",\"contentUrl\":\"https:\\\/\\\/www.americanpan.com\\\/europe\\\/wp-content\\\/uploads\\\/sites\\\/18\\\/2022\\\/03\\\/logo-europe.png\",\"width\":458,\"height\":172,\"caption\":\"American Pan: Industrielle Backformen\"},\"image\":{\"@id\":\"https:\\\/\\\/www.americanpan.com\\\/europe\\\/de\\\/#\\\/schema\\\/logo\\\/image\\\/\"}}]}<\/script>\n<!-- \/ Yoast SEO Premium plugin. -->","yoast_head_json":{"title":"SMART Pan-Tracking\u00ae-Blech-Nachverfolgungssystem &#8902; American Pan Europe","description":"Das System SMART Pan Tracking\u00ae von American Pan liefert B\u00e4ckereien wertvolle und genaue Daten, um die Lebensdauer der Beschichtung und die Effizienz der Linie zu \u00fcberwachen und eine kontinuierliche Verbesserung zu erm\u00f6glichen.","robots":{"index":"index","follow":"follow","max-snippet":"max-snippet:-1","max-image-preview":"max-image-preview:large","max-video-preview":"max-video-preview:-1"},"canonical":"https:\/\/www.americanpan.com\/europe\/de\/smart-pan-tracking\/","og_locale":"de_DE","og_type":"article","og_title":"SMART Pan-Tracking\u00ae-Blech-Nachverfolgungssystem &#8902; American Pan Europe","og_description":"Das System SMART Pan Tracking\u00ae von American Pan liefert B\u00e4ckereien wertvolle und genaue Daten, um die Lebensdauer der Beschichtung und die Effizienz der Linie zu \u00fcberwachen und eine kontinuierliche Verbesserung zu erm\u00f6glichen.","og_url":"https:\/\/www.americanpan.com\/europe\/de\/smart-pan-tracking\/","og_site_name":"American Pan Europe","article_modified_time":"2024-01-22T19:56:52+00:00","twitter_card":"summary_large_image","twitter_misc":{"Gesch\u00e4tzte Lesezeit":"2\u00a0Minuten"},"schema":{"@context":"https:\/\/schema.org","@graph":[{"@type":"WebPage","@id":"https:\/\/www.americanpan.com\/europe\/de\/smart-pan-tracking\/","url":"https:\/\/www.americanpan.com\/europe\/de\/smart-pan-tracking\/","name":"SMART Pan-Tracking\u00ae-Blech-Nachverfolgungssystem &#8902; American Pan Europe","isPartOf":{"@id":"https:\/\/www.americanpan.com\/europe\/de\/#website"},"primaryImageOfPage":{"@id":"https:\/\/www.americanpan.com\/europe\/de\/smart-pan-tracking\/#primaryimage"},"image":{"@id":"https:\/\/www.americanpan.com\/europe\/de\/smart-pan-tracking\/#primaryimage"},"thumbnailUrl":"https:\/\/www.americanpan.com\/europe\/wp-content\/uploads\/sites\/18\/2021\/04\/SMART_tag_cc-cropped.jpg","datePublished":"2022-03-23T07:12:38+00:00","dateModified":"2024-01-22T19:56:52+00:00","description":"Das System SMART Pan Tracking\u00ae von American Pan liefert B\u00e4ckereien wertvolle und genaue Daten, um die Lebensdauer der Beschichtung und die Effizienz der Linie zu \u00fcberwachen und eine kontinuierliche Verbesserung zu erm\u00f6glichen.","breadcrumb":{"@id":"https:\/\/www.americanpan.com\/europe\/de\/smart-pan-tracking\/#breadcrumb"},"inLanguage":"de","potentialAction":[{"@type":"ReadAction","target":["https:\/\/www.americanpan.com\/europe\/de\/smart-pan-tracking\/"]}]},{"@type":"ImageObject","inLanguage":"de","@id":"https:\/\/www.americanpan.com\/europe\/de\/smart-pan-tracking\/#primaryimage","url":"https:\/\/www.americanpan.com\/europe\/wp-content\/uploads\/sites\/18\/2021\/04\/SMART_tag_cc-cropped.jpg","contentUrl":"https:\/\/www.americanpan.com\/europe\/wp-content\/uploads\/sites\/18\/2021\/04\/SMART_tag_cc-cropped.jpg","width":1400,"height":1050},{"@type":"BreadcrumbList","@id":"https:\/\/www.americanpan.com\/europe\/de\/smart-pan-tracking\/#breadcrumb","itemListElement":[{"@type":"ListItem","position":1,"name":"Home","item":"https:\/\/www.americanpan.com\/europe\/de\/"},{"@type":"ListItem","position":2,"name":"SMART Pan-Tracking\u00ae-Blech-Nachverfolgungssystem"}]},{"@type":"WebSite","@id":"https:\/\/www.americanpan.com\/europe\/de\/#website","url":"https:\/\/www.americanpan.com\/europe\/de\/","name":"American Pan Europe","description":"Industrielle Backformen","publisher":{"@id":"https:\/\/www.americanpan.com\/europe\/de\/#organization"},"potentialAction":[{"@type":"SearchAction","target":{"@type":"EntryPoint","urlTemplate":"https:\/\/www.americanpan.com\/europe\/de\/?s={search_term_string}"},"query-input":{"@type":"PropertyValueSpecification","valueRequired":true,"valueName":"search_term_string"}}],"inLanguage":"de"},{"@type":"Organization","@id":"https:\/\/www.americanpan.com\/europe\/de\/#organization","name":"American Pan: Industrielle Backformen","url":"https:\/\/www.americanpan.com\/europe\/de\/","logo":{"@type":"ImageObject","inLanguage":"de","@id":"https:\/\/www.americanpan.com\/europe\/de\/#\/schema\/logo\/image\/","url":"https:\/\/www.americanpan.com\/europe\/wp-content\/uploads\/sites\/18\/2022\/03\/logo-europe.png","contentUrl":"https:\/\/www.americanpan.com\/europe\/wp-content\/uploads\/sites\/18\/2022\/03\/logo-europe.png","width":458,"height":172,"caption":"American Pan: Industrielle Backformen"},"image":{"@id":"https:\/\/www.americanpan.com\/europe\/de\/#\/schema\/logo\/image\/"}}]}},"_links":{"self":[{"href":"https:\/\/www.americanpan.com\/europe\/de\/wp-json\/wp\/v2\/pages\/55314","targetHints":{"allow":["GET"]}}],"collection":[{"href":"https:\/\/www.americanpan.com\/europe\/de\/wp-json\/wp\/v2\/pages"}],"about":[{"href":"https:\/\/www.americanpan.com\/europe\/de\/wp-json\/wp\/v2\/types\/page"}],"author":[{"embeddable":true,"href":"https:\/\/www.americanpan.com\/europe\/de\/wp-json\/wp\/v2\/users\/5"}],"replies":[{"embeddable":true,"href":"https:\/\/www.americanpan.com\/europe\/de\/wp-json\/wp\/v2\/comments?post=55314"}],"version-history":[{"count":0,"href":"https:\/\/www.americanpan.com\/europe\/de\/wp-json\/wp\/v2\/pages\/55314\/revisions"}],"wp:featuredmedia":[{"embeddable":true,"href":"https:\/\/www.americanpan.com\/europe\/de\/wp-json\/wp\/v2\/media\/37059"}],"wp:attachment":[{"href":"https:\/\/www.americanpan.com\/europe\/de\/wp-json\/wp\/v2\/media?parent=55314"}],"curies":[{"name":"wp","href":"https:\/\/api.w.org\/{rel}","templated":true}]}}